{"id":10,"date":"2022-01-13T18:16:19","date_gmt":"2022-01-13T17:16:19","guid":{"rendered":"https:\/\/www.kneipp-sachsen.de\/bad-schandau\/?page_id=10"},"modified":"2025-10-28T09:42:48","modified_gmt":"2025-10-28T08:42:48","slug":"startseite","status":"publish","type":"page","link":"https:\/\/www.kneipp-sachsen.de\/bad-schandau\/","title":{"rendered":"Startseite"},"content":{"rendered":"<!--themify_builder_content-->\n<div id=\"themify_builder_content-10\" data-postid=\"10\" class=\"themify_builder_content themify_builder_content-10 themify_builder tf_clear\">\n                    <div  data-lazy=\"1\" class=\"module_row themify_builder_row tb_2qng352 tb_first tf_w\">\n                        <div class=\"row_inner col_align_top tb_col_count_1 tf_box tf_rel\">\n                        <div  data-lazy=\"1\" class=\"module_column tb-column col-full tb_9qwf354 first\">\n                            <div  data-lazy=\"1\" class=\"module_subrow themify_builder_sub_row tf_w col_align_top tb_col_count_1 tb_c6nd354\">\n                <div  data-lazy=\"1\" class=\"module_column sub_column col-full tb_mekt355 first\">\n                    <!-- module fancy heading -->\n<div  class=\"module module-fancy-heading tb_wkja355  tb_hide_divider\" data-lazy=\"1\" id=\"kneippbadschlema1\">\n        <h1 class=\"fancy-heading tf_textc\">\n    <span class=\"main-head tf_block\">\n                    Herzlich willkommen beim Kneipp-Verein Bad Schandau &amp; Umgebung e.V.            <\/span>\n\n    \n    <span class=\"sub-head tf_block tf_rel\">\n                    Wir informieren Sie \u00fcber aktuelle Angebote im Verein.            <\/span>\n    <\/h1>\n<\/div>\n<!-- \/module fancy heading -->\n        <\/div>\n                    <\/div>\n                <\/div>\n                        <\/div>\n        <\/div>\n                        <div  data-lazy=\"1\" class=\"module_row themify_builder_row tb_18xg353 tf_w\">\n                        <div class=\"row_inner col_align_top tb_col_count_1 tf_box tf_rel\">\n                        <div  data-lazy=\"1\" class=\"module_column tb-column col-full tb_v4n6356 first\">\n                            <div  data-lazy=\"1\" class=\"module_subrow themify_builder_sub_row tf_w col_align_top tb_col_count_1 tb_1i7k356\">\n                <div  data-lazy=\"1\" class=\"module_column sub_column col-full tb_cfb1356 first\">\n                            <\/div>\n                    <\/div>\n                <\/div>\n                        <\/div>\n        <\/div>\n                        <div  data-lazy=\"1\" class=\"module_row themify_builder_row tb_f5dq353 tf_w\">\n                        <div class=\"row_inner col_align_top tb_col_count_1 tf_box tf_rel\">\n                        <div  data-lazy=\"1\" class=\"module_column tb-column col-full tb_rbqp358 first\">\n                            <div  data-lazy=\"1\" class=\"module_subrow themify_builder_sub_row tf_w col_align_top tb_col_count_1 tb_us13358\">\n                <div  data-lazy=\"1\" class=\"module_column sub_column col-full tb_v0sk358 first\">\n                    <!-- module divider -->\n<div  class=\"module tf_mw module-divider tb_tjic358 dotted   \" style=\"border-width: 1px;border-color: #666666;margin-bottom: 15px;\" data-lazy=\"1\">\n    <\/div>\n<!-- \/module divider -->\n<!-- module fancy heading -->\n<div  class=\"module module-fancy-heading tb_nq55359  tb_hide_divider\" data-lazy=\"1\" id=\"kneippbadschlema2\">\n        <h3 class=\"fancy-heading\">\n    <span class=\"main-head tf_block\">\n                    Unser Ziel: gesunde Menschen            <\/span>\n\n    \n    <span class=\"sub-head tf_block tf_rel\">\n                                <\/span>\n    <\/h3>\n<\/div>\n<!-- \/module fancy heading -->\n<!-- module text -->\n<div  class=\"module module-text tb_ek7l359   \" data-lazy=\"1\" id=\"kneippbadschlema3\">\n        <div  class=\"tb_text_wrap\">\n        <p>Ein gesundes Leben im Einklang mit der Natur f\u00fchren und auf diese Art aktiv vorbeugen und Heilung finden. Diesen ganzheitlichen Ansatz hat Sebastian Kneipp (1821 bis 1897) vor 150 Jahren zur Grundlage seiner umfassenden Heilverfahren gemacht &#8211; mit Erfolg.<\/p>    <\/div>\n<\/div>\n<!-- \/module text --><!-- module divider -->\n<div  class=\"module tf_mw module-divider tb_b75s359 dotted   \" style=\"border-width: 1px;border-color: #666666;margin-bottom: 15px;\" data-lazy=\"1\">\n    <\/div>\n<!-- \/module divider -->\n<!-- module fancy heading -->\n<div  class=\"module module-fancy-heading tb_3czn360  tb_hide_divider\" data-lazy=\"1\">\n        <h3 class=\"fancy-heading\">\n    <span class=\"main-head tf_block\">\n                    Wir bringen Bewegung ins Leben            <\/span>\n\n    \n    <span class=\"sub-head tf_block tf_rel\">\n                                <\/span>\n    <\/h3>\n<\/div>\n<!-- \/module fancy heading -->\n<!-- module text -->\n<div  class=\"module module-text tb_dezk360   \" data-lazy=\"1\">\n        <div  class=\"tb_text_wrap\">\n        <p>Das Kneippsche Gesundheitskonzept hat \u00fcberdauert und sich stetig weiter entwickelt. Aus der urspr\u00fcnglichen Wasser- und Kr\u00e4uterheilkunde entstand ein ganzes und hoch anerkanntes Gesundheitskonzept. Leben nach Kneipp ist einfach, kostet fast nichts &#8211; nicht einmal viel Zeit &#8211; und bringt den Menschen in Bewegung. Das macht gesund (oder noch ges\u00fcnder), bewirkt ein hoch wirksames Immunsystem, umfassende Fitness, \u00fcberdurchschnittliche Stressresistenz und gute Stimmung. Ideal f\u00fcr jedes Alter, jeden Geldbeutel, jeden Bildungsstand, jede Lebenseinstellung &#8211; und gleicherma\u00dfen f\u00fcr Gesunde und Kranke.<\/p>    <\/div>\n<\/div>\n<!-- \/module text -->        <\/div>\n                    <\/div>\n                <\/div>\n                        <\/div>\n        <\/div>\n                        <div  data-lazy=\"1\" class=\"module_row themify_builder_row tb_txye823 tf_w\">\n                        <div class=\"row_inner col_align_top tb_col_count_1 tf_box tf_rel\">\n                        <div  data-lazy=\"1\" class=\"module_column tb-column col-full tb_eoor823 first\">\n                            <\/div>\n                        <\/div>\n        <\/div>\n        <\/div>\n<!--\/themify_builder_content-->","protected":false},"excerpt":{"rendered":"<p>Ein gesundes Leben im Einklang mit der Natur f\u00fchren und auf diese Art aktiv vorbeugen und Heilung finden. Diesen ganzheitlichen Ansatz hat Sebastian Kneipp (1821 bis 1897) vor 150 Jahren zur Grundlage seiner umfassenden Heilverfahren gemacht &#8211; mit Erfolg.<\/p>\n","protected":false},"author":1,"featured_media":0,"parent":0,"menu_order":0,"comment_status":"closed","ping_status":"closed","template":"","meta":{"footnotes":"","advanced-sidebar-menu\/link-title":"","advanced-sidebar-menu\/exclude-page":false},"class_list":["post-10","page","type-page","status-publish","hentry","has-post-title","has-post-date","has-post-category","has-post-tag","has-post-comment","has-post-author",""],"yoast_head":"<!-- This site is optimized with the Yoast SEO plugin v26.9 - https:\/\/yoast.com\/product\/yoast-seo-wordpress\/ -->\n<title>Startseite - Kneipp-Verein Bad Schandau e.V.<\/title>\n<meta name=\"robots\" content=\"index, follow, max-snippet:-1, max-image-preview:large, max-video-preview:-1\" \/>\n<link rel=\"canonical\" href=\"https:\/\/www.kneipp-sachsen.de\/bad-schandau\/\" \/>\n<meta property=\"og:locale\" content=\"de_DE\" \/>\n<meta property=\"og:type\" content=\"article\" \/>\n<meta property=\"og:title\" content=\"Startseite - Kneipp-Verein Bad Schandau e.V.\" \/>\n<meta property=\"og:description\" content=\"Ein gesundes Leben im Einklang mit der Natur f\u00fchren und auf diese Art aktiv vorbeugen und Heilung finden. Diesen ganzheitlichen Ansatz hat Sebastian Kneipp (1821 bis 1897) vor 150 Jahren zur Grundlage seiner umfassenden Heilverfahren gemacht - mit Erfolg.\" \/>\n<meta property=\"og:url\" content=\"https:\/\/www.kneipp-sachsen.de\/bad-schandau\/\" \/>\n<meta property=\"og:site_name\" content=\"Kneipp-Verein Bad Schandau e.V.\" \/>\n<meta property=\"article:modified_time\" content=\"2025-10-28T08:42:48+00:00\" \/>\n<meta name=\"twitter:card\" content=\"summary_large_image\" \/>\n<meta name=\"twitter:label1\" content=\"Gesch\u00e4tzte Lesezeit\" \/>\n\t<meta name=\"twitter:data1\" content=\"2\u00a0Minuten\" \/>\n<script type=\"application\/ld+json\" class=\"yoast-schema-graph\">{\"@context\":\"https:\/\/schema.org\",\"@graph\":[{\"@type\":\"WebPage\",\"@id\":\"https:\/\/www.kneipp-sachsen.de\/bad-schandau\/\",\"url\":\"https:\/\/www.kneipp-sachsen.de\/bad-schandau\/\",\"name\":\"Startseite - Kneipp-Verein Bad Schandau e.V.\",\"isPartOf\":{\"@id\":\"https:\/\/www.kneipp-sachsen.de\/bad-schandau\/#website\"},\"datePublished\":\"2022-01-13T17:16:19+00:00\",\"dateModified\":\"2025-10-28T08:42:48+00:00\",\"breadcrumb\":{\"@id\":\"https:\/\/www.kneipp-sachsen.de\/bad-schandau\/#breadcrumb\"},\"inLanguage\":\"de\",\"potentialAction\":[{\"@type\":\"ReadAction\",\"target\":[\"https:\/\/www.kneipp-sachsen.de\/bad-schandau\/\"]}]},{\"@type\":\"BreadcrumbList\",\"@id\":\"https:\/\/www.kneipp-sachsen.de\/bad-schandau\/#breadcrumb\",\"itemListElement\":[{\"@type\":\"ListItem\",\"position\":1,\"name\":\"Home\",\"item\":\"https:\/\/www.kneipp-sachsen.de\/bad-schandau\/\"},{\"@type\":\"ListItem\",\"position\":2,\"name\":\"Startseite\"}]},{\"@type\":\"WebSite\",\"@id\":\"https:\/\/www.kneipp-sachsen.de\/bad-schandau\/#website\",\"url\":\"https:\/\/www.kneipp-sachsen.de\/bad-schandau\/\",\"name\":\"Kneipp-Verein Bad Schandau e.V.\",\"description\":\"ein Verein im Kneipp-Bund Landesverband Sachsen e.V.\",\"publisher\":{\"@id\":\"https:\/\/www.kneipp-sachsen.de\/bad-schandau\/#organization\"},\"potentialAction\":[{\"@type\":\"SearchAction\",\"target\":{\"@type\":\"EntryPoint\",\"urlTemplate\":\"https:\/\/www.kneipp-sachsen.de\/bad-schandau\/?s={search_term_string}\"},\"query-input\":{\"@type\":\"PropertyValueSpecification\",\"valueRequired\":true,\"valueName\":\"search_term_string\"}}],\"inLanguage\":\"de\"},{\"@type\":\"Organization\",\"@id\":\"https:\/\/www.kneipp-sachsen.de\/bad-schandau\/#organization\",\"name\":\"Kneipp-Verein Bad Schandau e.V.\",\"url\":\"https:\/\/www.kneipp-sachsen.de\/bad-schandau\/\",\"logo\":{\"@type\":\"ImageObject\",\"inLanguage\":\"de\",\"@id\":\"https:\/\/www.kneipp-sachsen.de\/bad-schandau\/#\/schema\/logo\/image\/\",\"url\":\"https:\/\/www.kneipp-sachsen.de\/bad-schandau\/wp-content\/uploads\/2022\/12\/Bad-Schandau.png\",\"contentUrl\":\"https:\/\/www.kneipp-sachsen.de\/bad-schandau\/wp-content\/uploads\/2022\/12\/Bad-Schandau.png\",\"width\":740,\"height\":571,\"caption\":\"Kneipp-Verein Bad Schandau e.V.\"},\"image\":{\"@id\":\"https:\/\/www.kneipp-sachsen.de\/bad-schandau\/#\/schema\/logo\/image\/\"}}]}<\/script>\n<!-- \/ Yoast SEO plugin. -->","yoast_head_json":{"title":"Startseite - Kneipp-Verein Bad Schandau e.V.","robots":{"index":"index","follow":"follow","max-snippet":"max-snippet:-1","max-image-preview":"max-image-preview:large","max-video-preview":"max-video-preview:-1"},"canonical":"https:\/\/www.kneipp-sachsen.de\/bad-schandau\/","og_locale":"de_DE","og_type":"article","og_title":"Startseite - Kneipp-Verein Bad Schandau e.V.","og_description":"Ein gesundes Leben im Einklang mit der Natur f\u00fchren und auf diese Art aktiv vorbeugen und Heilung finden. Diesen ganzheitlichen Ansatz hat Sebastian Kneipp (1821 bis 1897) vor 150 Jahren zur Grundlage seiner umfassenden Heilverfahren gemacht - mit Erfolg.","og_url":"https:\/\/www.kneipp-sachsen.de\/bad-schandau\/","og_site_name":"Kneipp-Verein Bad Schandau e.V.","article_modified_time":"2025-10-28T08:42:48+00:00","twitter_card":"summary_large_image","twitter_misc":{"Gesch\u00e4tzte Lesezeit":"2\u00a0Minuten"},"schema":{"@context":"https:\/\/schema.org","@graph":[{"@type":"WebPage","@id":"https:\/\/www.kneipp-sachsen.de\/bad-schandau\/","url":"https:\/\/www.kneipp-sachsen.de\/bad-schandau\/","name":"Startseite - Kneipp-Verein Bad Schandau e.V.","isPartOf":{"@id":"https:\/\/www.kneipp-sachsen.de\/bad-schandau\/#website"},"datePublished":"2022-01-13T17:16:19+00:00","dateModified":"2025-10-28T08:42:48+00:00","breadcrumb":{"@id":"https:\/\/www.kneipp-sachsen.de\/bad-schandau\/#breadcrumb"},"inLanguage":"de","potentialAction":[{"@type":"ReadAction","target":["https:\/\/www.kneipp-sachsen.de\/bad-schandau\/"]}]},{"@type":"BreadcrumbList","@id":"https:\/\/www.kneipp-sachsen.de\/bad-schandau\/#breadcrumb","itemListElement":[{"@type":"ListItem","position":1,"name":"Home","item":"https:\/\/www.kneipp-sachsen.de\/bad-schandau\/"},{"@type":"ListItem","position":2,"name":"Startseite"}]},{"@type":"WebSite","@id":"https:\/\/www.kneipp-sachsen.de\/bad-schandau\/#website","url":"https:\/\/www.kneipp-sachsen.de\/bad-schandau\/","name":"Kneipp-Verein Bad Schandau e.V.","description":"ein Verein im Kneipp-Bund Landesverband Sachsen e.V.","publisher":{"@id":"https:\/\/www.kneipp-sachsen.de\/bad-schandau\/#organization"},"potentialAction":[{"@type":"SearchAction","target":{"@type":"EntryPoint","urlTemplate":"https:\/\/www.kneipp-sachsen.de\/bad-schandau\/?s={search_term_string}"},"query-input":{"@type":"PropertyValueSpecification","valueRequired":true,"valueName":"search_term_string"}}],"inLanguage":"de"},{"@type":"Organization","@id":"https:\/\/www.kneipp-sachsen.de\/bad-schandau\/#organization","name":"Kneipp-Verein Bad Schandau e.V.","url":"https:\/\/www.kneipp-sachsen.de\/bad-schandau\/","logo":{"@type":"ImageObject","inLanguage":"de","@id":"https:\/\/www.kneipp-sachsen.de\/bad-schandau\/#\/schema\/logo\/image\/","url":"https:\/\/www.kneipp-sachsen.de\/bad-schandau\/wp-content\/uploads\/2022\/12\/Bad-Schandau.png","contentUrl":"https:\/\/www.kneipp-sachsen.de\/bad-schandau\/wp-content\/uploads\/2022\/12\/Bad-Schandau.png","width":740,"height":571,"caption":"Kneipp-Verein Bad Schandau e.V."},"image":{"@id":"https:\/\/www.kneipp-sachsen.de\/bad-schandau\/#\/schema\/logo\/image\/"}}]}},"builder_content":"<h1>Herzlich willkommen beim Kneipp-Verein Bad Schandau & Umgebung e.V.<br\/>Wir informieren Sie \u00fcber aktuelle Angebote im Verein.<\/h1>\n\n<h3>Unser Ziel: gesunde Menschen<br\/><\/h3>\n<p>Ein gesundes Leben im Einklang mit der Natur f\u00fchren und auf diese Art aktiv vorbeugen und Heilung finden. Diesen ganzheitlichen Ansatz hat Sebastian Kneipp (1821 bis 1897) vor 150 Jahren zur Grundlage seiner umfassenden Heilverfahren gemacht - mit Erfolg.<\/p>\n\n<h3>Wir bringen Bewegung ins Leben<br\/><\/h3>\n<p>Das Kneippsche Gesundheitskonzept hat \u00fcberdauert und sich stetig weiter entwickelt. Aus der urspr\u00fcnglichen Wasser- und Kr\u00e4uterheilkunde entstand ein ganzes und hoch anerkanntes Gesundheitskonzept. Leben nach Kneipp ist einfach, kostet fast nichts - nicht einmal viel Zeit - und bringt den Menschen in Bewegung. Das macht gesund (oder noch ges\u00fcnder), bewirkt ein hoch wirksames Immunsystem, umfassende Fitness, \u00fcberdurchschnittliche Stressresistenz und gute Stimmung. Ideal f\u00fcr jedes Alter, jeden Geldbeutel, jeden Bildungsstand, jede Lebenseinstellung - und gleicherma\u00dfen f\u00fcr Gesunde und Kranke.<\/p>","_links":{"self":[{"href":"https:\/\/www.kneipp-sachsen.de\/bad-schandau\/wp-json\/wp\/v2\/pages\/10","targetHints":{"allow":["GET"]}}],"collection":[{"href":"https:\/\/www.kneipp-sachsen.de\/bad-schandau\/wp-json\/wp\/v2\/pages"}],"about":[{"href":"https:\/\/www.kneipp-sachsen.de\/bad-schandau\/wp-json\/wp\/v2\/types\/page"}],"author":[{"embeddable":true,"href":"https:\/\/www.kneipp-sachsen.de\/bad-schandau\/wp-json\/wp\/v2\/users\/1"}],"replies":[{"embeddable":true,"href":"https:\/\/www.kneipp-sachsen.de\/bad-schandau\/wp-json\/wp\/v2\/comments?post=10"}],"version-history":[{"count":34,"href":"https:\/\/www.kneipp-sachsen.de\/bad-schandau\/wp-json\/wp\/v2\/pages\/10\/revisions"}],"predecessor-version":[{"id":3857,"href":"https:\/\/www.kneipp-sachsen.de\/bad-schandau\/wp-json\/wp\/v2\/pages\/10\/revisions\/3857"}],"wp:attachment":[{"href":"https:\/\/www.kneipp-sachsen.de\/bad-schandau\/wp-json\/wp\/v2\/media?parent=10"}],"curies":[{"name":"wp","href":"https:\/\/api.w.org\/{rel}","templated":true}]}}