{"id":2836,"date":"2024-11-28T15:29:02","date_gmt":"2024-11-28T14:29:02","guid":{"rendered":"https:\/\/www.kneipp-sachsen.de\/bad-schandau\/?page_id=2836"},"modified":"2025-04-18T17:17:57","modified_gmt":"2025-04-18T15:17:57","slug":"neu-die-kneippschen-naturheilverfahren","status":"publish","type":"page","link":"https:\/\/www.kneipp-sachsen.de\/bad-schandau\/neu-die-kneippschen-naturheilverfahren\/","title":{"rendered":"Kneippsche Naturheilverfahren"},"content":{"rendered":"<!--themify_builder_content-->\n<div id=\"themify_builder_content-2836\" data-postid=\"2836\" class=\"themify_builder_content themify_builder_content-2836 themify_builder tf_clear\">\n                    <div  data-lazy=\"1\" class=\"module_row themify_builder_row tb_yfkp427 tb_first tf_w\">\n                        <div class=\"row_inner col_align_top tb_col_count_1 tf_box tf_rel\">\n                        <div  data-lazy=\"1\" class=\"module_column tb-column col-full tb_8ua2428 first\">\n                    <!-- module fancy heading -->\n<div  class=\"module module-fancy-heading tb_cyvf645  tb_hide_divider\" data-lazy=\"1\">\n        <h1 class=\"fancy-heading\">\n    <span class=\"main-head tf_block\">\n                    Kneippsche Naturheilverfahren            <\/span>\n\n    \n    <span class=\"sub-head tf_block tf_rel\">\n                                <\/span>\n    <\/h1>\n<\/div>\n<!-- \/module fancy heading -->\n<!-- module image -->\n<div  class=\"module module-image tb_y1gv142 image-top   tf_mw\" data-lazy=\"1\">\n        <div class=\"image-wrap tf_rel tf_mw\">\n            <img loading=\"lazy\" decoding=\"async\" width=\"831\" height=\"114\" src=\"https:\/\/www.kneipp-sachsen.de\/bad-schandau\/wp-content\/uploads\/2024\/11\/Kneipp-Elemente_Signets-Kneipp-Bund-e1732804301242.png\" class=\"wp-post-image wp-image-2837\" title=\"Kneipp-Elemente_Signets Kneipp-Bund\" alt=\"Die f\u00fcnf Kneipp-Elemente\" srcset=\"https:\/\/www.kneipp-sachsen.de\/bad-schandau\/wp-content\/uploads\/2024\/11\/Kneipp-Elemente_Signets-Kneipp-Bund-e1732804301242.png 831w, https:\/\/www.kneipp-sachsen.de\/bad-schandau\/wp-content\/uploads\/2024\/11\/Kneipp-Elemente_Signets-Kneipp-Bund-e1732804301242-300x41.png 300w, https:\/\/www.kneipp-sachsen.de\/bad-schandau\/wp-content\/uploads\/2024\/11\/Kneipp-Elemente_Signets-Kneipp-Bund-e1732804301242-768x105.png 768w\" sizes=\"auto, (max-width: 831px) 100vw, 831px\" \/>    \n        <\/div>\n    <!-- \/image-wrap -->\n    \n        <\/div>\n<!-- \/module image -->        <\/div>\n                        <\/div>\n        <\/div>\n                        <div  data-lazy=\"1\" class=\"module_row themify_builder_row tb_8sle724 tf_w\">\n                        <div class=\"row_inner col_align_top tb_col_count_1 tf_box tf_rel\">\n                        <div  data-lazy=\"1\" class=\"module_column tb-column col-full tb_p8e5725 first\">\n                    <!-- module text -->\n<div  class=\"module module-text tb_xgo5565   \" data-lazy=\"1\">\n        <div  class=\"tb_text_wrap\">\n        <h3>&nbsp;<\/h3>\n<h3><strong>Gesunde Menschen im Einklang mit sich, den Anderen und der Natur.<\/strong><\/h3>\n<p><strong>Die Kneipp-Therapie ist ganzheitlich und zielt darauf ab, K\u00f6rper, Geist und Seele in Einklang zu bringen. <\/strong><\/p>\n<p>Sie beruht auf dem Prinzip der \u00dcbung, des Trainings zur Harmonisierung aller k\u00f6rperlichen und geistig-seelischen Funktionen und ist weit mehr als eine Heilmethode. Besonders eignet sie sich f\u00fcr die Pr\u00e4vention, also Vorbeugung. Durch die Anregung der Selbstheilungskr\u00e4fte gewinnen Widerstandsf\u00e4higkeit und inneres Gleichgewicht an Kraft \u2013 so entwickelt der Mensch eine starke Position gegen\u00fcber allen Anforderungen des Lebens. Er begegnet Stress gelassener und meistert Krisen und Krankheiten leichter. Kurzum: Er steigert seine Voraussetzungen und F\u00e4higkeiten zum Gl\u00fccklichsein.<\/p>    <\/div>\n<\/div>\n<!-- \/module text -->        <\/div>\n                        <\/div>\n        <\/div>\n                        <div  data-lazy=\"1\" class=\"module_row themify_builder_row tb_4o40609 tf_w\">\n                        <div class=\"row_inner col_align_top tb_col_count_1 tf_box tf_rel\">\n                        <div  data-lazy=\"1\" class=\"module_column tb-column col-full tb_brs0610 first\">\n                    <!-- module text -->\n<div  class=\"module module-text tb_xai0150   \" data-lazy=\"1\">\n        <div  class=\"tb_text_wrap\">\n        <h3>Unser Ziel: Gesunde Menschen &#8211; mit Kneipp<\/h3>\n<p>Ein gesundes Leben im Einklang mit der Natur f\u00fchren und auf diese Art aktiv vorbeugen und Heilung finden. Diesen ganzheitlichen Ansatz hat Sebastian Kneipp (1821 bis 1897) vor 150 Jahren zur Grundlage seiner umfassenden Heilverfahren gemacht \u2013 mit Erfolg.<\/p>\n<p>\u00a0 \u00a0 \u00a0 \u00a0 \u00a0 \u00a0 \u00a0 \u00a0 \u00a0 \u00a0 \u00a0<img loading=\"lazy\" decoding=\"async\" class=\"alignnone size-full wp-image-3398\" src=\"https:\/\/www.kneipp-sachsen.de\/bad-schandau\/wp-content\/uploads\/2025\/04\/csm_Bewegung_1_87a1509785.jpg\" alt=\"\" width=\"379\" height=\"252\">\u00a0 \u00a0 \u00a0<\/p>\n<p>\u00a0 \u00a0 \u00a0 \u00a0 \u00a0 \u00a0 \u00a0 \u00a0 \u00a0 \u00a0 \u00a0<img loading=\"lazy\" decoding=\"async\" class=\"alignnone size-full wp-image-3399 tb_selected_img\" src=\"https:\/\/www.kneipp-sachsen.de\/bad-schandau\/wp-content\/uploads\/2025\/04\/csm_Lebensordnung_1_55fe94a9ff.jpg\" alt=\"\" width=\"379\" height=\"309\"><\/p>    <\/div>\n<\/div>\n<!-- \/module text -->        <\/div>\n                        <\/div>\n        <\/div>\n                        <div  data-lazy=\"1\" class=\"module_row themify_builder_row tb_ci89894 tf_w\">\n                        <div class=\"row_inner col_align_top tb_col_count_1 tf_box tf_rel\">\n                        <div  data-lazy=\"1\" class=\"module_column tb-column col-full tb_p4w9895 first\">\n                    <!-- module text -->\n<div  class=\"module module-text tb_gpms334   \" data-lazy=\"1\">\n        <div  class=\"tb_text_wrap\">\n        <div class=\"module module-fancy-heading tb_pey0943 tb_hide_divider\">\n<h3><span class=\"main-head tf_block\">Wir bringen Bewegung ins Leben<\/span><\/h3>\n<p><span class=\"main-head tf_block\"><span style=\"color: #666666; font-size: 1em; font-weight: normal;\">Das Kneippsche Gesundheitskonzept hat \u00fcberdauert und sich stetig weiter entwickelt. Aus der urspr\u00fcnglichen Wasser- und Kr\u00e4uterheilkunde entstand ein ganzes und hoch anerkanntes Gesundheitskonzept. Leben nach Kneipp ist einfach, kostet fast nichts \u2013 nicht einmal viel Zeit \u2013 und bringt den Menschen in Bewegung. Das macht gesund (oder noch ges\u00fcnder), bewirkt ein hoch wirksames Immunsystem, umfassende Fitness, \u00fcberdurchschnittliche Stressresistenz und gute Stimmung. Ideal f\u00fcr jedes Alter, jeden Geldbeutel, jeden Bildungsstand, jede Lebenseinstellung \u2013 und gleicherma\u00dfen f\u00fcr Gesunde und Kranke.<\/span><\/span><\/p>\n<\/div>    <\/div>\n<\/div>\n<!-- \/module text -->        <\/div>\n                        <\/div>\n        <\/div>\n        <\/div>\n<!--\/themify_builder_content-->","protected":false},"excerpt":{"rendered":"<p>&nbsp; Gesunde Menschen im Einklang mit sich, den Anderen und der Natur. Die Kneipp-Therapie ist ganzheitlich und zielt darauf ab, K\u00f6rper, Geist und Seele in Einklang zu bringen. Sie beruht auf dem Prinzip der \u00dcbung, des Trainings zur Harmonisierung aller k\u00f6rperlichen und geistig-seelischen Funktionen und ist weit mehr als eine Heilmethode. Besonders eignet sie sich [&hellip;]<\/p>\n","protected":false},"author":5,"featured_media":0,"parent":0,"menu_order":0,"comment_status":"closed","ping_status":"closed","template":"","meta":{"footnotes":"","advanced-sidebar-menu\/link-title":"","advanced-sidebar-menu\/exclude-page":false},"class_list":["post-2836","page","type-page","status-publish","hentry","has-post-title","has-post-date","has-post-category","has-post-tag","has-post-comment","has-post-author",""],"yoast_head":"<!-- This site is optimized with the Yoast SEO plugin v26.9 - https:\/\/yoast.com\/product\/yoast-seo-wordpress\/ -->\n<title>Kneippsche Naturheilverfahren - Kneipp-Verein Bad Schandau e.V.<\/title>\n<meta name=\"robots\" content=\"index, follow, max-snippet:-1, max-image-preview:large, max-video-preview:-1\" \/>\n<link rel=\"canonical\" href=\"https:\/\/www.kneipp-sachsen.de\/bad-schandau\/neu-die-kneippschen-naturheilverfahren\/\" \/>\n<meta property=\"og:locale\" content=\"de_DE\" \/>\n<meta property=\"og:type\" content=\"article\" \/>\n<meta property=\"og:title\" content=\"Kneippsche Naturheilverfahren - Kneipp-Verein Bad Schandau e.V.\" \/>\n<meta property=\"og:description\" content=\"&nbsp; Gesunde Menschen im Einklang mit sich, den Anderen und der Natur. Die Kneipp-Therapie ist ganzheitlich und zielt darauf ab, K\u00f6rper, Geist und Seele in Einklang zu bringen. Sie beruht auf dem Prinzip der \u00dcbung, des Trainings zur Harmonisierung aller k\u00f6rperlichen und geistig-seelischen Funktionen und ist weit mehr als eine Heilmethode. Besonders eignet sie sich [&hellip;]\" \/>\n<meta property=\"og:url\" content=\"https:\/\/www.kneipp-sachsen.de\/bad-schandau\/neu-die-kneippschen-naturheilverfahren\/\" \/>\n<meta property=\"og:site_name\" content=\"Kneipp-Verein Bad Schandau e.V.\" \/>\n<meta property=\"article:modified_time\" content=\"2025-04-18T15:17:57+00:00\" \/>\n<meta property=\"og:image\" content=\"https:\/\/www.kneipp-sachsen.de\/bad-schandau\/wp-content\/uploads\/2024\/11\/Kneipp-Elemente_Signets-Kneipp-Bund-e1732804301242.png\" \/>\n\t<meta property=\"og:image:width\" content=\"831\" \/>\n\t<meta property=\"og:image:height\" content=\"114\" \/>\n\t<meta property=\"og:image:type\" content=\"image\/png\" \/>\n<meta name=\"twitter:card\" content=\"summary_large_image\" \/>\n<meta name=\"twitter:label1\" content=\"Gesch\u00e4tzte Lesezeit\" \/>\n\t<meta name=\"twitter:data1\" content=\"3\u00a0Minuten\" \/>\n<script type=\"application\/ld+json\" class=\"yoast-schema-graph\">{\"@context\":\"https:\/\/schema.org\",\"@graph\":[{\"@type\":\"WebPage\",\"@id\":\"https:\/\/www.kneipp-sachsen.de\/bad-schandau\/neu-die-kneippschen-naturheilverfahren\/\",\"url\":\"https:\/\/www.kneipp-sachsen.de\/bad-schandau\/neu-die-kneippschen-naturheilverfahren\/\",\"name\":\"Kneippsche Naturheilverfahren - Kneipp-Verein Bad Schandau e.V.\",\"isPartOf\":{\"@id\":\"https:\/\/www.kneipp-sachsen.de\/bad-schandau\/#website\"},\"primaryImageOfPage\":{\"@id\":\"https:\/\/www.kneipp-sachsen.de\/bad-schandau\/neu-die-kneippschen-naturheilverfahren\/#primaryimage\"},\"image\":{\"@id\":\"https:\/\/www.kneipp-sachsen.de\/bad-schandau\/neu-die-kneippschen-naturheilverfahren\/#primaryimage\"},\"thumbnailUrl\":\"https:\/\/www.kneipp-sachsen.de\/bad-schandau\/wp-content\/uploads\/2024\/11\/Kneipp-Elemente_Signets-Kneipp-Bund-e1732804301242.png\",\"datePublished\":\"2024-11-28T14:29:02+00:00\",\"dateModified\":\"2025-04-18T15:17:57+00:00\",\"breadcrumb\":{\"@id\":\"https:\/\/www.kneipp-sachsen.de\/bad-schandau\/neu-die-kneippschen-naturheilverfahren\/#breadcrumb\"},\"inLanguage\":\"de\",\"potentialAction\":[{\"@type\":\"ReadAction\",\"target\":[\"https:\/\/www.kneipp-sachsen.de\/bad-schandau\/neu-die-kneippschen-naturheilverfahren\/\"]}]},{\"@type\":\"ImageObject\",\"inLanguage\":\"de\",\"@id\":\"https:\/\/www.kneipp-sachsen.de\/bad-schandau\/neu-die-kneippschen-naturheilverfahren\/#primaryimage\",\"url\":\"https:\/\/www.kneipp-sachsen.de\/bad-schandau\/wp-content\/uploads\/2024\/11\/Kneipp-Elemente_Signets-Kneipp-Bund-e1732804301242.png\",\"contentUrl\":\"https:\/\/www.kneipp-sachsen.de\/bad-schandau\/wp-content\/uploads\/2024\/11\/Kneipp-Elemente_Signets-Kneipp-Bund-e1732804301242.png\",\"width\":831,\"height\":114,\"caption\":\"Die f\u00fcnf Kneipp-Elemente\"},{\"@type\":\"BreadcrumbList\",\"@id\":\"https:\/\/www.kneipp-sachsen.de\/bad-schandau\/neu-die-kneippschen-naturheilverfahren\/#breadcrumb\",\"itemListElement\":[{\"@type\":\"ListItem\",\"position\":1,\"name\":\"Home\",\"item\":\"https:\/\/www.kneipp-sachsen.de\/bad-schandau\/\"},{\"@type\":\"ListItem\",\"position\":2,\"name\":\"Kneippsche Naturheilverfahren\"}]},{\"@type\":\"WebSite\",\"@id\":\"https:\/\/www.kneipp-sachsen.de\/bad-schandau\/#website\",\"url\":\"https:\/\/www.kneipp-sachsen.de\/bad-schandau\/\",\"name\":\"Kneipp-Verein Bad Schandau e.V.\",\"description\":\"ein Verein im Kneipp-Bund Landesverband Sachsen e.V.\",\"publisher\":{\"@id\":\"https:\/\/www.kneipp-sachsen.de\/bad-schandau\/#organization\"},\"potentialAction\":[{\"@type\":\"SearchAction\",\"target\":{\"@type\":\"EntryPoint\",\"urlTemplate\":\"https:\/\/www.kneipp-sachsen.de\/bad-schandau\/?s={search_term_string}\"},\"query-input\":{\"@type\":\"PropertyValueSpecification\",\"valueRequired\":true,\"valueName\":\"search_term_string\"}}],\"inLanguage\":\"de\"},{\"@type\":\"Organization\",\"@id\":\"https:\/\/www.kneipp-sachsen.de\/bad-schandau\/#organization\",\"name\":\"Kneipp-Verein Bad Schandau e.V.\",\"url\":\"https:\/\/www.kneipp-sachsen.de\/bad-schandau\/\",\"logo\":{\"@type\":\"ImageObject\",\"inLanguage\":\"de\",\"@id\":\"https:\/\/www.kneipp-sachsen.de\/bad-schandau\/#\/schema\/logo\/image\/\",\"url\":\"https:\/\/www.kneipp-sachsen.de\/bad-schandau\/wp-content\/uploads\/2022\/12\/Bad-Schandau.png\",\"contentUrl\":\"https:\/\/www.kneipp-sachsen.de\/bad-schandau\/wp-content\/uploads\/2022\/12\/Bad-Schandau.png\",\"width\":740,\"height\":571,\"caption\":\"Kneipp-Verein Bad Schandau e.V.\"},\"image\":{\"@id\":\"https:\/\/www.kneipp-sachsen.de\/bad-schandau\/#\/schema\/logo\/image\/\"}}]}<\/script>\n<!-- \/ Yoast SEO plugin. -->","yoast_head_json":{"title":"Kneippsche Naturheilverfahren - Kneipp-Verein Bad Schandau e.V.","robots":{"index":"index","follow":"follow","max-snippet":"max-snippet:-1","max-image-preview":"max-image-preview:large","max-video-preview":"max-video-preview:-1"},"canonical":"https:\/\/www.kneipp-sachsen.de\/bad-schandau\/neu-die-kneippschen-naturheilverfahren\/","og_locale":"de_DE","og_type":"article","og_title":"Kneippsche Naturheilverfahren - Kneipp-Verein Bad Schandau e.V.","og_description":"&nbsp; Gesunde Menschen im Einklang mit sich, den Anderen und der Natur. Die Kneipp-Therapie ist ganzheitlich und zielt darauf ab, K\u00f6rper, Geist und Seele in Einklang zu bringen. Sie beruht auf dem Prinzip der \u00dcbung, des Trainings zur Harmonisierung aller k\u00f6rperlichen und geistig-seelischen Funktionen und ist weit mehr als eine Heilmethode. Besonders eignet sie sich [&hellip;]","og_url":"https:\/\/www.kneipp-sachsen.de\/bad-schandau\/neu-die-kneippschen-naturheilverfahren\/","og_site_name":"Kneipp-Verein Bad Schandau e.V.","article_modified_time":"2025-04-18T15:17:57+00:00","og_image":[{"width":831,"height":114,"url":"https:\/\/www.kneipp-sachsen.de\/bad-schandau\/wp-content\/uploads\/2024\/11\/Kneipp-Elemente_Signets-Kneipp-Bund-e1732804301242.png","type":"image\/png"}],"twitter_card":"summary_large_image","twitter_misc":{"Gesch\u00e4tzte Lesezeit":"3\u00a0Minuten"},"schema":{"@context":"https:\/\/schema.org","@graph":[{"@type":"WebPage","@id":"https:\/\/www.kneipp-sachsen.de\/bad-schandau\/neu-die-kneippschen-naturheilverfahren\/","url":"https:\/\/www.kneipp-sachsen.de\/bad-schandau\/neu-die-kneippschen-naturheilverfahren\/","name":"Kneippsche Naturheilverfahren - Kneipp-Verein Bad Schandau e.V.","isPartOf":{"@id":"https:\/\/www.kneipp-sachsen.de\/bad-schandau\/#website"},"primaryImageOfPage":{"@id":"https:\/\/www.kneipp-sachsen.de\/bad-schandau\/neu-die-kneippschen-naturheilverfahren\/#primaryimage"},"image":{"@id":"https:\/\/www.kneipp-sachsen.de\/bad-schandau\/neu-die-kneippschen-naturheilverfahren\/#primaryimage"},"thumbnailUrl":"https:\/\/www.kneipp-sachsen.de\/bad-schandau\/wp-content\/uploads\/2024\/11\/Kneipp-Elemente_Signets-Kneipp-Bund-e1732804301242.png","datePublished":"2024-11-28T14:29:02+00:00","dateModified":"2025-04-18T15:17:57+00:00","breadcrumb":{"@id":"https:\/\/www.kneipp-sachsen.de\/bad-schandau\/neu-die-kneippschen-naturheilverfahren\/#breadcrumb"},"inLanguage":"de","potentialAction":[{"@type":"ReadAction","target":["https:\/\/www.kneipp-sachsen.de\/bad-schandau\/neu-die-kneippschen-naturheilverfahren\/"]}]},{"@type":"ImageObject","inLanguage":"de","@id":"https:\/\/www.kneipp-sachsen.de\/bad-schandau\/neu-die-kneippschen-naturheilverfahren\/#primaryimage","url":"https:\/\/www.kneipp-sachsen.de\/bad-schandau\/wp-content\/uploads\/2024\/11\/Kneipp-Elemente_Signets-Kneipp-Bund-e1732804301242.png","contentUrl":"https:\/\/www.kneipp-sachsen.de\/bad-schandau\/wp-content\/uploads\/2024\/11\/Kneipp-Elemente_Signets-Kneipp-Bund-e1732804301242.png","width":831,"height":114,"caption":"Die f\u00fcnf Kneipp-Elemente"},{"@type":"BreadcrumbList","@id":"https:\/\/www.kneipp-sachsen.de\/bad-schandau\/neu-die-kneippschen-naturheilverfahren\/#breadcrumb","itemListElement":[{"@type":"ListItem","position":1,"name":"Home","item":"https:\/\/www.kneipp-sachsen.de\/bad-schandau\/"},{"@type":"ListItem","position":2,"name":"Kneippsche Naturheilverfahren"}]},{"@type":"WebSite","@id":"https:\/\/www.kneipp-sachsen.de\/bad-schandau\/#website","url":"https:\/\/www.kneipp-sachsen.de\/bad-schandau\/","name":"Kneipp-Verein Bad Schandau e.V.","description":"ein Verein im Kneipp-Bund Landesverband Sachsen e.V.","publisher":{"@id":"https:\/\/www.kneipp-sachsen.de\/bad-schandau\/#organization"},"potentialAction":[{"@type":"SearchAction","target":{"@type":"EntryPoint","urlTemplate":"https:\/\/www.kneipp-sachsen.de\/bad-schandau\/?s={search_term_string}"},"query-input":{"@type":"PropertyValueSpecification","valueRequired":true,"valueName":"search_term_string"}}],"inLanguage":"de"},{"@type":"Organization","@id":"https:\/\/www.kneipp-sachsen.de\/bad-schandau\/#organization","name":"Kneipp-Verein Bad Schandau e.V.","url":"https:\/\/www.kneipp-sachsen.de\/bad-schandau\/","logo":{"@type":"ImageObject","inLanguage":"de","@id":"https:\/\/www.kneipp-sachsen.de\/bad-schandau\/#\/schema\/logo\/image\/","url":"https:\/\/www.kneipp-sachsen.de\/bad-schandau\/wp-content\/uploads\/2022\/12\/Bad-Schandau.png","contentUrl":"https:\/\/www.kneipp-sachsen.de\/bad-schandau\/wp-content\/uploads\/2022\/12\/Bad-Schandau.png","width":740,"height":571,"caption":"Kneipp-Verein Bad Schandau e.V."},"image":{"@id":"https:\/\/www.kneipp-sachsen.de\/bad-schandau\/#\/schema\/logo\/image\/"}}]}},"builder_content":"<h1>Kneippsche Naturheilverfahren<br\/><\/h1>\n<img src=\"https:\/\/www.kneipp-sachsen.de\/bad-schandau\/wp-content\/uploads\/2024\/11\/Kneipp-Elemente_Signets-Kneipp-Bund-e1732804301242.png\" title=\"Kneipp-Elemente_Signets Kneipp-Bund\" alt=\"Die f\u00fcnf Kneipp-Elemente\" srcset=\"https:\/\/www.kneipp-sachsen.de\/bad-schandau\/wp-content\/uploads\/2024\/11\/Kneipp-Elemente_Signets-Kneipp-Bund-e1732804301242.png 831w, https:\/\/www.kneipp-sachsen.de\/bad-schandau\/wp-content\/uploads\/2024\/11\/Kneipp-Elemente_Signets-Kneipp-Bund-e1732804301242-300x41.png 300w, https:\/\/www.kneipp-sachsen.de\/bad-schandau\/wp-content\/uploads\/2024\/11\/Kneipp-Elemente_Signets-Kneipp-Bund-e1732804301242-768x105.png 768w\" sizes=\"(max-width: 831px) 100vw, 831px\" \/>\n<h3>&nbsp;<\/h3> <h3><strong>Gesunde Menschen im Einklang mit sich, den Anderen und der Natur.<\/strong><\/h3> <p><strong>Die Kneipp-Therapie ist ganzheitlich und zielt darauf ab, K\u00f6rper, Geist und Seele in Einklang zu bringen. <\/strong><\/p> <p>Sie beruht auf dem Prinzip der \u00dcbung, des Trainings zur Harmonisierung aller k\u00f6rperlichen und geistig-seelischen Funktionen und ist weit mehr als eine Heilmethode. Besonders eignet sie sich f\u00fcr die Pr\u00e4vention, also Vorbeugung. Durch die Anregung der Selbstheilungskr\u00e4fte gewinnen Widerstandsf\u00e4higkeit und inneres Gleichgewicht an Kraft \u2013 so entwickelt der Mensch eine starke Position gegen\u00fcber allen Anforderungen des Lebens. Er begegnet Stress gelassener und meistert Krisen und Krankheiten leichter. Kurzum: Er steigert seine Voraussetzungen und F\u00e4higkeiten zum Gl\u00fccklichsein.<\/p>\n<h3>Unser Ziel: Gesunde Menschen - mit Kneipp<\/h3> <p>Ein gesundes Leben im Einklang mit der Natur f\u00fchren und auf diese Art aktiv vorbeugen und Heilung finden. Diesen ganzheitlichen Ansatz hat Sebastian Kneipp (1821 bis 1897) vor 150 Jahren zur Grundlage seiner umfassenden Heilverfahren gemacht \u2013 mit Erfolg.<\/p> <p>\u00a0 \u00a0 \u00a0 \u00a0 \u00a0 \u00a0 \u00a0 \u00a0 \u00a0 \u00a0 \u00a0<img loading=\"lazy\" decoding=\"async\" src=\"https:\/\/www.kneipp-sachsen.de\/bad-schandau\/wp-content\/uploads\/2025\/04\/csm_Bewegung_1_87a1509785.jpg\" alt=\"\" width=\"379\" height=\"252\">\u00a0 \u00a0 \u00a0<\/p> <p>\u00a0 \u00a0 \u00a0 \u00a0 \u00a0 \u00a0 \u00a0 \u00a0 \u00a0 \u00a0 \u00a0<img loading=\"lazy\" decoding=\"async\" src=\"https:\/\/www.kneipp-sachsen.de\/bad-schandau\/wp-content\/uploads\/2025\/04\/csm_Lebensordnung_1_55fe94a9ff.jpg\" alt=\"\" width=\"379\" height=\"309\"><\/p>\n<h3>Wir bringen Bewegung ins Leben<\/h3> <p>Das Kneippsche Gesundheitskonzept hat \u00fcberdauert und sich stetig weiter entwickelt. Aus der urspr\u00fcnglichen Wasser- und Kr\u00e4uterheilkunde entstand ein ganzes und hoch anerkanntes Gesundheitskonzept. Leben nach Kneipp ist einfach, kostet fast nichts \u2013 nicht einmal viel Zeit \u2013 und bringt den Menschen in Bewegung. Das macht gesund (oder noch ges\u00fcnder), bewirkt ein hoch wirksames Immunsystem, umfassende Fitness, \u00fcberdurchschnittliche Stressresistenz und gute Stimmung. Ideal f\u00fcr jedes Alter, jeden Geldbeutel, jeden Bildungsstand, jede Lebenseinstellung \u2013 und gleicherma\u00dfen f\u00fcr Gesunde und Kranke.<\/p>","_links":{"self":[{"href":"https:\/\/www.kneipp-sachsen.de\/bad-schandau\/wp-json\/wp\/v2\/pages\/2836","targetHints":{"allow":["GET"]}}],"collection":[{"href":"https:\/\/www.kneipp-sachsen.de\/bad-schandau\/wp-json\/wp\/v2\/pages"}],"about":[{"href":"https:\/\/www.kneipp-sachsen.de\/bad-schandau\/wp-json\/wp\/v2\/types\/page"}],"author":[{"embeddable":true,"href":"https:\/\/www.kneipp-sachsen.de\/bad-schandau\/wp-json\/wp\/v2\/users\/5"}],"replies":[{"embeddable":true,"href":"https:\/\/www.kneipp-sachsen.de\/bad-schandau\/wp-json\/wp\/v2\/comments?post=2836"}],"version-history":[{"count":54,"href":"https:\/\/www.kneipp-sachsen.de\/bad-schandau\/wp-json\/wp\/v2\/pages\/2836\/revisions"}],"predecessor-version":[{"id":3429,"href":"https:\/\/www.kneipp-sachsen.de\/bad-schandau\/wp-json\/wp\/v2\/pages\/2836\/revisions\/3429"}],"wp:attachment":[{"href":"https:\/\/www.kneipp-sachsen.de\/bad-schandau\/wp-json\/wp\/v2\/media?parent=2836"}],"curies":[{"name":"wp","href":"https:\/\/api.w.org\/{rel}","templated":true}]}}