{"id":31,"date":"2022-12-08T11:45:26","date_gmt":"2022-12-08T10:45:26","guid":{"rendered":"https:\/\/www.kneipp-sachsen.de\/bad-schandau\/?page_id=31"},"modified":"2024-11-10T22:23:38","modified_gmt":"2024-11-10T21:23:38","slug":"wer-wir-sind","status":"publish","type":"page","link":"https:\/\/www.kneipp-sachsen.de\/bad-schandau\/wer-wir-sind\/","title":{"rendered":"Wer wir sind"},"content":{"rendered":"<!--themify_builder_content-->\n<div id=\"themify_builder_content-31\" data-postid=\"31\" class=\"themify_builder_content themify_builder_content-31 themify_builder tf_clear\">\n                    <div  data-lazy=\"1\" class=\"module_row themify_builder_row tb_gvvo711 tb_first tf_w\">\n                        <div class=\"row_inner col_align_top tb_col_count_1 tf_box tf_rel\">\n                        <div  data-lazy=\"1\" class=\"module_column tb-column col-full tb_9iy1711 first\">\n                    <!-- module fancy heading -->\n<div  class=\"module module-fancy-heading tb_rqlw49  tb_hide_divider\" data-lazy=\"1\">\n        <h1 class=\"fancy-heading\">\n    <span class=\"main-head tf_block\">\n                    Vereinsgeschichte            <\/span>\n\n    \n    <span class=\"sub-head tf_block tf_rel\">\n                                <\/span>\n    <\/h1>\n<\/div>\n<!-- \/module fancy heading -->\n<!-- module text -->\n<div  class=\"module module-text tb_bj2u496   \" data-lazy=\"1\">\n        <div  class=\"tb_text_wrap\">\n        <p>Inmitten reizvoller Felslandschaft und direkt am Fluss Elbe gelegen, befindet sich die Stadt Bad Schandau mit ihren Ortsteilen.\u00a0<\/p>\n<p>Die heilende Wirkung des Wassers war den Menschen schon fr\u00fch bekannt. So wurde bereits im Jahr 1789 eine Kureinrichtung gegr\u00fcndet. In der zweiten H\u00e4lfte des 19. Jahrhunderts lie\u00df der Unternehmer Rudolf Sendig in der Stadt Hotels bauen und einen Kurpark anlegen.\u00a0<span style=\"background-color: initial; font-size: 1em;\">1920 erhielt Schandau den Titel Bad und durfte sich seit dem Jahr 1936 Kneipp-Kurort nennen. In den 1950er Jahren wurde die Einrichtung vom FDGB \u00fcbernommen und als Sanatorium Kneippkurbad Bad Schandau dem damaligen staatlichen Gesundheitswesen zugeordnet.<\/span><\/p>\n<p>Nach den gesellschaftlichen Ver\u00e4nderungen im Jahr 1989 setzte sich eine Gruppe heimatverbundener B\u00fcrger aus Bad Schandau und Umgebung daf\u00fcr ein, die Kneippschen Naturheilverfahren wieder st\u00e4rker in das Bewusstsein der Menschen zu r\u00fccken und damit auch den Kneipp-Kurort weiterzuentwickeln.\u00a0<\/p>\n<p>Im Hotel \u201eLindenhof\u201c in Bad Schandau wurde am 07. Juni 1991 von 12 Gr\u00fcndungs-mitgliedern der Kneipp-Verein Bad Schandau e. V. gegr\u00fcndet. Mit gro\u00dfem Einsatz des Vorstandes und mit Unterst\u00fctzung der Partnerstadt \u00dcberlingen sowie anderer\u00a0 Kneipp-Vereine entwickelte sich ein aktives Vereinsleben mit vielen gemeinsamen Aktionen. Infolge dessen nahm die Zahl <span style=\"background-color: initial; font-size: 1em;\">der Vereinsmitglieder zu. <br><br>Die Anerkennung der Johanniter-Kindertagesst\u00e4tte \u201eElbspatzen\u201c Bad Schandau als erste zertifizierte Kneipp-Kindereinrichtung in der S\u00e4chsischen Schweiz im Jahr 2016 stellt einen H\u00f6hepunkt der letzten Jahre dar und unterst\u00fctzt die Pflege und Verbreitung der Kneippschen Lehre. Anfang 2024 erhielt die Stadt Bad Schandau den Titel<\/span><span style=\"text-align: justify; font-size: 1em;\">\u00a0\u201eKneippheilbad\u201c.<\/span><span style=\"background-color: initial; font-size: 1em;\">\u00a0<\/span><\/p>\n<p><span style=\"background-color: initial; font-size: 1em;\">Das Miteinander im Verein ist uns wichtig. Wir freuen uns \u00fcber aufgeschlossene Menschen, die sich f\u00fcr ein gesundes Leben nach dem ganzheitlichen Konzept von Sebastian Kneipp interessieren. Eine Unterst\u00fctzung des Vereins ist in Form einer Mitgliedschaft, Spende oder durch eine Teilnahme an Veranstaltungen m\u00f6glich.<\/span><\/p>    <\/div>\n<\/div>\n<!-- \/module text -->        <\/div>\n                        <\/div>\n        <\/div>\n        <\/div>\n<!--\/themify_builder_content-->","protected":false},"excerpt":{"rendered":"<p>Inmitten reizvoller Felslandschaft und direkt am Fluss Elbe gelegen, befindet sich die Stadt Bad Schandau mit ihren Ortsteilen.\u00a0 Die heilende Wirkung des Wassers war den Menschen schon fr\u00fch bekannt. So wurde bereits im Jahr 1789 eine Kureinrichtung gegr\u00fcndet. In der zweiten H\u00e4lfte des 19. Jahrhunderts lie\u00df der Unternehmer Rudolf Sendig in der Stadt Hotels bauen [&hellip;]<\/p>\n","protected":false},"author":2,"featured_media":0,"parent":0,"menu_order":1,"comment_status":"closed","ping_status":"closed","template":"","meta":{"footnotes":"","advanced-sidebar-menu\/link-title":"","advanced-sidebar-menu\/exclude-page":false},"class_list":["post-31","page","type-page","status-publish","hentry","has-post-title","has-post-date","has-post-category","has-post-tag","has-post-comment","has-post-author",""],"yoast_head":"<!-- This site is optimized with the Yoast SEO plugin v26.9 - https:\/\/yoast.com\/product\/yoast-seo-wordpress\/ -->\n<title>Wer wir sind - Kneipp-Verein Bad Schandau e.V.<\/title>\n<meta name=\"robots\" content=\"index, follow, max-snippet:-1, max-image-preview:large, max-video-preview:-1\" \/>\n<link rel=\"canonical\" href=\"https:\/\/www.kneipp-sachsen.de\/bad-schandau\/wer-wir-sind\/\" \/>\n<meta property=\"og:locale\" content=\"de_DE\" \/>\n<meta property=\"og:type\" content=\"article\" \/>\n<meta property=\"og:title\" content=\"Wer wir sind - Kneipp-Verein Bad Schandau e.V.\" \/>\n<meta property=\"og:description\" content=\"Inmitten reizvoller Felslandschaft und direkt am Fluss Elbe gelegen, befindet sich die Stadt Bad Schandau mit ihren Ortsteilen.\u00a0 Die heilende Wirkung des Wassers war den Menschen schon fr\u00fch bekannt. So wurde bereits im Jahr 1789 eine Kureinrichtung gegr\u00fcndet. In der zweiten H\u00e4lfte des 19. Jahrhunderts lie\u00df der Unternehmer Rudolf Sendig in der Stadt Hotels bauen [&hellip;]\" \/>\n<meta property=\"og:url\" content=\"https:\/\/www.kneipp-sachsen.de\/bad-schandau\/wer-wir-sind\/\" \/>\n<meta property=\"og:site_name\" content=\"Kneipp-Verein Bad Schandau e.V.\" \/>\n<meta property=\"article:modified_time\" content=\"2024-11-10T21:23:38+00:00\" \/>\n<meta name=\"twitter:card\" content=\"summary_large_image\" \/>\n<meta name=\"twitter:label1\" content=\"Gesch\u00e4tzte Lesezeit\" \/>\n\t<meta name=\"twitter:data1\" content=\"3\u00a0Minuten\" \/>\n<script type=\"application\/ld+json\" class=\"yoast-schema-graph\">{\"@context\":\"https:\/\/schema.org\",\"@graph\":[{\"@type\":\"WebPage\",\"@id\":\"https:\/\/www.kneipp-sachsen.de\/bad-schandau\/wer-wir-sind\/\",\"url\":\"https:\/\/www.kneipp-sachsen.de\/bad-schandau\/wer-wir-sind\/\",\"name\":\"Wer wir sind - Kneipp-Verein Bad Schandau e.V.\",\"isPartOf\":{\"@id\":\"https:\/\/www.kneipp-sachsen.de\/bad-schandau\/#website\"},\"datePublished\":\"2022-12-08T10:45:26+00:00\",\"dateModified\":\"2024-11-10T21:23:38+00:00\",\"breadcrumb\":{\"@id\":\"https:\/\/www.kneipp-sachsen.de\/bad-schandau\/wer-wir-sind\/#breadcrumb\"},\"inLanguage\":\"de\",\"potentialAction\":[{\"@type\":\"ReadAction\",\"target\":[\"https:\/\/www.kneipp-sachsen.de\/bad-schandau\/wer-wir-sind\/\"]}]},{\"@type\":\"BreadcrumbList\",\"@id\":\"https:\/\/www.kneipp-sachsen.de\/bad-schandau\/wer-wir-sind\/#breadcrumb\",\"itemListElement\":[{\"@type\":\"ListItem\",\"position\":1,\"name\":\"Home\",\"item\":\"https:\/\/www.kneipp-sachsen.de\/bad-schandau\/\"},{\"@type\":\"ListItem\",\"position\":2,\"name\":\"Wer wir sind\"}]},{\"@type\":\"WebSite\",\"@id\":\"https:\/\/www.kneipp-sachsen.de\/bad-schandau\/#website\",\"url\":\"https:\/\/www.kneipp-sachsen.de\/bad-schandau\/\",\"name\":\"Kneipp-Verein Bad Schandau e.V.\",\"description\":\"ein Verein im Kneipp-Bund Landesverband Sachsen e.V.\",\"publisher\":{\"@id\":\"https:\/\/www.kneipp-sachsen.de\/bad-schandau\/#organization\"},\"potentialAction\":[{\"@type\":\"SearchAction\",\"target\":{\"@type\":\"EntryPoint\",\"urlTemplate\":\"https:\/\/www.kneipp-sachsen.de\/bad-schandau\/?s={search_term_string}\"},\"query-input\":{\"@type\":\"PropertyValueSpecification\",\"valueRequired\":true,\"valueName\":\"search_term_string\"}}],\"inLanguage\":\"de\"},{\"@type\":\"Organization\",\"@id\":\"https:\/\/www.kneipp-sachsen.de\/bad-schandau\/#organization\",\"name\":\"Kneipp-Verein Bad Schandau e.V.\",\"url\":\"https:\/\/www.kneipp-sachsen.de\/bad-schandau\/\",\"logo\":{\"@type\":\"ImageObject\",\"inLanguage\":\"de\",\"@id\":\"https:\/\/www.kneipp-sachsen.de\/bad-schandau\/#\/schema\/logo\/image\/\",\"url\":\"https:\/\/www.kneipp-sachsen.de\/bad-schandau\/wp-content\/uploads\/2022\/12\/Bad-Schandau.png\",\"contentUrl\":\"https:\/\/www.kneipp-sachsen.de\/bad-schandau\/wp-content\/uploads\/2022\/12\/Bad-Schandau.png\",\"width\":740,\"height\":571,\"caption\":\"Kneipp-Verein Bad Schandau e.V.\"},\"image\":{\"@id\":\"https:\/\/www.kneipp-sachsen.de\/bad-schandau\/#\/schema\/logo\/image\/\"}}]}<\/script>\n<!-- \/ Yoast SEO plugin. -->","yoast_head_json":{"title":"Wer wir sind - Kneipp-Verein Bad Schandau e.V.","robots":{"index":"index","follow":"follow","max-snippet":"max-snippet:-1","max-image-preview":"max-image-preview:large","max-video-preview":"max-video-preview:-1"},"canonical":"https:\/\/www.kneipp-sachsen.de\/bad-schandau\/wer-wir-sind\/","og_locale":"de_DE","og_type":"article","og_title":"Wer wir sind - Kneipp-Verein Bad Schandau e.V.","og_description":"Inmitten reizvoller Felslandschaft und direkt am Fluss Elbe gelegen, befindet sich die Stadt Bad Schandau mit ihren Ortsteilen.\u00a0 Die heilende Wirkung des Wassers war den Menschen schon fr\u00fch bekannt. So wurde bereits im Jahr 1789 eine Kureinrichtung gegr\u00fcndet. In der zweiten H\u00e4lfte des 19. Jahrhunderts lie\u00df der Unternehmer Rudolf Sendig in der Stadt Hotels bauen [&hellip;]","og_url":"https:\/\/www.kneipp-sachsen.de\/bad-schandau\/wer-wir-sind\/","og_site_name":"Kneipp-Verein Bad Schandau e.V.","article_modified_time":"2024-11-10T21:23:38+00:00","twitter_card":"summary_large_image","twitter_misc":{"Gesch\u00e4tzte Lesezeit":"3\u00a0Minuten"},"schema":{"@context":"https:\/\/schema.org","@graph":[{"@type":"WebPage","@id":"https:\/\/www.kneipp-sachsen.de\/bad-schandau\/wer-wir-sind\/","url":"https:\/\/www.kneipp-sachsen.de\/bad-schandau\/wer-wir-sind\/","name":"Wer wir sind - Kneipp-Verein Bad Schandau e.V.","isPartOf":{"@id":"https:\/\/www.kneipp-sachsen.de\/bad-schandau\/#website"},"datePublished":"2022-12-08T10:45:26+00:00","dateModified":"2024-11-10T21:23:38+00:00","breadcrumb":{"@id":"https:\/\/www.kneipp-sachsen.de\/bad-schandau\/wer-wir-sind\/#breadcrumb"},"inLanguage":"de","potentialAction":[{"@type":"ReadAction","target":["https:\/\/www.kneipp-sachsen.de\/bad-schandau\/wer-wir-sind\/"]}]},{"@type":"BreadcrumbList","@id":"https:\/\/www.kneipp-sachsen.de\/bad-schandau\/wer-wir-sind\/#breadcrumb","itemListElement":[{"@type":"ListItem","position":1,"name":"Home","item":"https:\/\/www.kneipp-sachsen.de\/bad-schandau\/"},{"@type":"ListItem","position":2,"name":"Wer wir sind"}]},{"@type":"WebSite","@id":"https:\/\/www.kneipp-sachsen.de\/bad-schandau\/#website","url":"https:\/\/www.kneipp-sachsen.de\/bad-schandau\/","name":"Kneipp-Verein Bad Schandau e.V.","description":"ein Verein im Kneipp-Bund Landesverband Sachsen e.V.","publisher":{"@id":"https:\/\/www.kneipp-sachsen.de\/bad-schandau\/#organization"},"potentialAction":[{"@type":"SearchAction","target":{"@type":"EntryPoint","urlTemplate":"https:\/\/www.kneipp-sachsen.de\/bad-schandau\/?s={search_term_string}"},"query-input":{"@type":"PropertyValueSpecification","valueRequired":true,"valueName":"search_term_string"}}],"inLanguage":"de"},{"@type":"Organization","@id":"https:\/\/www.kneipp-sachsen.de\/bad-schandau\/#organization","name":"Kneipp-Verein Bad Schandau e.V.","url":"https:\/\/www.kneipp-sachsen.de\/bad-schandau\/","logo":{"@type":"ImageObject","inLanguage":"de","@id":"https:\/\/www.kneipp-sachsen.de\/bad-schandau\/#\/schema\/logo\/image\/","url":"https:\/\/www.kneipp-sachsen.de\/bad-schandau\/wp-content\/uploads\/2022\/12\/Bad-Schandau.png","contentUrl":"https:\/\/www.kneipp-sachsen.de\/bad-schandau\/wp-content\/uploads\/2022\/12\/Bad-Schandau.png","width":740,"height":571,"caption":"Kneipp-Verein Bad Schandau e.V."},"image":{"@id":"https:\/\/www.kneipp-sachsen.de\/bad-schandau\/#\/schema\/logo\/image\/"}}]}},"builder_content":"<h1>Vereinsgeschichte<br\/><\/h1>\n<p>Inmitten reizvoller Felslandschaft und direkt am Fluss Elbe gelegen, befindet sich die Stadt Bad Schandau mit ihren Ortsteilen.\u00a0<\/p> <p>Die heilende Wirkung des Wassers war den Menschen schon fr\u00fch bekannt. So wurde bereits im Jahr 1789 eine Kureinrichtung gegr\u00fcndet. In der zweiten H\u00e4lfte des 19. Jahrhunderts lie\u00df der Unternehmer Rudolf Sendig in der Stadt Hotels bauen und einen Kurpark anlegen.\u00a01920 erhielt Schandau den Titel Bad und durfte sich seit dem Jahr 1936 Kneipp-Kurort nennen. In den 1950er Jahren wurde die Einrichtung vom FDGB \u00fcbernommen und als Sanatorium Kneippkurbad Bad Schandau dem damaligen staatlichen Gesundheitswesen zugeordnet.<\/p> <p>Nach den gesellschaftlichen Ver\u00e4nderungen im Jahr 1989 setzte sich eine Gruppe heimatverbundener B\u00fcrger aus Bad Schandau und Umgebung daf\u00fcr ein, die Kneippschen Naturheilverfahren wieder st\u00e4rker in das Bewusstsein der Menschen zu r\u00fccken und damit auch den Kneipp-Kurort weiterzuentwickeln.\u00a0<\/p> <p>Im Hotel \u201eLindenhof\u201c in Bad Schandau wurde am 07. Juni 1991 von 12 Gr\u00fcndungs-mitgliedern der Kneipp-Verein Bad Schandau e. V. gegr\u00fcndet. Mit gro\u00dfem Einsatz des Vorstandes und mit Unterst\u00fctzung der Partnerstadt \u00dcberlingen sowie anderer\u00a0 Kneipp-Vereine entwickelte sich ein aktives Vereinsleben mit vielen gemeinsamen Aktionen. Infolge dessen nahm die Zahl der Vereinsmitglieder zu. <br><br>Die Anerkennung der Johanniter-Kindertagesst\u00e4tte \u201eElbspatzen\u201c Bad Schandau als erste zertifizierte Kneipp-Kindereinrichtung in der S\u00e4chsischen Schweiz im Jahr 2016 stellt einen H\u00f6hepunkt der letzten Jahre dar und unterst\u00fctzt die Pflege und Verbreitung der Kneippschen Lehre. Anfang 2024 erhielt die Stadt Bad Schandau den Titel\u00a0\u201eKneippheilbad\u201c.\u00a0<\/p> <p>Das Miteinander im Verein ist uns wichtig. Wir freuen uns \u00fcber aufgeschlossene Menschen, die sich f\u00fcr ein gesundes Leben nach dem ganzheitlichen Konzept von Sebastian Kneipp interessieren. Eine Unterst\u00fctzung des Vereins ist in Form einer Mitgliedschaft, Spende oder durch eine Teilnahme an Veranstaltungen m\u00f6glich.<\/p>","_links":{"self":[{"href":"https:\/\/www.kneipp-sachsen.de\/bad-schandau\/wp-json\/wp\/v2\/pages\/31","targetHints":{"allow":["GET"]}}],"collection":[{"href":"https:\/\/www.kneipp-sachsen.de\/bad-schandau\/wp-json\/wp\/v2\/pages"}],"about":[{"href":"https:\/\/www.kneipp-sachsen.de\/bad-schandau\/wp-json\/wp\/v2\/types\/page"}],"author":[{"embeddable":true,"href":"https:\/\/www.kneipp-sachsen.de\/bad-schandau\/wp-json\/wp\/v2\/users\/2"}],"replies":[{"embeddable":true,"href":"https:\/\/www.kneipp-sachsen.de\/bad-schandau\/wp-json\/wp\/v2\/comments?post=31"}],"version-history":[{"count":42,"href":"https:\/\/www.kneipp-sachsen.de\/bad-schandau\/wp-json\/wp\/v2\/pages\/31\/revisions"}],"predecessor-version":[{"id":2607,"href":"https:\/\/www.kneipp-sachsen.de\/bad-schandau\/wp-json\/wp\/v2\/pages\/31\/revisions\/2607"}],"wp:attachment":[{"href":"https:\/\/www.kneipp-sachsen.de\/bad-schandau\/wp-json\/wp\/v2\/media?parent=31"}],"curies":[{"name":"wp","href":"https:\/\/api.w.org\/{rel}","templated":true}]}}