{"id":60,"date":"2022-12-09T00:48:03","date_gmt":"2022-12-08T23:48:03","guid":{"rendered":"https:\/\/www.kneipp-sachsen.de\/bad-schandau\/?page_id=60"},"modified":"2025-07-09T16:44:42","modified_gmt":"2025-07-09T14:44:42","slug":"mitglied-werden","status":"publish","type":"page","link":"https:\/\/www.kneipp-sachsen.de\/bad-schandau\/mitglied-werden\/","title":{"rendered":"Mitglied werden"},"content":{"rendered":"<!--themify_builder_content-->\n<div id=\"themify_builder_content-60\" data-postid=\"60\" class=\"themify_builder_content themify_builder_content-60 themify_builder tf_clear\">\n                    <div  data-lazy=\"1\" class=\"module_row themify_builder_row tb_3caw209 tb_first tf_w\">\n                        <div class=\"row_inner col_align_top tb_col_count_1 tf_box tf_rel\">\n                        <div  data-lazy=\"1\" class=\"module_column tb-column col-full tb_74he210 first\">\n                    <!-- module fancy heading -->\n<div  class=\"module module-fancy-heading tb_8w54424  tb_hide_divider\" data-lazy=\"1\">\n        <h1 class=\"fancy-heading\">\n    <span class=\"main-head tf_block\">\n                    Vorteile einer Mitgliedschaft            <\/span>\n\n    \n    <span class=\"sub-head tf_block tf_rel\">\n                                <\/span>\n    <\/h1>\n<\/div>\n<!-- \/module fancy heading -->\n<!-- module text -->\n<div  class=\"module module-text tb_oaai170   \" data-lazy=\"1\">\n        <div  class=\"tb_text_wrap\">\n        <ul>\n<li>Sie lernen Kneipp-Anwendungen, Heilpflanzen und ihre positiven Wirkungen in unterschiedlichen Situationen kennen.<\/li>\n<li>Sie erhalten viele Tipps rund um die f\u00fcnf Elemente der Kneipp-Therapie und nutzen die gesundheitsorientierten Bewegungs- und Entspannungsangebote in gro\u00dfer Vielfalt zum Mitgliederpreis.<\/li>\n<li>Sie finden Kontakt zu gleichgesinnten und gesundheitsbewussten Menschen aller Altersgruppen im Verein, erleben und genie\u00dfen geselliges Miteinander bei verschiedenen Anl\u00e4ssen.\u00a0<\/li>\n<li>Sie erhalten die beliebte Mitgliederzeitschrift &#8222;Kneipp-Journal&#8220; frei Haus.<\/li>\n<li>Bei Aus-, Fort- und Weiterbildungskursen der Sebastian-Kneipp-Akademie (SKA) erhalten Sie Verg\u00fcnstigungen und\u00a0 verbringen Ihren Urlaub zu erm\u00e4\u00dfigten Preisen in den Kneipp-Kurhotels in Bad W\u00f6rishofen und Bad Lauterberg.\u00a0\u00a0<\/li>\n<li>Nehmen Sie bitte Kontakt mit uns auf, wenn Sie noch weitere Fragen haben. Wir melden uns dann umgehend bei Ihnen.<\/li>\n<\/ul>\n<h3><a href=\"https:\/\/www.kneipp-sachsen.de\/bad-schandau\/kontakt\/\"><span style=\"color: #003366;\">Kontakt<\/span><\/a><\/h3>\n<div>Sie k\u00f6nnen den Antrag auch hier ausf\u00fcllen und ausdrucken. Den unterschriebenen Antrag lassen Sie dem Kneipp-Verein e. V. bitte pers\u00f6nlich oder auf dem Postweg zukommen.\u00a0<\/div>\n<div>\u00a0\u00a0 \u00a0 \u00a0 \u00a0 \u00a0 \u00a0 \u00a0 \u00a0 \u00a0 \u00a0 \u00a0 \u00a0 \u00a0 \u00a0 \u00a0 \u00a0 \u00a0 \u00a0 \u00a0 \u00a0 \u00a0 \u00a0 \u00a0 \u00a0 \u00a0 \u00a0 \u00a0 \u00a0 \u00a0 \u00a0 \u00a0 \u00a0 \u00a0 \u00a0 \u00a0 \u00a0 \u00a0 \u00a0 \u00a0 \u00a0 \u00a0 \u00a0 \u00a0 \u00a0 \u00a0 \u00a0 \u00a0 \u00a0 \u00a0 \u00a0\u00a0<\/div>\n<h3><a href=\"https:\/\/www.kneipp-sachsen.de\/bad-schandau\/wp-content\/uploads\/2023\/02\/Aufnahmeantrag_ausfuellbar.pdf\"><span style=\"color: #003366;\">Aufnahmeantrag<\/span><\/a><\/h3>    <\/div>\n<\/div>\n<!-- \/module text -->        <\/div>\n                        <\/div>\n        <\/div>\n        <\/div>\n<!--\/themify_builder_content-->","protected":false},"excerpt":{"rendered":"<p>Sie lernen Kneipp-Anwendungen, Heilpflanzen und ihre positiven Wirkungen in unterschiedlichen Situationen kennen. Sie erhalten viele Tipps rund um die f\u00fcnf Elemente der Kneipp-Therapie und nutzen die gesundheitsorientierten Bewegungs- und Entspannungsangebote in gro\u00dfer Vielfalt zum Mitgliederpreis. Sie finden Kontakt zu gleichgesinnten und gesundheitsbewussten Menschen aller Altersgruppen im Verein, erleben und genie\u00dfen geselliges Miteinander bei verschiedenen Anl\u00e4ssen.\u00a0 [&hellip;]<\/p>\n","protected":false},"author":2,"featured_media":0,"parent":0,"menu_order":0,"comment_status":"closed","ping_status":"closed","template":"","meta":{"footnotes":"","advanced-sidebar-menu\/link-title":"","advanced-sidebar-menu\/exclude-page":false},"class_list":["post-60","page","type-page","status-publish","hentry","has-post-title","has-post-date","has-post-category","has-post-tag","has-post-comment","has-post-author",""],"yoast_head":"<!-- This site is optimized with the Yoast SEO plugin v26.9 - https:\/\/yoast.com\/product\/yoast-seo-wordpress\/ -->\n<title>Mitglied werden - Kneipp-Verein Bad Schandau e.V.<\/title>\n<meta name=\"robots\" content=\"index, follow, max-snippet:-1, max-image-preview:large, max-video-preview:-1\" \/>\n<link rel=\"canonical\" href=\"https:\/\/www.kneipp-sachsen.de\/bad-schandau\/mitglied-werden\/\" \/>\n<meta property=\"og:locale\" content=\"de_DE\" \/>\n<meta property=\"og:type\" content=\"article\" \/>\n<meta property=\"og:title\" content=\"Mitglied werden - Kneipp-Verein Bad Schandau e.V.\" \/>\n<meta property=\"og:description\" content=\"Sie lernen Kneipp-Anwendungen, Heilpflanzen und ihre positiven Wirkungen in unterschiedlichen Situationen kennen. Sie erhalten viele Tipps rund um die f\u00fcnf Elemente der Kneipp-Therapie und nutzen die gesundheitsorientierten Bewegungs- und Entspannungsangebote in gro\u00dfer Vielfalt zum Mitgliederpreis. Sie finden Kontakt zu gleichgesinnten und gesundheitsbewussten Menschen aller Altersgruppen im Verein, erleben und genie\u00dfen geselliges Miteinander bei verschiedenen Anl\u00e4ssen.\u00a0 [&hellip;]\" \/>\n<meta property=\"og:url\" content=\"https:\/\/www.kneipp-sachsen.de\/bad-schandau\/mitglied-werden\/\" \/>\n<meta property=\"og:site_name\" content=\"Kneipp-Verein Bad Schandau e.V.\" \/>\n<meta property=\"article:modified_time\" content=\"2025-07-09T14:44:42+00:00\" \/>\n<meta name=\"twitter:card\" content=\"summary_large_image\" \/>\n<script type=\"application\/ld+json\" class=\"yoast-schema-graph\">{\"@context\":\"https:\/\/schema.org\",\"@graph\":[{\"@type\":\"WebPage\",\"@id\":\"https:\/\/www.kneipp-sachsen.de\/bad-schandau\/mitglied-werden\/\",\"url\":\"https:\/\/www.kneipp-sachsen.de\/bad-schandau\/mitglied-werden\/\",\"name\":\"Mitglied werden - Kneipp-Verein Bad Schandau e.V.\",\"isPartOf\":{\"@id\":\"https:\/\/www.kneipp-sachsen.de\/bad-schandau\/#website\"},\"datePublished\":\"2022-12-08T23:48:03+00:00\",\"dateModified\":\"2025-07-09T14:44:42+00:00\",\"breadcrumb\":{\"@id\":\"https:\/\/www.kneipp-sachsen.de\/bad-schandau\/mitglied-werden\/#breadcrumb\"},\"inLanguage\":\"de\",\"potentialAction\":[{\"@type\":\"ReadAction\",\"target\":[\"https:\/\/www.kneipp-sachsen.de\/bad-schandau\/mitglied-werden\/\"]}]},{\"@type\":\"BreadcrumbList\",\"@id\":\"https:\/\/www.kneipp-sachsen.de\/bad-schandau\/mitglied-werden\/#breadcrumb\",\"itemListElement\":[{\"@type\":\"ListItem\",\"position\":1,\"name\":\"Home\",\"item\":\"https:\/\/www.kneipp-sachsen.de\/bad-schandau\/\"},{\"@type\":\"ListItem\",\"position\":2,\"name\":\"Mitglied werden\"}]},{\"@type\":\"WebSite\",\"@id\":\"https:\/\/www.kneipp-sachsen.de\/bad-schandau\/#website\",\"url\":\"https:\/\/www.kneipp-sachsen.de\/bad-schandau\/\",\"name\":\"Kneipp-Verein Bad Schandau e.V.\",\"description\":\"ein Verein im Kneipp-Bund Landesverband Sachsen e.V.\",\"publisher\":{\"@id\":\"https:\/\/www.kneipp-sachsen.de\/bad-schandau\/#organization\"},\"potentialAction\":[{\"@type\":\"SearchAction\",\"target\":{\"@type\":\"EntryPoint\",\"urlTemplate\":\"https:\/\/www.kneipp-sachsen.de\/bad-schandau\/?s={search_term_string}\"},\"query-input\":{\"@type\":\"PropertyValueSpecification\",\"valueRequired\":true,\"valueName\":\"search_term_string\"}}],\"inLanguage\":\"de\"},{\"@type\":\"Organization\",\"@id\":\"https:\/\/www.kneipp-sachsen.de\/bad-schandau\/#organization\",\"name\":\"Kneipp-Verein Bad Schandau e.V.\",\"url\":\"https:\/\/www.kneipp-sachsen.de\/bad-schandau\/\",\"logo\":{\"@type\":\"ImageObject\",\"inLanguage\":\"de\",\"@id\":\"https:\/\/www.kneipp-sachsen.de\/bad-schandau\/#\/schema\/logo\/image\/\",\"url\":\"https:\/\/www.kneipp-sachsen.de\/bad-schandau\/wp-content\/uploads\/2022\/12\/Bad-Schandau.png\",\"contentUrl\":\"https:\/\/www.kneipp-sachsen.de\/bad-schandau\/wp-content\/uploads\/2022\/12\/Bad-Schandau.png\",\"width\":740,\"height\":571,\"caption\":\"Kneipp-Verein Bad Schandau e.V.\"},\"image\":{\"@id\":\"https:\/\/www.kneipp-sachsen.de\/bad-schandau\/#\/schema\/logo\/image\/\"}}]}<\/script>\n<!-- \/ Yoast SEO plugin. -->","yoast_head_json":{"title":"Mitglied werden - Kneipp-Verein Bad Schandau e.V.","robots":{"index":"index","follow":"follow","max-snippet":"max-snippet:-1","max-image-preview":"max-image-preview:large","max-video-preview":"max-video-preview:-1"},"canonical":"https:\/\/www.kneipp-sachsen.de\/bad-schandau\/mitglied-werden\/","og_locale":"de_DE","og_type":"article","og_title":"Mitglied werden - Kneipp-Verein Bad Schandau e.V.","og_description":"Sie lernen Kneipp-Anwendungen, Heilpflanzen und ihre positiven Wirkungen in unterschiedlichen Situationen kennen. Sie erhalten viele Tipps rund um die f\u00fcnf Elemente der Kneipp-Therapie und nutzen die gesundheitsorientierten Bewegungs- und Entspannungsangebote in gro\u00dfer Vielfalt zum Mitgliederpreis. Sie finden Kontakt zu gleichgesinnten und gesundheitsbewussten Menschen aller Altersgruppen im Verein, erleben und genie\u00dfen geselliges Miteinander bei verschiedenen Anl\u00e4ssen.\u00a0 [&hellip;]","og_url":"https:\/\/www.kneipp-sachsen.de\/bad-schandau\/mitglied-werden\/","og_site_name":"Kneipp-Verein Bad Schandau e.V.","article_modified_time":"2025-07-09T14:44:42+00:00","twitter_card":"summary_large_image","schema":{"@context":"https:\/\/schema.org","@graph":[{"@type":"WebPage","@id":"https:\/\/www.kneipp-sachsen.de\/bad-schandau\/mitglied-werden\/","url":"https:\/\/www.kneipp-sachsen.de\/bad-schandau\/mitglied-werden\/","name":"Mitglied werden - Kneipp-Verein Bad Schandau e.V.","isPartOf":{"@id":"https:\/\/www.kneipp-sachsen.de\/bad-schandau\/#website"},"datePublished":"2022-12-08T23:48:03+00:00","dateModified":"2025-07-09T14:44:42+00:00","breadcrumb":{"@id":"https:\/\/www.kneipp-sachsen.de\/bad-schandau\/mitglied-werden\/#breadcrumb"},"inLanguage":"de","potentialAction":[{"@type":"ReadAction","target":["https:\/\/www.kneipp-sachsen.de\/bad-schandau\/mitglied-werden\/"]}]},{"@type":"BreadcrumbList","@id":"https:\/\/www.kneipp-sachsen.de\/bad-schandau\/mitglied-werden\/#breadcrumb","itemListElement":[{"@type":"ListItem","position":1,"name":"Home","item":"https:\/\/www.kneipp-sachsen.de\/bad-schandau\/"},{"@type":"ListItem","position":2,"name":"Mitglied werden"}]},{"@type":"WebSite","@id":"https:\/\/www.kneipp-sachsen.de\/bad-schandau\/#website","url":"https:\/\/www.kneipp-sachsen.de\/bad-schandau\/","name":"Kneipp-Verein Bad Schandau e.V.","description":"ein Verein im Kneipp-Bund Landesverband Sachsen e.V.","publisher":{"@id":"https:\/\/www.kneipp-sachsen.de\/bad-schandau\/#organization"},"potentialAction":[{"@type":"SearchAction","target":{"@type":"EntryPoint","urlTemplate":"https:\/\/www.kneipp-sachsen.de\/bad-schandau\/?s={search_term_string}"},"query-input":{"@type":"PropertyValueSpecification","valueRequired":true,"valueName":"search_term_string"}}],"inLanguage":"de"},{"@type":"Organization","@id":"https:\/\/www.kneipp-sachsen.de\/bad-schandau\/#organization","name":"Kneipp-Verein Bad Schandau e.V.","url":"https:\/\/www.kneipp-sachsen.de\/bad-schandau\/","logo":{"@type":"ImageObject","inLanguage":"de","@id":"https:\/\/www.kneipp-sachsen.de\/bad-schandau\/#\/schema\/logo\/image\/","url":"https:\/\/www.kneipp-sachsen.de\/bad-schandau\/wp-content\/uploads\/2022\/12\/Bad-Schandau.png","contentUrl":"https:\/\/www.kneipp-sachsen.de\/bad-schandau\/wp-content\/uploads\/2022\/12\/Bad-Schandau.png","width":740,"height":571,"caption":"Kneipp-Verein Bad Schandau e.V."},"image":{"@id":"https:\/\/www.kneipp-sachsen.de\/bad-schandau\/#\/schema\/logo\/image\/"}}]}},"builder_content":"<h1>Vorteile einer Mitgliedschaft<br\/><\/h1>\n<ul> <li>Sie lernen Kneipp-Anwendungen, Heilpflanzen und ihre positiven Wirkungen in unterschiedlichen Situationen kennen.<\/li> <li>Sie erhalten viele Tipps rund um die f\u00fcnf Elemente der Kneipp-Therapie und nutzen die gesundheitsorientierten Bewegungs- und Entspannungsangebote in gro\u00dfer Vielfalt zum Mitgliederpreis.<\/li> <li>Sie finden Kontakt zu gleichgesinnten und gesundheitsbewussten Menschen aller Altersgruppen im Verein, erleben und genie\u00dfen geselliges Miteinander bei verschiedenen Anl\u00e4ssen.\u00a0<\/li> <li>Sie erhalten die beliebte Mitgliederzeitschrift \"Kneipp-Journal\" frei Haus.<\/li> <li>Bei Aus-, Fort- und Weiterbildungskursen der Sebastian-Kneipp-Akademie (SKA) erhalten Sie Verg\u00fcnstigungen und\u00a0 verbringen Ihren Urlaub zu erm\u00e4\u00dfigten Preisen in den Kneipp-Kurhotels in Bad W\u00f6rishofen und Bad Lauterberg.\u00a0\u00a0<\/li> <li>Nehmen Sie bitte Kontakt mit uns auf, wenn Sie noch weitere Fragen haben. Wir melden uns dann umgehend bei Ihnen.<\/li> <\/ul> <h3><a href=\"https:\/\/www.kneipp-sachsen.de\/bad-schandau\/kontakt\/\">Kontakt<\/a><\/h3> Sie k\u00f6nnen den Antrag auch hier ausf\u00fcllen und ausdrucken. Den unterschriebenen Antrag lassen Sie dem Kneipp-Verein e. V. bitte pers\u00f6nlich oder auf dem Postweg zukommen.\u00a0 \u00a0\u00a0 \u00a0 \u00a0 \u00a0 \u00a0 \u00a0 \u00a0 \u00a0 \u00a0 \u00a0 \u00a0 \u00a0 \u00a0 \u00a0 \u00a0 \u00a0 \u00a0 \u00a0 \u00a0 \u00a0 \u00a0 \u00a0 \u00a0 \u00a0 \u00a0 \u00a0 \u00a0 \u00a0 \u00a0 \u00a0 \u00a0 \u00a0 \u00a0 \u00a0 \u00a0 \u00a0 \u00a0 \u00a0 \u00a0 \u00a0 \u00a0 \u00a0 \u00a0 \u00a0 \u00a0 \u00a0 \u00a0 \u00a0 \u00a0 \u00a0\u00a0 <h3><a href=\"https:\/\/www.kneipp-sachsen.de\/bad-schandau\/wp-content\/uploads\/2023\/02\/Aufnahmeantrag_ausfuellbar.pdf\">Aufnahmeantrag<\/a><\/h3>","_links":{"self":[{"href":"https:\/\/www.kneipp-sachsen.de\/bad-schandau\/wp-json\/wp\/v2\/pages\/60","targetHints":{"allow":["GET"]}}],"collection":[{"href":"https:\/\/www.kneipp-sachsen.de\/bad-schandau\/wp-json\/wp\/v2\/pages"}],"about":[{"href":"https:\/\/www.kneipp-sachsen.de\/bad-schandau\/wp-json\/wp\/v2\/types\/page"}],"author":[{"embeddable":true,"href":"https:\/\/www.kneipp-sachsen.de\/bad-schandau\/wp-json\/wp\/v2\/users\/2"}],"replies":[{"embeddable":true,"href":"https:\/\/www.kneipp-sachsen.de\/bad-schandau\/wp-json\/wp\/v2\/comments?post=60"}],"version-history":[{"count":30,"href":"https:\/\/www.kneipp-sachsen.de\/bad-schandau\/wp-json\/wp\/v2\/pages\/60\/revisions"}],"predecessor-version":[{"id":3648,"href":"https:\/\/www.kneipp-sachsen.de\/bad-schandau\/wp-json\/wp\/v2\/pages\/60\/revisions\/3648"}],"wp:attachment":[{"href":"https:\/\/www.kneipp-sachsen.de\/bad-schandau\/wp-json\/wp\/v2\/media?parent=60"}],"curies":[{"name":"wp","href":"https:\/\/api.w.org\/{rel}","templated":true}]}}