{"id":74,"date":"2022-12-09T01:10:23","date_gmt":"2022-12-09T00:10:23","guid":{"rendered":"https:\/\/www.kneipp-sachsen.de\/bad-schandau\/?page_id=74"},"modified":"2026-03-19T20:27:40","modified_gmt":"2026-03-19T19:27:40","slug":"kneipp-kids","status":"publish","type":"page","link":"https:\/\/www.kneipp-sachsen.de\/bad-schandau\/kneipp-kids\/","title":{"rendered":"Kneipp-Kids"},"content":{"rendered":"<!--themify_builder_content-->\n<div id=\"themify_builder_content-74\" data-postid=\"74\" class=\"themify_builder_content themify_builder_content-74 themify_builder tf_clear\">\n                    <div  data-lazy=\"1\" class=\"module_row themify_builder_row tb_9fet754 tb_first tf_w\">\n                        <div class=\"row_inner col_align_top tb_col_count_1 tf_box tf_rel\">\n                        <div  data-lazy=\"1\" class=\"module_column tb-column col-full tb_0xk5755 first\">\n                    <!-- module fancy heading -->\n<div  class=\"module module-fancy-heading tb_maw144  tb_hide_divider\" data-lazy=\"1\">\n        <h1 class=\"fancy-heading\">\n    <span class=\"main-head tf_block\">\n                    Kneipp-Kids            <\/span>\n\n    \n    <span class=\"sub-head tf_block tf_rel\">\n                                <\/span>\n    <\/h1>\n<\/div>\n<!-- \/module fancy heading -->\n<!-- module text -->\n<div  class=\"module module-text tb_5bwa236   \" data-lazy=\"1\">\n        <div  class=\"tb_text_wrap\">\n        <p style=\"text-align: left;\"><span style=\"color: #000000;\">\u00a0Kneipp-Kids sind interessiert und neugierig, sie wollen ihre Umwelt entdecken und sie orientieren sich an Erwachsenen. In den vom Kneipp-Bund e.V. anerkannten Kindertagesst\u00e4tten lernen die M\u00e4dchen und Jungen Grundlagen f\u00fcr eine gesunde und naturgem\u00e4\u00dfe Lebensweise. Spielerisch erlernen und \u00fcben sie gesundheits-bewusstes und nachhaltiges Verhalten. Und wir als Mitglieder des Kneipp-Vereins Bad Schandau und Umgebung e. V. wollen unser Konzept schon an die J\u00fcngsten weitergeben und somit zeigen, wie wichtig beispielsweise Bewegung, Wasser und Heilkr\u00e4uter f\u00fcr die Erhaltung der Gesundheit sind.\u00a0<\/span><\/p>\n<p><strong><span style=\"color: #003366;\">Die Johanniter Kindertagesst\u00e4tte &#8222;Elbspatzen&#8220; Bad Schandau wurde 2016 als erste Kneipp-Kindereinrichtung in der S\u00e4chsischen Schweiz zertifiziert.<\/span><\/strong>\u00a0<span style=\"color: #000000;\">Dort wird im Alltag die Kneippsche Gesundheitslehre von den Kindern und Erziehenden gemeinsam und in vielf\u00e4ltiger Weise gelebt. Im Jahr 2024 wurde dieser Titel erfolgreich verteidigt.<\/span><\/p>\n<p><b style=\"color: #003366;\">Der Kneipp-Verein Bad Schandau und Umgebung e. V. unterst\u00fctzt verschiedene Projekte u. a. in der Johanniter Kita &#8222;Elbspatzen&#8220; und in der &#8222;Erich-Wustmann-Grundschule&#8220; Bad Schandau.<\/b><span style=\"color: #000000;\"><br \/><\/span><\/p>\n<p><b style=\"color: #003366;\">_____________________________________________________________<\/b><\/p>\n<p><b style=\"color: #003366;\">Aktivit\u00e4ten f\u00fcr Zuhause\u00a0<\/b><\/p>\n<p><a style=\"background-color: initial; font-size: 1em;\" href=\"https:\/\/www.kneipp-sachsen.de\/bad-schandau\/wp-content\/uploads\/2023\/03\/Wasser_Armbad_als_Muntermacher.pdf\" target=\"_blank\" rel=\"noopener\">Wasser Armbad als Muntermacher<\/a><span style=\"background-color: initial; font-size: 1em;\">\u00a0 \u00a0\u00a0<\/span><a href=\"https:\/\/www.kneipp-sachsen.de\/bad-schandau\/wp-content\/uploads\/2026\/02\/Wasser_Trockenbuersten.pdf\">Wasser_Trockenbuersten<\/a>\u00a0 \u00a0<br \/><a href=\"https:\/\/www.kneipp-sachsen.de\/bad-schandau\/wp-content\/uploads\/2026\/03\/Ernaehrung_So_schmeckt_der_Fruehling.pdf\">Ernaehrung_So_schmeckt_der_Fruehling<\/a><br \/><a href=\"https:\/\/www.kneipp-sachsen.de\/bad-schandau\/wp-content\/uploads\/2026\/03\/Ernaehrung_Schnittlauchrezepte.pdf\">Ernaehrung_Schnittlauchrezepte<\/a> \u00a0 \u00a0 \u00a0 \u00a0 \u00a0 \u00a0 \u00a0 \u00a0<\/p>\n<p><span style=\"background-color: initial; font-size: 1em;\">\u00a0 \u00a0 \u00a0 \u00a0 \u00a0 \u00a0 \u00a0 \u00a0 \u00a0<\/span>\u00a0 \u00a0 \u00a0 \u00a0 \u00a0 \u00a0____<strong><span style=\"background-color: initial; font-size: 1em;\">__________________________________________________________\u00a0<\/span><\/strong><\/p>\n<p><strong><span style=\"color: #003366;\">Angebot einer AG &#8222;Fit durch (Kneipp-) Spiele&#8220; im Schuljahr 2025\/26<br \/><\/span><\/strong><span style=\"background-color: initial; font-size: 1em;\"><strong><span style=\"color: #ff0000;\">&#8222;Kinder unterscheiden nicht zwischen Lernen und Spielen, sie lernen beim Spiel&#8220;<\/span><\/strong><br \/><span style=\"color: #333333;\">Was machen unsere Kinder am Liebsten?\u00a0 \u00a0 \u00a0 \u00a0 \u00a0 \u00a0 \u00a0SPIELEN!\u00a0 \u00a0 \u00a0 \u00a0 \u00a0 \u00a0 \u00a0 \u00a0 \u00a0 \u00a0 \u00a0 \u00a0 \u00a0 Aktives Spielen ist den meisten ein Grundbed\u00fcrfnis, denn dabei werden K\u00f6rper, Geist und Emotionen aktiviert. Es erfordert Bewegung, Kreativit\u00e4t, Teamgeist und Lust auf neue Erfahrungen. All das ist wichtig f\u00fcr die kindliche Entwicklung und schafft gute Voraussetzungen f\u00fcr das Lernen in der Schule.\u00a0<\/span><\/span><\/p>\n<p style=\"margin: 0cm; background-image: initial; background-position: initial; background-size: initial; background-repeat: initial; background-attachment: initial; background-origin: initial; background-clip: initial;\"><span style=\"font-family: 'Arial',sans-serif; color: #575757;\"><strong><span style=\"color: #003366;\">Wir bieten auch\u00a0<\/span><\/strong><\/span><span style=\"font-family: 'Arial',sans-serif; color: #575757;\"><span style=\"color: #003366;\"><b>im neuen Schuljahr die AG \u201eFit durch (Kneipp) Spiele\u201c an. Interessierte Kinder treffen sich mittwochs von 12:45 &#8211; 14:15 Uhr (14-t\u00e4glich)<\/b>.<\/span>\u00a0 <span style=\"color: #333333;\">Weitere Informationen erfolgen durch den F\u00f6rderverein der Erich-Wustmann-Grundschule Bad Schandau.\u00a0<\/span><\/span><span style=\"background-color: initial; font-size: 1em; color: #333333;\">Wir freuen uns auf neue Mitglieder.\u00a0<\/span><span style=\"background-color: initial; font-size: 1em;\">\u00a0<\/span><\/p>\n<p style=\"margin: 0cm; background-image: initial; background-position: initial; background-size: initial; background-repeat: initial; background-attachment: initial; background-origin: initial; background-clip: initial;\"><a style=\"font-size: 1em;\" href=\"http:\/\/www.foerderverein-grundschule-bad-schandau.de\">http:\/\/www.foerderverein-grundschule-bad-schandau.de<\/a><\/p>\n<p style=\"margin: 0cm; background-image: initial; background-position: initial; background-size: initial; background-repeat: initial; background-attachment: initial; background-origin: initial; background-clip: initial;\"><span style=\"background-color: initial; font-size: 1em;\">_________________________________________________<\/span><\/p>\n<p style=\"margin: 0cm; background-image: initial; background-position: initial; background-size: initial; background-repeat: initial; background-attachment: initial; background-origin: initial; background-clip: initial;\"><strong style=\"color: #003366; text-align: center; font-size: 1em;\"><span style=\"background-color: initial; font-size: 1em;\">\u00a0 \u00a0 \u00a0 \u00a0 \u00a0 \u00a0 \u00a0 \u00a0 \u00a0 \u00a0 \u00a0 \u00a0 \u00a0 \u00a0 \u00a0&#8222;Anwassern am Tretbecken&#8220;<\/span><\/strong><\/p>\n<p><span style=\"color: #000000;\">Liebe Eltern und Gro\u00dfeltern,\u00a0\u00a0<\/span><span style=\"color: #000000; font-size: 1em;\">wie w\u00e4re es denn mit einem gemeinsamen Familienspaziergang, bei dem Sie auf unterhaltsame Weise etwas f\u00fcr Ihre Gesundheit tun?\u00a0<\/span><span style=\"color: #000000; font-size: 1em;\">Wir laden alle Interessierten im Mai 2026<\/span><span style=\"font-size: 1em; color: #003366;\">\u00a0<\/span><span style=\"color: #000000; font-size: 1em;\">zum traditionellen &#8222;Anwassern&#8220; am Tretbecken im Kurpark Bad Schandau ein.<\/span><\/p>\n<p><span style=\"font-size: 1em;\">____________________________________________________________<\/span><\/p>\n<p><span style=\"background-color: initial; font-size: 1em;\">Tipps f\u00fcr daheim (<\/span><a style=\"background-color: initial; font-size: 1em;\" href=\"https:\/\/www.kneippbund.de\/tipps-fuer-daheim\/\">Link Kneipp-Bund<\/a><span style=\"background-color: initial; font-size: 1em;\">)<\/span><\/p>\n<p><span style=\"background-color: initial; font-size: 1em;\">______________________________________________________________<\/span><\/p>    <\/div>\n<\/div>\n<!-- \/module text -->        <\/div>\n                        <\/div>\n        <\/div>\n        <\/div>\n<!--\/themify_builder_content-->","protected":false},"excerpt":{"rendered":"<p>\u00a0Kneipp-Kids sind interessiert und neugierig, sie wollen ihre Umwelt entdecken und sie orientieren sich an Erwachsenen. In den vom Kneipp-Bund e.V. anerkannten Kindertagesst\u00e4tten lernen die M\u00e4dchen und Jungen Grundlagen f\u00fcr eine gesunde und naturgem\u00e4\u00dfe Lebensweise. Spielerisch erlernen und \u00fcben sie gesundheits-bewusstes und nachhaltiges Verhalten. Und wir als Mitglieder des Kneipp-Vereins Bad Schandau und Umgebung e. [&hellip;]<\/p>\n","protected":false},"author":2,"featured_media":0,"parent":0,"menu_order":0,"comment_status":"closed","ping_status":"closed","template":"","meta":{"footnotes":"","advanced-sidebar-menu\/link-title":"","advanced-sidebar-menu\/exclude-page":false},"class_list":["post-74","page","type-page","status-publish","hentry","has-post-title","has-post-date","has-post-category","has-post-tag","has-post-comment","has-post-author",""],"yoast_head":"<!-- This site is optimized with the Yoast SEO plugin v26.9 - https:\/\/yoast.com\/product\/yoast-seo-wordpress\/ -->\n<title>Kneipp-Kids - Kneipp-Verein Bad Schandau e.V.<\/title>\n<meta name=\"robots\" content=\"index, follow, max-snippet:-1, max-image-preview:large, max-video-preview:-1\" \/>\n<link rel=\"canonical\" href=\"https:\/\/www.kneipp-sachsen.de\/bad-schandau\/kneipp-kids\/\" \/>\n<meta property=\"og:locale\" content=\"de_DE\" \/>\n<meta property=\"og:type\" content=\"article\" \/>\n<meta property=\"og:title\" content=\"Kneipp-Kids - Kneipp-Verein Bad Schandau e.V.\" \/>\n<meta property=\"og:description\" content=\"\u00a0Kneipp-Kids sind interessiert und neugierig, sie wollen ihre Umwelt entdecken und sie orientieren sich an Erwachsenen. In den vom Kneipp-Bund e.V. anerkannten Kindertagesst\u00e4tten lernen die M\u00e4dchen und Jungen Grundlagen f\u00fcr eine gesunde und naturgem\u00e4\u00dfe Lebensweise. Spielerisch erlernen und \u00fcben sie gesundheits-bewusstes und nachhaltiges Verhalten. Und wir als Mitglieder des Kneipp-Vereins Bad Schandau und Umgebung e. [&hellip;]\" \/>\n<meta property=\"og:url\" content=\"https:\/\/www.kneipp-sachsen.de\/bad-schandau\/kneipp-kids\/\" \/>\n<meta property=\"og:site_name\" content=\"Kneipp-Verein Bad Schandau e.V.\" \/>\n<meta property=\"article:modified_time\" content=\"2026-03-19T19:27:40+00:00\" \/>\n<meta name=\"twitter:card\" content=\"summary_large_image\" \/>\n<meta name=\"twitter:label1\" content=\"Gesch\u00e4tzte Lesezeit\" \/>\n\t<meta name=\"twitter:data1\" content=\"4\u00a0Minuten\" \/>\n<script type=\"application\/ld+json\" class=\"yoast-schema-graph\">{\"@context\":\"https:\/\/schema.org\",\"@graph\":[{\"@type\":\"WebPage\",\"@id\":\"https:\/\/www.kneipp-sachsen.de\/bad-schandau\/kneipp-kids\/\",\"url\":\"https:\/\/www.kneipp-sachsen.de\/bad-schandau\/kneipp-kids\/\",\"name\":\"Kneipp-Kids - Kneipp-Verein Bad Schandau e.V.\",\"isPartOf\":{\"@id\":\"https:\/\/www.kneipp-sachsen.de\/bad-schandau\/#website\"},\"datePublished\":\"2022-12-09T00:10:23+00:00\",\"dateModified\":\"2026-03-19T19:27:40+00:00\",\"breadcrumb\":{\"@id\":\"https:\/\/www.kneipp-sachsen.de\/bad-schandau\/kneipp-kids\/#breadcrumb\"},\"inLanguage\":\"de\",\"potentialAction\":[{\"@type\":\"ReadAction\",\"target\":[\"https:\/\/www.kneipp-sachsen.de\/bad-schandau\/kneipp-kids\/\"]}]},{\"@type\":\"BreadcrumbList\",\"@id\":\"https:\/\/www.kneipp-sachsen.de\/bad-schandau\/kneipp-kids\/#breadcrumb\",\"itemListElement\":[{\"@type\":\"ListItem\",\"position\":1,\"name\":\"Home\",\"item\":\"https:\/\/www.kneipp-sachsen.de\/bad-schandau\/\"},{\"@type\":\"ListItem\",\"position\":2,\"name\":\"Kneipp-Kids\"}]},{\"@type\":\"WebSite\",\"@id\":\"https:\/\/www.kneipp-sachsen.de\/bad-schandau\/#website\",\"url\":\"https:\/\/www.kneipp-sachsen.de\/bad-schandau\/\",\"name\":\"Kneipp-Verein Bad Schandau e.V.\",\"description\":\"ein Verein im Kneipp-Bund Landesverband Sachsen e.V.\",\"publisher\":{\"@id\":\"https:\/\/www.kneipp-sachsen.de\/bad-schandau\/#organization\"},\"potentialAction\":[{\"@type\":\"SearchAction\",\"target\":{\"@type\":\"EntryPoint\",\"urlTemplate\":\"https:\/\/www.kneipp-sachsen.de\/bad-schandau\/?s={search_term_string}\"},\"query-input\":{\"@type\":\"PropertyValueSpecification\",\"valueRequired\":true,\"valueName\":\"search_term_string\"}}],\"inLanguage\":\"de\"},{\"@type\":\"Organization\",\"@id\":\"https:\/\/www.kneipp-sachsen.de\/bad-schandau\/#organization\",\"name\":\"Kneipp-Verein Bad Schandau e.V.\",\"url\":\"https:\/\/www.kneipp-sachsen.de\/bad-schandau\/\",\"logo\":{\"@type\":\"ImageObject\",\"inLanguage\":\"de\",\"@id\":\"https:\/\/www.kneipp-sachsen.de\/bad-schandau\/#\/schema\/logo\/image\/\",\"url\":\"https:\/\/www.kneipp-sachsen.de\/bad-schandau\/wp-content\/uploads\/2022\/12\/Bad-Schandau.png\",\"contentUrl\":\"https:\/\/www.kneipp-sachsen.de\/bad-schandau\/wp-content\/uploads\/2022\/12\/Bad-Schandau.png\",\"width\":740,\"height\":571,\"caption\":\"Kneipp-Verein Bad Schandau e.V.\"},\"image\":{\"@id\":\"https:\/\/www.kneipp-sachsen.de\/bad-schandau\/#\/schema\/logo\/image\/\"}}]}<\/script>\n<!-- \/ Yoast SEO plugin. -->","yoast_head_json":{"title":"Kneipp-Kids - Kneipp-Verein Bad Schandau e.V.","robots":{"index":"index","follow":"follow","max-snippet":"max-snippet:-1","max-image-preview":"max-image-preview:large","max-video-preview":"max-video-preview:-1"},"canonical":"https:\/\/www.kneipp-sachsen.de\/bad-schandau\/kneipp-kids\/","og_locale":"de_DE","og_type":"article","og_title":"Kneipp-Kids - Kneipp-Verein Bad Schandau e.V.","og_description":"\u00a0Kneipp-Kids sind interessiert und neugierig, sie wollen ihre Umwelt entdecken und sie orientieren sich an Erwachsenen. In den vom Kneipp-Bund e.V. anerkannten Kindertagesst\u00e4tten lernen die M\u00e4dchen und Jungen Grundlagen f\u00fcr eine gesunde und naturgem\u00e4\u00dfe Lebensweise. Spielerisch erlernen und \u00fcben sie gesundheits-bewusstes und nachhaltiges Verhalten. Und wir als Mitglieder des Kneipp-Vereins Bad Schandau und Umgebung e. [&hellip;]","og_url":"https:\/\/www.kneipp-sachsen.de\/bad-schandau\/kneipp-kids\/","og_site_name":"Kneipp-Verein Bad Schandau e.V.","article_modified_time":"2026-03-19T19:27:40+00:00","twitter_card":"summary_large_image","twitter_misc":{"Gesch\u00e4tzte Lesezeit":"4\u00a0Minuten"},"schema":{"@context":"https:\/\/schema.org","@graph":[{"@type":"WebPage","@id":"https:\/\/www.kneipp-sachsen.de\/bad-schandau\/kneipp-kids\/","url":"https:\/\/www.kneipp-sachsen.de\/bad-schandau\/kneipp-kids\/","name":"Kneipp-Kids - Kneipp-Verein Bad Schandau e.V.","isPartOf":{"@id":"https:\/\/www.kneipp-sachsen.de\/bad-schandau\/#website"},"datePublished":"2022-12-09T00:10:23+00:00","dateModified":"2026-03-19T19:27:40+00:00","breadcrumb":{"@id":"https:\/\/www.kneipp-sachsen.de\/bad-schandau\/kneipp-kids\/#breadcrumb"},"inLanguage":"de","potentialAction":[{"@type":"ReadAction","target":["https:\/\/www.kneipp-sachsen.de\/bad-schandau\/kneipp-kids\/"]}]},{"@type":"BreadcrumbList","@id":"https:\/\/www.kneipp-sachsen.de\/bad-schandau\/kneipp-kids\/#breadcrumb","itemListElement":[{"@type":"ListItem","position":1,"name":"Home","item":"https:\/\/www.kneipp-sachsen.de\/bad-schandau\/"},{"@type":"ListItem","position":2,"name":"Kneipp-Kids"}]},{"@type":"WebSite","@id":"https:\/\/www.kneipp-sachsen.de\/bad-schandau\/#website","url":"https:\/\/www.kneipp-sachsen.de\/bad-schandau\/","name":"Kneipp-Verein Bad Schandau e.V.","description":"ein Verein im Kneipp-Bund Landesverband Sachsen e.V.","publisher":{"@id":"https:\/\/www.kneipp-sachsen.de\/bad-schandau\/#organization"},"potentialAction":[{"@type":"SearchAction","target":{"@type":"EntryPoint","urlTemplate":"https:\/\/www.kneipp-sachsen.de\/bad-schandau\/?s={search_term_string}"},"query-input":{"@type":"PropertyValueSpecification","valueRequired":true,"valueName":"search_term_string"}}],"inLanguage":"de"},{"@type":"Organization","@id":"https:\/\/www.kneipp-sachsen.de\/bad-schandau\/#organization","name":"Kneipp-Verein Bad Schandau e.V.","url":"https:\/\/www.kneipp-sachsen.de\/bad-schandau\/","logo":{"@type":"ImageObject","inLanguage":"de","@id":"https:\/\/www.kneipp-sachsen.de\/bad-schandau\/#\/schema\/logo\/image\/","url":"https:\/\/www.kneipp-sachsen.de\/bad-schandau\/wp-content\/uploads\/2022\/12\/Bad-Schandau.png","contentUrl":"https:\/\/www.kneipp-sachsen.de\/bad-schandau\/wp-content\/uploads\/2022\/12\/Bad-Schandau.png","width":740,"height":571,"caption":"Kneipp-Verein Bad Schandau e.V."},"image":{"@id":"https:\/\/www.kneipp-sachsen.de\/bad-schandau\/#\/schema\/logo\/image\/"}}]}},"builder_content":"<h1>Kneipp-Kids<br\/><\/h1>\n<p style=\"text-align: left;\">\u00a0Kneipp-Kids sind interessiert und neugierig, sie wollen ihre Umwelt entdecken und sie orientieren sich an Erwachsenen. In den vom Kneipp-Bund e.V. anerkannten Kindertagesst\u00e4tten lernen die M\u00e4dchen und Jungen Grundlagen f\u00fcr eine gesunde und naturgem\u00e4\u00dfe Lebensweise. Spielerisch erlernen und \u00fcben sie gesundheits-bewusstes und nachhaltiges Verhalten. Und wir als Mitglieder des Kneipp-Vereins Bad Schandau und Umgebung e. V. wollen unser Konzept schon an die J\u00fcngsten weitergeben und somit zeigen, wie wichtig beispielsweise Bewegung, Wasser und Heilkr\u00e4uter f\u00fcr die Erhaltung der Gesundheit sind.\u00a0<\/p> <p><strong>Die Johanniter Kindertagesst\u00e4tte \"Elbspatzen\" Bad Schandau wurde 2016 als erste Kneipp-Kindereinrichtung in der S\u00e4chsischen Schweiz zertifiziert.<\/strong>\u00a0Dort wird im Alltag die Kneippsche Gesundheitslehre von den Kindern und Erziehenden gemeinsam und in vielf\u00e4ltiger Weise gelebt. Im Jahr 2024 wurde dieser Titel erfolgreich verteidigt.<\/p> <p><b style=\"color: #003366;\">Der Kneipp-Verein Bad Schandau und Umgebung e. V. unterst\u00fctzt verschiedene Projekte u. a. in der Johanniter Kita \"Elbspatzen\" und in der \"Erich-Wustmann-Grundschule\" Bad Schandau.<\/b><br \/><\/p> <p><b style=\"color: #003366;\">_____________________________________________________________<\/b><\/p> <p><b style=\"color: #003366;\">Aktivit\u00e4ten f\u00fcr Zuhause\u00a0<\/b><\/p> <p><a style=\"background-color: initial; font-size: 1em;\" href=\"https:\/\/www.kneipp-sachsen.de\/bad-schandau\/wp-content\/uploads\/2023\/03\/Wasser_Armbad_als_Muntermacher.pdf\" target=\"_blank\" rel=\"noopener\">Wasser Armbad als Muntermacher<\/a>\u00a0 \u00a0\u00a0<a href=\"https:\/\/www.kneipp-sachsen.de\/bad-schandau\/wp-content\/uploads\/2026\/02\/Wasser_Trockenbuersten.pdf\">Wasser_Trockenbuersten<\/a>\u00a0 \u00a0<br \/><a href=\"https:\/\/www.kneipp-sachsen.de\/bad-schandau\/wp-content\/uploads\/2026\/03\/Ernaehrung_So_schmeckt_der_Fruehling.pdf\">Ernaehrung_So_schmeckt_der_Fruehling<\/a><br \/><a href=\"https:\/\/www.kneipp-sachsen.de\/bad-schandau\/wp-content\/uploads\/2026\/03\/Ernaehrung_Schnittlauchrezepte.pdf\">Ernaehrung_Schnittlauchrezepte<\/a> \u00a0 \u00a0 \u00a0 \u00a0 \u00a0 \u00a0 \u00a0 \u00a0<\/p> <p>\u00a0 \u00a0 \u00a0 \u00a0 \u00a0 \u00a0 \u00a0 \u00a0 \u00a0\u00a0 \u00a0 \u00a0 \u00a0 \u00a0 \u00a0____<strong>__________________________________________________________\u00a0<\/strong><\/p> <p><strong>Angebot einer AG \"Fit durch (Kneipp-) Spiele\" im Schuljahr 2025\/26<br \/><\/strong><strong>\"Kinder unterscheiden nicht zwischen Lernen und Spielen, sie lernen beim Spiel\"<\/strong><br \/>Was machen unsere Kinder am Liebsten?\u00a0 \u00a0 \u00a0 \u00a0 \u00a0 \u00a0 \u00a0SPIELEN!\u00a0 \u00a0 \u00a0 \u00a0 \u00a0 \u00a0 \u00a0 \u00a0 \u00a0 \u00a0 \u00a0 \u00a0 \u00a0 Aktives Spielen ist den meisten ein Grundbed\u00fcrfnis, denn dabei werden K\u00f6rper, Geist und Emotionen aktiviert. Es erfordert Bewegung, Kreativit\u00e4t, Teamgeist und Lust auf neue Erfahrungen. All das ist wichtig f\u00fcr die kindliche Entwicklung und schafft gute Voraussetzungen f\u00fcr das Lernen in der Schule.\u00a0<\/p> <p style=\"margin: 0cm; background-image: initial; background-position: initial; background-size: initial; background-repeat: initial; background-attachment: initial; background-origin: initial; background-clip: initial;\"><strong>Wir bieten auch\u00a0<\/strong><b>im neuen Schuljahr die AG \u201eFit durch (Kneipp) Spiele\u201c an. Interessierte Kinder treffen sich mittwochs von 12:45 - 14:15 Uhr (14-t\u00e4glich)<\/b>.\u00a0 Weitere Informationen erfolgen durch den F\u00f6rderverein der Erich-Wustmann-Grundschule Bad Schandau.\u00a0Wir freuen uns auf neue Mitglieder.\u00a0\u00a0<\/p> <p style=\"margin: 0cm; background-image: initial; background-position: initial; background-size: initial; background-repeat: initial; background-attachment: initial; background-origin: initial; background-clip: initial;\"><a style=\"font-size: 1em;\" href=\"http:\/\/www.foerderverein-grundschule-bad-schandau.de\">http:\/\/www.foerderverein-grundschule-bad-schandau.de<\/a><\/p> <p style=\"margin: 0cm; background-image: initial; background-position: initial; background-size: initial; background-repeat: initial; background-attachment: initial; background-origin: initial; background-clip: initial;\">_________________________________________________<\/p> <p style=\"margin: 0cm; background-image: initial; background-position: initial; background-size: initial; background-repeat: initial; background-attachment: initial; background-origin: initial; background-clip: initial;\"><strong style=\"color: #003366; text-align: center; font-size: 1em;\">\u00a0 \u00a0 \u00a0 \u00a0 \u00a0 \u00a0 \u00a0 \u00a0 \u00a0 \u00a0 \u00a0 \u00a0 \u00a0 \u00a0 \u00a0\"Anwassern am Tretbecken\"<\/strong><\/p> <p>Liebe Eltern und Gro\u00dfeltern,\u00a0\u00a0wie w\u00e4re es denn mit einem gemeinsamen Familienspaziergang, bei dem Sie auf unterhaltsame Weise etwas f\u00fcr Ihre Gesundheit tun?\u00a0Wir laden alle Interessierten im Mai 2026\u00a0zum traditionellen \"Anwassern\" am Tretbecken im Kurpark Bad Schandau ein.<\/p> <p>____________________________________________________________<\/p> <p>Tipps f\u00fcr daheim (<a style=\"background-color: initial; font-size: 1em;\" href=\"https:\/\/www.kneippbund.de\/tipps-fuer-daheim\/\">Link Kneipp-Bund<\/a>)<\/p> <p>______________________________________________________________<\/p>","_links":{"self":[{"href":"https:\/\/www.kneipp-sachsen.de\/bad-schandau\/wp-json\/wp\/v2\/pages\/74","targetHints":{"allow":["GET"]}}],"collection":[{"href":"https:\/\/www.kneipp-sachsen.de\/bad-schandau\/wp-json\/wp\/v2\/pages"}],"about":[{"href":"https:\/\/www.kneipp-sachsen.de\/bad-schandau\/wp-json\/wp\/v2\/types\/page"}],"author":[{"embeddable":true,"href":"https:\/\/www.kneipp-sachsen.de\/bad-schandau\/wp-json\/wp\/v2\/users\/2"}],"replies":[{"embeddable":true,"href":"https:\/\/www.kneipp-sachsen.de\/bad-schandau\/wp-json\/wp\/v2\/comments?post=74"}],"version-history":[{"count":197,"href":"https:\/\/www.kneipp-sachsen.de\/bad-schandau\/wp-json\/wp\/v2\/pages\/74\/revisions"}],"predecessor-version":[{"id":4238,"href":"https:\/\/www.kneipp-sachsen.de\/bad-schandau\/wp-json\/wp\/v2\/pages\/74\/revisions\/4238"}],"wp:attachment":[{"href":"https:\/\/www.kneipp-sachsen.de\/bad-schandau\/wp-json\/wp\/v2\/media?parent=74"}],"curies":[{"name":"wp","href":"https:\/\/api.w.org\/{rel}","templated":true}]}}