{"id":156,"date":"2021-08-26T14:06:39","date_gmt":"2021-08-26T12:06:39","guid":{"rendered":"https:\/\/www.kneipp-sachsen.de\/bad-schlema\/veranstaltungen-copy\/"},"modified":"2023-11-21T15:11:04","modified_gmt":"2023-11-21T14:11:04","slug":"sportangebote-des-kneipp-vereins-bad-schlema","status":"publish","type":"page","link":"https:\/\/www.kneipp-sachsen.de\/bad-schlema\/sportangebote-des-kneipp-vereins-bad-schlema\/","title":{"rendered":"Sportangebote im Kneipp-Verein Bad Schlema"},"content":{"rendered":"<!--themify_builder_content-->\n<div id=\"themify_builder_content-156\" data-postid=\"156\" class=\"themify_builder_content themify_builder_content-156 themify_builder tf_clear\">\n                    <div  data-lazy=\"1\" class=\"module_row themify_builder_row tb_sicw106 tb_first tf_w\">\n                        <div class=\"row_inner col_align_top tb_col_count_1 tf_box tf_rel\">\n                        <div  data-lazy=\"1\" class=\"module_column tb-column col-full tb_wou4110 first\">\n                    <!-- module fancy heading -->\n<div  class=\"module module-fancy-heading tb_auil111  tb_hide_divider\" data-lazy=\"1\">\n        <h1 class=\"fancy-heading\">\n    <span class=\"main-head tf_block\">\n                    Sportangebote des Kneipp-Vereins Bad Schlema            <\/span>\n\n    \n    <span class=\"sub-head tf_block tf_rel\">\n                    Montag bis Freitag            <\/span>\n    <\/h1>\n<\/div>\n<!-- \/module fancy heading -->\n        <div  data-lazy=\"1\" class=\"module_subrow themify_builder_sub_row tf_w col_align_top tb_col_count_1 tb_6rsl288\">\n                <div  data-lazy=\"1\" class=\"module_column sub_column col-full tb_rx66289 first\">\n                    <!-- module image -->\n<div  class=\"module module-image tb_flck64 image-top   tf_mw\" data-lazy=\"1\">\n        <div class=\"image-wrap tf_rel tf_mw\">\n            <img loading=\"lazy\" decoding=\"async\" width=\"2560\" height=\"992\" src=\"https:\/\/www.kneipp-sachsen.de\/bad-schlema\/wp-content\/uploads\/2021\/08\/Sportangebote-im-Kneipp-Verein-2-scaled.jpg\" class=\"wp-post-image wp-image-160\" title=\"Sportangebote im Kneipp-Verein (2)\" alt=\"Sportangebote im Kneipp-Verein (2)\" srcset=\"https:\/\/www.kneipp-sachsen.de\/bad-schlema\/wp-content\/uploads\/2021\/08\/Sportangebote-im-Kneipp-Verein-2-scaled.jpg 2560w, https:\/\/www.kneipp-sachsen.de\/bad-schlema\/wp-content\/uploads\/2021\/08\/Sportangebote-im-Kneipp-Verein-2-300x116.jpg 300w, https:\/\/www.kneipp-sachsen.de\/bad-schlema\/wp-content\/uploads\/2021\/08\/Sportangebote-im-Kneipp-Verein-2-1024x397.jpg 1024w, https:\/\/www.kneipp-sachsen.de\/bad-schlema\/wp-content\/uploads\/2021\/08\/Sportangebote-im-Kneipp-Verein-2-768x298.jpg 768w, https:\/\/www.kneipp-sachsen.de\/bad-schlema\/wp-content\/uploads\/2021\/08\/Sportangebote-im-Kneipp-Verein-2-1536x595.jpg 1536w, https:\/\/www.kneipp-sachsen.de\/bad-schlema\/wp-content\/uploads\/2021\/08\/Sportangebote-im-Kneipp-Verein-2-2048x794.jpg 2048w, https:\/\/www.kneipp-sachsen.de\/bad-schlema\/wp-content\/uploads\/2021\/08\/Sportangebote-im-Kneipp-Verein-2-1024x397-902x350.jpg 902w\" sizes=\"auto, (max-width: 2560px) 100vw, 2560px\" \/>    \n        <\/div>\n    <!-- \/image-wrap -->\n    \n        <\/div>\n<!-- \/module image -->        <\/div>\n                    <\/div>\n                <div  data-lazy=\"1\" class=\"module_subrow themify_builder_sub_row tf_w col_align_top tb_col_count_2 tb_s8nz783\">\n                <div  data-lazy=\"1\" class=\"module_column sub_column tb_coaz783 first\">\n                    <!-- module text -->\n<div  class=\"module module-text tb_ohmo392    hide-desktop hide-tablet hide-tablet_landscape hide-mobile\" data-lazy=\"1\">\n        <div  class=\"tb_text_wrap\">\n        <p><strong>Montag:<\/strong><\/p>\n<div id=\"descriptionExtDiv\" style=\"position: absolute; opacity: 0.8; padding: 10px; border-radius: 10px; z-index: 9999; display: none; color: white; background-color: black; border: 1px solid white;\">\u00a0<\/div>    <\/div>\n<\/div>\n<!-- \/module text -->        <\/div>\n                    <div  data-lazy=\"1\" class=\"module_column sub_column tb_2li2784 last\">\n                    <!-- module text -->\n<div  class=\"module module-text tb_ej6n764    hide-desktop hide-tablet hide-tablet_landscape hide-mobile\" data-lazy=\"1\">\n        <div  class=\"tb_text_wrap\">\n        <p>Walking<br \/>Sommerzeit: 17:00-18:00 Uhr<br \/>Winterzeit: 16:00-17:00 Uhr<\/p>\n<div id=\"descriptionExtDiv\" style=\"position: absolute; opacity: 0.8; padding: 10px; border-radius: 10px; z-index: 9999; display: none; color: white; background-color: black; border: 1px solid white;\">\u00a0<\/div>\n<div id=\"descriptionExtDiv\" style=\"position: absolute; opacity: 0.8; padding: 10px; border-radius: 10px; z-index: 9999; display: none; color: white; background-color: black; border: 1px solid white;\">\u00a0<\/div>\n<div id=\"descriptionExtDiv\" style=\"position: absolute; opacity: 0.8; padding: 10px; border-radius: 10px; z-index: 9999; display: none; color: white; background-color: black; border: 1px solid white;\">\u00a0<\/div>\n<div id=\"descriptionExtDiv\" style=\"position: absolute; opacity: 0.8; padding: 10px; border-radius: 10px; z-index: 9999; display: none; color: white; background-color: black; border: 1px solid white;\">\u00a0<\/div>\n<div id=\"descriptionExtDiv\" style=\"position: absolute; opacity: 0.8; padding: 10px; border-radius: 10px; z-index: 9999; display: none; color: white; background-color: black; border: 1px solid white;\">\u00a0<\/div>\n<div id=\"descriptionExtDiv\" style=\"position: absolute; opacity: 0.8; padding: 10px; border-radius: 10px; z-index: 9999; display: none; color: white; background-color: black; border: 1px solid white;\">\u00a0<\/div>    <\/div>\n<\/div>\n<!-- \/module text -->        <\/div>\n                    <\/div>\n                <div  data-lazy=\"1\" class=\"module_subrow themify_builder_sub_row tf_w col_align_top tb_col_count_2 tb_u6th529\">\n                <div  data-lazy=\"1\" class=\"module_column sub_column tb_2llb529 first\">\n                    <!-- module text -->\n<div  class=\"module module-text tb_mzc6529   \" data-lazy=\"1\">\n        <div  class=\"tb_text_wrap\">\n        <p><strong>Dienstag<\/strong><strong>:<\/strong><\/p>\n<div id=\"descriptionExtDiv\" style=\"position: absolute; opacity: 0.8; padding: 10px; border-radius: 10px; z-index: 9999; display: none; color: white; background-color: black; border: 1px solid white;\">\u00a0<\/div>\n<div id=\"descriptionExtDiv\" style=\"position: absolute; opacity: 0.8; padding: 10px; border-radius: 10px; z-index: 9999; display: none; color: white; background-color: black; border: 1px solid white;\">\u00a0<\/div>    <\/div>\n<\/div>\n<!-- \/module text -->        <\/div>\n                    <div  data-lazy=\"1\" class=\"module_column sub_column tb_qx69530 last\">\n                    <!-- module text -->\n<div  class=\"module module-text tb_e321530   \" data-lazy=\"1\">\n        <div  class=\"tb_text_wrap\">\n        <p>Sport 50plus: 13:30-14:30 Uhr<br \/>Sport f\u00fcr Menschen mit Handicap: 16:15-17:15 Uhr<br \/>Stepp-Aerobic: 19:00-20:00 Uhr<\/p>\n<div id=\"descriptionExtDiv\" style=\"position: absolute; opacity: 0.8; padding: 10px; border-radius: 10px; z-index: 9999; display: none; color: white; background-color: black; border: 1px solid white;\">\u00a0<\/div>\n<div id=\"descriptionExtDiv\" style=\"position: absolute; opacity: 0.8; padding: 10px; border-radius: 10px; z-index: 9999; display: none; color: white; background-color: black; border: 1px solid white;\">\u00a0<\/div>\n<div id=\"descriptionExtDiv\" style=\"position: absolute; opacity: 0.8; padding: 10px; border-radius: 10px; z-index: 9999; display: none; color: white; background-color: black; border: 1px solid white;\">\u00a0<\/div>    <\/div>\n<\/div>\n<!-- \/module text -->        <\/div>\n                    <\/div>\n                <div  data-lazy=\"1\" class=\"module_subrow themify_builder_sub_row tf_w col_align_top tb_col_count_2 tb_s961483\">\n                <div  data-lazy=\"1\" class=\"module_column sub_column tb_94wy484 first\">\n                    <!-- module text -->\n<div  class=\"module module-text tb_hfj8484   \" data-lazy=\"1\">\n        <div  class=\"tb_text_wrap\">\n        <p><strong>Donnerstag:<\/strong><\/p>\n<div id=\"descriptionExtDiv\" style=\"position: absolute; opacity: 0.8; padding: 10px; border-radius: 10px; z-index: 9999; display: none; color: white; background-color: black; border: 1px solid white;\">\u00a0<\/div>\n<div id=\"descriptionExtDiv\" style=\"position: absolute; opacity: 0.8; padding: 10px; border-radius: 10px; z-index: 9999; display: none; color: white; background-color: black; border: 1px solid white;\">\u00a0<\/div>    <\/div>\n<\/div>\n<!-- \/module text -->        <\/div>\n                    <div  data-lazy=\"1\" class=\"module_column sub_column tb_k558484 last\">\n                    <!-- module text -->\n<div  class=\"module module-text tb_l90o485   \" data-lazy=\"1\">\n        <div  class=\"tb_text_wrap\">\n        <p>Line-Dance: 19:30-21:00 Uhr<\/p>\n<div id=\"descriptionExtDiv\" style=\"position: absolute; opacity: 0.8; padding: 10px; border-radius: 10px; z-index: 9999; display: none; color: white; background-color: black; border: 1px solid white;\">\u00a0<\/div>\n<div id=\"descriptionExtDiv\" style=\"position: absolute; opacity: 0.8; padding: 10px; border-radius: 10px; z-index: 9999; display: none; color: white; background-color: black; border: 1px solid white;\">\u00a0<\/div>\n<div id=\"descriptionExtDiv\" style=\"position: absolute; opacity: 0.8; padding: 10px; border-radius: 10px; z-index: 9999; display: none; color: white; background-color: black; border: 1px solid white;\">\u00a0<\/div>    <\/div>\n<\/div>\n<!-- \/module text -->        <\/div>\n                    <\/div>\n                <div  data-lazy=\"1\" class=\"module_subrow themify_builder_sub_row tf_w col_align_top tb_col_count_2 tb_we2k400\">\n                <div  data-lazy=\"1\" class=\"module_column sub_column tb_al58400 first\">\n                    <!-- module text -->\n<div  class=\"module module-text tb_mtyg401   \" data-lazy=\"1\">\n        <div  class=\"tb_text_wrap\">\n        <p><strong>Freitag:<\/strong><\/p>\n<div id=\"descriptionExtDiv\" style=\"position: absolute; opacity: 0.8; padding: 10px; border-radius: 10px; z-index: 9999; display: none; color: white; background-color: black; border: 1px solid white;\">\u00a0<\/div>\n<div id=\"descriptionExtDiv\" style=\"position: absolute; opacity: 0.8; padding: 10px; border-radius: 10px; z-index: 9999; display: none; color: white; background-color: black; border: 1px solid white;\">\u00a0<\/div>    <\/div>\n<\/div>\n<!-- \/module text -->        <\/div>\n                    <div  data-lazy=\"1\" class=\"module_column sub_column tb_c2ap402 last\">\n                    <!-- module text -->\n<div  class=\"module module-text tb_dh3k402   \" data-lazy=\"1\">\n        <div  class=\"tb_text_wrap\">\n        <p>Wassergymnastik: 7:45-8:45 Uhr<br \/>Wassergymnastik 8:15-9:15 Uhr<\/p>\n<div id=\"descriptionExtDiv\" style=\"position: absolute; opacity: 0.8; padding: 10px; border-radius: 10px; z-index: 9999; display: none; color: white; background-color: black; border: 1px solid white;\">\u00a0<\/div>    <\/div>\n<\/div>\n<!-- \/module text -->        <\/div>\n                    <\/div>\n        <!-- module text -->\n<div  class=\"module module-text tb_s0v2113   \" data-lazy=\"1\">\n        <div  class=\"tb_text_wrap\">\n        <p>\u201eDie Bewegung erh\u00f6ht die Lebenslust und hilft dem Menschen durch die St\u00e4rkung seines K\u00f6rpers.\u201c <em>&#8211; Sebastian Kneipp<\/em><\/p>\n<p>Weiter Bewegungsangebote finden Sie unter den <a href=\"https:\/\/www.kneipp-sachsen.de\/bad-schlema\/veranstaltungen-im-kneipp-verein-bad-schlema\/\">Veranstaltungen<\/a>.<\/p>\n<p>Lesen Sie mehr \u00fcber die gesundheitlichen Vorteile von Bewegung! <span style=\"color: #3321cf;\"><a href=\"https:\/\/www.kneippbund.de\/gesundheitsidee\/bewegung\/\">Kneipp-Bund e.V.<\/a><\/span><\/p>\n<div id=\"descriptionExtDiv\" style=\"position: absolute; opacity: 0.8; padding: 10px; border-radius: 10px; z-index: 9999; display: none; color: white; background-color: black; border: 1px solid white;\">\u00a0<\/div>\n<div id=\"descriptionExtDiv\" style=\"position: absolute; opacity: 0.8; padding: 10px; border-radius: 10px; z-index: 9999; display: none; color: white; background-color: black; border: 1px solid white;\">\u00a0<\/div>\n<div id=\"descriptionExtDiv\" style=\"position: absolute; opacity: 0.8; padding: 10px; border-radius: 10px; z-index: 9999; display: none; color: white; background-color: black; border: 1px solid white;\">\u00a0<\/div>\n<div id=\"descriptionExtDiv\" style=\"position: absolute; opacity: 0.8; padding: 10px; border-radius: 10px; z-index: 9999; display: none; color: white; background-color: black; border: 1px solid white;\">\u00a0<\/div>\n<div id=\"descriptionExtDiv\" style=\"position: absolute; opacity: 0.8; padding: 10px; border-radius: 10px; z-index: 9999; display: none; color: white; background-color: black; border: 1px solid white;\">\u00a0<\/div>\n<div id=\"descriptionExtDiv\" style=\"position: absolute; opacity: 0.8; padding: 10px; border-radius: 10px; z-index: 9999; display: none; color: white; background-color: black; border: 1px solid white;\">\u00a0<\/div>\n<div id=\"descriptionExtDiv\" style=\"position: absolute; opacity: 0.8; padding: 10px; border-radius: 10px; z-index: 9999; display: none; color: white; background-color: black; border: 1px solid white;\">\u00a0<\/div>\n<div id=\"descriptionExtDiv\" style=\"position: absolute; opacity: 0.8; padding: 10px; border-radius: 10px; z-index: 9999; display: none; color: white; background-color: black; border: 1px solid white;\">\u00a0<\/div>\n<div id=\"descriptionExtDiv\" style=\"position: absolute; opacity: 0.8; padding: 10px; border-radius: 10px; z-index: 9999; display: none; color: white; background-color: black; border: 1px solid white;\">\u00a0<\/div>\n<div id=\"descriptionExtDiv\" style=\"position: absolute; opacity: 0.8; padding: 10px; border-radius: 10px; z-index: 9999; display: none; color: white; background-color: black; border: 1px solid white;\">\u00a0<\/div>\n<div id=\"descriptionExtDiv\" style=\"position: absolute; opacity: 0.8; padding: 10px; border-radius: 10px; z-index: 9999; display: none; color: white; background-color: black; border: 1px solid white;\">\u00a0<\/div>    <\/div>\n<\/div>\n<!-- \/module text -->        <\/div>\n                        <\/div>\n        <\/div>\n        <\/div>\n<!--\/themify_builder_content-->","protected":false},"excerpt":{"rendered":"<p>Sportangebote des Kneipp-Vereins Bad SchlemaMontag bis Freitag Montag: \u00a0 WalkingSommerzeit: 17:00-18:00 UhrWinterzeit: 16:00-17:00 Uhr \u00a0 \u00a0 \u00a0 \u00a0 \u00a0 \u00a0 Dienstag: \u00a0 \u00a0 Sport 50plus: 13:30-14:30 UhrSport f\u00fcr Menschen mit Handicap: 16:15-17:15 UhrStepp-Aerobic: 19:00-20:00 Uhr \u00a0 \u00a0 \u00a0 Donnerstag: \u00a0 \u00a0 Line-Dance: 19:30-21:00 Uhr \u00a0 \u00a0 \u00a0 Freitag: \u00a0 \u00a0 Wassergymnastik: 7:45-8:45 UhrWassergymnastik 8:15-9:15 Uhr [&hellip;]<\/p>\n","protected":false},"author":2,"featured_media":0,"parent":0,"menu_order":0,"comment_status":"closed","ping_status":"closed","template":"","meta":{"footnotes":"","advanced-sidebar-menu\/link-title":"","advanced-sidebar-menu\/exclude-page":false},"class_list":["post-156","page","type-page","status-publish","hentry","has-post-title","has-post-date","has-post-category","has-post-tag","has-post-comment","has-post-author",""],"yoast_head":"<!-- This site is optimized with the Yoast SEO plugin v26.9 - https:\/\/yoast.com\/product\/yoast-seo-wordpress\/ -->\n<title>Sportangebote im Kneipp-Verein Bad Schlema - Montag bis Freitag<\/title>\n<meta name=\"description\" content=\"Sportangebote im Kneipp-Verein Bad Schlema finden im Sommer und im Winter von Montag bis Freitag statt. Machen Sie mit! Wir freuen uns!\" \/>\n<meta name=\"robots\" content=\"index, follow, max-snippet:-1, max-image-preview:large, max-video-preview:-1\" \/>\n<link rel=\"canonical\" href=\"https:\/\/www.kneipp-sachsen.de\/bad-schlema\/sportangebote-des-kneipp-vereins-bad-schlema\/\" \/>\n<meta property=\"og:locale\" content=\"de_DE\" \/>\n<meta property=\"og:type\" content=\"article\" \/>\n<meta property=\"og:title\" content=\"Sportangebote im Kneipp-Verein Bad Schlema - Montag bis Freitag\" \/>\n<meta property=\"og:description\" content=\"Sportangebote im Kneipp-Verein Bad Schlema finden im Sommer und im Winter von Montag bis Freitag statt. Machen Sie mit! Wir freuen uns!\" \/>\n<meta property=\"og:url\" content=\"https:\/\/www.kneipp-sachsen.de\/bad-schlema\/sportangebote-des-kneipp-vereins-bad-schlema\/\" \/>\n<meta property=\"og:site_name\" content=\"Kneipp Bad Schlema\" \/>\n<meta property=\"article:modified_time\" content=\"2023-11-21T14:11:04+00:00\" \/>\n<meta property=\"og:image\" content=\"https:\/\/www.kneipp-sachsen.de\/bad-schlema\/wp-content\/uploads\/2021\/08\/Sportangebote-im-Kneipp-Verein-2-scaled.jpg\" \/>\n<meta name=\"twitter:card\" content=\"summary_large_image\" \/>\n<script type=\"application\/ld+json\" class=\"yoast-schema-graph\">{\"@context\":\"https:\/\/schema.org\",\"@graph\":[{\"@type\":\"WebPage\",\"@id\":\"https:\/\/www.kneipp-sachsen.de\/bad-schlema\/sportangebote-des-kneipp-vereins-bad-schlema\/\",\"url\":\"https:\/\/www.kneipp-sachsen.de\/bad-schlema\/sportangebote-des-kneipp-vereins-bad-schlema\/\",\"name\":\"Sportangebote im Kneipp-Verein Bad Schlema - Montag bis Freitag\",\"isPartOf\":{\"@id\":\"https:\/\/www.kneipp-sachsen.de\/bad-schlema\/#website\"},\"primaryImageOfPage\":{\"@id\":\"https:\/\/www.kneipp-sachsen.de\/bad-schlema\/sportangebote-des-kneipp-vereins-bad-schlema\/#primaryimage\"},\"image\":{\"@id\":\"https:\/\/www.kneipp-sachsen.de\/bad-schlema\/sportangebote-des-kneipp-vereins-bad-schlema\/#primaryimage\"},\"thumbnailUrl\":\"https:\/\/www.kneipp-sachsen.de\/bad-schlema\/wp-content\/uploads\/2021\/08\/Sportangebote-im-Kneipp-Verein-2-scaled.jpg\",\"datePublished\":\"2021-08-26T12:06:39+00:00\",\"dateModified\":\"2023-11-21T14:11:04+00:00\",\"description\":\"Sportangebote im Kneipp-Verein Bad Schlema finden im Sommer und im Winter von Montag bis Freitag statt. Machen Sie mit! Wir freuen uns!\",\"breadcrumb\":{\"@id\":\"https:\/\/www.kneipp-sachsen.de\/bad-schlema\/sportangebote-des-kneipp-vereins-bad-schlema\/#breadcrumb\"},\"inLanguage\":\"de\",\"potentialAction\":[{\"@type\":\"ReadAction\",\"target\":[\"https:\/\/www.kneipp-sachsen.de\/bad-schlema\/sportangebote-des-kneipp-vereins-bad-schlema\/\"]}]},{\"@type\":\"ImageObject\",\"inLanguage\":\"de\",\"@id\":\"https:\/\/www.kneipp-sachsen.de\/bad-schlema\/sportangebote-des-kneipp-vereins-bad-schlema\/#primaryimage\",\"url\":\"https:\/\/www.kneipp-sachsen.de\/bad-schlema\/wp-content\/uploads\/2021\/08\/Sportangebote-im-Kneipp-Verein-2-scaled.jpg\",\"contentUrl\":\"https:\/\/www.kneipp-sachsen.de\/bad-schlema\/wp-content\/uploads\/2021\/08\/Sportangebote-im-Kneipp-Verein-2-scaled.jpg\",\"width\":2560,\"height\":992},{\"@type\":\"BreadcrumbList\",\"@id\":\"https:\/\/www.kneipp-sachsen.de\/bad-schlema\/sportangebote-des-kneipp-vereins-bad-schlema\/#breadcrumb\",\"itemListElement\":[{\"@type\":\"ListItem\",\"position\":1,\"name\":\"Startseite\",\"item\":\"https:\/\/www.kneipp-sachsen.de\/bad-schlema\/\"},{\"@type\":\"ListItem\",\"position\":2,\"name\":\"Sportangebote im Kneipp-Verein Bad Schlema\"}]},{\"@type\":\"WebSite\",\"@id\":\"https:\/\/www.kneipp-sachsen.de\/bad-schlema\/#website\",\"url\":\"https:\/\/www.kneipp-sachsen.de\/bad-schlema\/\",\"name\":\"Kneipp-Verein Bad Schlema e.V.\",\"description\":\"Eine weitere WordPress-Website\",\"potentialAction\":[{\"@type\":\"SearchAction\",\"target\":{\"@type\":\"EntryPoint\",\"urlTemplate\":\"https:\/\/www.kneipp-sachsen.de\/bad-schlema\/?s={search_term_string}\"},\"query-input\":{\"@type\":\"PropertyValueSpecification\",\"valueRequired\":true,\"valueName\":\"search_term_string\"}}],\"inLanguage\":\"de\"}]}<\/script>\n<!-- \/ Yoast SEO plugin. -->","yoast_head_json":{"title":"Sportangebote im Kneipp-Verein Bad Schlema - Montag bis Freitag","description":"Sportangebote im Kneipp-Verein Bad Schlema finden im Sommer und im Winter von Montag bis Freitag statt. Machen Sie mit! Wir freuen uns!","robots":{"index":"index","follow":"follow","max-snippet":"max-snippet:-1","max-image-preview":"max-image-preview:large","max-video-preview":"max-video-preview:-1"},"canonical":"https:\/\/www.kneipp-sachsen.de\/bad-schlema\/sportangebote-des-kneipp-vereins-bad-schlema\/","og_locale":"de_DE","og_type":"article","og_title":"Sportangebote im Kneipp-Verein Bad Schlema - Montag bis Freitag","og_description":"Sportangebote im Kneipp-Verein Bad Schlema finden im Sommer und im Winter von Montag bis Freitag statt. Machen Sie mit! Wir freuen uns!","og_url":"https:\/\/www.kneipp-sachsen.de\/bad-schlema\/sportangebote-des-kneipp-vereins-bad-schlema\/","og_site_name":"Kneipp Bad Schlema","article_modified_time":"2023-11-21T14:11:04+00:00","og_image":[{"url":"https:\/\/www.kneipp-sachsen.de\/bad-schlema\/wp-content\/uploads\/2021\/08\/Sportangebote-im-Kneipp-Verein-2-scaled.jpg","type":"","width":"","height":""}],"twitter_card":"summary_large_image","schema":{"@context":"https:\/\/schema.org","@graph":[{"@type":"WebPage","@id":"https:\/\/www.kneipp-sachsen.de\/bad-schlema\/sportangebote-des-kneipp-vereins-bad-schlema\/","url":"https:\/\/www.kneipp-sachsen.de\/bad-schlema\/sportangebote-des-kneipp-vereins-bad-schlema\/","name":"Sportangebote im Kneipp-Verein Bad Schlema - Montag bis Freitag","isPartOf":{"@id":"https:\/\/www.kneipp-sachsen.de\/bad-schlema\/#website"},"primaryImageOfPage":{"@id":"https:\/\/www.kneipp-sachsen.de\/bad-schlema\/sportangebote-des-kneipp-vereins-bad-schlema\/#primaryimage"},"image":{"@id":"https:\/\/www.kneipp-sachsen.de\/bad-schlema\/sportangebote-des-kneipp-vereins-bad-schlema\/#primaryimage"},"thumbnailUrl":"https:\/\/www.kneipp-sachsen.de\/bad-schlema\/wp-content\/uploads\/2021\/08\/Sportangebote-im-Kneipp-Verein-2-scaled.jpg","datePublished":"2021-08-26T12:06:39+00:00","dateModified":"2023-11-21T14:11:04+00:00","description":"Sportangebote im Kneipp-Verein Bad Schlema finden im Sommer und im Winter von Montag bis Freitag statt. Machen Sie mit! Wir freuen uns!","breadcrumb":{"@id":"https:\/\/www.kneipp-sachsen.de\/bad-schlema\/sportangebote-des-kneipp-vereins-bad-schlema\/#breadcrumb"},"inLanguage":"de","potentialAction":[{"@type":"ReadAction","target":["https:\/\/www.kneipp-sachsen.de\/bad-schlema\/sportangebote-des-kneipp-vereins-bad-schlema\/"]}]},{"@type":"ImageObject","inLanguage":"de","@id":"https:\/\/www.kneipp-sachsen.de\/bad-schlema\/sportangebote-des-kneipp-vereins-bad-schlema\/#primaryimage","url":"https:\/\/www.kneipp-sachsen.de\/bad-schlema\/wp-content\/uploads\/2021\/08\/Sportangebote-im-Kneipp-Verein-2-scaled.jpg","contentUrl":"https:\/\/www.kneipp-sachsen.de\/bad-schlema\/wp-content\/uploads\/2021\/08\/Sportangebote-im-Kneipp-Verein-2-scaled.jpg","width":2560,"height":992},{"@type":"BreadcrumbList","@id":"https:\/\/www.kneipp-sachsen.de\/bad-schlema\/sportangebote-des-kneipp-vereins-bad-schlema\/#breadcrumb","itemListElement":[{"@type":"ListItem","position":1,"name":"Startseite","item":"https:\/\/www.kneipp-sachsen.de\/bad-schlema\/"},{"@type":"ListItem","position":2,"name":"Sportangebote im Kneipp-Verein Bad Schlema"}]},{"@type":"WebSite","@id":"https:\/\/www.kneipp-sachsen.de\/bad-schlema\/#website","url":"https:\/\/www.kneipp-sachsen.de\/bad-schlema\/","name":"Kneipp-Verein Bad Schlema e.V.","description":"Eine weitere WordPress-Website","potentialAction":[{"@type":"SearchAction","target":{"@type":"EntryPoint","urlTemplate":"https:\/\/www.kneipp-sachsen.de\/bad-schlema\/?s={search_term_string}"},"query-input":{"@type":"PropertyValueSpecification","valueRequired":true,"valueName":"search_term_string"}}],"inLanguage":"de"}]}},"builder_content":"<h1>Sportangebote des Kneipp-Vereins Bad Schlema<br\/>Montag bis Freitag<\/h1>\n<img src=\"https:\/\/www.kneipp-sachsen.de\/bad-schlema\/wp-content\/uploads\/2021\/08\/Sportangebote-im-Kneipp-Verein-2-scaled.jpg\" title=\"Sportangebote im Kneipp-Verein (2)\" alt=\"Sportangebote im Kneipp-Verein (2)\" srcset=\"https:\/\/www.kneipp-sachsen.de\/bad-schlema\/wp-content\/uploads\/2021\/08\/Sportangebote-im-Kneipp-Verein-2-scaled.jpg 2560w, https:\/\/www.kneipp-sachsen.de\/bad-schlema\/wp-content\/uploads\/2021\/08\/Sportangebote-im-Kneipp-Verein-2-300x116.jpg 300w, https:\/\/www.kneipp-sachsen.de\/bad-schlema\/wp-content\/uploads\/2021\/08\/Sportangebote-im-Kneipp-Verein-2-1024x397.jpg 1024w, https:\/\/www.kneipp-sachsen.de\/bad-schlema\/wp-content\/uploads\/2021\/08\/Sportangebote-im-Kneipp-Verein-2-768x298.jpg 768w, https:\/\/www.kneipp-sachsen.de\/bad-schlema\/wp-content\/uploads\/2021\/08\/Sportangebote-im-Kneipp-Verein-2-1536x595.jpg 1536w, https:\/\/www.kneipp-sachsen.de\/bad-schlema\/wp-content\/uploads\/2021\/08\/Sportangebote-im-Kneipp-Verein-2-2048x794.jpg 2048w, https:\/\/www.kneipp-sachsen.de\/bad-schlema\/wp-content\/uploads\/2021\/08\/Sportangebote-im-Kneipp-Verein-2-1024x397-902x350.jpg 902w\" sizes=\"(max-width: 2560px) 100vw, 2560px\" \/>\n<p><strong>Montag:<\/strong><\/p> \u00a0\n<p>Walking<br \/>Sommerzeit: 17:00-18:00 Uhr<br \/>Winterzeit: 16:00-17:00 Uhr<\/p> \u00a0 \u00a0 \u00a0 \u00a0 \u00a0 \u00a0\n<p><strong>Dienstag<\/strong><strong>:<\/strong><\/p> \u00a0 \u00a0\n<p>Sport 50plus: 13:30-14:30 Uhr<br \/>Sport f\u00fcr Menschen mit Handicap: 16:15-17:15 Uhr<br \/>Stepp-Aerobic: 19:00-20:00 Uhr<\/p> \u00a0 \u00a0 \u00a0\n<p><strong>Donnerstag:<\/strong><\/p> \u00a0 \u00a0\n<p>Line-Dance: 19:30-21:00 Uhr<\/p> \u00a0 \u00a0 \u00a0\n<p><strong>Freitag:<\/strong><\/p> \u00a0 \u00a0\n<p>Wassergymnastik: 7:45-8:45 Uhr<br \/>Wassergymnastik 8:15-9:15 Uhr<\/p> \u00a0\n<p>\u201eDie Bewegung erh\u00f6ht die Lebenslust und hilft dem Menschen durch die St\u00e4rkung seines K\u00f6rpers.\u201c <em>- Sebastian Kneipp<\/em><\/p> <p>Weiter Bewegungsangebote finden Sie unter den <a href=\"https:\/\/www.kneipp-sachsen.de\/bad-schlema\/veranstaltungen-im-kneipp-verein-bad-schlema\/\">Veranstaltungen<\/a>.<\/p> <p>Lesen Sie mehr \u00fcber die gesundheitlichen Vorteile von Bewegung! <a href=\"https:\/\/www.kneippbund.de\/gesundheitsidee\/bewegung\/\">Kneipp-Bund e.V.<\/a><\/p> \u00a0 \u00a0 \u00a0 \u00a0 \u00a0 \u00a0 \u00a0 \u00a0 \u00a0 \u00a0 \u00a0","_links":{"self":[{"href":"https:\/\/www.kneipp-sachsen.de\/bad-schlema\/wp-json\/wp\/v2\/pages\/156","targetHints":{"allow":["GET"]}}],"collection":[{"href":"https:\/\/www.kneipp-sachsen.de\/bad-schlema\/wp-json\/wp\/v2\/pages"}],"about":[{"href":"https:\/\/www.kneipp-sachsen.de\/bad-schlema\/wp-json\/wp\/v2\/types\/page"}],"author":[{"embeddable":true,"href":"https:\/\/www.kneipp-sachsen.de\/bad-schlema\/wp-json\/wp\/v2\/users\/2"}],"replies":[{"embeddable":true,"href":"https:\/\/www.kneipp-sachsen.de\/bad-schlema\/wp-json\/wp\/v2\/comments?post=156"}],"version-history":[{"count":30,"href":"https:\/\/www.kneipp-sachsen.de\/bad-schlema\/wp-json\/wp\/v2\/pages\/156\/revisions"}],"predecessor-version":[{"id":457,"href":"https:\/\/www.kneipp-sachsen.de\/bad-schlema\/wp-json\/wp\/v2\/pages\/156\/revisions\/457"}],"wp:attachment":[{"href":"https:\/\/www.kneipp-sachsen.de\/bad-schlema\/wp-json\/wp\/v2\/media?parent=156"}],"curies":[{"name":"wp","href":"https:\/\/api.w.org\/{rel}","templated":true}]}}