{"id":27,"date":"2021-07-26T22:38:43","date_gmt":"2021-07-26T20:38:43","guid":{"rendered":"https:\/\/www.kneipp-sachsen.de\/bad-schlema\/?page_id=27"},"modified":"2023-09-12T12:43:36","modified_gmt":"2023-09-12T10:43:36","slug":"startseite-kneipp-bad-schlema","status":"publish","type":"page","link":"https:\/\/www.kneipp-sachsen.de\/bad-schlema\/","title":{"rendered":"Startseite"},"content":{"rendered":"<!--themify_builder_content-->\n<div id=\"themify_builder_content-27\" data-postid=\"27\" class=\"themify_builder_content themify_builder_content-27 themify_builder tf_clear\">\n                    <div  data-lazy=\"1\" class=\"module_row themify_builder_row tb_77mx893 tb_first tf_w\">\n                        <div class=\"row_inner col_align_top tb_col_count_1 tf_box tf_rel\">\n                        <div  data-lazy=\"1\" class=\"module_column tb-column col-full tb_tzgq899 first\">\n                            <div  data-lazy=\"1\" class=\"module_subrow themify_builder_sub_row tf_w col_align_top tb_col_count_1 tb_gydt900\">\n                <div  data-lazy=\"1\" class=\"module_column sub_column col-full tb_5593905 first\">\n                    <!-- module fancy heading -->\n<div  class=\"module module-fancy-heading tb_8lu8906  tb_hide_divider\" data-lazy=\"1\" id=\"kneippbadschlema1\">\n        <h1 class=\"fancy-heading tf_textc\">\n    <span class=\"main-head tf_block\">\n                    Herzlich willkommen beim Kneipp-Verein Bad Schlema e.V.            <\/span>\n\n    \n    <span class=\"sub-head tf_block tf_rel\">\n                    Der Kneipp-Verein Bad Schlema e.V. informiert Sie \u00fcber aktuelle Angebote im Verein            <\/span>\n    <\/h1>\n<\/div>\n<!-- \/module fancy heading -->\n        <\/div>\n                    <\/div>\n                <\/div>\n                        <\/div>\n        <\/div>\n                        <div  data-lazy=\"1\" class=\"module_row themify_builder_row tb_lo0t894 tf_w\">\n                        <div class=\"row_inner col_align_top tb_col_count_1 tf_box tf_rel\">\n                        <div  data-lazy=\"1\" class=\"module_column tb-column col-full tb_y1vo913 first\">\n                            <div  data-lazy=\"1\" class=\"module_subrow themify_builder_sub_row tf_w col_align_top tb_col_count_1 tb_pqqg914\">\n                <div  data-lazy=\"1\" class=\"module_column sub_column col-full tb_lglj915 first\">\n                    <!-- module image -->\n<div  class=\"module module-image tb_1kay916 image-top   tf_mw\" data-lazy=\"1\">\n        <div class=\"image-wrap tf_rel tf_mw\">\n            <img loading=\"lazy\" decoding=\"async\" width=\"3372\" height=\"750\" src=\"https:\/\/www.kneipp-sachsen.de\/bad-schlema\/wp-content\/uploads\/2023\/01\/Kneippsche-Elemente_mit-Schrift.png\" class=\"wp-post-image wp-image-389\" title=\"Kneippsche-Elemente_mit-Schrift\" alt=\"Kneipp Bad Schlema\" srcset=\"https:\/\/www.kneipp-sachsen.de\/bad-schlema\/wp-content\/uploads\/2023\/01\/Kneippsche-Elemente_mit-Schrift.png 3372w, https:\/\/www.kneipp-sachsen.de\/bad-schlema\/wp-content\/uploads\/2023\/01\/Kneippsche-Elemente_mit-Schrift-300x67.png 300w, https:\/\/www.kneipp-sachsen.de\/bad-schlema\/wp-content\/uploads\/2023\/01\/Kneippsche-Elemente_mit-Schrift-1024x228.png 1024w, https:\/\/www.kneipp-sachsen.de\/bad-schlema\/wp-content\/uploads\/2023\/01\/Kneippsche-Elemente_mit-Schrift-768x171.png 768w, https:\/\/www.kneipp-sachsen.de\/bad-schlema\/wp-content\/uploads\/2023\/01\/Kneippsche-Elemente_mit-Schrift-1536x342.png 1536w, https:\/\/www.kneipp-sachsen.de\/bad-schlema\/wp-content\/uploads\/2023\/01\/Kneippsche-Elemente_mit-Schrift-2048x456.png 2048w\" sizes=\"auto, (max-width: 3372px) 100vw, 3372px\" \/>    \n        <\/div>\n    <!-- \/image-wrap -->\n    \n        <\/div>\n<!-- \/module image -->        <\/div>\n                    <\/div>\n                <\/div>\n                        <\/div>\n        <\/div>\n                        <div  data-lazy=\"1\" class=\"module_row themify_builder_row tb_wpkh895 tf_w\">\n                        <div class=\"row_inner col_align_top tb_col_count_1 tf_box tf_rel\">\n                        <div  data-lazy=\"1\" class=\"module_column tb-column col-full tb_51rt928 first\">\n                            <div  data-lazy=\"1\" class=\"module_subrow themify_builder_sub_row tf_w col_align_top tb_col_count_1 tb_h8xy929\">\n                <div  data-lazy=\"1\" class=\"module_column sub_column col-full tb_c5wv930 first\">\n                    <!-- module divider -->\n<div  class=\"module tf_mw module-divider tb_bznk930 dotted   \" style=\"border-width: 1px;border-color: #666666;margin-bottom: 15px;\" data-lazy=\"1\">\n    <\/div>\n<!-- \/module divider -->\n<!-- module fancy heading -->\n<div  class=\"module module-fancy-heading tb_b25u931  tb_hide_divider\" data-lazy=\"1\" id=\"kneippbadschlema2\">\n        <h3 class=\"fancy-heading\">\n    <span class=\"main-head tf_block\">\n                    Unser Ziel: gesunde Menschen            <\/span>\n\n    \n    <span class=\"sub-head tf_block tf_rel\">\n                                <\/span>\n    <\/h3>\n<\/div>\n<!-- \/module fancy heading -->\n<!-- module text -->\n<div  class=\"module module-text tb_11sx932   \" data-lazy=\"1\" id=\"kneippbadschlema3\">\n        <div  class=\"tb_text_wrap\">\n        <p>Ein gesundes Leben im Einklang mit der Natur f\u00fchren und auf diese Art aktiv vorbeugen und Heilung finden. Diesen ganzheitlichen Ansatz hat Sebastian Kneipp (1821 bis 1897) vor 150 Jahren zur Grundlage seiner umfassenden Heilverfahren gemacht &#8211; mit Erfolg.<\/p>    <\/div>\n<\/div>\n<!-- \/module text --><!-- module divider -->\n<div  class=\"module tf_mw module-divider tb_5qoh934 dotted   \" style=\"border-width: 1px;border-color: #666666;margin-bottom: 15px;\" data-lazy=\"1\">\n    <\/div>\n<!-- \/module divider -->\n<!-- module fancy heading -->\n<div  class=\"module module-fancy-heading tb_kjhh935  tb_hide_divider\" data-lazy=\"1\">\n        <h3 class=\"fancy-heading\">\n    <span class=\"main-head tf_block\">\n                    Wir bringen Bewegung ins Leben            <\/span>\n\n    \n    <span class=\"sub-head tf_block tf_rel\">\n                                <\/span>\n    <\/h3>\n<\/div>\n<!-- \/module fancy heading -->\n<!-- module text -->\n<div  class=\"module module-text tb_xzpg936   \" data-lazy=\"1\">\n        <div  class=\"tb_text_wrap\">\n        <p>Das Kneippsche Gesundheitskonzept hat \u00fcberdauert und sich stetig weiter entwickelt. Aus der urspr\u00fcnglichen Wasser- und Kr\u00e4uterheilkunde entstand ein ganzes und hoch anerkanntes Gesundheitskonzept. Leben nach Kneipp ist einfach, kostet fast nichts &#8211; nicht einmal viel Zeit &#8211; und bringt den Menschen in Bewegung. Das macht gesund (oder noch ges\u00fcnder), bewirkt ein hoch wirksames Immunsystem, umfassende Fitness, \u00fcberdurchschnittliche Stressresistenz und gute Stimmung. Ideal f\u00fcr jedes Alter, jeden Geldbeutel, jeden Bildungsstand, jede Lebenseinstellung &#8211; und gleicherma\u00dfen f\u00fcr Gesunde und Kranke.<\/p>    <\/div>\n<\/div>\n<!-- \/module text -->        <\/div>\n                    <\/div>\n                <\/div>\n                        <\/div>\n        <\/div>\n        <\/div>\n<!--\/themify_builder_content-->","protected":false},"excerpt":{"rendered":"<p>Herzlich willkommen beim Kneipp-Verein Bad Schlema e.V.Der Kneipp-Verein Bad Schlema e.V. informiert Sie \u00fcber aktuelle Angebote im Verein Unser Ziel: gesunde Menschen Ein gesundes Leben im Einklang mit der Natur f\u00fchren und auf diese Art aktiv vorbeugen und Heilung finden. Diesen ganzheitlichen Ansatz hat Sebastian Kneipp (1821 bis 1897) vor 150 Jahren zur Grundlage seiner [&hellip;]<\/p>\n","protected":false},"author":2,"featured_media":0,"parent":0,"menu_order":0,"comment_status":"closed","ping_status":"closed","template":"","meta":{"footnotes":"","advanced-sidebar-menu\/link-title":"","advanced-sidebar-menu\/exclude-page":false},"class_list":["post-27","page","type-page","status-publish","hentry","has-post-title","has-post-date","has-post-category","has-post-tag","has-post-comment","has-post-author",""],"yoast_head":"<!-- This site is optimized with the Yoast SEO plugin v26.9 - https:\/\/yoast.com\/product\/yoast-seo-wordpress\/ -->\n<title>Kneipp-Verein Bad Schlema - Kneipp Bad Schlema<\/title>\n<meta name=\"description\" content=\"Der Kneipp-Verein Bad Schlema informiert Sie rund um das Thema &quot;Kneipp Bad Schlema&quot; und \u00fcber aktuelle Veranstaltungen hierzu.\" \/>\n<meta name=\"robots\" content=\"index, follow, max-snippet:-1, max-image-preview:large, max-video-preview:-1\" \/>\n<link rel=\"canonical\" href=\"https:\/\/www.kneipp-sachsen.de\/bad-schlema\/\" \/>\n<meta property=\"og:locale\" content=\"de_DE\" \/>\n<meta property=\"og:type\" content=\"article\" \/>\n<meta property=\"og:title\" content=\"Kneipp-Verein Bad Schlema - Kneipp Bad Schlema\" \/>\n<meta property=\"og:description\" content=\"Der Kneipp-Verein Bad Schlema informiert Sie rund um das Thema &quot;Kneipp Bad Schlema&quot; und \u00fcber aktuelle Veranstaltungen hierzu.\" \/>\n<meta property=\"og:url\" content=\"https:\/\/www.kneipp-sachsen.de\/bad-schlema\/\" \/>\n<meta property=\"og:site_name\" content=\"Kneipp Bad Schlema\" \/>\n<meta property=\"article:modified_time\" content=\"2023-09-12T10:43:36+00:00\" \/>\n<meta property=\"og:image\" content=\"https:\/\/www.kneipp-sachsen.de\/wpkneipp2021\/wp-content\/uploads\/2021\/04\/Kneipsche-Naturheilverfahren.png\" \/>\n<meta name=\"twitter:card\" content=\"summary_large_image\" \/>\n<script type=\"application\/ld+json\" class=\"yoast-schema-graph\">{\"@context\":\"https:\/\/schema.org\",\"@graph\":[{\"@type\":\"WebPage\",\"@id\":\"https:\/\/www.kneipp-sachsen.de\/bad-schlema\/\",\"url\":\"https:\/\/www.kneipp-sachsen.de\/bad-schlema\/\",\"name\":\"Kneipp-Verein Bad Schlema - Kneipp Bad Schlema\",\"isPartOf\":{\"@id\":\"https:\/\/www.kneipp-sachsen.de\/bad-schlema\/#website\"},\"primaryImageOfPage\":{\"@id\":\"https:\/\/www.kneipp-sachsen.de\/bad-schlema\/#primaryimage\"},\"image\":{\"@id\":\"https:\/\/www.kneipp-sachsen.de\/bad-schlema\/#primaryimage\"},\"thumbnailUrl\":\"https:\/\/www.kneipp-sachsen.de\/bad-schlema\/wp-content\/uploads\/2023\/01\/Kneippsche-Elemente_mit-Schrift.png\",\"datePublished\":\"2021-07-26T20:38:43+00:00\",\"dateModified\":\"2023-09-12T10:43:36+00:00\",\"description\":\"Der Kneipp-Verein Bad Schlema informiert Sie rund um das Thema \\\"Kneipp Bad Schlema\\\" und \u00fcber aktuelle Veranstaltungen hierzu.\",\"breadcrumb\":{\"@id\":\"https:\/\/www.kneipp-sachsen.de\/bad-schlema\/#breadcrumb\"},\"inLanguage\":\"de\",\"potentialAction\":[{\"@type\":\"ReadAction\",\"target\":[\"https:\/\/www.kneipp-sachsen.de\/bad-schlema\/\"]}]},{\"@type\":\"ImageObject\",\"inLanguage\":\"de\",\"@id\":\"https:\/\/www.kneipp-sachsen.de\/bad-schlema\/#primaryimage\",\"url\":\"https:\/\/www.kneipp-sachsen.de\/bad-schlema\/wp-content\/uploads\/2023\/01\/Kneippsche-Elemente_mit-Schrift.png\",\"contentUrl\":\"https:\/\/www.kneipp-sachsen.de\/bad-schlema\/wp-content\/uploads\/2023\/01\/Kneippsche-Elemente_mit-Schrift.png\",\"width\":3372,\"height\":750},{\"@type\":\"BreadcrumbList\",\"@id\":\"https:\/\/www.kneipp-sachsen.de\/bad-schlema\/#breadcrumb\",\"itemListElement\":[{\"@type\":\"ListItem\",\"position\":1,\"name\":\"Startseite\",\"item\":\"https:\/\/www.kneipp-sachsen.de\/bad-schlema\/\"},{\"@type\":\"ListItem\",\"position\":2,\"name\":\"Startseite\"}]},{\"@type\":\"WebSite\",\"@id\":\"https:\/\/www.kneipp-sachsen.de\/bad-schlema\/#website\",\"url\":\"https:\/\/www.kneipp-sachsen.de\/bad-schlema\/\",\"name\":\"Kneipp-Verein Bad Schlema e.V.\",\"description\":\"Eine weitere WordPress-Website\",\"potentialAction\":[{\"@type\":\"SearchAction\",\"target\":{\"@type\":\"EntryPoint\",\"urlTemplate\":\"https:\/\/www.kneipp-sachsen.de\/bad-schlema\/?s={search_term_string}\"},\"query-input\":{\"@type\":\"PropertyValueSpecification\",\"valueRequired\":true,\"valueName\":\"search_term_string\"}}],\"inLanguage\":\"de\"}]}<\/script>\n<!-- \/ Yoast SEO plugin. -->","yoast_head_json":{"title":"Kneipp-Verein Bad Schlema - Kneipp Bad Schlema","description":"Der Kneipp-Verein Bad Schlema informiert Sie rund um das Thema \"Kneipp Bad Schlema\" und \u00fcber aktuelle Veranstaltungen hierzu.","robots":{"index":"index","follow":"follow","max-snippet":"max-snippet:-1","max-image-preview":"max-image-preview:large","max-video-preview":"max-video-preview:-1"},"canonical":"https:\/\/www.kneipp-sachsen.de\/bad-schlema\/","og_locale":"de_DE","og_type":"article","og_title":"Kneipp-Verein Bad Schlema - Kneipp Bad Schlema","og_description":"Der Kneipp-Verein Bad Schlema informiert Sie rund um das Thema \"Kneipp Bad Schlema\" und \u00fcber aktuelle Veranstaltungen hierzu.","og_url":"https:\/\/www.kneipp-sachsen.de\/bad-schlema\/","og_site_name":"Kneipp Bad Schlema","article_modified_time":"2023-09-12T10:43:36+00:00","og_image":[{"url":"https:\/\/www.kneipp-sachsen.de\/wpkneipp2021\/wp-content\/uploads\/2021\/04\/Kneipsche-Naturheilverfahren.png","type":"","width":"","height":""}],"twitter_card":"summary_large_image","schema":{"@context":"https:\/\/schema.org","@graph":[{"@type":"WebPage","@id":"https:\/\/www.kneipp-sachsen.de\/bad-schlema\/","url":"https:\/\/www.kneipp-sachsen.de\/bad-schlema\/","name":"Kneipp-Verein Bad Schlema - Kneipp Bad Schlema","isPartOf":{"@id":"https:\/\/www.kneipp-sachsen.de\/bad-schlema\/#website"},"primaryImageOfPage":{"@id":"https:\/\/www.kneipp-sachsen.de\/bad-schlema\/#primaryimage"},"image":{"@id":"https:\/\/www.kneipp-sachsen.de\/bad-schlema\/#primaryimage"},"thumbnailUrl":"https:\/\/www.kneipp-sachsen.de\/bad-schlema\/wp-content\/uploads\/2023\/01\/Kneippsche-Elemente_mit-Schrift.png","datePublished":"2021-07-26T20:38:43+00:00","dateModified":"2023-09-12T10:43:36+00:00","description":"Der Kneipp-Verein Bad Schlema informiert Sie rund um das Thema \"Kneipp Bad Schlema\" und \u00fcber aktuelle Veranstaltungen hierzu.","breadcrumb":{"@id":"https:\/\/www.kneipp-sachsen.de\/bad-schlema\/#breadcrumb"},"inLanguage":"de","potentialAction":[{"@type":"ReadAction","target":["https:\/\/www.kneipp-sachsen.de\/bad-schlema\/"]}]},{"@type":"ImageObject","inLanguage":"de","@id":"https:\/\/www.kneipp-sachsen.de\/bad-schlema\/#primaryimage","url":"https:\/\/www.kneipp-sachsen.de\/bad-schlema\/wp-content\/uploads\/2023\/01\/Kneippsche-Elemente_mit-Schrift.png","contentUrl":"https:\/\/www.kneipp-sachsen.de\/bad-schlema\/wp-content\/uploads\/2023\/01\/Kneippsche-Elemente_mit-Schrift.png","width":3372,"height":750},{"@type":"BreadcrumbList","@id":"https:\/\/www.kneipp-sachsen.de\/bad-schlema\/#breadcrumb","itemListElement":[{"@type":"ListItem","position":1,"name":"Startseite","item":"https:\/\/www.kneipp-sachsen.de\/bad-schlema\/"},{"@type":"ListItem","position":2,"name":"Startseite"}]},{"@type":"WebSite","@id":"https:\/\/www.kneipp-sachsen.de\/bad-schlema\/#website","url":"https:\/\/www.kneipp-sachsen.de\/bad-schlema\/","name":"Kneipp-Verein Bad Schlema e.V.","description":"Eine weitere WordPress-Website","potentialAction":[{"@type":"SearchAction","target":{"@type":"EntryPoint","urlTemplate":"https:\/\/www.kneipp-sachsen.de\/bad-schlema\/?s={search_term_string}"},"query-input":{"@type":"PropertyValueSpecification","valueRequired":true,"valueName":"search_term_string"}}],"inLanguage":"de"}]}},"builder_content":"<h1>Herzlich willkommen beim Kneipp-Verein Bad Schlema e.V.<br\/>Der Kneipp-Verein Bad Schlema e.V. informiert Sie \u00fcber aktuelle Angebote im Verein<\/h1>\n<img src=\"https:\/\/www.kneipp-sachsen.de\/bad-schlema\/wp-content\/uploads\/2023\/01\/Kneippsche-Elemente_mit-Schrift.png\" title=\"Kneippsche-Elemente_mit-Schrift\" alt=\"Kneipp Bad Schlema\" srcset=\"https:\/\/www.kneipp-sachsen.de\/bad-schlema\/wp-content\/uploads\/2023\/01\/Kneippsche-Elemente_mit-Schrift.png 3372w, https:\/\/www.kneipp-sachsen.de\/bad-schlema\/wp-content\/uploads\/2023\/01\/Kneippsche-Elemente_mit-Schrift-300x67.png 300w, https:\/\/www.kneipp-sachsen.de\/bad-schlema\/wp-content\/uploads\/2023\/01\/Kneippsche-Elemente_mit-Schrift-1024x228.png 1024w, https:\/\/www.kneipp-sachsen.de\/bad-schlema\/wp-content\/uploads\/2023\/01\/Kneippsche-Elemente_mit-Schrift-768x171.png 768w, https:\/\/www.kneipp-sachsen.de\/bad-schlema\/wp-content\/uploads\/2023\/01\/Kneippsche-Elemente_mit-Schrift-1536x342.png 1536w, https:\/\/www.kneipp-sachsen.de\/bad-schlema\/wp-content\/uploads\/2023\/01\/Kneippsche-Elemente_mit-Schrift-2048x456.png 2048w\" sizes=\"(max-width: 3372px) 100vw, 3372px\" \/>\n\n<h3>Unser Ziel: gesunde Menschen<br\/><\/h3>\n<p>Ein gesundes Leben im Einklang mit der Natur f\u00fchren und auf diese Art aktiv vorbeugen und Heilung finden. Diesen ganzheitlichen Ansatz hat Sebastian Kneipp (1821 bis 1897) vor 150 Jahren zur Grundlage seiner umfassenden Heilverfahren gemacht - mit Erfolg.<\/p>\n\n<h3>Wir bringen Bewegung ins Leben<br\/><\/h3>\n<p>Das Kneippsche Gesundheitskonzept hat \u00fcberdauert und sich stetig weiter entwickelt. Aus der urspr\u00fcnglichen Wasser- und Kr\u00e4uterheilkunde entstand ein ganzes und hoch anerkanntes Gesundheitskonzept. Leben nach Kneipp ist einfach, kostet fast nichts - nicht einmal viel Zeit - und bringt den Menschen in Bewegung. Das macht gesund (oder noch ges\u00fcnder), bewirkt ein hoch wirksames Immunsystem, umfassende Fitness, \u00fcberdurchschnittliche Stressresistenz und gute Stimmung. Ideal f\u00fcr jedes Alter, jeden Geldbeutel, jeden Bildungsstand, jede Lebenseinstellung - und gleicherma\u00dfen f\u00fcr Gesunde und Kranke.<\/p>","_links":{"self":[{"href":"https:\/\/www.kneipp-sachsen.de\/bad-schlema\/wp-json\/wp\/v2\/pages\/27","targetHints":{"allow":["GET"]}}],"collection":[{"href":"https:\/\/www.kneipp-sachsen.de\/bad-schlema\/wp-json\/wp\/v2\/pages"}],"about":[{"href":"https:\/\/www.kneipp-sachsen.de\/bad-schlema\/wp-json\/wp\/v2\/types\/page"}],"author":[{"embeddable":true,"href":"https:\/\/www.kneipp-sachsen.de\/bad-schlema\/wp-json\/wp\/v2\/users\/2"}],"replies":[{"embeddable":true,"href":"https:\/\/www.kneipp-sachsen.de\/bad-schlema\/wp-json\/wp\/v2\/comments?post=27"}],"version-history":[{"count":31,"href":"https:\/\/www.kneipp-sachsen.de\/bad-schlema\/wp-json\/wp\/v2\/pages\/27\/revisions"}],"predecessor-version":[{"id":441,"href":"https:\/\/www.kneipp-sachsen.de\/bad-schlema\/wp-json\/wp\/v2\/pages\/27\/revisions\/441"}],"wp:attachment":[{"href":"https:\/\/www.kneipp-sachsen.de\/bad-schlema\/wp-json\/wp\/v2\/media?parent=27"}],"curies":[{"name":"wp","href":"https:\/\/api.w.org\/{rel}","templated":true}]}}