{"id":36,"date":"2021-07-26T22:43:55","date_gmt":"2021-07-26T20:43:55","guid":{"rendered":"https:\/\/www.kneipp-sachsen.de\/bad-schlema\/?page_id=36"},"modified":"2021-08-26T15:11:22","modified_gmt":"2021-08-26T13:11:22","slug":"kita","status":"publish","type":"page","link":"https:\/\/www.kneipp-sachsen.de\/bad-schlema\/kita\/","title":{"rendered":"Kneipp-Knirpse"},"content":{"rendered":"<!--themify_builder_content-->\n<div id=\"themify_builder_content-36\" data-postid=\"36\" class=\"themify_builder_content themify_builder_content-36 themify_builder tf_clear\">\n                    <div  data-lazy=\"1\" class=\"module_row themify_builder_row tb_ad6r233 tb_first tf_w\">\n                        <div class=\"row_inner col_align_top tb_col_count_1 tf_box tf_rel\">\n                        <div  data-lazy=\"1\" class=\"module_column tb-column col-full tb_pc61237 first\">\n                    <!-- module fancy heading -->\n<div  class=\"module module-fancy-heading tb_khtw245 \" data-lazy=\"1\">\n        <h1 class=\"fancy-heading\">\n    <span class=\"main-head tf_block\">\n                    Kneipp-Knirpse            <\/span>\n\n    \n    <span class=\"sub-head tf_block tf_rel\">\n                    Kneipp-Knirpse gibt es in Gruppen von 1-3 und 3-4 Jahre            <\/span>\n    <\/h1>\n<\/div>\n<!-- \/module fancy heading -->\n        <div  data-lazy=\"1\" class=\"module_subrow themify_builder_sub_row tf_w col_align_top tb_col_count_2 tb_sw1l579\">\n                <div  data-lazy=\"1\" class=\"module_column sub_column col2-1 tb_9isp580 first\">\n                    <!-- module image -->\n<div  class=\"module module-image tb_3ytl164 image-top   tf_mw\" data-lazy=\"1\">\n        <div class=\"image-wrap tf_rel tf_mw\">\n            <img loading=\"lazy\" decoding=\"async\" width=\"515\" height=\"600\" src=\"https:\/\/www.kneipp-sachsen.de\/bad-schlema\/wp-content\/uploads\/2021\/08\/anerkannte-Kita.jpg\" class=\"wp-post-image wp-image-176\" title=\"anerkannte Kita\" alt=\"anerkannte Kita\" srcset=\"https:\/\/www.kneipp-sachsen.de\/bad-schlema\/wp-content\/uploads\/2021\/08\/anerkannte-Kita.jpg 515w, https:\/\/www.kneipp-sachsen.de\/bad-schlema\/wp-content\/uploads\/2021\/08\/anerkannte-Kita-258x300.jpg 258w\" sizes=\"auto, (max-width: 515px) 100vw, 515px\" \/>    \n        <\/div>\n    <!-- \/image-wrap -->\n    \n        <\/div>\n<!-- \/module image -->        <\/div>\n                    <div  data-lazy=\"1\" class=\"module_column sub_column col2-1 tb_eriv581 last\">\n                    <!-- module image -->\n<div  class=\"module module-image tb_fgas461 image-top   tf_mw\" data-lazy=\"1\">\n        <div class=\"image-wrap tf_rel tf_mw\">\n            <img loading=\"lazy\" decoding=\"async\" width=\"800\" height=\"387\" src=\"https:\/\/www.kneipp-sachsen.de\/bad-schlema\/wp-content\/uploads\/2021\/08\/Kita-Kneipp-Knirpse-Bad-Schlema_2.jpg\" class=\"wp-post-image wp-image-175\" title=\"Kita Kneipp Knirpse Bad Schlema_2\" alt=\"Kita Kneipp Knirpse Bad Schlema_2\" srcset=\"https:\/\/www.kneipp-sachsen.de\/bad-schlema\/wp-content\/uploads\/2021\/08\/Kita-Kneipp-Knirpse-Bad-Schlema_2.jpg 800w, https:\/\/www.kneipp-sachsen.de\/bad-schlema\/wp-content\/uploads\/2021\/08\/Kita-Kneipp-Knirpse-Bad-Schlema_2-300x145.jpg 300w, https:\/\/www.kneipp-sachsen.de\/bad-schlema\/wp-content\/uploads\/2021\/08\/Kita-Kneipp-Knirpse-Bad-Schlema_2-768x372.jpg 768w\" sizes=\"auto, (max-width: 800px) 100vw, 800px\" \/>    \n        <\/div>\n    <!-- \/image-wrap -->\n    \n        <\/div>\n<!-- \/module image -->        <\/div>\n                    <\/div>\n                <div  data-lazy=\"1\" class=\"module_subrow themify_builder_sub_row tf_w col_align_top tb_col_count_1 tb_at1i239\">\n                <div  data-lazy=\"1\" class=\"module_column sub_column col-full tb_zwic243 first\">\n                    <!-- module text -->\n<div  class=\"module module-text tb_1s96250  repeat \" data-lazy=\"1\">\n    <h3 class=\"module-title\">Kneipp-Knirpse<\/h3>    <div  class=\"tb_text_wrap\">\n        <p>Unsere Kita ist schon etwas Besonderes, denn wir uns d\u00fcrfen seit Juni 2002 \u201evom Kneipp-Bund e.V. anerkannte Kindertagesst\u00e4tte\u201c nennen und tragen seit dem den Namen Kneipp-Knirpse\u201c. Unser Vorbild ist Sebastian Kneipp, der den gesamten Menschen in sein Gesundheitskonzept mit den f\u00fcnf S\u00e4ulen \u2013 <a href=\"https:\/\/www.kneipp-sachsen.de\/bad-schlema\/kneipp-therapie\/\">Wasser, Kr\u00e4uter, Bewegung, Ern\u00e4hrung und innere Ordnung<\/a>.<\/p>\n<p>Bei uns lernen die Kinder im Alter von 1 Jahr bis zum Schulanfang nach und nach ganz spielerisch, wie man gesund und naturverbunden lebt und sich ern\u00e4hrt, wie man mit sich selbst, mit anderen Menschen, aber auch mit der Natur<\/p>\n<p>verantwortungsvoll umgeht. Auch Naturheilverfahren<\/p>\n<p>wie Abh\u00e4rtungsma\u00dfnahmen, die Verwendung von Kr\u00e4utern und Heilpflanzen spielen bei uns eine gro\u00dfe Rolle.<\/p>\n<p>Unsere Gruppen sind im Alter gemischt. Wir haben zwei Krippengruppen (1-3) mit jeweils zwei Erzieherinnen und 4 Kindergartengruppen (3-6) mit einer Gruppenerzieher*in.<\/p>\n<p>Besonders sind unsere Vorschulangebote zu nennen. So k\u00f6nnen die Kinder zus\u00e4tzlich zur Vorschule kostenlos am Vorschulschwimmen, an der musikalischen Fr\u00fcherziehung und am Sportangebot teilnehmen. Erw\u00e4hnenswert ist auch die Fahrradtour, die unsere Vorsch\u00fcler zum Kindergartenende durch unseren Heimatort unternehmen. Und noch viele andere sch\u00f6ne Dinge, die die Kindergartenzeit unvergesslich machen!<\/p>\n<p>Gro\u00dfe Kreisstadt Aue-Bad Schlema<br \/>Kindertagesst\u00e4tte Kneipp-Knirpse<br \/>Am Kohlweg 4<br \/>08301 Bad Schlema<\/p>\n<p>Tel.: 03772\/22404<br \/>Mail: <a href=\"mailto:kita_kneipp-knirpse@t-online.de\">kita_kneipp-knirpse@t-online.de<\/a><\/p>\n<p>Leitung: Ines Menzer<\/p>    <\/div>\n<\/div>\n<!-- \/module text -->        <\/div>\n                    <\/div>\n                <\/div>\n                        <\/div>\n        <\/div>\n        <\/div>\n<!--\/themify_builder_content-->","protected":false},"excerpt":{"rendered":"<p>Kneipp-KnirpseKneipp-Knirpse gibt es in Gruppen von 1-3 und 3-4 Jahre Kneipp-Knirpse Unsere Kita ist schon etwas Besonderes, denn wir uns d\u00fcrfen seit Juni 2002 \u201evom Kneipp-Bund e.V. anerkannte Kindertagesst\u00e4tte\u201c nennen und tragen seit dem den Namen Kneipp-Knirpse\u201c. Unser Vorbild ist Sebastian Kneipp, der den gesamten Menschen in sein Gesundheitskonzept mit den f\u00fcnf S\u00e4ulen \u2013 Wasser, [&hellip;]<\/p>\n","protected":false},"author":2,"featured_media":0,"parent":0,"menu_order":0,"comment_status":"closed","ping_status":"closed","template":"","meta":{"footnotes":"","advanced-sidebar-menu\/link-title":"","advanced-sidebar-menu\/exclude-page":false},"class_list":["post-36","page","type-page","status-publish","hentry","has-post-title","has-post-date","has-post-category","has-post-tag","has-post-comment","has-post-author",""],"yoast_head":"<!-- This site is optimized with the Yoast SEO plugin v26.9 - https:\/\/yoast.com\/product\/yoast-seo-wordpress\/ -->\n<title>Kneipp-Knirpse eine vom Kneipp-Bund zertifizierte Kita in Sachsen<\/title>\n<meta name=\"description\" content=\"Die Kita Kneipp-Knirpse lehrt Kneipps Gesundheitskonzept - mit den S\u00e4ulen - Wasser, Kr\u00e4uter, Bewegung, Ern\u00e4hrung und innere Ordnung.\" \/>\n<meta name=\"robots\" content=\"index, follow, max-snippet:-1, max-image-preview:large, max-video-preview:-1\" \/>\n<link rel=\"canonical\" href=\"https:\/\/www.kneipp-sachsen.de\/bad-schlema\/kita\/\" \/>\n<meta property=\"og:locale\" content=\"de_DE\" \/>\n<meta property=\"og:type\" content=\"article\" \/>\n<meta property=\"og:title\" content=\"Kneipp-Knirpse eine vom Kneipp-Bund zertifizierte Kita in Sachsen\" \/>\n<meta property=\"og:description\" content=\"Die Kita Kneipp-Knirpse lehrt Kneipps Gesundheitskonzept - mit den S\u00e4ulen - Wasser, Kr\u00e4uter, Bewegung, Ern\u00e4hrung und innere Ordnung.\" \/>\n<meta property=\"og:url\" content=\"https:\/\/www.kneipp-sachsen.de\/bad-schlema\/kita\/\" \/>\n<meta property=\"og:site_name\" content=\"Kneipp Bad Schlema\" \/>\n<meta property=\"article:modified_time\" content=\"2021-08-26T13:11:22+00:00\" \/>\n<meta property=\"og:image\" content=\"https:\/\/www.kneipp-sachsen.de\/bad-schlema\/wp-content\/uploads\/2021\/08\/anerkannte-Kita.jpg\" \/>\n<meta name=\"twitter:card\" content=\"summary_large_image\" \/>\n<script type=\"application\/ld+json\" class=\"yoast-schema-graph\">{\"@context\":\"https:\/\/schema.org\",\"@graph\":[{\"@type\":\"WebPage\",\"@id\":\"https:\/\/www.kneipp-sachsen.de\/bad-schlema\/kita\/\",\"url\":\"https:\/\/www.kneipp-sachsen.de\/bad-schlema\/kita\/\",\"name\":\"Kneipp-Knirpse eine vom Kneipp-Bund zertifizierte Kita in Sachsen\",\"isPartOf\":{\"@id\":\"https:\/\/www.kneipp-sachsen.de\/bad-schlema\/#website\"},\"primaryImageOfPage\":{\"@id\":\"https:\/\/www.kneipp-sachsen.de\/bad-schlema\/kita\/#primaryimage\"},\"image\":{\"@id\":\"https:\/\/www.kneipp-sachsen.de\/bad-schlema\/kita\/#primaryimage\"},\"thumbnailUrl\":\"https:\/\/www.kneipp-sachsen.de\/bad-schlema\/wp-content\/uploads\/2021\/08\/anerkannte-Kita.jpg\",\"datePublished\":\"2021-07-26T20:43:55+00:00\",\"dateModified\":\"2021-08-26T13:11:22+00:00\",\"description\":\"Die Kita Kneipp-Knirpse lehrt Kneipps Gesundheitskonzept - mit den S\u00e4ulen - Wasser, Kr\u00e4uter, Bewegung, Ern\u00e4hrung und innere Ordnung.\",\"breadcrumb\":{\"@id\":\"https:\/\/www.kneipp-sachsen.de\/bad-schlema\/kita\/#breadcrumb\"},\"inLanguage\":\"de\",\"potentialAction\":[{\"@type\":\"ReadAction\",\"target\":[\"https:\/\/www.kneipp-sachsen.de\/bad-schlema\/kita\/\"]}]},{\"@type\":\"ImageObject\",\"inLanguage\":\"de\",\"@id\":\"https:\/\/www.kneipp-sachsen.de\/bad-schlema\/kita\/#primaryimage\",\"url\":\"https:\/\/www.kneipp-sachsen.de\/bad-schlema\/wp-content\/uploads\/2021\/08\/anerkannte-Kita.jpg\",\"contentUrl\":\"https:\/\/www.kneipp-sachsen.de\/bad-schlema\/wp-content\/uploads\/2021\/08\/anerkannte-Kita.jpg\",\"width\":515,\"height\":600},{\"@type\":\"BreadcrumbList\",\"@id\":\"https:\/\/www.kneipp-sachsen.de\/bad-schlema\/kita\/#breadcrumb\",\"itemListElement\":[{\"@type\":\"ListItem\",\"position\":1,\"name\":\"Startseite\",\"item\":\"https:\/\/www.kneipp-sachsen.de\/bad-schlema\/\"},{\"@type\":\"ListItem\",\"position\":2,\"name\":\"Kneipp-Knirpse\"}]},{\"@type\":\"WebSite\",\"@id\":\"https:\/\/www.kneipp-sachsen.de\/bad-schlema\/#website\",\"url\":\"https:\/\/www.kneipp-sachsen.de\/bad-schlema\/\",\"name\":\"Kneipp-Verein Bad Schlema e.V.\",\"description\":\"Eine weitere WordPress-Website\",\"potentialAction\":[{\"@type\":\"SearchAction\",\"target\":{\"@type\":\"EntryPoint\",\"urlTemplate\":\"https:\/\/www.kneipp-sachsen.de\/bad-schlema\/?s={search_term_string}\"},\"query-input\":{\"@type\":\"PropertyValueSpecification\",\"valueRequired\":true,\"valueName\":\"search_term_string\"}}],\"inLanguage\":\"de\"}]}<\/script>\n<!-- \/ Yoast SEO plugin. -->","yoast_head_json":{"title":"Kneipp-Knirpse eine vom Kneipp-Bund zertifizierte Kita in Sachsen","description":"Die Kita Kneipp-Knirpse lehrt Kneipps Gesundheitskonzept - mit den S\u00e4ulen - Wasser, Kr\u00e4uter, Bewegung, Ern\u00e4hrung und innere Ordnung.","robots":{"index":"index","follow":"follow","max-snippet":"max-snippet:-1","max-image-preview":"max-image-preview:large","max-video-preview":"max-video-preview:-1"},"canonical":"https:\/\/www.kneipp-sachsen.de\/bad-schlema\/kita\/","og_locale":"de_DE","og_type":"article","og_title":"Kneipp-Knirpse eine vom Kneipp-Bund zertifizierte Kita in Sachsen","og_description":"Die Kita Kneipp-Knirpse lehrt Kneipps Gesundheitskonzept - mit den S\u00e4ulen - Wasser, Kr\u00e4uter, Bewegung, Ern\u00e4hrung und innere Ordnung.","og_url":"https:\/\/www.kneipp-sachsen.de\/bad-schlema\/kita\/","og_site_name":"Kneipp Bad Schlema","article_modified_time":"2021-08-26T13:11:22+00:00","og_image":[{"url":"https:\/\/www.kneipp-sachsen.de\/bad-schlema\/wp-content\/uploads\/2021\/08\/anerkannte-Kita.jpg","type":"","width":"","height":""}],"twitter_card":"summary_large_image","schema":{"@context":"https:\/\/schema.org","@graph":[{"@type":"WebPage","@id":"https:\/\/www.kneipp-sachsen.de\/bad-schlema\/kita\/","url":"https:\/\/www.kneipp-sachsen.de\/bad-schlema\/kita\/","name":"Kneipp-Knirpse eine vom Kneipp-Bund zertifizierte Kita in Sachsen","isPartOf":{"@id":"https:\/\/www.kneipp-sachsen.de\/bad-schlema\/#website"},"primaryImageOfPage":{"@id":"https:\/\/www.kneipp-sachsen.de\/bad-schlema\/kita\/#primaryimage"},"image":{"@id":"https:\/\/www.kneipp-sachsen.de\/bad-schlema\/kita\/#primaryimage"},"thumbnailUrl":"https:\/\/www.kneipp-sachsen.de\/bad-schlema\/wp-content\/uploads\/2021\/08\/anerkannte-Kita.jpg","datePublished":"2021-07-26T20:43:55+00:00","dateModified":"2021-08-26T13:11:22+00:00","description":"Die Kita Kneipp-Knirpse lehrt Kneipps Gesundheitskonzept - mit den S\u00e4ulen - Wasser, Kr\u00e4uter, Bewegung, Ern\u00e4hrung und innere Ordnung.","breadcrumb":{"@id":"https:\/\/www.kneipp-sachsen.de\/bad-schlema\/kita\/#breadcrumb"},"inLanguage":"de","potentialAction":[{"@type":"ReadAction","target":["https:\/\/www.kneipp-sachsen.de\/bad-schlema\/kita\/"]}]},{"@type":"ImageObject","inLanguage":"de","@id":"https:\/\/www.kneipp-sachsen.de\/bad-schlema\/kita\/#primaryimage","url":"https:\/\/www.kneipp-sachsen.de\/bad-schlema\/wp-content\/uploads\/2021\/08\/anerkannte-Kita.jpg","contentUrl":"https:\/\/www.kneipp-sachsen.de\/bad-schlema\/wp-content\/uploads\/2021\/08\/anerkannte-Kita.jpg","width":515,"height":600},{"@type":"BreadcrumbList","@id":"https:\/\/www.kneipp-sachsen.de\/bad-schlema\/kita\/#breadcrumb","itemListElement":[{"@type":"ListItem","position":1,"name":"Startseite","item":"https:\/\/www.kneipp-sachsen.de\/bad-schlema\/"},{"@type":"ListItem","position":2,"name":"Kneipp-Knirpse"}]},{"@type":"WebSite","@id":"https:\/\/www.kneipp-sachsen.de\/bad-schlema\/#website","url":"https:\/\/www.kneipp-sachsen.de\/bad-schlema\/","name":"Kneipp-Verein Bad Schlema e.V.","description":"Eine weitere WordPress-Website","potentialAction":[{"@type":"SearchAction","target":{"@type":"EntryPoint","urlTemplate":"https:\/\/www.kneipp-sachsen.de\/bad-schlema\/?s={search_term_string}"},"query-input":{"@type":"PropertyValueSpecification","valueRequired":true,"valueName":"search_term_string"}}],"inLanguage":"de"}]}},"builder_content":"<h1>Kneipp-Knirpse<br\/>Kneipp-Knirpse gibt es in Gruppen von 1-3 und 3-4 Jahre<\/h1>\n<img src=\"https:\/\/www.kneipp-sachsen.de\/bad-schlema\/wp-content\/uploads\/2021\/08\/anerkannte-Kita.jpg\" title=\"anerkannte Kita\" alt=\"anerkannte Kita\" srcset=\"https:\/\/www.kneipp-sachsen.de\/bad-schlema\/wp-content\/uploads\/2021\/08\/anerkannte-Kita.jpg 515w, https:\/\/www.kneipp-sachsen.de\/bad-schlema\/wp-content\/uploads\/2021\/08\/anerkannte-Kita-258x300.jpg 258w\" sizes=\"(max-width: 515px) 100vw, 515px\" \/>\n<img src=\"https:\/\/www.kneipp-sachsen.de\/bad-schlema\/wp-content\/uploads\/2021\/08\/Kita-Kneipp-Knirpse-Bad-Schlema_2.jpg\" title=\"Kita Kneipp Knirpse Bad Schlema_2\" alt=\"Kita Kneipp Knirpse Bad Schlema_2\" srcset=\"https:\/\/www.kneipp-sachsen.de\/bad-schlema\/wp-content\/uploads\/2021\/08\/Kita-Kneipp-Knirpse-Bad-Schlema_2.jpg 800w, https:\/\/www.kneipp-sachsen.de\/bad-schlema\/wp-content\/uploads\/2021\/08\/Kita-Kneipp-Knirpse-Bad-Schlema_2-300x145.jpg 300w, https:\/\/www.kneipp-sachsen.de\/bad-schlema\/wp-content\/uploads\/2021\/08\/Kita-Kneipp-Knirpse-Bad-Schlema_2-768x372.jpg 768w\" sizes=\"(max-width: 800px) 100vw, 800px\" \/>\n<h3>Kneipp-Knirpse<\/h3> <p>Unsere Kita ist schon etwas Besonderes, denn wir uns d\u00fcrfen seit Juni 2002 \u201evom Kneipp-Bund e.V. anerkannte Kindertagesst\u00e4tte\u201c nennen und tragen seit dem den Namen Kneipp-Knirpse\u201c. Unser Vorbild ist Sebastian Kneipp, der den gesamten Menschen in sein Gesundheitskonzept mit den f\u00fcnf S\u00e4ulen \u2013 <a href=\"https:\/\/www.kneipp-sachsen.de\/bad-schlema\/kneipp-therapie\/\">Wasser, Kr\u00e4uter, Bewegung, Ern\u00e4hrung und innere Ordnung<\/a>.<\/p> <p>Bei uns lernen die Kinder im Alter von 1 Jahr bis zum Schulanfang nach und nach ganz spielerisch, wie man gesund und naturverbunden lebt und sich ern\u00e4hrt, wie man mit sich selbst, mit anderen Menschen, aber auch mit der Natur<\/p> <p>verantwortungsvoll umgeht. Auch Naturheilverfahren<\/p> <p>wie Abh\u00e4rtungsma\u00dfnahmen, die Verwendung von Kr\u00e4utern und Heilpflanzen spielen bei uns eine gro\u00dfe Rolle.<\/p> <p>Unsere Gruppen sind im Alter gemischt. Wir haben zwei Krippengruppen (1-3) mit jeweils zwei Erzieherinnen und 4 Kindergartengruppen (3-6) mit einer Gruppenerzieher*in.<\/p> <p>Besonders sind unsere Vorschulangebote zu nennen. So k\u00f6nnen die Kinder zus\u00e4tzlich zur Vorschule kostenlos am Vorschulschwimmen, an der musikalischen Fr\u00fcherziehung und am Sportangebot teilnehmen. Erw\u00e4hnenswert ist auch die Fahrradtour, die unsere Vorsch\u00fcler zum Kindergartenende durch unseren Heimatort unternehmen. Und noch viele andere sch\u00f6ne Dinge, die die Kindergartenzeit unvergesslich machen!<\/p> <p>Gro\u00dfe Kreisstadt Aue-Bad Schlema<br \/>Kindertagesst\u00e4tte Kneipp-Knirpse<br \/>Am Kohlweg 4<br \/>08301 Bad Schlema<\/p> <p>Tel.: 03772\/22404<br \/>Mail: <a href=\"mailto:kita_kneipp-knirpse@t-online.de\">kita_kneipp-knirpse@t-online.de<\/a><\/p> <p>Leitung: Ines Menzer<\/p>","_links":{"self":[{"href":"https:\/\/www.kneipp-sachsen.de\/bad-schlema\/wp-json\/wp\/v2\/pages\/36","targetHints":{"allow":["GET"]}}],"collection":[{"href":"https:\/\/www.kneipp-sachsen.de\/bad-schlema\/wp-json\/wp\/v2\/pages"}],"about":[{"href":"https:\/\/www.kneipp-sachsen.de\/bad-schlema\/wp-json\/wp\/v2\/types\/page"}],"author":[{"embeddable":true,"href":"https:\/\/www.kneipp-sachsen.de\/bad-schlema\/wp-json\/wp\/v2\/users\/2"}],"replies":[{"embeddable":true,"href":"https:\/\/www.kneipp-sachsen.de\/bad-schlema\/wp-json\/wp\/v2\/comments?post=36"}],"version-history":[{"count":21,"href":"https:\/\/www.kneipp-sachsen.de\/bad-schlema\/wp-json\/wp\/v2\/pages\/36\/revisions"}],"predecessor-version":[{"id":191,"href":"https:\/\/www.kneipp-sachsen.de\/bad-schlema\/wp-json\/wp\/v2\/pages\/36\/revisions\/191"}],"wp:attachment":[{"href":"https:\/\/www.kneipp-sachsen.de\/bad-schlema\/wp-json\/wp\/v2\/media?parent=36"}],"curies":[{"name":"wp","href":"https:\/\/api.w.org\/{rel}","templated":true}]}}