{"id":58,"date":"2021-07-26T22:55:24","date_gmt":"2021-07-26T20:55:24","guid":{"rendered":"https:\/\/www.kneipp-sachsen.de\/bad-schlema\/?page_id=58"},"modified":"2022-07-06T12:44:34","modified_gmt":"2022-07-06T10:44:34","slug":"ueber-uns","status":"publish","type":"page","link":"https:\/\/www.kneipp-sachsen.de\/bad-schlema\/wer-wir-sind\/ueber-uns\/","title":{"rendered":"\u00dcber uns"},"content":{"rendered":"<!--themify_builder_content-->\n<div id=\"themify_builder_content-58\" data-postid=\"58\" class=\"themify_builder_content themify_builder_content-58 themify_builder tf_clear\">\n                    <div  data-lazy=\"1\" class=\"module_row themify_builder_row tb_vdk5170 tb_first tf_w\">\n                        <div class=\"row_inner col_align_top tb_col_count_1 tf_box tf_rel\">\n                        <div  data-lazy=\"1\" class=\"module_column tb-column col-full tb_guqa175 first\">\n                            <div  data-lazy=\"1\" class=\"module_subrow themify_builder_sub_row tf_w col_align_top tb_col_count_1 tb_sot6177\">\n                <div  data-lazy=\"1\" class=\"module_column sub_column col-full tb_8d1u186 first\">\n                    <!-- module fancy heading -->\n<div  class=\"module module-fancy-heading tb_br67188  tb_hide_divider\" data-lazy=\"1\">\n        <h1 class=\"fancy-heading\">\n    <span class=\"main-head tf_block\">\n                    Wer wir sind            <\/span>\n\n    \n    <span class=\"sub-head tf_block tf_rel\">\n                                <\/span>\n    <\/h1>\n<\/div>\n<!-- \/module fancy heading -->\n<!-- module text -->\n<div  class=\"module module-text tb_kxu3192  repeat \" data-lazy=\"1\">\n        <div  class=\"tb_text_wrap\">\n        \n<p>Inmitten reizvoller Mittelgebirgslandschaft in einem Seitental der Zwickauer Mulde liegt die Gemeinde Bad Schlema, seit 2019 ein Ortsteil der gro\u00dfen Kreisstadt Aue \u2013 Bad Schlema. Bewaldete H\u00fcgel laden zu einem Spaziergang ein und die vielen historischen Sehensw\u00fcrdigkeiten der Umgebung reizen zu einem Streifzug durch die Vergangenheit.<\/p>\n<p>Bis 1946 entwickelte sich das Radiumbad Oberschlema zu einem weltbekannten Kurort, selbst in den Kriegsjahren des 1. und 2. Weltkrieges nahmen die Besucherzahlen kaum ab.. Rheuma, Gicht, Ischias und nerv\u00f6se St\u00f6rungen wurden mittels Bade- und Trinkkuren und Inhalationen geheilt oder gelindert.<\/p>\n<p>Leider begann nach Ende des 2. Weltkrieges die Zeit des kalten Krieges und damit der Wettlauf um den Rohstoff Uran. Bei der F\u00f6rderung des Uranerzes wurde auf die \u00f6rtlichen Gegebenheiten keinerlei R\u00fccksicht genommen und das gesamte Kurzentrum wurde zerst\u00f6rt. Mit der politischen Wende&nbsp; kam es zur Stilllegung der Bergwerke. Radon sollte nun wieder Heilzwecken dienen.<\/p>\n<p>Eine Gruppe heimatverbundener B\u00fcrger setzte sich daf\u00fcr ein, die Grundlagen f\u00fcr die Wiedererrichtung eines Kurbades zu schaffen. 1992 wurde durch eine Doppelblindstudie die heiltherapeutische Wirkung des Radonwassers nachgewiesen. Die Zielsetzung, Kneippkurort mit Radonanwendungen zu werden, f\u00fchrte zu dem Gedanken einen Kneipp \u2013 Verein zu gr\u00fcnden, der sowohl Angebote f\u00fcr die Mitglieder bereith\u00e4lt, als auch allen&nbsp; G\u00e4sten des Ortes und Kurg\u00e4sten offen steht.<\/p>\n<p>Am 13.03.1997 war es dann soweit, im traditionsreichen Geb\u00e4ude, dem ehemaligen Radium Forschungsinstitut (heute Karl \u2013 Aurand \u2013 Haus) in dem sich heute unsere Gesch\u00e4ftsstelle befindet wurde unser Kneipp \u2013 Verein gegr\u00fcndet. Mehr als 60 Interessenten und Besucher lauschten den Ausf\u00fchrungen unserer Bade\u00e4rztin \u00fcber die 5 S\u00e4ulen der Kneippschen Philosophie. Fast 40 G\u00e4ste erkl\u00e4rten spontan ihren Beitritt zum Verein. &nbsp;(Quelle : Text von Brigitte K\u00f6hler , Gr\u00fcndungsmitglied und 1. Vorsitzende unseres Vereins bis 2015)<\/p>\n<p>Viele dieser Gr\u00fcndungsmitglieder sind noch heute im Verein aktiv. Viele Angebote zu den f\u00fcnf S\u00e4ulen der Kneippschen Lehre, von Vortr\u00e4gen, Kreativkursen, Sportangeboten f\u00fcr Junge, Junggebliebene und \u00c4ltere, Ausfahrten, Wanderungen und regelm\u00e4\u00dfige Projekttagen mit den Sch\u00fcler der ortsans\u00e4ssigen Schulen geh\u00f6ren zum festen Programm unseres Vereins. Auch die Kita \u201eKneipp Knipse\u201c Aue \u2013 Bad Schlema ist&nbsp; seit vielen Jahren Mitglied&nbsp; unseres Vereins.<\/p>    <\/div>\n<\/div>\n<!-- \/module text -->        <\/div>\n                    <\/div>\n                <\/div>\n                        <\/div>\n        <\/div>\n                        <div  data-lazy=\"1\" class=\"module_row themify_builder_row tb_y8vd171 tf_w\">\n                        <div class=\"row_inner col_align_top tb_col_count_1 tf_box tf_rel\">\n                        <div  data-lazy=\"1\" class=\"module_column tb-column col-full tb_j0mo203 first\">\n                            <div  data-lazy=\"1\" class=\"module_subrow themify_builder_sub_row tf_w col_align_top tb_col_count_1 tb_vajj205\">\n                <div  data-lazy=\"1\" class=\"module_column sub_column col-full tb_urgu205 first\">\n                    <!-- module fancy heading -->\n<div  class=\"module module-fancy-heading tb_906c206  tb_hide_divider\" data-lazy=\"1\">\n        <h2 class=\"fancy-heading\">\n    <span class=\"main-head tf_block\">\n                    Kontakt            <\/span>\n\n    \n    <span class=\"sub-head tf_block tf_rel\">\n                                <\/span>\n    <\/h2>\n<\/div>\n<!-- \/module fancy heading -->\n<!-- module text -->\n<div  class=\"module module-text tb_1p7n207   \" data-lazy=\"1\">\n        <div  class=\"tb_text_wrap\">\n        <p><strong>Gesch\u00e4ftsstelle (Kontakt):<\/strong><\/p>\n<p><strong>Kneipp \u2013 Verein Bad Schlema e.V.<br><\/strong>\u201eKarl-Aurand-Haus\u201c im Kurpark<br>Prof.-Dr.-Boris-Rajewsky-Stra\u00dfe 4<br>08301 Aue \u2013 Bad Schlema<\/p>\n<p>Tel.: \/ Fax: 03772 \/ 38 15 06<br>Mail: kneipp-<a href=\"mailto:verein\u2013bad\u2013schlema@web.de\">verein-bad-schlema@web.de<\/a><\/p>    <\/div>\n<\/div>\n<!-- \/module text -->        <\/div>\n                    <\/div>\n                <\/div>\n                        <\/div>\n        <\/div>\n        <\/div>\n<!--\/themify_builder_content-->","protected":false},"excerpt":{"rendered":"<p>Wer wir sind Inmitten reizvoller Mittelgebirgslandschaft in einem Seitental der Zwickauer Mulde liegt die Gemeinde Bad Schlema, seit 2019 ein Ortsteil der gro\u00dfen Kreisstadt Aue \u2013 Bad Schlema. Bewaldete H\u00fcgel laden zu einem Spaziergang ein und die vielen historischen Sehensw\u00fcrdigkeiten der Umgebung reizen zu einem Streifzug durch die Vergangenheit. Bis 1946 entwickelte sich das Radiumbad [&hellip;]<\/p>\n","protected":false},"author":2,"featured_media":0,"parent":64,"menu_order":0,"comment_status":"closed","ping_status":"closed","template":"","meta":{"footnotes":"","advanced-sidebar-menu\/link-title":"","advanced-sidebar-menu\/exclude-page":false},"class_list":["post-58","page","type-page","status-publish","hentry","has-post-title","has-post-date","has-post-category","has-post-tag","has-post-comment","has-post-author",""],"yoast_head":"<!-- This site is optimized with the Yoast SEO plugin v26.9 - https:\/\/yoast.com\/product\/yoast-seo-wordpress\/ -->\n<title>\u00dcber uns - Kneipp Bad Schlema<\/title>\n<meta name=\"robots\" content=\"index, follow, max-snippet:-1, max-image-preview:large, max-video-preview:-1\" \/>\n<link rel=\"canonical\" href=\"https:\/\/www.kneipp-sachsen.de\/bad-schlema\/wer-wir-sind\/ueber-uns\/\" \/>\n<meta property=\"og:locale\" content=\"de_DE\" \/>\n<meta property=\"og:type\" content=\"article\" \/>\n<meta property=\"og:title\" content=\"\u00dcber uns - Kneipp Bad Schlema\" \/>\n<meta property=\"og:description\" content=\"Wer wir sind Inmitten reizvoller Mittelgebirgslandschaft in einem Seitental der Zwickauer Mulde liegt die Gemeinde Bad Schlema, seit 2019 ein Ortsteil der gro\u00dfen Kreisstadt Aue \u2013 Bad Schlema. Bewaldete H\u00fcgel laden zu einem Spaziergang ein und die vielen historischen Sehensw\u00fcrdigkeiten der Umgebung reizen zu einem Streifzug durch die Vergangenheit. Bis 1946 entwickelte sich das Radiumbad [&hellip;]\" \/>\n<meta property=\"og:url\" content=\"https:\/\/www.kneipp-sachsen.de\/bad-schlema\/wer-wir-sind\/ueber-uns\/\" \/>\n<meta property=\"og:site_name\" content=\"Kneipp Bad Schlema\" \/>\n<meta property=\"article:modified_time\" content=\"2022-07-06T10:44:34+00:00\" \/>\n<meta name=\"twitter:card\" content=\"summary_large_image\" \/>\n<meta name=\"twitter:label1\" content=\"Gesch\u00e4tzte Lesezeit\" \/>\n\t<meta name=\"twitter:data1\" content=\"2\u00a0Minuten\" \/>\n<script type=\"application\/ld+json\" class=\"yoast-schema-graph\">{\"@context\":\"https:\/\/schema.org\",\"@graph\":[{\"@type\":\"WebPage\",\"@id\":\"https:\/\/www.kneipp-sachsen.de\/bad-schlema\/wer-wir-sind\/ueber-uns\/\",\"url\":\"https:\/\/www.kneipp-sachsen.de\/bad-schlema\/wer-wir-sind\/ueber-uns\/\",\"name\":\"\u00dcber uns - Kneipp Bad Schlema\",\"isPartOf\":{\"@id\":\"https:\/\/www.kneipp-sachsen.de\/bad-schlema\/#website\"},\"datePublished\":\"2021-07-26T20:55:24+00:00\",\"dateModified\":\"2022-07-06T10:44:34+00:00\",\"breadcrumb\":{\"@id\":\"https:\/\/www.kneipp-sachsen.de\/bad-schlema\/wer-wir-sind\/ueber-uns\/#breadcrumb\"},\"inLanguage\":\"de\",\"potentialAction\":[{\"@type\":\"ReadAction\",\"target\":[\"https:\/\/www.kneipp-sachsen.de\/bad-schlema\/wer-wir-sind\/ueber-uns\/\"]}]},{\"@type\":\"BreadcrumbList\",\"@id\":\"https:\/\/www.kneipp-sachsen.de\/bad-schlema\/wer-wir-sind\/ueber-uns\/#breadcrumb\",\"itemListElement\":[{\"@type\":\"ListItem\",\"position\":1,\"name\":\"Startseite\",\"item\":\"https:\/\/www.kneipp-sachsen.de\/bad-schlema\/\"},{\"@type\":\"ListItem\",\"position\":2,\"name\":\"Wer wir sind\",\"item\":\"https:\/\/www.kneipp-sachsen.de\/bad-schlema\/wer-wir-sind\/\"},{\"@type\":\"ListItem\",\"position\":3,\"name\":\"\u00dcber uns\"}]},{\"@type\":\"WebSite\",\"@id\":\"https:\/\/www.kneipp-sachsen.de\/bad-schlema\/#website\",\"url\":\"https:\/\/www.kneipp-sachsen.de\/bad-schlema\/\",\"name\":\"Kneipp-Verein Bad Schlema e.V.\",\"description\":\"Eine weitere WordPress-Website\",\"potentialAction\":[{\"@type\":\"SearchAction\",\"target\":{\"@type\":\"EntryPoint\",\"urlTemplate\":\"https:\/\/www.kneipp-sachsen.de\/bad-schlema\/?s={search_term_string}\"},\"query-input\":{\"@type\":\"PropertyValueSpecification\",\"valueRequired\":true,\"valueName\":\"search_term_string\"}}],\"inLanguage\":\"de\"}]}<\/script>\n<!-- \/ Yoast SEO plugin. -->","yoast_head_json":{"title":"\u00dcber uns - Kneipp Bad Schlema","robots":{"index":"index","follow":"follow","max-snippet":"max-snippet:-1","max-image-preview":"max-image-preview:large","max-video-preview":"max-video-preview:-1"},"canonical":"https:\/\/www.kneipp-sachsen.de\/bad-schlema\/wer-wir-sind\/ueber-uns\/","og_locale":"de_DE","og_type":"article","og_title":"\u00dcber uns - Kneipp Bad Schlema","og_description":"Wer wir sind Inmitten reizvoller Mittelgebirgslandschaft in einem Seitental der Zwickauer Mulde liegt die Gemeinde Bad Schlema, seit 2019 ein Ortsteil der gro\u00dfen Kreisstadt Aue \u2013 Bad Schlema. Bewaldete H\u00fcgel laden zu einem Spaziergang ein und die vielen historischen Sehensw\u00fcrdigkeiten der Umgebung reizen zu einem Streifzug durch die Vergangenheit. Bis 1946 entwickelte sich das Radiumbad [&hellip;]","og_url":"https:\/\/www.kneipp-sachsen.de\/bad-schlema\/wer-wir-sind\/ueber-uns\/","og_site_name":"Kneipp Bad Schlema","article_modified_time":"2022-07-06T10:44:34+00:00","twitter_card":"summary_large_image","twitter_misc":{"Gesch\u00e4tzte Lesezeit":"2\u00a0Minuten"},"schema":{"@context":"https:\/\/schema.org","@graph":[{"@type":"WebPage","@id":"https:\/\/www.kneipp-sachsen.de\/bad-schlema\/wer-wir-sind\/ueber-uns\/","url":"https:\/\/www.kneipp-sachsen.de\/bad-schlema\/wer-wir-sind\/ueber-uns\/","name":"\u00dcber uns - Kneipp Bad Schlema","isPartOf":{"@id":"https:\/\/www.kneipp-sachsen.de\/bad-schlema\/#website"},"datePublished":"2021-07-26T20:55:24+00:00","dateModified":"2022-07-06T10:44:34+00:00","breadcrumb":{"@id":"https:\/\/www.kneipp-sachsen.de\/bad-schlema\/wer-wir-sind\/ueber-uns\/#breadcrumb"},"inLanguage":"de","potentialAction":[{"@type":"ReadAction","target":["https:\/\/www.kneipp-sachsen.de\/bad-schlema\/wer-wir-sind\/ueber-uns\/"]}]},{"@type":"BreadcrumbList","@id":"https:\/\/www.kneipp-sachsen.de\/bad-schlema\/wer-wir-sind\/ueber-uns\/#breadcrumb","itemListElement":[{"@type":"ListItem","position":1,"name":"Startseite","item":"https:\/\/www.kneipp-sachsen.de\/bad-schlema\/"},{"@type":"ListItem","position":2,"name":"Wer wir sind","item":"https:\/\/www.kneipp-sachsen.de\/bad-schlema\/wer-wir-sind\/"},{"@type":"ListItem","position":3,"name":"\u00dcber uns"}]},{"@type":"WebSite","@id":"https:\/\/www.kneipp-sachsen.de\/bad-schlema\/#website","url":"https:\/\/www.kneipp-sachsen.de\/bad-schlema\/","name":"Kneipp-Verein Bad Schlema e.V.","description":"Eine weitere WordPress-Website","potentialAction":[{"@type":"SearchAction","target":{"@type":"EntryPoint","urlTemplate":"https:\/\/www.kneipp-sachsen.de\/bad-schlema\/?s={search_term_string}"},"query-input":{"@type":"PropertyValueSpecification","valueRequired":true,"valueName":"search_term_string"}}],"inLanguage":"de"}]}},"builder_content":"<h1>Wer wir sind<br\/><\/h1>\n<p>Inmitten reizvoller Mittelgebirgslandschaft in einem Seitental der Zwickauer Mulde liegt die Gemeinde Bad Schlema, seit 2019 ein Ortsteil der gro\u00dfen Kreisstadt Aue \u2013 Bad Schlema. Bewaldete H\u00fcgel laden zu einem Spaziergang ein und die vielen historischen Sehensw\u00fcrdigkeiten der Umgebung reizen zu einem Streifzug durch die Vergangenheit.<\/p> <p>Bis 1946 entwickelte sich das Radiumbad Oberschlema zu einem weltbekannten Kurort, selbst in den Kriegsjahren des 1. und 2. Weltkrieges nahmen die Besucherzahlen kaum ab.. Rheuma, Gicht, Ischias und nerv\u00f6se St\u00f6rungen wurden mittels Bade- und Trinkkuren und Inhalationen geheilt oder gelindert.<\/p> <p>Leider begann nach Ende des 2. Weltkrieges die Zeit des kalten Krieges und damit der Wettlauf um den Rohstoff Uran. Bei der F\u00f6rderung des Uranerzes wurde auf die \u00f6rtlichen Gegebenheiten keinerlei R\u00fccksicht genommen und das gesamte Kurzentrum wurde zerst\u00f6rt. Mit der politischen Wende&nbsp; kam es zur Stilllegung der Bergwerke. Radon sollte nun wieder Heilzwecken dienen.<\/p> <p>Eine Gruppe heimatverbundener B\u00fcrger setzte sich daf\u00fcr ein, die Grundlagen f\u00fcr die Wiedererrichtung eines Kurbades zu schaffen. 1992 wurde durch eine Doppelblindstudie die heiltherapeutische Wirkung des Radonwassers nachgewiesen. Die Zielsetzung, Kneippkurort mit Radonanwendungen zu werden, f\u00fchrte zu dem Gedanken einen Kneipp \u2013 Verein zu gr\u00fcnden, der sowohl Angebote f\u00fcr die Mitglieder bereith\u00e4lt, als auch allen&nbsp; G\u00e4sten des Ortes und Kurg\u00e4sten offen steht.<\/p> <p>Am 13.03.1997 war es dann soweit, im traditionsreichen Geb\u00e4ude, dem ehemaligen Radium Forschungsinstitut (heute Karl \u2013 Aurand \u2013 Haus) in dem sich heute unsere Gesch\u00e4ftsstelle befindet wurde unser Kneipp \u2013 Verein gegr\u00fcndet. Mehr als 60 Interessenten und Besucher lauschten den Ausf\u00fchrungen unserer Bade\u00e4rztin \u00fcber die 5 S\u00e4ulen der Kneippschen Philosophie. Fast 40 G\u00e4ste erkl\u00e4rten spontan ihren Beitritt zum Verein. &nbsp;(Quelle : Text von Brigitte K\u00f6hler , Gr\u00fcndungsmitglied und 1. Vorsitzende unseres Vereins bis 2015)<\/p> <p>Viele dieser Gr\u00fcndungsmitglieder sind noch heute im Verein aktiv. Viele Angebote zu den f\u00fcnf S\u00e4ulen der Kneippschen Lehre, von Vortr\u00e4gen, Kreativkursen, Sportangeboten f\u00fcr Junge, Junggebliebene und \u00c4ltere, Ausfahrten, Wanderungen und regelm\u00e4\u00dfige Projekttagen mit den Sch\u00fcler der ortsans\u00e4ssigen Schulen geh\u00f6ren zum festen Programm unseres Vereins. Auch die Kita \u201eKneipp Knipse\u201c Aue \u2013 Bad Schlema ist&nbsp; seit vielen Jahren Mitglied&nbsp; unseres Vereins.<\/p>\n<h2>Kontakt<br\/><\/h2>\n<p><strong>Gesch\u00e4ftsstelle (Kontakt):<\/strong><\/p> <p><strong>Kneipp \u2013 Verein Bad Schlema e.V.<br><\/strong>\u201eKarl-Aurand-Haus\u201c im Kurpark<br>Prof.-Dr.-Boris-Rajewsky-Stra\u00dfe 4<br>08301 Aue \u2013 Bad Schlema<\/p> <p>Tel.: \/ Fax: 03772 \/ 38 15 06<br>Mail: kneipp-<a href=\"mailto:verein\u2013bad\u2013schlema@web.de\">verein-bad-schlema@web.de<\/a><\/p>","_links":{"self":[{"href":"https:\/\/www.kneipp-sachsen.de\/bad-schlema\/wp-json\/wp\/v2\/pages\/58","targetHints":{"allow":["GET"]}}],"collection":[{"href":"https:\/\/www.kneipp-sachsen.de\/bad-schlema\/wp-json\/wp\/v2\/pages"}],"about":[{"href":"https:\/\/www.kneipp-sachsen.de\/bad-schlema\/wp-json\/wp\/v2\/types\/page"}],"author":[{"embeddable":true,"href":"https:\/\/www.kneipp-sachsen.de\/bad-schlema\/wp-json\/wp\/v2\/users\/2"}],"replies":[{"embeddable":true,"href":"https:\/\/www.kneipp-sachsen.de\/bad-schlema\/wp-json\/wp\/v2\/comments?post=58"}],"version-history":[{"count":6,"href":"https:\/\/www.kneipp-sachsen.de\/bad-schlema\/wp-json\/wp\/v2\/pages\/58\/revisions"}],"predecessor-version":[{"id":378,"href":"https:\/\/www.kneipp-sachsen.de\/bad-schlema\/wp-json\/wp\/v2\/pages\/58\/revisions\/378"}],"up":[{"embeddable":true,"href":"https:\/\/www.kneipp-sachsen.de\/bad-schlema\/wp-json\/wp\/v2\/pages\/64"}],"wp:attachment":[{"href":"https:\/\/www.kneipp-sachsen.de\/bad-schlema\/wp-json\/wp\/v2\/media?parent=58"}],"curies":[{"name":"wp","href":"https:\/\/api.w.org\/{rel}","templated":true}]}}