{"id":22,"date":"2021-12-08T17:48:48","date_gmt":"2021-12-08T16:48:48","guid":{"rendered":"https:\/\/www.kneipp-sachsen.de\/leipziger-land\/?page_id=22"},"modified":"2026-03-17T21:23:07","modified_gmt":"2026-03-17T20:23:07","slug":"startseite","status":"publish","type":"page","link":"https:\/\/www.kneipp-sachsen.de\/bgb\/","title":{"rendered":"Startseite"},"content":{"rendered":"<!--themify_builder_content-->\n<div id=\"themify_builder_content-22\" data-postid=\"22\" class=\"themify_builder_content themify_builder_content-22 themify_builder tf_clear\">\n                    <div  data-lazy=\"1\" class=\"module_row themify_builder_row tb_wstl726 tb_first tf_w\">\n                        <div class=\"row_inner col_align_top tb_col_count_1 tf_box tf_rel\">\n                        <div  data-lazy=\"1\" class=\"module_column tb-column col-full tb_t2du735 first\">\n                            <div  data-lazy=\"1\" class=\"module_subrow themify_builder_sub_row tf_w col_align_top tb_col_count_1 tb_pfxe739\">\n                <div  data-lazy=\"1\" class=\"module_column sub_column col-full tb_fq1i741 first\">\n                    <!-- module fancy heading -->\n<div  class=\"module module-fancy-heading tb_td1c743  tb_hide_divider\" data-lazy=\"1\" id=\"kneippbadschlema1\">\n        <h1 class=\"fancy-heading tf_textc\">\n    <span class=\"main-head tf_block\">\n                    Herzlich willkommen!            <\/span>\n\n    \n    <span class=\"sub-head tf_block tf_rel\">\n                    Der Kneipp-Verein Bad Gottleuba-Berggie\u00dfh\u00fcbel e.V. informiert Sie rund um Kneipp's Gesundheitskonzept.            <\/span>\n    <\/h1>\n<\/div>\n<!-- \/module fancy heading -->\n        <\/div>\n                    <\/div>\n                <\/div>\n                        <\/div>\n        <\/div>\n                        <div  data-lazy=\"1\" class=\"module_row themify_builder_row tb_njue726 tf_w\">\n                        <div class=\"row_inner col_align_top tb_col_count_1 tf_box tf_rel\">\n                        <div  data-lazy=\"1\" class=\"module_column tb-column col-full tb_3osx750 first\">\n                            <div  data-lazy=\"1\" class=\"module_subrow themify_builder_sub_row tf_w col_align_top tb_col_count_1 tb_ras4752\">\n                <div  data-lazy=\"1\" class=\"module_column sub_column col-full tb_zxl7753 first\">\n                    <!-- module image -->\n<div  class=\"module module-image tb_meby755 image-top   tf_mw\" data-lazy=\"1\">\n        <div class=\"image-wrap tf_rel tf_mw\">\n            <img loading=\"lazy\" decoding=\"async\" src=\"https:\/\/kneipp-sachsen.de\/bgb\/wp-content\/uploads\/2023\/01\/Kneippsche-Elemente_mit-Schrift.png\" width=\"3372\" height=\"750\" alt=\"Kneipp Bad Schlema\">    \n        <\/div>\n    <!-- \/image-wrap -->\n    \n        <\/div>\n<!-- \/module image --><!-- module divider -->\n<div  class=\"module tf_mw module-divider tb_wle9756 dotted   \" style=\"border-width: 1px;border-color: #666666;margin-bottom: 15px;\" data-lazy=\"1\" id=\"kneippbadschlema\">\n    <\/div>\n<!-- \/module divider -->\n<!-- module text -->\n<div  class=\"module module-text tb_ean4925   \" data-lazy=\"1\">\n        <div  class=\"tb_text_wrap\">\n        <h3>Jahresplan* Vereinstreffen 2026<\/h3>\n<div>\u00a0<\/div>\n<div>\n<h6>Montag, 13. April 2026: 17 Uhr<\/h6>\n<h6>Kneippsche Element: Ern\u00e4hrung<\/h6>\n<h6><span style=\"font-weight: normal;\">Gemeinsames Kochen &#8211; alles Rund um B\u00e4rlauch**<\/span><\/h6>\n<div>\u00a0<\/div>\n<div>\n<h6>Montag, 4. Mai 2026: 17 Uhr<\/h6>\n<h6>Kneippsche Element: Wasser<\/h6>\n<h6><span style=\"font-weight: normal;\">Wasseranwendungen f\u00fcr zu Hause<\/span><\/h6>\n<div>\u00a0<\/div>\n<div>\n<h6>Montag, 1. Juni 2026: 17 Uhr<\/h6>\n<h6>Kneippsche Element: Bewegung und Heilkr\u00e4uter<\/h6>\n<h6><span style=\"font-weight: normal;\">Kr\u00e4uterwanderung in und um Bad Gottleuba- Berggie\u00dfh\u00fcbel<\/span><\/h6>\n<div>\u00a0<\/div>\n<\/div>\n<h6>Montag, 7. September 2026: 17 Uhr<\/h6>\n<h6>Kneippsche Element: Bewegung<\/h6>\n<h6><span style=\"font-weight: normal;\">Pilates<\/span><\/h6>\n<div>\u00a0<\/div>\n<div>\n<h6>Samstag, 26. September 2026: Uhrzeit folgt I mit Familie<\/h6>\n<h6>Kneippsche Element: Ern\u00e4hrung<\/h6>\n<h6><span style=\"font-weight: normal;\">Vom Apfel zum Saft<\/span><\/h6>\n<h6><span style=\"color: #ee2312; font-weight: normal;\">Ort: Hartmann-M\u00fchle (Geising)<\/span><\/h6>\n<div>\u00a0<\/div>\n<\/div>\n<\/div>\n<h6>Montag, 5. Oktober 2026: 17 Uhr<\/h6>\n<h6>Kneippsche Element:\u00a0\u00dcberraschung<\/h6>\n<div>\u00a0<\/div>\n<h6>Montag, 2. November 2026: 17 Uhr<\/h6>\n<h6>Kneippsche Element: Lebensordnung<\/h6>\n<h6><span style=\"font-weight: normal;\">Achtsamkeitstraining<\/span><\/h6>\n<div>\u00a0<\/div>\n<div>\n<h6>Montag, 7. Dezember 2026: 17 Uhr<\/h6>\n<h6><span style=\"font-weight: normal;\">Vereinsweihnachtsfeier**<\/span><\/h6>\n<div>\u00a0<\/div>\n<div>* \u00c4nderungen vorbehalten<\/div>\n<div>** Angebot nur f\u00fcr Vereinsmitglieder<\/div>\n<\/div>\n<\/div>    <\/div>\n<\/div>\n<!-- \/module text --><!-- module divider -->\n<div  class=\"module tf_mw module-divider tb_b8xe623 dotted   \" style=\"border-width: 1px;border-color: #666666;margin-bottom: 15px;\" data-lazy=\"1\" id=\"kneippbadschlema-2\">\n    <\/div>\n<!-- \/module divider -->\n<!-- module text -->\n<div  class=\"module module-text tb_gltv135   \" data-lazy=\"1\">\n        <div  class=\"tb_text_wrap\">\n        <p style=\"text-align: center;\">Schnupper-Kneippen ist jederzeit m\u00f6glich. Bitte vorher anmelden.<\/p>\n<p style=\"text-align: center;\">Wir treffen uns immer in der<\/p>    <\/div>\n<\/div>\n<!-- \/module text --><!-- module icon -->\n<div  class=\"module module-icon tb_jqgq811    icon_horizontal tf_textc\" data-lazy=\"1\">\n\t\t\t<div class=\"module-icon-item\">\n\t\t\t\t\t\t\t<a href=\"https:\/\/www.median-kliniken.de\/de\/median-klinik-berggiesshuebel\/ueber-uns\/kontakt-und-anfahrt\/\">\n\t\t\t\t\t\t\t\t\t\t\t\t\t\t\t\t\t<em class=\"tf_box\"\n\t\t\t\t\t\t\t\t\t\t\t\t style=\"background-color:#f0621a;color:#edf3ff\"\t\t\t\t\t><svg  class=\"tf_fa tf-fas-home\" aria-hidden=\"true\"><use href=\"#tf-fas-home\"><\/use><\/svg><\/em>\n\t\t\t\t\t\t\t\t\t\t\t\t\t\t\t\t\t\t\t<span>MEDIAN Klinik Berggie\u00dfh\u00fcbel<\/span>\n\t\t\t\t\t\t\t\t\t\t\t\t\t\t\t\t\t<\/a>\n\t\t\t\t\t<\/div>\n\t<\/div>\n<!-- \/module icon -->\n<!-- module text -->\n<div  class=\"module module-text tb_5m35440   \" data-lazy=\"1\">\n        <div  class=\"tb_text_wrap\">\n        <p style=\"text-align: center;\">Jedes Vereinstreffen wird mit einem Wassertreten abgerundet.<\/p>    <\/div>\n<\/div>\n<!-- \/module text -->        <\/div>\n                    <\/div>\n                <\/div>\n                        <\/div>\n        <\/div>\n                        <div  data-lazy=\"1\" class=\"module_row themify_builder_row tb_4mt6727 tf_w\">\n                        <div class=\"row_inner col_align_top tb_col_count_1 tf_box tf_rel\">\n                        <div  data-lazy=\"1\" class=\"module_column tb-column col-full tb_x1t5757 first\">\n                            <div  data-lazy=\"1\" class=\"module_subrow themify_builder_sub_row tf_w col_align_top tb_col_count_1 tb_xqq1758\">\n                <div  data-lazy=\"1\" class=\"module_column sub_column col-full tb_h9yg758 first\">\n                    <!-- module divider -->\n<div  class=\"module tf_mw module-divider tb_hl5n689 dotted   \" style=\"border-width: 1px;border-color: #666666;margin-bottom: 15px;\" data-lazy=\"1\">\n    <\/div>\n<!-- \/module divider -->\n<!-- module fancy heading -->\n<div  class=\"module module-fancy-heading tb_isqq759  tb_hide_divider\" data-lazy=\"1\" id=\"kneippbadschlema2\">\n        <h3 class=\"fancy-heading\">\n    <span class=\"main-head tf_block\">\n                    Unser Ziel: gesunde Menschen            <\/span>\n\n    \n    <span class=\"sub-head tf_block tf_rel\">\n                                <\/span>\n    <\/h3>\n<\/div>\n<!-- \/module fancy heading -->\n<!-- module text -->\n<div  class=\"module module-text tb_ggpz762   \" data-lazy=\"1\" id=\"kneippbadschlema3\">\n        <div  class=\"tb_text_wrap\">\n        <p>Ein gesundes Leben im Einklang mit der Natur f\u00fchren und auf diese Art aktiv vorbeugen und Heilung finden. Diesen ganzheitlichen Ansatz hat Sebastian Kneipp (1821 bis 1897) vor 150 Jahren zur Grundlage seiner umfassenden Heilverfahren gemacht &#8211; mit Erfolg.<\/p>    <\/div>\n<\/div>\n<!-- \/module text --><!-- module divider -->\n<div  class=\"module tf_mw module-divider tb_4zmh818 dotted   \" style=\"border-width: 1px;border-color: #666666;margin-bottom: 15px;\" data-lazy=\"1\">\n    <\/div>\n<!-- \/module divider -->\n<!-- module fancy heading -->\n<div  class=\"module module-fancy-heading tb_ndlu767  tb_hide_divider\" data-lazy=\"1\">\n        <h3 class=\"fancy-heading\">\n    <span class=\"main-head tf_block\">\n                    Wir bringen Bewegung ins Leben            <\/span>\n\n    \n    <span class=\"sub-head tf_block tf_rel\">\n                                <\/span>\n    <\/h3>\n<\/div>\n<!-- \/module fancy heading -->\n<!-- module text -->\n<div  class=\"module module-text tb_dzr1767   \" data-lazy=\"1\">\n        <div  class=\"tb_text_wrap\">\n        <p>Das Kneipp&#8217;sche Gesundheitskonzept hat \u00fcberdauert und sich stetig weiter entwickelt. Aus der urspr\u00fcnglichen Wasser- und Kr\u00e4uterheilkunde entstand ein ganzes und hoch anerkanntes Gesundheitskonzept. Leben nach Kneipp ist einfach, kostet fast nichts &#8211; nicht einmal viel Zeit &#8211; und bringt den Menschen in Bewegung. Das macht gesund (oder noch ges\u00fcnder), bewirkt ein hoch wirksames Immunsystem, umfassende Fitness, \u00fcberdurchschnittliche Stressresistenz und gute Stimmung. Ideal f\u00fcr jedes Alter, jeden Geldbeutel, jeden Bildungsstand, jede Lebenseinstellung &#8211; und gleicherma\u00dfen f\u00fcr Gesunde und Kranke.<\/p>    <\/div>\n<\/div>\n<!-- \/module text -->        <\/div>\n                    <\/div>\n                <\/div>\n                        <\/div>\n        <\/div>\n                        <div  data-lazy=\"1\" class=\"module_row themify_builder_row tb_g3lr110 tf_w\">\n                        <div class=\"row_inner col_align_top tb_col_count_1 tf_box tf_rel\">\n                        <div  data-lazy=\"1\" class=\"module_column tb-column tb_3ny9725 first\">\n                    <!-- module divider -->\n<div  class=\"module tf_mw module-divider tb_cria677 dotted   \" style=\"border-width: 1px;border-color: #666666;margin-bottom: 15px;\" data-lazy=\"1\">\n    <\/div>\n<!-- \/module divider -->\n        <\/div>\n                        <\/div>\n        <\/div>\n                        <div  data-lazy=\"1\" class=\"module_row themify_builder_row tb_26y2354 tf_w\">\n                        <div class=\"row_inner col_align_top tb_col_count_1 tf_box tf_rel\">\n                        <div  data-lazy=\"1\" class=\"module_column tb-column col-full tb_5bpp354 first\">\n                    <!-- module text -->\n<div  class=\"module module-text tb_1krs490   \" data-lazy=\"1\">\n        <div  class=\"tb_text_wrap\">\n        <h6>\u00a0<\/h6>\n<p style=\"text-align: center;\"><span style=\"color: #000000;\">Kneipp Verein Bad Gottleuba-Berggie\u00dfh\u00fcbel e. V.<br><span style=\"text-align: left;\">Makarenkostra\u00dfe 15a<\/span><br>01816 Bad Gottleuba-Berggie\u00dfh\u00fcbel<\/span><\/p>\n<h5 style=\"text-align: center;\"><a style=\"font-weight: normal;\" href=\"mailto:bgb@kneipp-sachsen.de\"><span style=\"color: #333399;\">bgb@kneipp-sachsen.de<\/span><\/a><\/h5>\n<div>\u00a0<\/div>    <\/div>\n<\/div>\n<!-- \/module text -->        <\/div>\n                        <\/div>\n        <\/div>\n                        <div  data-lazy=\"1\" class=\"module_row themify_builder_row tb_al91142 tf_w\">\n                        <div class=\"row_inner col_align_top tb_col_count_1 tf_box tf_rel\">\n                        <div  data-lazy=\"1\" class=\"module_column tb-column col-full tb_8rrp142 first\">\n                            <div  data-lazy=\"1\" class=\"module_subrow themify_builder_sub_row tf_w col_align_top tb_col_count_1 tb_cdq3346\">\n                <div  data-lazy=\"1\" class=\"module_column sub_column col-full tb_hj57346 first tb_link_outline\" data-tb_link=\"https:\/\/www.facebook.com\/kneipp.verein.bad.gottleuba.berggie.hubel.e.v\">\n                            <\/div>\n                    <\/div>\n                <\/div>\n                        <\/div>\n        <\/div>\n        <\/div>\n<!--\/themify_builder_content-->","protected":false},"excerpt":{"rendered":"<p>Jahresplan* Vereinstreffen 2026 \u00a0 Montag, 13. April 2026: 17 Uhr Kneippsche Element: Ern\u00e4hrung Gemeinsames Kochen &#8211; alles Rund um B\u00e4rlauch** \u00a0 Montag, 4. Mai 2026: 17 Uhr Kneippsche Element: Wasser Wasseranwendungen f\u00fcr zu Hause \u00a0 Montag, 1. Juni 2026: 17 Uhr Kneippsche Element: Bewegung und Heilkr\u00e4uter Kr\u00e4uterwanderung in und um Bad Gottleuba- Berggie\u00dfh\u00fcbel \u00a0 Montag, [&hellip;]<\/p>\n","protected":false},"author":7,"featured_media":0,"parent":0,"menu_order":0,"comment_status":"closed","ping_status":"closed","template":"","meta":{"footnotes":"","advanced-sidebar-menu\/link-title":"","advanced-sidebar-menu\/exclude-page":false},"class_list":["post-22","page","type-page","status-publish","hentry","has-post-title","has-post-date","has-post-category","has-post-tag","has-post-comment","has-post-author",""],"yoast_head":"<!-- This site is optimized with the Yoast SEO plugin v26.9 - https:\/\/yoast.com\/product\/yoast-seo-wordpress\/ -->\n<title>Startseite - Kneipp Verein Bad Gottleuba-Berggie\u00dfh\u00fcbel e.V.<\/title>\n<meta name=\"robots\" content=\"index, follow, max-snippet:-1, max-image-preview:large, max-video-preview:-1\" \/>\n<link rel=\"canonical\" href=\"https:\/\/www.kneipp-sachsen.de\/bgb\/\" \/>\n<meta property=\"og:locale\" content=\"de_DE\" \/>\n<meta property=\"og:type\" content=\"article\" \/>\n<meta property=\"og:title\" content=\"Startseite - Kneipp Verein Bad Gottleuba-Berggie\u00dfh\u00fcbel e.V.\" \/>\n<meta property=\"og:description\" content=\"Jahresplan* Vereinstreffen 2026 \u00a0 Montag, 13. April 2026: 17 Uhr Kneippsche Element: Ern\u00e4hrung Gemeinsames Kochen - alles Rund um B\u00e4rlauch** \u00a0 Montag, 4. Mai 2026: 17 Uhr Kneippsche Element: Wasser Wasseranwendungen f\u00fcr zu Hause \u00a0 Montag, 1. Juni 2026: 17 Uhr Kneippsche Element: Bewegung und Heilkr\u00e4uter Kr\u00e4uterwanderung in und um Bad Gottleuba- Berggie\u00dfh\u00fcbel \u00a0 Montag, [&hellip;]\" \/>\n<meta property=\"og:url\" content=\"https:\/\/www.kneipp-sachsen.de\/bgb\/\" \/>\n<meta property=\"og:site_name\" content=\"Kneipp Verein Bad Gottleuba-Berggie\u00dfh\u00fcbel e.V.\" \/>\n<meta property=\"article:modified_time\" content=\"2026-03-17T20:23:07+00:00\" \/>\n<meta property=\"og:image\" content=\"https:\/\/kneipp-sachsen.de\/bgb\/wp-content\/uploads\/2023\/01\/Kneippsche-Elemente_mit-Schrift.png\" \/>\n<meta name=\"twitter:card\" content=\"summary_large_image\" \/>\n<meta name=\"twitter:label1\" content=\"Gesch\u00e4tzte Lesezeit\" \/>\n\t<meta name=\"twitter:data1\" content=\"5\u00a0Minuten\" \/>\n<script type=\"application\/ld+json\" class=\"yoast-schema-graph\">{\"@context\":\"https:\/\/schema.org\",\"@graph\":[{\"@type\":\"WebPage\",\"@id\":\"https:\/\/www.kneipp-sachsen.de\/bgb\/\",\"url\":\"https:\/\/www.kneipp-sachsen.de\/bgb\/\",\"name\":\"Startseite - Kneipp Verein Bad Gottleuba-Berggie\u00dfh\u00fcbel e.V.\",\"isPartOf\":{\"@id\":\"https:\/\/www.kneipp-sachsen.de\/bgb\/#website\"},\"primaryImageOfPage\":{\"@id\":\"https:\/\/www.kneipp-sachsen.de\/bgb\/#primaryimage\"},\"image\":{\"@id\":\"https:\/\/www.kneipp-sachsen.de\/bgb\/#primaryimage\"},\"thumbnailUrl\":\"https:\/\/kneipp-sachsen.de\/bgb\/wp-content\/uploads\/2023\/01\/Kneippsche-Elemente_mit-Schrift.png\",\"datePublished\":\"2021-12-08T16:48:48+00:00\",\"dateModified\":\"2026-03-17T20:23:07+00:00\",\"breadcrumb\":{\"@id\":\"https:\/\/www.kneipp-sachsen.de\/bgb\/#breadcrumb\"},\"inLanguage\":\"de\",\"potentialAction\":[{\"@type\":\"ReadAction\",\"target\":[\"https:\/\/www.kneipp-sachsen.de\/bgb\/\"]}]},{\"@type\":\"ImageObject\",\"inLanguage\":\"de\",\"@id\":\"https:\/\/www.kneipp-sachsen.de\/bgb\/#primaryimage\",\"url\":\"https:\/\/kneipp-sachsen.de\/bgb\/wp-content\/uploads\/2023\/01\/Kneippsche-Elemente_mit-Schrift.png\",\"contentUrl\":\"https:\/\/kneipp-sachsen.de\/bgb\/wp-content\/uploads\/2023\/01\/Kneippsche-Elemente_mit-Schrift.png\"},{\"@type\":\"BreadcrumbList\",\"@id\":\"https:\/\/www.kneipp-sachsen.de\/bgb\/#breadcrumb\",\"itemListElement\":[{\"@type\":\"ListItem\",\"position\":1,\"name\":\"Startseite\",\"item\":\"https:\/\/www.kneipp-sachsen.de\/bgb\/\"},{\"@type\":\"ListItem\",\"position\":2,\"name\":\"Startseite\"}]},{\"@type\":\"WebSite\",\"@id\":\"https:\/\/www.kneipp-sachsen.de\/bgb\/#website\",\"url\":\"https:\/\/www.kneipp-sachsen.de\/bgb\/\",\"name\":\"Kneipp Verein Bad Gottleuba-Berggie\u00dfh\u00fcbel e.V.\",\"description\":\"\",\"potentialAction\":[{\"@type\":\"SearchAction\",\"target\":{\"@type\":\"EntryPoint\",\"urlTemplate\":\"https:\/\/www.kneipp-sachsen.de\/bgb\/?s={search_term_string}\"},\"query-input\":{\"@type\":\"PropertyValueSpecification\",\"valueRequired\":true,\"valueName\":\"search_term_string\"}}],\"inLanguage\":\"de\"}]}<\/script>\n<!-- \/ Yoast SEO plugin. -->","yoast_head_json":{"title":"Startseite - Kneipp Verein Bad Gottleuba-Berggie\u00dfh\u00fcbel e.V.","robots":{"index":"index","follow":"follow","max-snippet":"max-snippet:-1","max-image-preview":"max-image-preview:large","max-video-preview":"max-video-preview:-1"},"canonical":"https:\/\/www.kneipp-sachsen.de\/bgb\/","og_locale":"de_DE","og_type":"article","og_title":"Startseite - Kneipp Verein Bad Gottleuba-Berggie\u00dfh\u00fcbel e.V.","og_description":"Jahresplan* Vereinstreffen 2026 \u00a0 Montag, 13. April 2026: 17 Uhr Kneippsche Element: Ern\u00e4hrung Gemeinsames Kochen - alles Rund um B\u00e4rlauch** \u00a0 Montag, 4. Mai 2026: 17 Uhr Kneippsche Element: Wasser Wasseranwendungen f\u00fcr zu Hause \u00a0 Montag, 1. Juni 2026: 17 Uhr Kneippsche Element: Bewegung und Heilkr\u00e4uter Kr\u00e4uterwanderung in und um Bad Gottleuba- Berggie\u00dfh\u00fcbel \u00a0 Montag, [&hellip;]","og_url":"https:\/\/www.kneipp-sachsen.de\/bgb\/","og_site_name":"Kneipp Verein Bad Gottleuba-Berggie\u00dfh\u00fcbel e.V.","article_modified_time":"2026-03-17T20:23:07+00:00","og_image":[{"url":"https:\/\/kneipp-sachsen.de\/bgb\/wp-content\/uploads\/2023\/01\/Kneippsche-Elemente_mit-Schrift.png","type":"","width":"","height":""}],"twitter_card":"summary_large_image","twitter_misc":{"Gesch\u00e4tzte Lesezeit":"5\u00a0Minuten"},"schema":{"@context":"https:\/\/schema.org","@graph":[{"@type":"WebPage","@id":"https:\/\/www.kneipp-sachsen.de\/bgb\/","url":"https:\/\/www.kneipp-sachsen.de\/bgb\/","name":"Startseite - Kneipp Verein Bad Gottleuba-Berggie\u00dfh\u00fcbel e.V.","isPartOf":{"@id":"https:\/\/www.kneipp-sachsen.de\/bgb\/#website"},"primaryImageOfPage":{"@id":"https:\/\/www.kneipp-sachsen.de\/bgb\/#primaryimage"},"image":{"@id":"https:\/\/www.kneipp-sachsen.de\/bgb\/#primaryimage"},"thumbnailUrl":"https:\/\/kneipp-sachsen.de\/bgb\/wp-content\/uploads\/2023\/01\/Kneippsche-Elemente_mit-Schrift.png","datePublished":"2021-12-08T16:48:48+00:00","dateModified":"2026-03-17T20:23:07+00:00","breadcrumb":{"@id":"https:\/\/www.kneipp-sachsen.de\/bgb\/#breadcrumb"},"inLanguage":"de","potentialAction":[{"@type":"ReadAction","target":["https:\/\/www.kneipp-sachsen.de\/bgb\/"]}]},{"@type":"ImageObject","inLanguage":"de","@id":"https:\/\/www.kneipp-sachsen.de\/bgb\/#primaryimage","url":"https:\/\/kneipp-sachsen.de\/bgb\/wp-content\/uploads\/2023\/01\/Kneippsche-Elemente_mit-Schrift.png","contentUrl":"https:\/\/kneipp-sachsen.de\/bgb\/wp-content\/uploads\/2023\/01\/Kneippsche-Elemente_mit-Schrift.png"},{"@type":"BreadcrumbList","@id":"https:\/\/www.kneipp-sachsen.de\/bgb\/#breadcrumb","itemListElement":[{"@type":"ListItem","position":1,"name":"Startseite","item":"https:\/\/www.kneipp-sachsen.de\/bgb\/"},{"@type":"ListItem","position":2,"name":"Startseite"}]},{"@type":"WebSite","@id":"https:\/\/www.kneipp-sachsen.de\/bgb\/#website","url":"https:\/\/www.kneipp-sachsen.de\/bgb\/","name":"Kneipp Verein Bad Gottleuba-Berggie\u00dfh\u00fcbel e.V.","description":"","potentialAction":[{"@type":"SearchAction","target":{"@type":"EntryPoint","urlTemplate":"https:\/\/www.kneipp-sachsen.de\/bgb\/?s={search_term_string}"},"query-input":{"@type":"PropertyValueSpecification","valueRequired":true,"valueName":"search_term_string"}}],"inLanguage":"de"}]}},"builder_content":"<h1>Herzlich willkommen!<br\/>Der Kneipp-Verein Bad Gottleuba-Berggie\u00dfh\u00fcbel e.V. informiert Sie rund um Kneipp's Gesundheitskonzept.<\/h1>\n<img src=\"https:\/\/kneipp-sachsen.de\/bgb\/wp-content\/uploads\/2023\/01\/Kneippsche-Elemente_mit-Schrift.png\" width=\"3372\" height=\"750\" alt=\"Kneipp Bad Schlema\">\n\n<h3>Jahresplan* Vereinstreffen 2026<\/h3> \u00a0\n<h6>Montag, 13. April 2026: 17 Uhr<\/h6> <h6>Kneippsche Element: Ern\u00e4hrung<\/h6> <h6>Gemeinsames Kochen - alles Rund um B\u00e4rlauch**<\/h6> \u00a0\n<h6>Montag, 4. Mai 2026: 17 Uhr<\/h6> <h6>Kneippsche Element: Wasser<\/h6> <h6>Wasseranwendungen f\u00fcr zu Hause<\/h6> \u00a0\n<h6>Montag, 1. Juni 2026: 17 Uhr<\/h6> <h6>Kneippsche Element: Bewegung und Heilkr\u00e4uter<\/h6> <h6>Kr\u00e4uterwanderung in und um Bad Gottleuba- Berggie\u00dfh\u00fcbel<\/h6> \u00a0\n<h6>Montag, 7. September 2026: 17 Uhr<\/h6> <h6>Kneippsche Element: Bewegung<\/h6> <h6>Pilates<\/h6> \u00a0\n<h6>Samstag, 26. September 2026: Uhrzeit folgt I mit Familie<\/h6> <h6>Kneippsche Element: Ern\u00e4hrung<\/h6> <h6>Vom Apfel zum Saft<\/h6> <h6>Ort: Hartmann-M\u00fchle (Geising)<\/h6> \u00a0\n<h6>Montag, 5. Oktober 2026: 17 Uhr<\/h6> <h6>Kneippsche Element:\u00a0\u00dcberraschung<\/h6> \u00a0 <h6>Montag, 2. November 2026: 17 Uhr<\/h6> <h6>Kneippsche Element: Lebensordnung<\/h6> <h6>Achtsamkeitstraining<\/h6> \u00a0\n<h6>Montag, 7. Dezember 2026: 17 Uhr<\/h6> <h6>Vereinsweihnachtsfeier**<\/h6> \u00a0 * \u00c4nderungen vorbehalten ** Angebot nur f\u00fcr Vereinsmitglieder\n\n<p style=\"text-align: center;\">Schnupper-Kneippen ist jederzeit m\u00f6glich. Bitte vorher anmelden.<\/p> <p style=\"text-align: center;\">Wir treffen uns immer in der<\/p>\n<a href=\"https:\/\/www.median-kliniken.de\/de\/median-klinik-berggiesshuebel\/ueber-uns\/kontakt-und-anfahrt\/\"> <em style=\"background-color:#f0621a;color:#edf3ff\" ><svg aria-hidden=\"true\"><use href=\"#tf-fas-home\"><\/use><\/svg><\/em> MEDIAN Klinik Berggie\u00dfh\u00fcbel <\/a>\n<p style=\"text-align: center;\">Jedes Vereinstreffen wird mit einem Wassertreten abgerundet.<\/p>\n\n<h3>Unser Ziel: gesunde Menschen<br\/><\/h3>\n<p>Ein gesundes Leben im Einklang mit der Natur f\u00fchren und auf diese Art aktiv vorbeugen und Heilung finden. Diesen ganzheitlichen Ansatz hat Sebastian Kneipp (1821 bis 1897) vor 150 Jahren zur Grundlage seiner umfassenden Heilverfahren gemacht - mit Erfolg.<\/p>\n\n<h3>Wir bringen Bewegung ins Leben<br\/><\/h3>\n<p>Das Kneipp'sche Gesundheitskonzept hat \u00fcberdauert und sich stetig weiter entwickelt. Aus der urspr\u00fcnglichen Wasser- und Kr\u00e4uterheilkunde entstand ein ganzes und hoch anerkanntes Gesundheitskonzept. Leben nach Kneipp ist einfach, kostet fast nichts - nicht einmal viel Zeit - und bringt den Menschen in Bewegung. Das macht gesund (oder noch ges\u00fcnder), bewirkt ein hoch wirksames Immunsystem, umfassende Fitness, \u00fcberdurchschnittliche Stressresistenz und gute Stimmung. Ideal f\u00fcr jedes Alter, jeden Geldbeutel, jeden Bildungsstand, jede Lebenseinstellung - und gleicherma\u00dfen f\u00fcr Gesunde und Kranke.<\/p>\n\n<h6>\u00a0<\/h6> <p style=\"text-align: center;\">Kneipp Verein Bad Gottleuba-Berggie\u00dfh\u00fcbel e. V.<br>Makarenkostra\u00dfe 15a<br>01816 Bad Gottleuba-Berggie\u00dfh\u00fcbel<\/p> <h5 style=\"text-align: center;\"><a style=\"font-weight: normal;\" href=\"mailto:bgb@kneipp-sachsen.de\">bgb@kneipp-sachsen.de<\/a><\/h5> \u00a0","_links":{"self":[{"href":"https:\/\/www.kneipp-sachsen.de\/bgb\/wp-json\/wp\/v2\/pages\/22","targetHints":{"allow":["GET"]}}],"collection":[{"href":"https:\/\/www.kneipp-sachsen.de\/bgb\/wp-json\/wp\/v2\/pages"}],"about":[{"href":"https:\/\/www.kneipp-sachsen.de\/bgb\/wp-json\/wp\/v2\/types\/page"}],"author":[{"embeddable":true,"href":"https:\/\/www.kneipp-sachsen.de\/bgb\/wp-json\/wp\/v2\/users\/7"}],"replies":[{"embeddable":true,"href":"https:\/\/www.kneipp-sachsen.de\/bgb\/wp-json\/wp\/v2\/comments?post=22"}],"version-history":[{"count":310,"href":"https:\/\/www.kneipp-sachsen.de\/bgb\/wp-json\/wp\/v2\/pages\/22\/revisions"}],"predecessor-version":[{"id":1088,"href":"https:\/\/www.kneipp-sachsen.de\/bgb\/wp-json\/wp\/v2\/pages\/22\/revisions\/1088"}],"wp:attachment":[{"href":"https:\/\/www.kneipp-sachsen.de\/bgb\/wp-json\/wp\/v2\/media?parent=22"}],"curies":[{"name":"wp","href":"https:\/\/api.w.org\/{rel}","templated":true}]}}