{"id":28,"date":"2021-12-08T18:44:43","date_gmt":"2021-12-08T17:44:43","guid":{"rendered":"https:\/\/www.kneipp-sachsen.de\/leipziger-land\/?page_id=28"},"modified":"2024-09-24T11:50:28","modified_gmt":"2024-09-24T09:50:28","slug":"impressum","status":"publish","type":"page","link":"https:\/\/www.kneipp-sachsen.de\/bgb\/impressum\/","title":{"rendered":"Impressum"},"content":{"rendered":"<!--themify_builder_content-->\n<div id=\"themify_builder_content-28\" data-postid=\"28\" class=\"themify_builder_content themify_builder_content-28 themify_builder tf_clear\">\n                    <div  data-lazy=\"1\" class=\"module_row themify_builder_row tb_smiz489 tb_first tf_w\">\n                        <div class=\"row_inner col_align_top tb_col_count_1 tf_box tf_rel\">\n                        <div  data-lazy=\"1\" class=\"module_column tb-column col-full tb_ru5o497 first\">\n                            <div  data-lazy=\"1\" class=\"module_subrow themify_builder_sub_row tf_w col_align_top tb_col_count_1 tb_ykid499\">\n                <div  data-lazy=\"1\" class=\"module_column sub_column col-full tb_01vk507 first\">\n                    <!-- module fancy heading -->\n<div  class=\"module module-fancy-heading tb_2sfk507 \" data-lazy=\"1\">\n        <h2 class=\"fancy-heading tf_textl\">\n    <span class=\"main-head tf_block\">\n                    Impressum            <\/span>\n\n    \n    <span class=\"sub-head tf_block tf_rel\">\n                                <\/span>\n    <\/h2>\n<\/div>\n<!-- \/module fancy heading -->\n<!-- module text -->\n<div  class=\"module module-text tb_i81a511   \" data-lazy=\"1\">\n    <h3 class=\"module-title\">Kneipp-Verein Bad Gottleuba-Berggie\u00dfh\u00fcbel e.V. <\/h3>    <div  class=\"tb_text_wrap\">\n        <p><strong>Gesch\u00e4ftsstelle (Kontakt):<\/strong><\/p>\n<p><span style=\"background-color: initial; font-size: 1em;\">Tel.: 0176 \/ 60 39 67 55<\/span><\/p>\n<p>Mail: bgb@kneipp-sachsen.de\u00a0<\/p>    <\/div>\n<\/div>\n<!-- \/module text --><!-- module text -->\n<div  class=\"module module-text tb_x0qo516   \" data-lazy=\"1\">\n        <div  class=\"tb_text_wrap\">\n        <p><strong>Vereinsregister:<br><\/strong><br><\/p>    <\/div>\n<\/div>\n<!-- \/module text --><!-- module text -->\n<div  class=\"module module-text tb_b1l1520   \" data-lazy=\"1\">\n        <div  class=\"tb_text_wrap\">\n        <p><strong>Gesetzlich vertreten durch:<br><\/strong>Anke Weber<\/p>    <\/div>\n<\/div>\n<!-- \/module text --><!-- module text -->\n<div  class=\"module module-text tb_xvk6523   \" data-lazy=\"1\">\n        <div  class=\"tb_text_wrap\">\n        <p><strong>Verantwortlich i.S.d. \u00a7 55 RStV:<\/strong><br>Anke Weber verantw. Im Sinne \u00a755 RStV<\/p>\n<p>Makarenkostra\u00dfe 15a<br>01816 Bad Gottleuba-Berggie\u00dfh\u00fcbel<\/p>\n<p>Tel.: 0176\/ 60 39 67 55<\/p>\n<p><span style=\"background-color: initial; font-size: 1em;\">Mail: bgb@kneipp-sachsen.de<\/span><\/p>\n<p>\u00a0<\/p>    <\/div>\n<\/div>\n<!-- \/module text --><!-- module text -->\n<div  class=\"module module-text tb_cp12526   \" data-lazy=\"1\">\n        <div  class=\"tb_text_wrap\">\n        <p><strong>Realisation:<br \/><br \/><\/strong>Websites Jan Kiese<br \/>Fl\u00e4minger Ufer 20<br \/>06749 Bitterfeld-Wolfen<br \/>Tel.: 0178 8040184<br \/>E-mail: mail@jan-kiese.de<\/p>    <\/div>\n<\/div>\n<!-- \/module text --><!-- module text -->\n<div  class=\"module module-text tb_58xd526   \" data-lazy=\"1\">\n        <div  class=\"tb_text_wrap\">\n        <p><strong>Haftungsausschluss:<\/strong><br \/>Trotz sorgf\u00e4ltiger inhaltlicher Kontrolle \u00fcbernehmen wir keine Haftung f\u00fcr die Inhalte von Websites Dritter, die von dieser Website aus \u00fcber Links erreichbar sind. Der Kneipp-Bund Sachsen\u00a0 hat auf die Inhalte externer Websites keinen Einfluss und kann diese nicht fortlaufend \u00fcberpr\u00fcfen. Die Verantwortung liegt ausschlie\u00dflich beim Betreiber der jeweiligen Homepage.<\/p>    <\/div>\n<\/div>\n<!-- \/module text --><!-- module text -->\n<div  class=\"module module-text tb_ixw7527   \" data-lazy=\"1\">\n        <div  class=\"tb_text_wrap\">\n        <p><strong>Urheberrechtshinweis:<\/strong><br \/>Alle Inhalte und Strukturen dieser Website sind urheber- und leistungsschutzrechtlich gesch\u00fctzt. Die Ver\u00f6ffentlichung im World Wide Web oder in sonstigen Diensten des Internet bedeutet noch keine Einverst\u00e4ndniserkl\u00e4rung f\u00fcr eine anderweitige Nutzung durch Dritte.<\/p>\n<p>Wir erlauben und begr\u00fc\u00dfen ausdr\u00fccklich das Zitieren unserer Dokumente sowie das Setzen von Links auf unsere Website, solange kenntlich gemacht wird, dass es sich um Inhalte der Website des Kneipp-Bund Sachsen handelt und diese Inhalte nicht in Verbindung mit Inhalten Dritter gebracht werden, die den Interessen des Kneipp-Bund Sachsen widersprechen.<\/p>    <\/div>\n<\/div>\n<!-- \/module text --><!-- module text -->\n<div  class=\"module module-text tb_nxna528   \" data-lazy=\"1\">\n        <div  class=\"tb_text_wrap\">\n        <p><strong>Gewerbliche Schutzrechte:<\/strong><br \/>Alle innerhalb dieser Website genannten und ggf. durch Dritte gesch\u00fctzten Marken- und Warenzeichen unterliegen uneingeschr\u00e4nkt den Bestimmungen des jeweils g\u00fcltigen Kennzeichenrechts und den Rechten der jeweiligen Inhaber. Allein aufgrund der blo\u00dfen Nennung ist nicht der Schluss zu ziehen, dass Kennzeichen nicht durch Rechte Dritter gesch\u00fctzt sind.<\/p>    <\/div>\n<\/div>\n<!-- \/module text -->        <\/div>\n                    <\/div>\n                <\/div>\n                        <\/div>\n        <\/div>\n        <\/div>\n<!--\/themify_builder_content-->\n\n<p><\/p>","protected":false},"excerpt":{"rendered":"","protected":false},"author":7,"featured_media":0,"parent":0,"menu_order":0,"comment_status":"closed","ping_status":"closed","template":"","meta":{"footnotes":"","advanced-sidebar-menu\/link-title":"","advanced-sidebar-menu\/exclude-page":false},"class_list":["post-28","page","type-page","status-publish","hentry","has-post-title","has-post-date","has-post-category","has-post-tag","has-post-comment","has-post-author",""],"yoast_head":"<!-- This site is optimized with the Yoast SEO plugin v26.9 - https:\/\/yoast.com\/product\/yoast-seo-wordpress\/ -->\n<title>Impressum - Kneipp Verein Bad Gottleuba-Berggie\u00dfh\u00fcbel e.V.<\/title>\n<meta name=\"robots\" content=\"index, follow, max-snippet:-1, max-image-preview:large, max-video-preview:-1\" \/>\n<link rel=\"canonical\" href=\"https:\/\/www.kneipp-sachsen.de\/bgb\/impressum\/\" \/>\n<meta property=\"og:locale\" content=\"de_DE\" \/>\n<meta property=\"og:type\" content=\"article\" \/>\n<meta property=\"og:title\" content=\"Impressum - Kneipp Verein Bad Gottleuba-Berggie\u00dfh\u00fcbel e.V.\" \/>\n<meta property=\"og:url\" content=\"https:\/\/www.kneipp-sachsen.de\/bgb\/impressum\/\" \/>\n<meta property=\"og:site_name\" content=\"Kneipp Verein Bad Gottleuba-Berggie\u00dfh\u00fcbel e.V.\" \/>\n<meta property=\"article:modified_time\" content=\"2024-09-24T09:50:28+00:00\" \/>\n<meta name=\"twitter:card\" content=\"summary_large_image\" \/>\n<meta name=\"twitter:label1\" content=\"Gesch\u00e4tzte Lesezeit\" \/>\n\t<meta name=\"twitter:data1\" content=\"2\u00a0Minuten\" \/>\n<script type=\"application\/ld+json\" class=\"yoast-schema-graph\">{\"@context\":\"https:\/\/schema.org\",\"@graph\":[{\"@type\":\"WebPage\",\"@id\":\"https:\/\/www.kneipp-sachsen.de\/bgb\/impressum\/\",\"url\":\"https:\/\/www.kneipp-sachsen.de\/bgb\/impressum\/\",\"name\":\"Impressum - Kneipp Verein Bad Gottleuba-Berggie\u00dfh\u00fcbel e.V.\",\"isPartOf\":{\"@id\":\"https:\/\/www.kneipp-sachsen.de\/bgb\/#website\"},\"datePublished\":\"2021-12-08T17:44:43+00:00\",\"dateModified\":\"2024-09-24T09:50:28+00:00\",\"breadcrumb\":{\"@id\":\"https:\/\/www.kneipp-sachsen.de\/bgb\/impressum\/#breadcrumb\"},\"inLanguage\":\"de\",\"potentialAction\":[{\"@type\":\"ReadAction\",\"target\":[\"https:\/\/www.kneipp-sachsen.de\/bgb\/impressum\/\"]}]},{\"@type\":\"BreadcrumbList\",\"@id\":\"https:\/\/www.kneipp-sachsen.de\/bgb\/impressum\/#breadcrumb\",\"itemListElement\":[{\"@type\":\"ListItem\",\"position\":1,\"name\":\"Startseite\",\"item\":\"https:\/\/www.kneipp-sachsen.de\/bgb\/\"},{\"@type\":\"ListItem\",\"position\":2,\"name\":\"Impressum\"}]},{\"@type\":\"WebSite\",\"@id\":\"https:\/\/www.kneipp-sachsen.de\/bgb\/#website\",\"url\":\"https:\/\/www.kneipp-sachsen.de\/bgb\/\",\"name\":\"Kneipp Verein Bad Gottleuba-Berggie\u00dfh\u00fcbel e.V.\",\"description\":\"\",\"potentialAction\":[{\"@type\":\"SearchAction\",\"target\":{\"@type\":\"EntryPoint\",\"urlTemplate\":\"https:\/\/www.kneipp-sachsen.de\/bgb\/?s={search_term_string}\"},\"query-input\":{\"@type\":\"PropertyValueSpecification\",\"valueRequired\":true,\"valueName\":\"search_term_string\"}}],\"inLanguage\":\"de\"}]}<\/script>\n<!-- \/ Yoast SEO plugin. -->","yoast_head_json":{"title":"Impressum - Kneipp Verein Bad Gottleuba-Berggie\u00dfh\u00fcbel e.V.","robots":{"index":"index","follow":"follow","max-snippet":"max-snippet:-1","max-image-preview":"max-image-preview:large","max-video-preview":"max-video-preview:-1"},"canonical":"https:\/\/www.kneipp-sachsen.de\/bgb\/impressum\/","og_locale":"de_DE","og_type":"article","og_title":"Impressum - Kneipp Verein Bad Gottleuba-Berggie\u00dfh\u00fcbel e.V.","og_url":"https:\/\/www.kneipp-sachsen.de\/bgb\/impressum\/","og_site_name":"Kneipp Verein Bad Gottleuba-Berggie\u00dfh\u00fcbel e.V.","article_modified_time":"2024-09-24T09:50:28+00:00","twitter_card":"summary_large_image","twitter_misc":{"Gesch\u00e4tzte Lesezeit":"2\u00a0Minuten"},"schema":{"@context":"https:\/\/schema.org","@graph":[{"@type":"WebPage","@id":"https:\/\/www.kneipp-sachsen.de\/bgb\/impressum\/","url":"https:\/\/www.kneipp-sachsen.de\/bgb\/impressum\/","name":"Impressum - Kneipp Verein Bad Gottleuba-Berggie\u00dfh\u00fcbel e.V.","isPartOf":{"@id":"https:\/\/www.kneipp-sachsen.de\/bgb\/#website"},"datePublished":"2021-12-08T17:44:43+00:00","dateModified":"2024-09-24T09:50:28+00:00","breadcrumb":{"@id":"https:\/\/www.kneipp-sachsen.de\/bgb\/impressum\/#breadcrumb"},"inLanguage":"de","potentialAction":[{"@type":"ReadAction","target":["https:\/\/www.kneipp-sachsen.de\/bgb\/impressum\/"]}]},{"@type":"BreadcrumbList","@id":"https:\/\/www.kneipp-sachsen.de\/bgb\/impressum\/#breadcrumb","itemListElement":[{"@type":"ListItem","position":1,"name":"Startseite","item":"https:\/\/www.kneipp-sachsen.de\/bgb\/"},{"@type":"ListItem","position":2,"name":"Impressum"}]},{"@type":"WebSite","@id":"https:\/\/www.kneipp-sachsen.de\/bgb\/#website","url":"https:\/\/www.kneipp-sachsen.de\/bgb\/","name":"Kneipp Verein Bad Gottleuba-Berggie\u00dfh\u00fcbel e.V.","description":"","potentialAction":[{"@type":"SearchAction","target":{"@type":"EntryPoint","urlTemplate":"https:\/\/www.kneipp-sachsen.de\/bgb\/?s={search_term_string}"},"query-input":{"@type":"PropertyValueSpecification","valueRequired":true,"valueName":"search_term_string"}}],"inLanguage":"de"}]}},"builder_content":"<h2>Impressum<br\/><\/h2>\n<h3>Kneipp-Verein Bad Gottleuba-Berggie\u00dfh\u00fcbel e.V. <\/h3> <p><strong>Gesch\u00e4ftsstelle (Kontakt):<\/strong><\/p> <p>Tel.: 0176 \/ 60 39 67 55<\/p> <p>Mail: bgb@kneipp-sachsen.de\u00a0<\/p>\n<p><strong>Vereinsregister:<br><\/strong><br><\/p>\n<p><strong>Gesetzlich vertreten durch:<br><\/strong>Anke Weber<\/p>\n<p><strong>Verantwortlich i.S.d. \u00a7 55 RStV:<\/strong><br>Anke Weber verantw. Im Sinne \u00a755 RStV<\/p> <p>Makarenkostra\u00dfe 15a<br>01816 Bad Gottleuba-Berggie\u00dfh\u00fcbel<\/p> <p>Tel.: 0176\/ 60 39 67 55<\/p> <p>Mail: bgb@kneipp-sachsen.de<\/p> <p>\u00a0<\/p>\n<p><strong>Realisation:<br \/><br \/><\/strong>Websites Jan Kiese<br \/>Fl\u00e4minger Ufer 20<br \/>06749 Bitterfeld-Wolfen<br \/>Tel.: 0178 8040184<br \/>E-mail: mail@jan-kiese.de<\/p>\n<p><strong>Haftungsausschluss:<\/strong><br \/>Trotz sorgf\u00e4ltiger inhaltlicher Kontrolle \u00fcbernehmen wir keine Haftung f\u00fcr die Inhalte von Websites Dritter, die von dieser Website aus \u00fcber Links erreichbar sind. Der Kneipp-Bund Sachsen\u00a0 hat auf die Inhalte externer Websites keinen Einfluss und kann diese nicht fortlaufend \u00fcberpr\u00fcfen. Die Verantwortung liegt ausschlie\u00dflich beim Betreiber der jeweiligen Homepage.<\/p>\n<p><strong>Urheberrechtshinweis:<\/strong><br \/>Alle Inhalte und Strukturen dieser Website sind urheber- und leistungsschutzrechtlich gesch\u00fctzt. Die Ver\u00f6ffentlichung im World Wide Web oder in sonstigen Diensten des Internet bedeutet noch keine Einverst\u00e4ndniserkl\u00e4rung f\u00fcr eine anderweitige Nutzung durch Dritte.<\/p> <p>Wir erlauben und begr\u00fc\u00dfen ausdr\u00fccklich das Zitieren unserer Dokumente sowie das Setzen von Links auf unsere Website, solange kenntlich gemacht wird, dass es sich um Inhalte der Website des Kneipp-Bund Sachsen handelt und diese Inhalte nicht in Verbindung mit Inhalten Dritter gebracht werden, die den Interessen des Kneipp-Bund Sachsen widersprechen.<\/p>\n<p><strong>Gewerbliche Schutzrechte:<\/strong><br \/>Alle innerhalb dieser Website genannten und ggf. durch Dritte gesch\u00fctzten Marken- und Warenzeichen unterliegen uneingeschr\u00e4nkt den Bestimmungen des jeweils g\u00fcltigen Kennzeichenrechts und den Rechten der jeweiligen Inhaber. Allein aufgrund der blo\u00dfen Nennung ist nicht der Schluss zu ziehen, dass Kennzeichen nicht durch Rechte Dritter gesch\u00fctzt sind.<\/p>","_links":{"self":[{"href":"https:\/\/www.kneipp-sachsen.de\/bgb\/wp-json\/wp\/v2\/pages\/28","targetHints":{"allow":["GET"]}}],"collection":[{"href":"https:\/\/www.kneipp-sachsen.de\/bgb\/wp-json\/wp\/v2\/pages"}],"about":[{"href":"https:\/\/www.kneipp-sachsen.de\/bgb\/wp-json\/wp\/v2\/types\/page"}],"author":[{"embeddable":true,"href":"https:\/\/www.kneipp-sachsen.de\/bgb\/wp-json\/wp\/v2\/users\/7"}],"replies":[{"embeddable":true,"href":"https:\/\/www.kneipp-sachsen.de\/bgb\/wp-json\/wp\/v2\/comments?post=28"}],"version-history":[{"count":8,"href":"https:\/\/www.kneipp-sachsen.de\/bgb\/wp-json\/wp\/v2\/pages\/28\/revisions"}],"predecessor-version":[{"id":383,"href":"https:\/\/www.kneipp-sachsen.de\/bgb\/wp-json\/wp\/v2\/pages\/28\/revisions\/383"}],"wp:attachment":[{"href":"https:\/\/www.kneipp-sachsen.de\/bgb\/wp-json\/wp\/v2\/media?parent=28"}],"curies":[{"name":"wp","href":"https:\/\/api.w.org\/{rel}","templated":true}]}}