{"id":48,"date":"2021-12-08T22:41:25","date_gmt":"2021-12-08T21:41:25","guid":{"rendered":"https:\/\/www.kneipp-sachsen.de\/leipziger-land\/?page_id=48"},"modified":"2025-12-08T10:21:55","modified_gmt":"2025-12-08T09:21:55","slug":"mitglied-werden","status":"publish","type":"page","link":"https:\/\/www.kneipp-sachsen.de\/bgb\/mitglied-werden\/","title":{"rendered":"Mitglied werden"},"content":{"rendered":"<!--themify_builder_content-->\n<div id=\"themify_builder_content-48\" data-postid=\"48\" class=\"themify_builder_content themify_builder_content-48 themify_builder tf_clear\">\n                    <div  data-lazy=\"1\" class=\"module_row themify_builder_row tb_eog6357 tb_first tf_w\">\n                        <div class=\"row_inner col_align_top tb_col_count_1 tf_box tf_rel\">\n                        <div  data-lazy=\"1\" class=\"module_column tb-column col-full tb_gmil358 first\">\n                            <div  data-lazy=\"1\" class=\"module_subrow themify_builder_sub_row tf_w col_align_top tb_col_count_1 tb_l95y358\">\n                <div  data-lazy=\"1\" class=\"module_column sub_column col-full tb_h0ki359 first\">\n                    <!-- module fancy heading -->\n<div  class=\"module module-fancy-heading tb_dyix359 \" data-lazy=\"1\">\n        <h3 class=\"fancy-heading\">\n    <span class=\"main-head tf_block\">\n                    Werden Sie Mitglied im Kneipp-Verein Gottleuba-Berggie\u00dfh\u00fcbel!            <\/span>\n\n    \n    <span class=\"sub-head tf_block tf_rel\">\n                                <\/span>\n    <\/h3>\n<\/div>\n<!-- \/module fancy heading -->\n<!-- module text -->\n<div  class=\"module module-text tb_hg1o360   \" data-lazy=\"1\">\n    <h3 class=\"module-title\">Bleiben Sie mit uns aktiv & gesund!<\/h3>    <div  class=\"tb_text_wrap\">\n        <h3>Ihre Mitgliedervorteile:<\/h3>\n<ul>\n<li>Sie erhalten die beliebte Mitgliederzeitschrift &#8222;Kneipp-Journal&#8220; frei Haus.<\/li>\n<li>Sie erhalten Verg\u00fcnstigungen bei Aus-, Fort- und Weiterbildungskursen der Sebastian-Kneipp-Akademie (SKA) und\u00a0 verbringen Ihren Urlaub zu erm\u00e4\u00dfigten Preisen in den Kneipp-Kurhotels in Bad W\u00f6rishofen und Bad Lauterberg<\/li>\n<li>Sie nutzen die vielf\u00e4ltigen gesundheitsorientierten Bewegungs- und Entspannungsangebote zum Mitgliederpreis.<\/li>\n<li>Sie lernen Kneipp-Anwendungen, Heilpflanzen und ihre positiven Wirkungen kennen.<\/li>\n<li>Sie erhalten viele Tipps rund um die f\u00fcnf Elemente Bewegung, Ern\u00e4hrung, Lebensordnung, Wasser und Heilpflanzen.<\/li>\n<li>Sie werden Teil der Kneipp-Bewegung und finden Kontakt zu gleichgesinnten, gesundheitsbewussten Menschen aller Altersgruppen in den Vereinen, bei Reisen, Ausfl\u00fcgen und Wanderungen.<\/li>\n<li>Sie erleben geselliges Miteinander bei verschiedenen Anl\u00e4ssen.<\/li>\n<\/ul>\n<h3>Nehmen Sie einfach <a href=\"https:\/\/kneipp-sachsen.de\/bgb\/wer-wir-sind\/ueber-uns\/kontakt\/\" target=\"_blank\" rel=\"noopener\">Kontakt<\/a> zu uns auf, wir freuen uns auf Sie!<\/h3>\n<ul>\n<li>\n<h4><a href=\"https:\/\/www.kneipp-sachsen.de\/bgb\/wp-content\/uploads\/2025\/10\/000_Aufnahmeantrag_KV_BGB.pdf\" target=\"_blank\" rel=\"noopener\">Aufnahmeantrag (pdf)<\/a><\/h4>\n<\/li>\n<li>\n<h4><a href=\"https:\/\/www.kneipp-sachsen.de\/bgb\/wp-content\/uploads\/2025\/10\/25-10-12-SEPA-Lastschrift-Kneipp.pdf\" target=\"_blank\" rel=\"noopener\">SEPA-Lastschriftmandat (pdf)<\/a><\/h4>\n<\/li>\n<\/ul>\n<div id=\"descriptionExtDiv\" style=\"position: absolute; opacity: 0.8; padding: 10px; border-radius: 10px; z-index: 9999; display: none; color: white; background-color: black; border: 1px solid white;\">\u00a0<\/div>    <\/div>\n<\/div>\n<!-- \/module text -->        <\/div>\n                    <\/div>\n                <\/div>\n                        <\/div>\n        <\/div>\n        <\/div>\n<!--\/themify_builder_content-->","protected":false},"excerpt":{"rendered":"<p>Ihre Mitgliedervorteile: Sie erhalten die beliebte Mitgliederzeitschrift &#8222;Kneipp-Journal&#8220; frei Haus. Sie erhalten Verg\u00fcnstigungen bei Aus-, Fort- und Weiterbildungskursen der Sebastian-Kneipp-Akademie (SKA) und\u00a0 verbringen Ihren Urlaub zu erm\u00e4\u00dfigten Preisen in den Kneipp-Kurhotels in Bad W\u00f6rishofen und Bad Lauterberg Sie nutzen die vielf\u00e4ltigen gesundheitsorientierten Bewegungs- und Entspannungsangebote zum Mitgliederpreis. Sie lernen Kneipp-Anwendungen, Heilpflanzen und ihre positiven Wirkungen [&hellip;]<\/p>\n","protected":false},"author":7,"featured_media":0,"parent":0,"menu_order":0,"comment_status":"closed","ping_status":"closed","template":"","meta":{"footnotes":"","advanced-sidebar-menu\/link-title":"","advanced-sidebar-menu\/exclude-page":false},"class_list":["post-48","page","type-page","status-publish","hentry","has-post-title","has-post-date","has-post-category","has-post-tag","has-post-comment","has-post-author",""],"yoast_head":"<!-- This site is optimized with the Yoast SEO plugin v26.9 - https:\/\/yoast.com\/product\/yoast-seo-wordpress\/ -->\n<title>Mitglied werden - Kneipp Verein Bad Gottleuba-Berggie\u00dfh\u00fcbel e.V.<\/title>\n<meta name=\"robots\" content=\"index, follow, max-snippet:-1, max-image-preview:large, max-video-preview:-1\" \/>\n<link rel=\"canonical\" href=\"https:\/\/www.kneipp-sachsen.de\/bgb\/mitglied-werden\/\" \/>\n<meta property=\"og:locale\" content=\"de_DE\" \/>\n<meta property=\"og:type\" content=\"article\" \/>\n<meta property=\"og:title\" content=\"Mitglied werden - Kneipp Verein Bad Gottleuba-Berggie\u00dfh\u00fcbel e.V.\" \/>\n<meta property=\"og:description\" content=\"Ihre Mitgliedervorteile: Sie erhalten die beliebte Mitgliederzeitschrift &quot;Kneipp-Journal&quot; frei Haus. Sie erhalten Verg\u00fcnstigungen bei Aus-, Fort- und Weiterbildungskursen der Sebastian-Kneipp-Akademie (SKA) und\u00a0 verbringen Ihren Urlaub zu erm\u00e4\u00dfigten Preisen in den Kneipp-Kurhotels in Bad W\u00f6rishofen und Bad Lauterberg Sie nutzen die vielf\u00e4ltigen gesundheitsorientierten Bewegungs- und Entspannungsangebote zum Mitgliederpreis. Sie lernen Kneipp-Anwendungen, Heilpflanzen und ihre positiven Wirkungen [&hellip;]\" \/>\n<meta property=\"og:url\" content=\"https:\/\/www.kneipp-sachsen.de\/bgb\/mitglied-werden\/\" \/>\n<meta property=\"og:site_name\" content=\"Kneipp Verein Bad Gottleuba-Berggie\u00dfh\u00fcbel e.V.\" \/>\n<meta property=\"article:modified_time\" content=\"2025-12-08T09:21:55+00:00\" \/>\n<meta name=\"twitter:card\" content=\"summary_large_image\" \/>\n<meta name=\"twitter:label1\" content=\"Gesch\u00e4tzte Lesezeit\" \/>\n\t<meta name=\"twitter:data1\" content=\"2\u00a0Minuten\" \/>\n<script type=\"application\/ld+json\" class=\"yoast-schema-graph\">{\"@context\":\"https:\/\/schema.org\",\"@graph\":[{\"@type\":\"WebPage\",\"@id\":\"https:\/\/www.kneipp-sachsen.de\/bgb\/mitglied-werden\/\",\"url\":\"https:\/\/www.kneipp-sachsen.de\/bgb\/mitglied-werden\/\",\"name\":\"Mitglied werden - Kneipp Verein Bad Gottleuba-Berggie\u00dfh\u00fcbel e.V.\",\"isPartOf\":{\"@id\":\"https:\/\/www.kneipp-sachsen.de\/bgb\/#website\"},\"datePublished\":\"2021-12-08T21:41:25+00:00\",\"dateModified\":\"2025-12-08T09:21:55+00:00\",\"breadcrumb\":{\"@id\":\"https:\/\/www.kneipp-sachsen.de\/bgb\/mitglied-werden\/#breadcrumb\"},\"inLanguage\":\"de\",\"potentialAction\":[{\"@type\":\"ReadAction\",\"target\":[\"https:\/\/www.kneipp-sachsen.de\/bgb\/mitglied-werden\/\"]}]},{\"@type\":\"BreadcrumbList\",\"@id\":\"https:\/\/www.kneipp-sachsen.de\/bgb\/mitglied-werden\/#breadcrumb\",\"itemListElement\":[{\"@type\":\"ListItem\",\"position\":1,\"name\":\"Startseite\",\"item\":\"https:\/\/www.kneipp-sachsen.de\/bgb\/\"},{\"@type\":\"ListItem\",\"position\":2,\"name\":\"Mitglied werden\"}]},{\"@type\":\"WebSite\",\"@id\":\"https:\/\/www.kneipp-sachsen.de\/bgb\/#website\",\"url\":\"https:\/\/www.kneipp-sachsen.de\/bgb\/\",\"name\":\"Kneipp Verein Bad Gottleuba-Berggie\u00dfh\u00fcbel e.V.\",\"description\":\"\",\"potentialAction\":[{\"@type\":\"SearchAction\",\"target\":{\"@type\":\"EntryPoint\",\"urlTemplate\":\"https:\/\/www.kneipp-sachsen.de\/bgb\/?s={search_term_string}\"},\"query-input\":{\"@type\":\"PropertyValueSpecification\",\"valueRequired\":true,\"valueName\":\"search_term_string\"}}],\"inLanguage\":\"de\"}]}<\/script>\n<!-- \/ Yoast SEO plugin. -->","yoast_head_json":{"title":"Mitglied werden - Kneipp Verein Bad Gottleuba-Berggie\u00dfh\u00fcbel e.V.","robots":{"index":"index","follow":"follow","max-snippet":"max-snippet:-1","max-image-preview":"max-image-preview:large","max-video-preview":"max-video-preview:-1"},"canonical":"https:\/\/www.kneipp-sachsen.de\/bgb\/mitglied-werden\/","og_locale":"de_DE","og_type":"article","og_title":"Mitglied werden - Kneipp Verein Bad Gottleuba-Berggie\u00dfh\u00fcbel e.V.","og_description":"Ihre Mitgliedervorteile: Sie erhalten die beliebte Mitgliederzeitschrift \"Kneipp-Journal\" frei Haus. Sie erhalten Verg\u00fcnstigungen bei Aus-, Fort- und Weiterbildungskursen der Sebastian-Kneipp-Akademie (SKA) und\u00a0 verbringen Ihren Urlaub zu erm\u00e4\u00dfigten Preisen in den Kneipp-Kurhotels in Bad W\u00f6rishofen und Bad Lauterberg Sie nutzen die vielf\u00e4ltigen gesundheitsorientierten Bewegungs- und Entspannungsangebote zum Mitgliederpreis. Sie lernen Kneipp-Anwendungen, Heilpflanzen und ihre positiven Wirkungen [&hellip;]","og_url":"https:\/\/www.kneipp-sachsen.de\/bgb\/mitglied-werden\/","og_site_name":"Kneipp Verein Bad Gottleuba-Berggie\u00dfh\u00fcbel e.V.","article_modified_time":"2025-12-08T09:21:55+00:00","twitter_card":"summary_large_image","twitter_misc":{"Gesch\u00e4tzte Lesezeit":"2\u00a0Minuten"},"schema":{"@context":"https:\/\/schema.org","@graph":[{"@type":"WebPage","@id":"https:\/\/www.kneipp-sachsen.de\/bgb\/mitglied-werden\/","url":"https:\/\/www.kneipp-sachsen.de\/bgb\/mitglied-werden\/","name":"Mitglied werden - Kneipp Verein Bad Gottleuba-Berggie\u00dfh\u00fcbel e.V.","isPartOf":{"@id":"https:\/\/www.kneipp-sachsen.de\/bgb\/#website"},"datePublished":"2021-12-08T21:41:25+00:00","dateModified":"2025-12-08T09:21:55+00:00","breadcrumb":{"@id":"https:\/\/www.kneipp-sachsen.de\/bgb\/mitglied-werden\/#breadcrumb"},"inLanguage":"de","potentialAction":[{"@type":"ReadAction","target":["https:\/\/www.kneipp-sachsen.de\/bgb\/mitglied-werden\/"]}]},{"@type":"BreadcrumbList","@id":"https:\/\/www.kneipp-sachsen.de\/bgb\/mitglied-werden\/#breadcrumb","itemListElement":[{"@type":"ListItem","position":1,"name":"Startseite","item":"https:\/\/www.kneipp-sachsen.de\/bgb\/"},{"@type":"ListItem","position":2,"name":"Mitglied werden"}]},{"@type":"WebSite","@id":"https:\/\/www.kneipp-sachsen.de\/bgb\/#website","url":"https:\/\/www.kneipp-sachsen.de\/bgb\/","name":"Kneipp Verein Bad Gottleuba-Berggie\u00dfh\u00fcbel e.V.","description":"","potentialAction":[{"@type":"SearchAction","target":{"@type":"EntryPoint","urlTemplate":"https:\/\/www.kneipp-sachsen.de\/bgb\/?s={search_term_string}"},"query-input":{"@type":"PropertyValueSpecification","valueRequired":true,"valueName":"search_term_string"}}],"inLanguage":"de"}]}},"builder_content":"<h3>Werden Sie Mitglied im Kneipp-Verein Gottleuba-Berggie\u00dfh\u00fcbel!<br\/><\/h3>\n<h3>Bleiben Sie mit uns aktiv & gesund!<\/h3> <h3>Ihre Mitgliedervorteile:<\/h3> <ul> <li>Sie erhalten die beliebte Mitgliederzeitschrift \"Kneipp-Journal\" frei Haus.<\/li> <li>Sie erhalten Verg\u00fcnstigungen bei Aus-, Fort- und Weiterbildungskursen der Sebastian-Kneipp-Akademie (SKA) und\u00a0 verbringen Ihren Urlaub zu erm\u00e4\u00dfigten Preisen in den Kneipp-Kurhotels in Bad W\u00f6rishofen und Bad Lauterberg<\/li> <li>Sie nutzen die vielf\u00e4ltigen gesundheitsorientierten Bewegungs- und Entspannungsangebote zum Mitgliederpreis.<\/li> <li>Sie lernen Kneipp-Anwendungen, Heilpflanzen und ihre positiven Wirkungen kennen.<\/li> <li>Sie erhalten viele Tipps rund um die f\u00fcnf Elemente Bewegung, Ern\u00e4hrung, Lebensordnung, Wasser und Heilpflanzen.<\/li> <li>Sie werden Teil der Kneipp-Bewegung und finden Kontakt zu gleichgesinnten, gesundheitsbewussten Menschen aller Altersgruppen in den Vereinen, bei Reisen, Ausfl\u00fcgen und Wanderungen.<\/li> <li>Sie erleben geselliges Miteinander bei verschiedenen Anl\u00e4ssen.<\/li> <\/ul> <h3>Nehmen Sie einfach <a href=\"https:\/\/kneipp-sachsen.de\/bgb\/wer-wir-sind\/ueber-uns\/kontakt\/\" target=\"_blank\" rel=\"noopener\">Kontakt<\/a> zu uns auf, wir freuen uns auf Sie!<\/h3> <ul> <li> <h4><a href=\"https:\/\/www.kneipp-sachsen.de\/bgb\/wp-content\/uploads\/2025\/10\/000_Aufnahmeantrag_KV_BGB.pdf\" target=\"_blank\" rel=\"noopener\">Aufnahmeantrag (pdf)<\/a><\/h4> <\/li> <li> <h4><a href=\"https:\/\/www.kneipp-sachsen.de\/bgb\/wp-content\/uploads\/2025\/10\/25-10-12-SEPA-Lastschrift-Kneipp.pdf\" target=\"_blank\" rel=\"noopener\">SEPA-Lastschriftmandat (pdf)<\/a><\/h4> <\/li> <\/ul> \u00a0","_links":{"self":[{"href":"https:\/\/www.kneipp-sachsen.de\/bgb\/wp-json\/wp\/v2\/pages\/48","targetHints":{"allow":["GET"]}}],"collection":[{"href":"https:\/\/www.kneipp-sachsen.de\/bgb\/wp-json\/wp\/v2\/pages"}],"about":[{"href":"https:\/\/www.kneipp-sachsen.de\/bgb\/wp-json\/wp\/v2\/types\/page"}],"author":[{"embeddable":true,"href":"https:\/\/www.kneipp-sachsen.de\/bgb\/wp-json\/wp\/v2\/users\/7"}],"replies":[{"embeddable":true,"href":"https:\/\/www.kneipp-sachsen.de\/bgb\/wp-json\/wp\/v2\/comments?post=48"}],"version-history":[{"count":34,"href":"https:\/\/www.kneipp-sachsen.de\/bgb\/wp-json\/wp\/v2\/pages\/48\/revisions"}],"predecessor-version":[{"id":1022,"href":"https:\/\/www.kneipp-sachsen.de\/bgb\/wp-json\/wp\/v2\/pages\/48\/revisions\/1022"}],"wp:attachment":[{"href":"https:\/\/www.kneipp-sachsen.de\/bgb\/wp-json\/wp\/v2\/media?parent=48"}],"curies":[{"name":"wp","href":"https:\/\/api.w.org\/{rel}","templated":true}]}}