{"id":10,"date":"2022-01-13T18:16:15","date_gmt":"2022-01-13T17:16:15","guid":{"rendered":"https:\/\/www.kneipp-sachsen.de\/chemnitz\/?page_id=10"},"modified":"2023-01-03T14:26:46","modified_gmt":"2023-01-03T13:26:46","slug":"startseite","status":"publish","type":"page","link":"https:\/\/www.kneipp-sachsen.de\/chemnitz\/","title":{"rendered":"Startseite"},"content":{"rendered":"<!--themify_builder_content-->\n<div id=\"themify_builder_content-10\" data-postid=\"10\" class=\"themify_builder_content themify_builder_content-10 themify_builder tf_clear\">\n                    <div  data-lazy=\"1\" class=\"module_row themify_builder_row tb_bach541 tb_first tf_w\">\n                        <div class=\"row_inner col_align_top tb_col_count_1 tf_box tf_rel\">\n                        <div  data-lazy=\"1\" class=\"module_column tb-column col-full tb_2rdr543 first\">\n                            <div  data-lazy=\"1\" class=\"module_subrow themify_builder_sub_row tf_w col_align_top tb_col_count_1 tb_trog544\">\n                <div  data-lazy=\"1\" class=\"module_column sub_column col-full tb_udmb545 first\">\n                    <!-- module fancy heading -->\n<div  class=\"module module-fancy-heading tb_xpyv546  tb_hide_divider\" data-lazy=\"1\" id=\"kneippbadschlema1\">\n        <h1 class=\"fancy-heading tf_textc\">\n    <span class=\"main-head tf_block\">\n                    Herzlich willkommen beim Kneipp-Verein Chemnitz e.V.            <\/span>\n\n    \n    <span class=\"sub-head tf_block tf_rel\">\n                    Der Kneipp-Verein Bad Chemnitz e.V. informiert Sie \u00fcber aktuelle Angebote im Verein            <\/span>\n    <\/h1>\n<\/div>\n<!-- \/module fancy heading -->\n        <\/div>\n                    <\/div>\n                <\/div>\n                        <\/div>\n        <\/div>\n                        <div  data-lazy=\"1\" class=\"module_row themify_builder_row tb_t7qh542 tf_w\">\n                        <div class=\"row_inner col_align_top tb_col_count_1 tf_box tf_rel\">\n                        <div  data-lazy=\"1\" class=\"module_column tb-column col-full tb_agzz547 first\">\n                            <div  data-lazy=\"1\" class=\"module_subrow themify_builder_sub_row tf_w col_align_top tb_col_count_1 tb_hwe6548\">\n                <div  data-lazy=\"1\" class=\"module_column sub_column col-full tb_ayl4548 first\">\n                    <!-- module image -->\n<div  class=\"module module-image tb_fuqq549 image-top   tf_mw\" data-lazy=\"1\">\n        <div class=\"image-wrap tf_rel tf_mw\">\n            <img loading=\"lazy\" decoding=\"async\" width=\"3372\" height=\"750\" src=\"https:\/\/www.kneipp-sachsen.de\/chemnitz\/wp-content\/uploads\/2023\/01\/Kneippsche-Elemente_mit-Schrift.png\" class=\"wp-post-image wp-image-90\" title=\"Kneippsche-Elemente_mit-Schrift\" alt=\"Kneipp Bad Schlema\" srcset=\"https:\/\/www.kneipp-sachsen.de\/chemnitz\/wp-content\/uploads\/2023\/01\/Kneippsche-Elemente_mit-Schrift.png 3372w, https:\/\/www.kneipp-sachsen.de\/chemnitz\/wp-content\/uploads\/2023\/01\/Kneippsche-Elemente_mit-Schrift-300x67.png 300w, https:\/\/www.kneipp-sachsen.de\/chemnitz\/wp-content\/uploads\/2023\/01\/Kneippsche-Elemente_mit-Schrift-1024x228.png 1024w, https:\/\/www.kneipp-sachsen.de\/chemnitz\/wp-content\/uploads\/2023\/01\/Kneippsche-Elemente_mit-Schrift-768x171.png 768w, https:\/\/www.kneipp-sachsen.de\/chemnitz\/wp-content\/uploads\/2023\/01\/Kneippsche-Elemente_mit-Schrift-1536x342.png 1536w, https:\/\/www.kneipp-sachsen.de\/chemnitz\/wp-content\/uploads\/2023\/01\/Kneippsche-Elemente_mit-Schrift-2048x456.png 2048w\" sizes=\"auto, (max-width: 3372px) 100vw, 3372px\" \/>    \n        <\/div>\n    <!-- \/image-wrap -->\n    \n        <\/div>\n<!-- \/module image --><!-- module divider -->\n<div  class=\"module tf_mw module-divider tb_fujy549 dotted   \" style=\"border-width: 1px;border-color: #666666;margin-bottom: 15px;\" data-lazy=\"1\" id=\"kneippbadschlema\">\n    <\/div>\n<!-- \/module divider -->\n        <\/div>\n                    <\/div>\n                <\/div>\n                        <\/div>\n        <\/div>\n                        <div  data-lazy=\"1\" class=\"module_row themify_builder_row tb_ox8w542 tf_w\">\n                        <div class=\"row_inner col_align_top tb_col_count_1 tf_box tf_rel\">\n                        <div  data-lazy=\"1\" class=\"module_column tb-column col-full tb_lrh4550 first\">\n                            <div  data-lazy=\"1\" class=\"module_subrow themify_builder_sub_row tf_w col_align_top tb_col_count_1 tb_85gt550\">\n                <div  data-lazy=\"1\" class=\"module_column sub_column col-full tb_u08w550 first\">\n                    <!-- module divider -->\n<div  class=\"module tf_mw module-divider tb_hxv1550 dotted   \" style=\"border-width: 1px;border-color: #666666;margin-bottom: 15px;\" data-lazy=\"1\">\n    <\/div>\n<!-- \/module divider -->\n<!-- module fancy heading -->\n<div  class=\"module module-fancy-heading tb_k87g551  tb_hide_divider\" data-lazy=\"1\" id=\"kneippbadschlema2\">\n        <h3 class=\"fancy-heading\">\n    <span class=\"main-head tf_block\">\n                    Unser Ziel: gesunde Menschen            <\/span>\n\n    \n    <span class=\"sub-head tf_block tf_rel\">\n                                <\/span>\n    <\/h3>\n<\/div>\n<!-- \/module fancy heading -->\n<!-- module text -->\n<div  class=\"module module-text tb_jh75551   \" data-lazy=\"1\" id=\"kneippbadschlema3\">\n        <div  class=\"tb_text_wrap\">\n        <p>Ein gesundes Leben im Einklang mit der Natur f\u00fchren und auf diese Art aktiv vorbeugen und Heilung finden. Diesen ganzheitlichen Ansatz hat Sebastian Kneipp (1821 bis 1897) vor 150 Jahren zur Grundlage seiner umfassenden Heilverfahren gemacht &#8211; mit Erfolg.<\/p>    <\/div>\n<\/div>\n<!-- \/module text --><!-- module divider -->\n<div  class=\"module tf_mw module-divider tb_ch0v551 dotted   \" style=\"border-width: 1px;border-color: #666666;margin-bottom: 15px;\" data-lazy=\"1\">\n    <\/div>\n<!-- \/module divider -->\n<!-- module fancy heading -->\n<div  class=\"module module-fancy-heading tb_3n9o552  tb_hide_divider\" data-lazy=\"1\">\n        <h3 class=\"fancy-heading\">\n    <span class=\"main-head tf_block\">\n                    Wir bringen Bewegung ins Leben            <\/span>\n\n    \n    <span class=\"sub-head tf_block tf_rel\">\n                                <\/span>\n    <\/h3>\n<\/div>\n<!-- \/module fancy heading -->\n<!-- module text -->\n<div  class=\"module module-text tb_3ngn553   \" data-lazy=\"1\">\n        <div  class=\"tb_text_wrap\">\n        <p>Das Kneippsche Gesundheitskonzept hat \u00fcberdauert und sich stetig weiter entwickelt. Aus der urspr\u00fcnglichen Wasser- und Kr\u00e4uterheilkunde entstand ein ganzes und hoch anerkanntes Gesundheitskonzept. Leben nach Kneipp ist einfach, kostet fast nichts &#8211; nicht einmal viel Zeit &#8211; und bringt den Menschen in Bewegung. Das macht gesund (oder noch ges\u00fcnder), bewirkt ein hochwirksames Immunsystem, umfassende Fitness, \u00fcberdurchschnittliche Stressresistenz und gute Stimmung. Ideal f\u00fcr jedes Alter, jeden Geldbeutel, jeden Bildungsstand, jede Lebenseinstellung &#8211; und gleicherma\u00dfen f\u00fcr Gesunde und Kranke.<\/p>    <\/div>\n<\/div>\n<!-- \/module text -->        <\/div>\n                    <\/div>\n                <\/div>\n                        <\/div>\n        <\/div>\n        <\/div>\n<!--\/themify_builder_content-->","protected":false},"excerpt":{"rendered":"<p>Ein gesundes Leben im Einklang mit der Natur f\u00fchren und auf diese Art aktiv vorbeugen und Heilung finden. Diesen ganzheitlichen Ansatz hat Sebastian Kneipp (1821 bis 1897) vor 150 Jahren zur Grundlage seiner umfassenden Heilverfahren gemacht &#8211; mit Erfolg.<\/p>\n","protected":false},"author":1,"featured_media":0,"parent":0,"menu_order":0,"comment_status":"closed","ping_status":"closed","template":"","meta":{"footnotes":"","advanced-sidebar-menu\/link-title":"","advanced-sidebar-menu\/exclude-page":false},"class_list":["post-10","page","type-page","status-publish","hentry","has-post-title","has-post-date","has-post-category","has-post-tag","has-post-comment","has-post-author",""],"yoast_head":"<!-- This site is optimized with the Yoast SEO plugin v26.9 - https:\/\/yoast.com\/product\/yoast-seo-wordpress\/ -->\n<title>Startseite - Kneipp-Verein Chemnitz<\/title>\n<meta name=\"robots\" content=\"index, follow, max-snippet:-1, max-image-preview:large, max-video-preview:-1\" \/>\n<link rel=\"canonical\" href=\"https:\/\/www.kneipp-sachsen.de\/chemnitz\/\" \/>\n<meta property=\"og:locale\" content=\"de_DE\" \/>\n<meta property=\"og:type\" content=\"article\" \/>\n<meta property=\"og:title\" content=\"Startseite - Kneipp-Verein Chemnitz\" \/>\n<meta property=\"og:description\" content=\"Ein gesundes Leben im Einklang mit der Natur f\u00fchren und auf diese Art aktiv vorbeugen und Heilung finden. Diesen ganzheitlichen Ansatz hat Sebastian Kneipp (1821 bis 1897) vor 150 Jahren zur Grundlage seiner umfassenden Heilverfahren gemacht - mit Erfolg.\" \/>\n<meta property=\"og:url\" content=\"https:\/\/www.kneipp-sachsen.de\/chemnitz\/\" \/>\n<meta property=\"og:site_name\" content=\"Kneipp-Verein Chemnitz\" \/>\n<meta property=\"article:modified_time\" content=\"2023-01-03T13:26:46+00:00\" \/>\n<meta name=\"twitter:card\" content=\"summary_large_image\" \/>\n<script type=\"application\/ld+json\" class=\"yoast-schema-graph\">{\"@context\":\"https:\/\/schema.org\",\"@graph\":[{\"@type\":\"WebPage\",\"@id\":\"https:\/\/www.kneipp-sachsen.de\/chemnitz\/\",\"url\":\"https:\/\/www.kneipp-sachsen.de\/chemnitz\/\",\"name\":\"Startseite - Kneipp-Verein Chemnitz\",\"isPartOf\":{\"@id\":\"https:\/\/www.kneipp-sachsen.de\/chemnitz\/#website\"},\"datePublished\":\"2022-01-13T17:16:15+00:00\",\"dateModified\":\"2023-01-03T13:26:46+00:00\",\"breadcrumb\":{\"@id\":\"https:\/\/www.kneipp-sachsen.de\/chemnitz\/#breadcrumb\"},\"inLanguage\":\"de\",\"potentialAction\":[{\"@type\":\"ReadAction\",\"target\":[\"https:\/\/www.kneipp-sachsen.de\/chemnitz\/\"]}]},{\"@type\":\"BreadcrumbList\",\"@id\":\"https:\/\/www.kneipp-sachsen.de\/chemnitz\/#breadcrumb\",\"itemListElement\":[{\"@type\":\"ListItem\",\"position\":1,\"name\":\"Home\",\"item\":\"https:\/\/www.kneipp-sachsen.de\/chemnitz\/\"},{\"@type\":\"ListItem\",\"position\":2,\"name\":\"Startseite\"}]},{\"@type\":\"WebSite\",\"@id\":\"https:\/\/www.kneipp-sachsen.de\/chemnitz\/#website\",\"url\":\"https:\/\/www.kneipp-sachsen.de\/chemnitz\/\",\"name\":\"Kneipp-Verein Chemnitz\",\"description\":\"\",\"potentialAction\":[{\"@type\":\"SearchAction\",\"target\":{\"@type\":\"EntryPoint\",\"urlTemplate\":\"https:\/\/www.kneipp-sachsen.de\/chemnitz\/?s={search_term_string}\"},\"query-input\":{\"@type\":\"PropertyValueSpecification\",\"valueRequired\":true,\"valueName\":\"search_term_string\"}}],\"inLanguage\":\"de\"}]}<\/script>\n<!-- \/ Yoast SEO plugin. -->","yoast_head_json":{"title":"Startseite - Kneipp-Verein Chemnitz","robots":{"index":"index","follow":"follow","max-snippet":"max-snippet:-1","max-image-preview":"max-image-preview:large","max-video-preview":"max-video-preview:-1"},"canonical":"https:\/\/www.kneipp-sachsen.de\/chemnitz\/","og_locale":"de_DE","og_type":"article","og_title":"Startseite - Kneipp-Verein Chemnitz","og_description":"Ein gesundes Leben im Einklang mit der Natur f\u00fchren und auf diese Art aktiv vorbeugen und Heilung finden. Diesen ganzheitlichen Ansatz hat Sebastian Kneipp (1821 bis 1897) vor 150 Jahren zur Grundlage seiner umfassenden Heilverfahren gemacht - mit Erfolg.","og_url":"https:\/\/www.kneipp-sachsen.de\/chemnitz\/","og_site_name":"Kneipp-Verein Chemnitz","article_modified_time":"2023-01-03T13:26:46+00:00","twitter_card":"summary_large_image","schema":{"@context":"https:\/\/schema.org","@graph":[{"@type":"WebPage","@id":"https:\/\/www.kneipp-sachsen.de\/chemnitz\/","url":"https:\/\/www.kneipp-sachsen.de\/chemnitz\/","name":"Startseite - Kneipp-Verein Chemnitz","isPartOf":{"@id":"https:\/\/www.kneipp-sachsen.de\/chemnitz\/#website"},"datePublished":"2022-01-13T17:16:15+00:00","dateModified":"2023-01-03T13:26:46+00:00","breadcrumb":{"@id":"https:\/\/www.kneipp-sachsen.de\/chemnitz\/#breadcrumb"},"inLanguage":"de","potentialAction":[{"@type":"ReadAction","target":["https:\/\/www.kneipp-sachsen.de\/chemnitz\/"]}]},{"@type":"BreadcrumbList","@id":"https:\/\/www.kneipp-sachsen.de\/chemnitz\/#breadcrumb","itemListElement":[{"@type":"ListItem","position":1,"name":"Home","item":"https:\/\/www.kneipp-sachsen.de\/chemnitz\/"},{"@type":"ListItem","position":2,"name":"Startseite"}]},{"@type":"WebSite","@id":"https:\/\/www.kneipp-sachsen.de\/chemnitz\/#website","url":"https:\/\/www.kneipp-sachsen.de\/chemnitz\/","name":"Kneipp-Verein Chemnitz","description":"","potentialAction":[{"@type":"SearchAction","target":{"@type":"EntryPoint","urlTemplate":"https:\/\/www.kneipp-sachsen.de\/chemnitz\/?s={search_term_string}"},"query-input":{"@type":"PropertyValueSpecification","valueRequired":true,"valueName":"search_term_string"}}],"inLanguage":"de"}]}},"builder_content":"<h1>Herzlich willkommen beim Kneipp-Verein Chemnitz e.V.<br\/>Der Kneipp-Verein Bad Chemnitz e.V. informiert Sie \u00fcber aktuelle Angebote im Verein<\/h1>\n<img src=\"https:\/\/www.kneipp-sachsen.de\/chemnitz\/wp-content\/uploads\/2023\/01\/Kneippsche-Elemente_mit-Schrift.png\" title=\"Kneippsche-Elemente_mit-Schrift\" alt=\"Kneipp Bad Schlema\" srcset=\"https:\/\/www.kneipp-sachsen.de\/chemnitz\/wp-content\/uploads\/2023\/01\/Kneippsche-Elemente_mit-Schrift.png 3372w, https:\/\/www.kneipp-sachsen.de\/chemnitz\/wp-content\/uploads\/2023\/01\/Kneippsche-Elemente_mit-Schrift-300x67.png 300w, https:\/\/www.kneipp-sachsen.de\/chemnitz\/wp-content\/uploads\/2023\/01\/Kneippsche-Elemente_mit-Schrift-1024x228.png 1024w, https:\/\/www.kneipp-sachsen.de\/chemnitz\/wp-content\/uploads\/2023\/01\/Kneippsche-Elemente_mit-Schrift-768x171.png 768w, https:\/\/www.kneipp-sachsen.de\/chemnitz\/wp-content\/uploads\/2023\/01\/Kneippsche-Elemente_mit-Schrift-1536x342.png 1536w, https:\/\/www.kneipp-sachsen.de\/chemnitz\/wp-content\/uploads\/2023\/01\/Kneippsche-Elemente_mit-Schrift-2048x456.png 2048w\" sizes=\"(max-width: 3372px) 100vw, 3372px\" \/>\n\n\n<h3>Unser Ziel: gesunde Menschen<br\/><\/h3>\n<p>Ein gesundes Leben im Einklang mit der Natur f\u00fchren und auf diese Art aktiv vorbeugen und Heilung finden. Diesen ganzheitlichen Ansatz hat Sebastian Kneipp (1821 bis 1897) vor 150 Jahren zur Grundlage seiner umfassenden Heilverfahren gemacht - mit Erfolg.<\/p>\n\n<h3>Wir bringen Bewegung ins Leben<br\/><\/h3>\n<p>Das Kneippsche Gesundheitskonzept hat \u00fcberdauert und sich stetig weiter entwickelt. Aus der urspr\u00fcnglichen Wasser- und Kr\u00e4uterheilkunde entstand ein ganzes und hoch anerkanntes Gesundheitskonzept. Leben nach Kneipp ist einfach, kostet fast nichts - nicht einmal viel Zeit - und bringt den Menschen in Bewegung. Das macht gesund (oder noch ges\u00fcnder), bewirkt ein hochwirksames Immunsystem, umfassende Fitness, \u00fcberdurchschnittliche Stressresistenz und gute Stimmung. Ideal f\u00fcr jedes Alter, jeden Geldbeutel, jeden Bildungsstand, jede Lebenseinstellung - und gleicherma\u00dfen f\u00fcr Gesunde und Kranke.<\/p>","_links":{"self":[{"href":"https:\/\/www.kneipp-sachsen.de\/chemnitz\/wp-json\/wp\/v2\/pages\/10","targetHints":{"allow":["GET"]}}],"collection":[{"href":"https:\/\/www.kneipp-sachsen.de\/chemnitz\/wp-json\/wp\/v2\/pages"}],"about":[{"href":"https:\/\/www.kneipp-sachsen.de\/chemnitz\/wp-json\/wp\/v2\/types\/page"}],"author":[{"embeddable":true,"href":"https:\/\/www.kneipp-sachsen.de\/chemnitz\/wp-json\/wp\/v2\/users\/1"}],"replies":[{"embeddable":true,"href":"https:\/\/www.kneipp-sachsen.de\/chemnitz\/wp-json\/wp\/v2\/comments?post=10"}],"version-history":[{"count":10,"href":"https:\/\/www.kneipp-sachsen.de\/chemnitz\/wp-json\/wp\/v2\/pages\/10\/revisions"}],"predecessor-version":[{"id":94,"href":"https:\/\/www.kneipp-sachsen.de\/chemnitz\/wp-json\/wp\/v2\/pages\/10\/revisions\/94"}],"wp:attachment":[{"href":"https:\/\/www.kneipp-sachsen.de\/chemnitz\/wp-json\/wp\/v2\/media?parent=10"}],"curies":[{"name":"wp","href":"https:\/\/api.w.org\/{rel}","templated":true}]}}