{"id":28,"date":"2022-10-20T06:36:56","date_gmt":"2022-10-20T04:36:56","guid":{"rendered":"https:\/\/www.kneipp-sachsen.de\/chemnitz\/startseite-copy\/"},"modified":"2024-07-08T16:32:26","modified_gmt":"2024-07-08T14:32:26","slug":"ueber-uns","status":"publish","type":"page","link":"https:\/\/www.kneipp-sachsen.de\/chemnitz\/ueber-uns\/","title":{"rendered":"\u00dcber uns"},"content":{"rendered":"<!--themify_builder_content-->\n<div id=\"themify_builder_content-28\" data-postid=\"28\" class=\"themify_builder_content themify_builder_content-28 themify_builder tf_clear\">\n                    <div  data-lazy=\"1\" class=\"module_row themify_builder_row tb_dbhr440 tb_first tf_w\">\n                        <div class=\"row_inner col_align_top tb_col_count_1 tf_box tf_rel\">\n                        <div  data-lazy=\"1\" class=\"module_column tb-column col-full tb_cklb602 first\">\n                            <div  data-lazy=\"1\" class=\"module_subrow themify_builder_sub_row tf_w col_align_top tb_col_count_1 tb_zowq204\">\n                <div  data-lazy=\"1\" class=\"module_column sub_column col-full tb_d59o066 first\">\n                    <!-- module fancy heading -->\n<div  class=\"module module-fancy-heading tb_zzr0084  tb_hide_divider\" data-lazy=\"1\" id=\"kneippbadschlema1\">\n        <h1 class=\"fancy-heading tf_textc\">\n    <span class=\"main-head tf_block\">\n                    Wir \u00fcber uns            <\/span>\n\n    \n    <span class=\"sub-head tf_block tf_rel\">\n                                <\/span>\n    <\/h1>\n<\/div>\n<!-- \/module fancy heading -->\n        <\/div>\n                    <\/div>\n                <\/div>\n                        <\/div>\n        <\/div>\n                        <div  data-lazy=\"1\" class=\"module_row themify_builder_row tb_ykan226 tf_w\">\n                        <div class=\"row_inner col_align_top tb_col_count_1 tf_box tf_rel\">\n                        <div  data-lazy=\"1\" class=\"module_column tb-column col-full tb_rvfy603 first\">\n                            <div  data-lazy=\"1\" class=\"module_subrow themify_builder_sub_row tf_w col_align_top tb_col_count_1 tb_begq204\">\n                <div  data-lazy=\"1\" class=\"module_column sub_column col-full tb_7jv2203 first\">\n                    <!-- module divider -->\n<div  class=\"module tf_mw module-divider tb_z019322 dotted   \" style=\"border-width: 1px;border-color: #666666;margin-bottom: 15px;\" data-lazy=\"1\" id=\"kneippbadschlema\">\n    <\/div>\n<!-- \/module divider -->\n        <\/div>\n                    <\/div>\n                <\/div>\n                        <\/div>\n        <\/div>\n                        <div  data-lazy=\"1\" class=\"module_row themify_builder_row tb_x3u4432 tf_w\">\n                        <div class=\"row_inner col_align_top tb_col_count_1 tf_box tf_rel\">\n                        <div  data-lazy=\"1\" class=\"module_column tb-column col-full tb_vdro633 first\">\n                            <div  data-lazy=\"1\" class=\"module_subrow themify_builder_sub_row tf_w col_align_top tb_col_count_1 tb_kulw037\">\n                <div  data-lazy=\"1\" class=\"module_column sub_column col-full tb_wciu264 first\">\n                    <!-- module text -->\n<div  class=\"module module-text tb_ikx3660   \" data-lazy=\"1\">\n        <div  class=\"tb_text_wrap\">\n        <p class=\"MsoNormal\"><span style=\"font-size: 12pt; background-color: initial;\">Wir sind sicherlich einer der kleinsten Kneipp-Vereine Deutschlands mit zirka 15-20 Mitgliedern. Doch wir sind wahrscheinlich der Kneipp- Verein mit dem gr\u00f6\u00dften Garten.<\/span><\/p>\n<p class=\"MsoNormal\"><span style=\"font-size: 12.0pt; line-height: 115%;\">Unser Verein besteht seit 1995. Im Jahre 2014 haben wir den Hutholzgarten im S\u00fcden von Chemnitz in Pflege genommen. Der Garten hat sich seitdem zum Zentrum unseres Vereinslebens entwickelt. Hier treffen wir uns immer samstags um gemeinsam an frischer Luft zu arbeiten, uns auszutauschen und Pl\u00e4ne zu schmieden. Hier finden Veranstaltungen f\u00fcr die \u00d6ffentlichkeit statt und hier wird gefeiert.<\/span><\/p>\n<p class=\"MsoNormal\"><span style=\"font-size: 12.0pt; line-height: 115%;\">Uns schwebt die Vision eines Naturheilgartens vor. Unser Schwerpunkt sind die Heilkr\u00e4uter.<\/span><\/p>\n<p class=\"MsoNormal\"><span style=\"font-size: 12.0pt; line-height: 115%;\">Viele kommen wild im 8700 Quadratmeter gro\u00dfen Gel\u00e4nde vor wie Johanniskraut, Gundermann und Lungenkraut. Andere Kr\u00e4uter pflanzen wir an. Bei Kr\u00e4uter- und Gartenf\u00fchrungen geben wir unser Wissen weiter. Gesunde Ern\u00e4hrung spielt f\u00fcr uns auch eine gro\u00dfe Rolle. Beim Kartoffelfest gibt es Rosmarinkartoffeln mit Lein\u00f6l oder Kr\u00e4uterquark, Kartoffelsuppe und sogar Kartoffelkuchen.<\/span><\/p>\n<p class=\"MsoNormal\"><span style=\"font-size: 12.0pt; line-height: 115%;\">Jedes Jahr finden auch Wanderungen statt, oft ist dann ein Halt an einem Kneippbecken geplant. <\/span><\/p>\n<p class=\"MsoNormal\"><span style=\"font-size: 12.0pt; line-height: 115%;\">Der Zusammenhalt im Verein ist uns sehr wichtig. Wir freuen uns \u00fcber neue interessante Menschen, die Interesse an einem gesunden Leben nach dem ganzheitlichen Konzept von Sebastian Kneipp haben.<\/span><\/p>    <\/div>\n<\/div>\n<!-- \/module text -->        <\/div>\n                    <\/div>\n                <\/div>\n                        <\/div>\n        <\/div>\n        <\/div>\n<!--\/themify_builder_content-->","protected":false},"excerpt":{"rendered":"<p>Wir \u00fcber uns Wir sind sicherlich einer der kleinsten Kneipp-Vereine Deutschlands mit zirka 15-20 Mitgliedern. Doch wir sind wahrscheinlich der Kneipp- Verein mit dem gr\u00f6\u00dften Garten. Unser Verein besteht seit 1995. Im Jahre 2014 haben wir den Hutholzgarten im S\u00fcden von Chemnitz in Pflege genommen. Der Garten hat sich seitdem zum Zentrum unseres Vereinslebens entwickelt. [&hellip;]<\/p>\n","protected":false},"author":2,"featured_media":0,"parent":0,"menu_order":0,"comment_status":"closed","ping_status":"closed","template":"","meta":{"footnotes":"","advanced-sidebar-menu\/link-title":"","advanced-sidebar-menu\/exclude-page":false},"class_list":["post-28","page","type-page","status-publish","hentry","has-post-title","has-post-date","has-post-category","has-post-tag","has-post-comment","has-post-author",""],"yoast_head":"<!-- This site is optimized with the Yoast SEO plugin v26.9 - https:\/\/yoast.com\/product\/yoast-seo-wordpress\/ -->\n<title>\u00dcber uns - Kneipp-Verein Chemnitz<\/title>\n<meta name=\"robots\" content=\"index, follow, max-snippet:-1, max-image-preview:large, max-video-preview:-1\" \/>\n<link rel=\"canonical\" href=\"https:\/\/www.kneipp-sachsen.de\/chemnitz\/ueber-uns\/\" \/>\n<meta property=\"og:locale\" content=\"de_DE\" \/>\n<meta property=\"og:type\" content=\"article\" \/>\n<meta property=\"og:title\" content=\"\u00dcber uns - Kneipp-Verein Chemnitz\" \/>\n<meta property=\"og:description\" content=\"Wir \u00fcber uns Wir sind sicherlich einer der kleinsten Kneipp-Vereine Deutschlands mit zirka 15-20 Mitgliedern. Doch wir sind wahrscheinlich der Kneipp- Verein mit dem gr\u00f6\u00dften Garten. Unser Verein besteht seit 1995. Im Jahre 2014 haben wir den Hutholzgarten im S\u00fcden von Chemnitz in Pflege genommen. Der Garten hat sich seitdem zum Zentrum unseres Vereinslebens entwickelt. [&hellip;]\" \/>\n<meta property=\"og:url\" content=\"https:\/\/www.kneipp-sachsen.de\/chemnitz\/ueber-uns\/\" \/>\n<meta property=\"og:site_name\" content=\"Kneipp-Verein Chemnitz\" \/>\n<meta property=\"article:modified_time\" content=\"2024-07-08T14:32:26+00:00\" \/>\n<meta name=\"twitter:card\" content=\"summary_large_image\" \/>\n<script type=\"application\/ld+json\" class=\"yoast-schema-graph\">{\"@context\":\"https:\/\/schema.org\",\"@graph\":[{\"@type\":\"WebPage\",\"@id\":\"https:\/\/www.kneipp-sachsen.de\/chemnitz\/ueber-uns\/\",\"url\":\"https:\/\/www.kneipp-sachsen.de\/chemnitz\/ueber-uns\/\",\"name\":\"\u00dcber uns - Kneipp-Verein Chemnitz\",\"isPartOf\":{\"@id\":\"https:\/\/www.kneipp-sachsen.de\/chemnitz\/#website\"},\"datePublished\":\"2022-10-20T04:36:56+00:00\",\"dateModified\":\"2024-07-08T14:32:26+00:00\",\"breadcrumb\":{\"@id\":\"https:\/\/www.kneipp-sachsen.de\/chemnitz\/ueber-uns\/#breadcrumb\"},\"inLanguage\":\"de\",\"potentialAction\":[{\"@type\":\"ReadAction\",\"target\":[\"https:\/\/www.kneipp-sachsen.de\/chemnitz\/ueber-uns\/\"]}]},{\"@type\":\"BreadcrumbList\",\"@id\":\"https:\/\/www.kneipp-sachsen.de\/chemnitz\/ueber-uns\/#breadcrumb\",\"itemListElement\":[{\"@type\":\"ListItem\",\"position\":1,\"name\":\"Home\",\"item\":\"https:\/\/www.kneipp-sachsen.de\/chemnitz\/\"},{\"@type\":\"ListItem\",\"position\":2,\"name\":\"\u00dcber uns\"}]},{\"@type\":\"WebSite\",\"@id\":\"https:\/\/www.kneipp-sachsen.de\/chemnitz\/#website\",\"url\":\"https:\/\/www.kneipp-sachsen.de\/chemnitz\/\",\"name\":\"Kneipp-Verein Chemnitz\",\"description\":\"\",\"potentialAction\":[{\"@type\":\"SearchAction\",\"target\":{\"@type\":\"EntryPoint\",\"urlTemplate\":\"https:\/\/www.kneipp-sachsen.de\/chemnitz\/?s={search_term_string}\"},\"query-input\":{\"@type\":\"PropertyValueSpecification\",\"valueRequired\":true,\"valueName\":\"search_term_string\"}}],\"inLanguage\":\"de\"}]}<\/script>\n<!-- \/ Yoast SEO plugin. -->","yoast_head_json":{"title":"\u00dcber uns - Kneipp-Verein Chemnitz","robots":{"index":"index","follow":"follow","max-snippet":"max-snippet:-1","max-image-preview":"max-image-preview:large","max-video-preview":"max-video-preview:-1"},"canonical":"https:\/\/www.kneipp-sachsen.de\/chemnitz\/ueber-uns\/","og_locale":"de_DE","og_type":"article","og_title":"\u00dcber uns - Kneipp-Verein Chemnitz","og_description":"Wir \u00fcber uns Wir sind sicherlich einer der kleinsten Kneipp-Vereine Deutschlands mit zirka 15-20 Mitgliedern. Doch wir sind wahrscheinlich der Kneipp- Verein mit dem gr\u00f6\u00dften Garten. Unser Verein besteht seit 1995. Im Jahre 2014 haben wir den Hutholzgarten im S\u00fcden von Chemnitz in Pflege genommen. Der Garten hat sich seitdem zum Zentrum unseres Vereinslebens entwickelt. [&hellip;]","og_url":"https:\/\/www.kneipp-sachsen.de\/chemnitz\/ueber-uns\/","og_site_name":"Kneipp-Verein Chemnitz","article_modified_time":"2024-07-08T14:32:26+00:00","twitter_card":"summary_large_image","schema":{"@context":"https:\/\/schema.org","@graph":[{"@type":"WebPage","@id":"https:\/\/www.kneipp-sachsen.de\/chemnitz\/ueber-uns\/","url":"https:\/\/www.kneipp-sachsen.de\/chemnitz\/ueber-uns\/","name":"\u00dcber uns - Kneipp-Verein Chemnitz","isPartOf":{"@id":"https:\/\/www.kneipp-sachsen.de\/chemnitz\/#website"},"datePublished":"2022-10-20T04:36:56+00:00","dateModified":"2024-07-08T14:32:26+00:00","breadcrumb":{"@id":"https:\/\/www.kneipp-sachsen.de\/chemnitz\/ueber-uns\/#breadcrumb"},"inLanguage":"de","potentialAction":[{"@type":"ReadAction","target":["https:\/\/www.kneipp-sachsen.de\/chemnitz\/ueber-uns\/"]}]},{"@type":"BreadcrumbList","@id":"https:\/\/www.kneipp-sachsen.de\/chemnitz\/ueber-uns\/#breadcrumb","itemListElement":[{"@type":"ListItem","position":1,"name":"Home","item":"https:\/\/www.kneipp-sachsen.de\/chemnitz\/"},{"@type":"ListItem","position":2,"name":"\u00dcber uns"}]},{"@type":"WebSite","@id":"https:\/\/www.kneipp-sachsen.de\/chemnitz\/#website","url":"https:\/\/www.kneipp-sachsen.de\/chemnitz\/","name":"Kneipp-Verein Chemnitz","description":"","potentialAction":[{"@type":"SearchAction","target":{"@type":"EntryPoint","urlTemplate":"https:\/\/www.kneipp-sachsen.de\/chemnitz\/?s={search_term_string}"},"query-input":{"@type":"PropertyValueSpecification","valueRequired":true,"valueName":"search_term_string"}}],"inLanguage":"de"}]}},"builder_content":"<h1>Wir \u00fcber uns<br\/><\/h1>\n\n<p>Wir sind sicherlich einer der kleinsten Kneipp-Vereine Deutschlands mit zirka 15-20 Mitgliedern. Doch wir sind wahrscheinlich der Kneipp- Verein mit dem gr\u00f6\u00dften Garten.<\/p> <p>Unser Verein besteht seit 1995. Im Jahre 2014 haben wir den Hutholzgarten im S\u00fcden von Chemnitz in Pflege genommen. Der Garten hat sich seitdem zum Zentrum unseres Vereinslebens entwickelt. Hier treffen wir uns immer samstags um gemeinsam an frischer Luft zu arbeiten, uns auszutauschen und Pl\u00e4ne zu schmieden. Hier finden Veranstaltungen f\u00fcr die \u00d6ffentlichkeit statt und hier wird gefeiert.<\/p> <p>Uns schwebt die Vision eines Naturheilgartens vor. Unser Schwerpunkt sind die Heilkr\u00e4uter.<\/p> <p>Viele kommen wild im 8700 Quadratmeter gro\u00dfen Gel\u00e4nde vor wie Johanniskraut, Gundermann und Lungenkraut. Andere Kr\u00e4uter pflanzen wir an. Bei Kr\u00e4uter- und Gartenf\u00fchrungen geben wir unser Wissen weiter. Gesunde Ern\u00e4hrung spielt f\u00fcr uns auch eine gro\u00dfe Rolle. Beim Kartoffelfest gibt es Rosmarinkartoffeln mit Lein\u00f6l oder Kr\u00e4uterquark, Kartoffelsuppe und sogar Kartoffelkuchen.<\/p> <p>Jedes Jahr finden auch Wanderungen statt, oft ist dann ein Halt an einem Kneippbecken geplant. <\/p> <p>Der Zusammenhalt im Verein ist uns sehr wichtig. Wir freuen uns \u00fcber neue interessante Menschen, die Interesse an einem gesunden Leben nach dem ganzheitlichen Konzept von Sebastian Kneipp haben.<\/p>","_links":{"self":[{"href":"https:\/\/www.kneipp-sachsen.de\/chemnitz\/wp-json\/wp\/v2\/pages\/28","targetHints":{"allow":["GET"]}}],"collection":[{"href":"https:\/\/www.kneipp-sachsen.de\/chemnitz\/wp-json\/wp\/v2\/pages"}],"about":[{"href":"https:\/\/www.kneipp-sachsen.de\/chemnitz\/wp-json\/wp\/v2\/types\/page"}],"author":[{"embeddable":true,"href":"https:\/\/www.kneipp-sachsen.de\/chemnitz\/wp-json\/wp\/v2\/users\/2"}],"replies":[{"embeddable":true,"href":"https:\/\/www.kneipp-sachsen.de\/chemnitz\/wp-json\/wp\/v2\/comments?post=28"}],"version-history":[{"count":8,"href":"https:\/\/www.kneipp-sachsen.de\/chemnitz\/wp-json\/wp\/v2\/pages\/28\/revisions"}],"predecessor-version":[{"id":390,"href":"https:\/\/www.kneipp-sachsen.de\/chemnitz\/wp-json\/wp\/v2\/pages\/28\/revisions\/390"}],"wp:attachment":[{"href":"https:\/\/www.kneipp-sachsen.de\/chemnitz\/wp-json\/wp\/v2\/media?parent=28"}],"curies":[{"name":"wp","href":"https:\/\/api.w.org\/{rel}","templated":true}]}}