{"id":65,"date":"2022-11-08T10:27:32","date_gmt":"2022-11-08T09:27:32","guid":{"rendered":"https:\/\/www.kneipp-sachsen.de\/chemnitz\/satzung-copy\/"},"modified":"2022-11-08T10:47:53","modified_gmt":"2022-11-08T09:47:53","slug":"impressum","status":"publish","type":"page","link":"https:\/\/www.kneipp-sachsen.de\/chemnitz\/impressum\/","title":{"rendered":"Impressum"},"content":{"rendered":"<!--themify_builder_content-->\n<div id=\"themify_builder_content-65\" data-postid=\"65\" class=\"themify_builder_content themify_builder_content-65 themify_builder tf_clear\">\n                    <div  data-lazy=\"1\" class=\"module_row themify_builder_row tb_vr09921 tb_first tf_w\">\n                        <div class=\"row_inner col_align_top tb_col_count_1 tf_box tf_rel\">\n                        <div  data-lazy=\"1\" class=\"module_column tb-column col-full tb_o8wi925 first\">\n                            <div  data-lazy=\"1\" class=\"module_subrow themify_builder_sub_row tf_w col_align_top tb_col_count_1 tb_wurp926\">\n                <div  data-lazy=\"1\" class=\"module_column sub_column col-full tb_opyy926 first\">\n                    <!-- module text -->\n<div  class=\"module module-text tb_g95j926   \" data-lazy=\"1\">\n        <div  class=\"tb_text_wrap\">\n        <div class=\"module module-fancy-heading tb_57tk985\">\n<h2 class=\"fancy-heading tf_textl\"><span class=\"main-head tf_block\">Impressum<\/span><\/h2>\n<\/div>\n<div class=\"module module-text tb_fhf3988\">\n<div class=\"tb_text_wrap\">\n<p><strong>Kneipp-Verein Chemnitz e.V.<\/strong><\/p>\n<p>Friedrich-Viertel-Str. 106<br \/>09123 Chemnitz<\/p>\n<p>Telefon (0371) 23759933<br \/>Telefax (0371) 4042400<br \/>E-Mail:\u00a0<a href=\"mailto:chemnitz@kneipp-sachsen.de\">chemnitz[at]kneipp-sachsen.de<\/a><br \/>Internet:\u00a0<a href=\"http:\/\/chemnitz.kneipp-sachsen.de\/\" target=\"_blank\" rel=\"noopener\">chemnitz.kneipp-sachsen.de<\/a><\/p>\n<\/div>\n<\/div>\n<div class=\"module module-text tb_34m8989\">\n<div class=\"tb_text_wrap\">\n<p><strong>Vereinsregister:<br \/><\/strong>Amtsgericht Chemnitz -Vereinsregister- VR 1509<strong><br \/><\/strong><\/p>\n<\/div>\n<\/div>\n<div class=\"module module-text tb_cmvn990\">\n<div class=\"tb_text_wrap\">\n<p><strong>Gesetzlich vertreten durch:<br \/><\/strong>Sylvia D\u00f6ring (Vorstand)<\/p>\n<\/div>\n<\/div>\n<div class=\"module module-text tb_jrsv991\">\n<div class=\"tb_text_wrap\">\n<p><strong>Verantwortlich i.S.d. \u00a7 55 RStV:<\/strong><br \/>Sylvia D\u00f6ring (Vorstand)<\/p>\n<p>Friedrich-Viertel-Str. 106<br \/>09123 Chemnitz<\/p>\n<p>Telefon (0371) 23759933<br \/>Telefax (0371) 4042400<br \/>E-Mail:\u00a0<a href=\"mailto:chemnitz@kneipp-sachsen.de\">chemnitz[at]kneipp-sachsen.de<\/a><\/p>\n<\/div>\n<\/div>\n<div class=\"module module-text tb_bgjc992\">\n<div class=\"tb_text_wrap\">\n<p><strong>Realisation:<br \/><\/strong>Websites Jan Kiese<br \/>Fl\u00e4minger Ufer 20<br \/>06749 Bitterfeld-Wolfen<br \/>Tel.: 0178 8040184<br \/>E-mail: mail@jan-kiese.de<\/p>\n<\/div>\n<\/div>\n<div class=\"module module-text tb_p8ip992\">\n<div class=\"tb_text_wrap\">\n<p><strong>Haftungsausschluss:<\/strong><br \/>Trotz sorgf\u00e4ltiger inhaltlicher Kontrolle \u00fcbernehmen wir keine Haftung f\u00fcr die Inhalte von Websites Dritter, die von dieser Website aus \u00fcber Links erreichbar sind. Der Kneipp-Verein Chemnitz e.V. \u00a0hat auf die Inhalte externer Websites keinen Einfluss und kann diese nicht fortlaufend \u00fcberpr\u00fcfen. Die Verantwortung liegt ausschlie\u00dflich beim Betreiber der jeweiligen Homepage.<\/p>\n<\/div>\n<\/div>\n<div class=\"module module-text tb_vnci993\">\n<div class=\"tb_text_wrap\">\n<p><strong>Urheberrechtshinweis:<\/strong><br \/>Alle Inhalte und Strukturen dieser Website sind urheber- und leistungsschutzrechtlich gesch\u00fctzt. Die Ver\u00f6ffentlichung im World Wide Web oder in sonstigen Diensten des Internet bedeutet noch keine Einverst\u00e4ndniserkl\u00e4rung f\u00fcr eine anderweitige Nutzung durch Dritte.<\/p>\n<p>Wir erlauben und begr\u00fc\u00dfen ausdr\u00fccklich das Zitieren unserer Dokumente sowie das Setzen von Links auf unsere Website, solange kenntlich gemacht wird, dass es sich um Inhalte der Website des Kneipp-Verein Chemnitz e.V. handelt und diese Inhalte nicht in Verbindung mit Inhalten Dritter gebracht werden, die den Interessen des Kneipp-Verein Chemnitz e.V. widersprechen.<\/p>\n<\/div>\n<\/div>\n<div class=\"module module-text tb_5gaz993\">\n<div class=\"tb_text_wrap\">\n<p><strong>Gewerbliche Schutzrechte:<\/strong><br \/>Alle innerhalb dieser Website genannten und ggf. durch Dritte gesch\u00fctzten Marken- und Warenzeichen unterliegen uneingeschr\u00e4nkt den Bestimmungen des jeweils g\u00fcltigen Kennzeichenrechts und den Rechten der jeweiligen Inhaber. Allein aufgrund der blo\u00dfen Nennung ist nicht der Schluss zu ziehen, dass Kennzeichen nicht durch Rechte Dritter gesch\u00fctzt sind.<\/p>\n<\/div>\n<\/div>\n<p><a style=\"background-color: initial; font-size: 1em;\" href=\"https:\/\/www.kneipp-sachsen.de\/chemnitz\/wp-content\/uploads\/2022\/10\/Satzung-KV-Chemnitz.pdf\">.<\/a><\/p>    <\/div>\n<\/div>\n<!-- \/module text -->        <\/div>\n                    <\/div>\n                <\/div>\n                        <\/div>\n        <\/div>\n        <\/div>\n<!--\/themify_builder_content-->","protected":false},"excerpt":{"rendered":"<p>Impressum Kneipp-Verein Chemnitz e.V. Friedrich-Viertel-Str. 10609123 Chemnitz Telefon (0371) 23759933Telefax (0371) 4042400E-Mail:\u00a0chemnitz[at]kneipp-sachsen.deInternet:\u00a0chemnitz.kneipp-sachsen.de Vereinsregister:Amtsgericht Chemnitz -Vereinsregister- VR 1509 Gesetzlich vertreten durch:Sylvia D\u00f6ring (Vorstand) Verantwortlich i.S.d. \u00a7 55 RStV:Sylvia D\u00f6ring (Vorstand) Friedrich-Viertel-Str. 10609123 Chemnitz Telefon (0371) 23759933Telefax (0371) 4042400E-Mail:\u00a0chemnitz[at]kneipp-sachsen.de Realisation:Websites Jan KieseFl\u00e4minger Ufer 2006749 Bitterfeld-WolfenTel.: 0178 8040184E-mail: mail@jan-kiese.de Haftungsausschluss:Trotz sorgf\u00e4ltiger inhaltlicher Kontrolle \u00fcbernehmen wir keine Haftung f\u00fcr [&hellip;]<\/p>\n","protected":false},"author":2,"featured_media":0,"parent":0,"menu_order":0,"comment_status":"closed","ping_status":"closed","template":"","meta":{"footnotes":"","advanced-sidebar-menu\/link-title":"","advanced-sidebar-menu\/exclude-page":false},"class_list":["post-65","page","type-page","status-publish","hentry","has-post-title","has-post-date","has-post-category","has-post-tag","has-post-comment","has-post-author",""],"yoast_head":"<!-- This site is optimized with the Yoast SEO plugin v26.9 - https:\/\/yoast.com\/product\/yoast-seo-wordpress\/ -->\n<title>impressum<\/title>\n<meta name=\"description\" content=\"Impressum des Kneipp-Verein Chemnitz e.V.\" \/>\n<meta name=\"robots\" content=\"index, follow, max-snippet:-1, max-image-preview:large, max-video-preview:-1\" \/>\n<link rel=\"canonical\" href=\"https:\/\/www.kneipp-sachsen.de\/chemnitz\/impressum\/\" \/>\n<meta property=\"og:locale\" content=\"de_DE\" \/>\n<meta property=\"og:type\" content=\"article\" \/>\n<meta property=\"og:title\" content=\"impressum\" \/>\n<meta property=\"og:description\" content=\"Impressum des Kneipp-Verein Chemnitz e.V.\" \/>\n<meta property=\"og:url\" content=\"https:\/\/www.kneipp-sachsen.de\/chemnitz\/impressum\/\" \/>\n<meta property=\"og:site_name\" content=\"Kneipp-Verein Chemnitz\" \/>\n<meta property=\"article:modified_time\" content=\"2022-11-08T09:47:53+00:00\" \/>\n<meta name=\"twitter:card\" content=\"summary_large_image\" \/>\n<script type=\"application\/ld+json\" class=\"yoast-schema-graph\">{\"@context\":\"https:\/\/schema.org\",\"@graph\":[{\"@type\":\"WebPage\",\"@id\":\"https:\/\/www.kneipp-sachsen.de\/chemnitz\/impressum\/\",\"url\":\"https:\/\/www.kneipp-sachsen.de\/chemnitz\/impressum\/\",\"name\":\"impressum\",\"isPartOf\":{\"@id\":\"https:\/\/www.kneipp-sachsen.de\/chemnitz\/#website\"},\"datePublished\":\"2022-11-08T09:27:32+00:00\",\"dateModified\":\"2022-11-08T09:47:53+00:00\",\"description\":\"Impressum des Kneipp-Verein Chemnitz e.V.\",\"breadcrumb\":{\"@id\":\"https:\/\/www.kneipp-sachsen.de\/chemnitz\/impressum\/#breadcrumb\"},\"inLanguage\":\"de\",\"potentialAction\":[{\"@type\":\"ReadAction\",\"target\":[\"https:\/\/www.kneipp-sachsen.de\/chemnitz\/impressum\/\"]}]},{\"@type\":\"BreadcrumbList\",\"@id\":\"https:\/\/www.kneipp-sachsen.de\/chemnitz\/impressum\/#breadcrumb\",\"itemListElement\":[{\"@type\":\"ListItem\",\"position\":1,\"name\":\"Home\",\"item\":\"https:\/\/www.kneipp-sachsen.de\/chemnitz\/\"},{\"@type\":\"ListItem\",\"position\":2,\"name\":\"Impressum\"}]},{\"@type\":\"WebSite\",\"@id\":\"https:\/\/www.kneipp-sachsen.de\/chemnitz\/#website\",\"url\":\"https:\/\/www.kneipp-sachsen.de\/chemnitz\/\",\"name\":\"Kneipp-Verein Chemnitz\",\"description\":\"\",\"potentialAction\":[{\"@type\":\"SearchAction\",\"target\":{\"@type\":\"EntryPoint\",\"urlTemplate\":\"https:\/\/www.kneipp-sachsen.de\/chemnitz\/?s={search_term_string}\"},\"query-input\":{\"@type\":\"PropertyValueSpecification\",\"valueRequired\":true,\"valueName\":\"search_term_string\"}}],\"inLanguage\":\"de\"}]}<\/script>\n<!-- \/ Yoast SEO plugin. -->","yoast_head_json":{"title":"impressum","description":"Impressum des Kneipp-Verein Chemnitz e.V.","robots":{"index":"index","follow":"follow","max-snippet":"max-snippet:-1","max-image-preview":"max-image-preview:large","max-video-preview":"max-video-preview:-1"},"canonical":"https:\/\/www.kneipp-sachsen.de\/chemnitz\/impressum\/","og_locale":"de_DE","og_type":"article","og_title":"impressum","og_description":"Impressum des Kneipp-Verein Chemnitz e.V.","og_url":"https:\/\/www.kneipp-sachsen.de\/chemnitz\/impressum\/","og_site_name":"Kneipp-Verein Chemnitz","article_modified_time":"2022-11-08T09:47:53+00:00","twitter_card":"summary_large_image","schema":{"@context":"https:\/\/schema.org","@graph":[{"@type":"WebPage","@id":"https:\/\/www.kneipp-sachsen.de\/chemnitz\/impressum\/","url":"https:\/\/www.kneipp-sachsen.de\/chemnitz\/impressum\/","name":"impressum","isPartOf":{"@id":"https:\/\/www.kneipp-sachsen.de\/chemnitz\/#website"},"datePublished":"2022-11-08T09:27:32+00:00","dateModified":"2022-11-08T09:47:53+00:00","description":"Impressum des Kneipp-Verein Chemnitz e.V.","breadcrumb":{"@id":"https:\/\/www.kneipp-sachsen.de\/chemnitz\/impressum\/#breadcrumb"},"inLanguage":"de","potentialAction":[{"@type":"ReadAction","target":["https:\/\/www.kneipp-sachsen.de\/chemnitz\/impressum\/"]}]},{"@type":"BreadcrumbList","@id":"https:\/\/www.kneipp-sachsen.de\/chemnitz\/impressum\/#breadcrumb","itemListElement":[{"@type":"ListItem","position":1,"name":"Home","item":"https:\/\/www.kneipp-sachsen.de\/chemnitz\/"},{"@type":"ListItem","position":2,"name":"Impressum"}]},{"@type":"WebSite","@id":"https:\/\/www.kneipp-sachsen.de\/chemnitz\/#website","url":"https:\/\/www.kneipp-sachsen.de\/chemnitz\/","name":"Kneipp-Verein Chemnitz","description":"","potentialAction":[{"@type":"SearchAction","target":{"@type":"EntryPoint","urlTemplate":"https:\/\/www.kneipp-sachsen.de\/chemnitz\/?s={search_term_string}"},"query-input":{"@type":"PropertyValueSpecification","valueRequired":true,"valueName":"search_term_string"}}],"inLanguage":"de"}]}},"builder_content":"<h2>Impressum<\/h2>\n<p><strong>Kneipp-Verein Chemnitz e.V.<\/strong><\/p> <p>Friedrich-Viertel-Str. 106<br \/>09123 Chemnitz<\/p> <p>Telefon (0371) 23759933<br \/>Telefax (0371) 4042400<br \/>E-Mail:\u00a0<a href=\"mailto:chemnitz@kneipp-sachsen.de\">chemnitz[at]kneipp-sachsen.de<\/a><br \/>Internet:\u00a0<a href=\"http:\/\/chemnitz.kneipp-sachsen.de\/\" target=\"_blank\" rel=\"noopener\">chemnitz.kneipp-sachsen.de<\/a><\/p>\n<p><strong>Vereinsregister:<br \/><\/strong>Amtsgericht Chemnitz -Vereinsregister- VR 1509<strong><br \/><\/strong><\/p>\n<p><strong>Gesetzlich vertreten durch:<br \/><\/strong>Sylvia D\u00f6ring (Vorstand)<\/p>\n<p><strong>Verantwortlich i.S.d. \u00a7 55 RStV:<\/strong><br \/>Sylvia D\u00f6ring (Vorstand)<\/p> <p>Friedrich-Viertel-Str. 106<br \/>09123 Chemnitz<\/p> <p>Telefon (0371) 23759933<br \/>Telefax (0371) 4042400<br \/>E-Mail:\u00a0<a href=\"mailto:chemnitz@kneipp-sachsen.de\">chemnitz[at]kneipp-sachsen.de<\/a><\/p>\n<p><strong>Realisation:<br \/><\/strong>Websites Jan Kiese<br \/>Fl\u00e4minger Ufer 20<br \/>06749 Bitterfeld-Wolfen<br \/>Tel.: 0178 8040184<br \/>E-mail: mail@jan-kiese.de<\/p>\n<p><strong>Haftungsausschluss:<\/strong><br \/>Trotz sorgf\u00e4ltiger inhaltlicher Kontrolle \u00fcbernehmen wir keine Haftung f\u00fcr die Inhalte von Websites Dritter, die von dieser Website aus \u00fcber Links erreichbar sind. Der Kneipp-Verein Chemnitz e.V. \u00a0hat auf die Inhalte externer Websites keinen Einfluss und kann diese nicht fortlaufend \u00fcberpr\u00fcfen. Die Verantwortung liegt ausschlie\u00dflich beim Betreiber der jeweiligen Homepage.<\/p>\n<p><strong>Urheberrechtshinweis:<\/strong><br \/>Alle Inhalte und Strukturen dieser Website sind urheber- und leistungsschutzrechtlich gesch\u00fctzt. Die Ver\u00f6ffentlichung im World Wide Web oder in sonstigen Diensten des Internet bedeutet noch keine Einverst\u00e4ndniserkl\u00e4rung f\u00fcr eine anderweitige Nutzung durch Dritte.<\/p> <p>Wir erlauben und begr\u00fc\u00dfen ausdr\u00fccklich das Zitieren unserer Dokumente sowie das Setzen von Links auf unsere Website, solange kenntlich gemacht wird, dass es sich um Inhalte der Website des Kneipp-Verein Chemnitz e.V. handelt und diese Inhalte nicht in Verbindung mit Inhalten Dritter gebracht werden, die den Interessen des Kneipp-Verein Chemnitz e.V. widersprechen.<\/p>\n<p><strong>Gewerbliche Schutzrechte:<\/strong><br \/>Alle innerhalb dieser Website genannten und ggf. durch Dritte gesch\u00fctzten Marken- und Warenzeichen unterliegen uneingeschr\u00e4nkt den Bestimmungen des jeweils g\u00fcltigen Kennzeichenrechts und den Rechten der jeweiligen Inhaber. Allein aufgrund der blo\u00dfen Nennung ist nicht der Schluss zu ziehen, dass Kennzeichen nicht durch Rechte Dritter gesch\u00fctzt sind.<\/p>\n<p><a style=\"background-color: initial; font-size: 1em;\" href=\"https:\/\/www.kneipp-sachsen.de\/chemnitz\/wp-content\/uploads\/2022\/10\/Satzung-KV-Chemnitz.pdf\">.<\/a><\/p>","_links":{"self":[{"href":"https:\/\/www.kneipp-sachsen.de\/chemnitz\/wp-json\/wp\/v2\/pages\/65","targetHints":{"allow":["GET"]}}],"collection":[{"href":"https:\/\/www.kneipp-sachsen.de\/chemnitz\/wp-json\/wp\/v2\/pages"}],"about":[{"href":"https:\/\/www.kneipp-sachsen.de\/chemnitz\/wp-json\/wp\/v2\/types\/page"}],"author":[{"embeddable":true,"href":"https:\/\/www.kneipp-sachsen.de\/chemnitz\/wp-json\/wp\/v2\/users\/2"}],"replies":[{"embeddable":true,"href":"https:\/\/www.kneipp-sachsen.de\/chemnitz\/wp-json\/wp\/v2\/comments?post=65"}],"version-history":[{"count":3,"href":"https:\/\/www.kneipp-sachsen.de\/chemnitz\/wp-json\/wp\/v2\/pages\/65\/revisions"}],"predecessor-version":[{"id":69,"href":"https:\/\/www.kneipp-sachsen.de\/chemnitz\/wp-json\/wp\/v2\/pages\/65\/revisions\/69"}],"wp:attachment":[{"href":"https:\/\/www.kneipp-sachsen.de\/chemnitz\/wp-json\/wp\/v2\/media?parent=65"}],"curies":[{"name":"wp","href":"https:\/\/api.w.org\/{rel}","templated":true}]}}