{"id":132,"date":"2022-01-26T12:54:18","date_gmt":"2022-01-26T11:54:18","guid":{"rendered":"https:\/\/www.kneipp-sachsen.de\/leipziger-land\/?page_id=132"},"modified":"2026-03-31T11:13:37","modified_gmt":"2026-03-31T09:13:37","slug":"veranstaltungen","status":"publish","type":"page","link":"https:\/\/www.kneipp-sachsen.de\/leipziger-land\/veranstaltungen\/","title":{"rendered":"Veranstaltungen"},"content":{"rendered":"<!--themify_builder_content-->\n<div id=\"themify_builder_content-132\" data-postid=\"132\" class=\"themify_builder_content themify_builder_content-132 themify_builder tf_clear\">\n                    <div  data-lazy=\"1\" class=\"module_row themify_builder_row tb_kvnp641 tb_first tf_w\">\n                        <div class=\"row_inner col_align_top tb_col_count_1 tf_box tf_rel\">\n                        <div  data-lazy=\"1\" class=\"module_column tb-column col-full tb_7ro0641 first\">\n                    <!-- module accordion -->\n<div  class=\"module module-accordion tb_p7ma357 \" data-behavior=\"accordion\" data-lazy=\"1\">\n    <h3 class=\"module-title\">Info-Veranstaltungen<\/h3>\n    <ul class=\"ui module-accordion   tb_default_color\">\n            <li class=\"builder-accordion-active\">\n            <div class=\"accordion-title tf_rel\">\n                <a href=\"#acc-p7ma357-0\" class=\"tb_title_accordion\" aria-controls=\"acc-p7ma357-0-content\" aria-expanded=\"true\">\n                                        <i class=\"accordion-active-icon\"><svg  class=\"tf_fa tf-ti-minus\" aria-hidden=\"true\"><use href=\"#tf-ti-minus\"><\/use><\/svg><\/i>                    <span class=\"accordion-title-wrap\">90 Jahre Botanischer Garten Oberholz \u2013 Gro\u00dfes Jubil\u00e4ums-Kr\u00e4uterfest<\/span>                <\/a>\n            <\/div><!-- .accordion-title -->\n            <div id=\"acc-p7ma357-0-content\" data-id=\"acc-p7ma357-0\" aria-hidden=\"false\" class=\"accordion-content tf_clearfix\">\n                        <div  data-lazy=\"1\" class=\"module_subrow themify_builder_sub_row tf_w col_align_top tb_col_count_1 tb_kmfv128\">\n                <div  data-lazy=\"1\" class=\"module_column sub_column tb_vp2a129 first\">\n                    <!-- module text -->\n<div  class=\"module module-text tb_7qyw129   \" data-lazy=\"1\">\n        <div  class=\"tb_text_wrap\">\n        <p><strong>90 Jahre Botanischer Garten Oberholz<\/strong><br \/>35 Jahre Freundeskreis Botanischer Garten Oberholz e.V.<br \/>10 Jahre Tr\u00e4gerschaft Soziokulturelles Zentrum KuHstall e.V.<\/p>\n<p>Jubil\u00e4umsfestwoche vom 26.04. -03.05.2026<br \/><strong>Gro\u00dfes Jubil\u00e4ums &#8211; Kr\u00e4uterfest<\/strong><br \/><strong>Sontag, 26.04.2026 von 10 &#8211; 17 Uhr<\/strong><\/p>\n<p>St\u00f6rmthaler Weg 2, 04463 Gro\u00dfp\u00f6sna<br \/>Eintritt: 4,- Euro, Kinder frei<br \/><a href=\"mailto:botanischer-garten-oberholz@gmx.de\" target=\"_blank\" rel=\"noopener\">Mail: botanischer-garten-oberholz@gmx.de<\/a>.<\/p>    <\/div>\n<\/div>\n<!-- \/module text -->        <\/div>\n                    <\/div>\n                    <\/div><!-- .accordion-content -->\n        <\/li>\n        <\/ul>\n\n<\/div><!-- \/module accordion -->        <\/div>\n                        <\/div>\n        <\/div>\n                        <div  data-lazy=\"1\" class=\"module_row themify_builder_row tb_4zkr311 tf_w\">\n                        <div class=\"row_inner col_align_top tb_col_count_1 tf_box tf_rel\">\n                        <div  data-lazy=\"1\" class=\"module_column tb-column col-full tb_cpdk312 first\">\n                    <!-- module accordion -->\n<div  class=\"module module-accordion tb_exmh477 \" data-behavior=\"toggle\" data-lazy=\"1\">\n    \n    <ul class=\"ui module-accordion   tb_default_color\">\n            <li>\n            <div class=\"accordion-title tf_rel\">\n                <a href=\"#acc-exmh477-0\" class=\"tb_title_accordion\" aria-controls=\"acc-exmh477-0-content\" aria-expanded=\"false\">\n                                                            <span class=\"accordion-title-wrap\">Vergangene Veranstaltungen<\/span>                <\/a>\n            <\/div><!-- .accordion-title -->\n            <div id=\"acc-exmh477-0-content\" data-id=\"acc-exmh477-0\" aria-hidden=\"true\" class=\"accordion-content tf_hide tf_clearfix\">\n                        <div  data-lazy=\"1\" class=\"module_subrow themify_builder_sub_row tf_w col_align_top tb_col_count_1 tb_0jhi129\">\n                <div  data-lazy=\"1\" class=\"module_column sub_column tb_4w7y129 first\">\n                    <!-- module text -->\n<div  class=\"module module-text tb_n445129   \" data-lazy=\"1\">\n        <div  class=\"tb_text_wrap\">\n        <div><span style=\"font-weight: bold; font-size: 1em;\">26.08.2023 Gesundheits und Kr\u00e4uterwanderung um den Hasselbacher See- SONNABEND<\/span><\/div>\n<div>__<\/div>\n<div>\u00a0<\/div>\n<div><span style=\"font-weight: bold;\">30.06.2023 Uhr Kleine Auszeit- Tag des Fu\u00dfes- FREITAG<\/span><\/div>\n<div>__<\/div>\n<div>\u00a0<\/div>\n<div><strong>23.04.2023\u00a0 Kr\u00e4uterfest im Botanischen Garten Gro\u00dfp\u00f6sna-Oberholz- SONNTAG<\/strong><\/div>\n<div>__<\/div>\n<div>\u00a0<\/div>\n<div>\n<div><strong>22.04.2023 Fr\u00fchjahrskr\u00e4uterwanderung rund um die Haselbacher Teiche- SONNABEND<\/strong><\/div>\n<div>__<\/div>\n<div>\u00a0<\/div>\n<\/div>\n<div><strong>14.08.2022, Sonntag &#8211; Gesundheits- und Kr\u00e4uterwanderung mit dem Kneipp-Verein &#8211; 10 km gef\u00fchrt<\/strong><\/div>\n<div>\n<div>__<\/div>\n<div>\u00a0<\/div>\n<div><strong><span style=\"font-size: 16.8px;\">30.06.2022, Donnerstag, Fu\u00dfgesundheit &#8211; zum Tag des Fu\u00dfes 18:00 &#8211; ca. 19:30 Uhr<\/span><\/strong><\/div>\n<div>__<\/div>\n<div>\u00a0<\/div>\n<div><strong><span style=\"font-size: 16.8px;\">07.05.2022, Samstag &#8211; 200 Jahre Sebastian Kneipp \u201cEine Medizin geht Ihren Weg\u201d 18:00 &#8211; 19:30 Uhr<\/span><\/strong><\/div>\n<\/div>\n<div>\u00a0<\/div>\n<div><strong>__<\/strong><\/div>\n<div>\u00a0<\/div>    <\/div>\n<\/div>\n<!-- \/module text -->        <\/div>\n                    <\/div>\n                    <\/div><!-- .accordion-content -->\n        <\/li>\n        <\/ul>\n\n<\/div><!-- \/module accordion -->        <\/div>\n                        <\/div>\n        <\/div>\n        <\/div>\n<!--\/themify_builder_content-->\n\n\n<p><\/p>\n\n\n<\/p>","protected":false},"excerpt":{"rendered":"","protected":false},"author":2,"featured_media":0,"parent":0,"menu_order":0,"comment_status":"closed","ping_status":"closed","template":"","meta":{"footnotes":"","advanced-sidebar-menu\/link-title":"","advanced-sidebar-menu\/exclude-page":false},"class_list":["post-132","page","type-page","status-publish","hentry","has-post-title","has-post-date","has-post-category","has-post-tag","has-post-comment","has-post-author",""],"yoast_head":"<!-- This site is optimized with the Yoast SEO plugin v24.7 - https:\/\/yoast.com\/wordpress\/plugins\/seo\/ -->\n<title>Veranstaltungen im Kneipp-Verein Leipziger Land e.V.<\/title>\n<meta name=\"description\" content=\"Hier finden Sie Informationen zu Veranstaltungen im Kneipp-Verein Leipziger Land e.V. wie Wanderungen, Kneipp-Anwendungen oder Yoga.\" \/>\n<meta name=\"robots\" content=\"index, follow, max-snippet:-1, max-image-preview:large, max-video-preview:-1\" \/>\n<link rel=\"canonical\" href=\"https:\/\/www.kneipp-sachsen.de\/leipziger-land\/veranstaltungen\/\" \/>\n<meta property=\"og:locale\" content=\"de_DE\" \/>\n<meta property=\"og:type\" content=\"article\" \/>\n<meta property=\"og:title\" content=\"Veranstaltungen im Kneipp-Verein Leipziger Land e.V.\" \/>\n<meta property=\"og:description\" content=\"Hier finden Sie Informationen zu Veranstaltungen im Kneipp-Verein Leipziger Land e.V. wie Wanderungen, Kneipp-Anwendungen oder Yoga.\" \/>\n<meta property=\"og:url\" content=\"https:\/\/www.kneipp-sachsen.de\/leipziger-land\/veranstaltungen\/\" \/>\n<meta property=\"og:site_name\" content=\"Kneipp Leipziger Land\" \/>\n<meta property=\"article:modified_time\" content=\"2026-03-31T09:13:37+00:00\" \/>\n<meta name=\"twitter:card\" content=\"summary_large_image\" \/>\n<meta name=\"twitter:label1\" content=\"Gesch\u00e4tzte Lesezeit\" \/>\n\t<meta name=\"twitter:data1\" content=\"3\u00a0Minuten\" \/>\n<script type=\"application\/ld+json\" class=\"yoast-schema-graph\">{\"@context\":\"https:\/\/schema.org\",\"@graph\":[{\"@type\":\"WebPage\",\"@id\":\"https:\/\/www.kneipp-sachsen.de\/leipziger-land\/veranstaltungen\/\",\"url\":\"https:\/\/www.kneipp-sachsen.de\/leipziger-land\/veranstaltungen\/\",\"name\":\"Veranstaltungen im Kneipp-Verein Leipziger Land e.V.\",\"isPartOf\":{\"@id\":\"https:\/\/www.kneipp-sachsen.de\/leipziger-land\/#website\"},\"datePublished\":\"2022-01-26T11:54:18+00:00\",\"dateModified\":\"2026-03-31T09:13:37+00:00\",\"description\":\"Hier finden Sie Informationen zu Veranstaltungen im Kneipp-Verein Leipziger Land e.V. wie Wanderungen, Kneipp-Anwendungen oder Yoga.\",\"breadcrumb\":{\"@id\":\"https:\/\/www.kneipp-sachsen.de\/leipziger-land\/veranstaltungen\/#breadcrumb\"},\"inLanguage\":\"de\",\"potentialAction\":[{\"@type\":\"ReadAction\",\"target\":[\"https:\/\/www.kneipp-sachsen.de\/leipziger-land\/veranstaltungen\/\"]}]},{\"@type\":\"BreadcrumbList\",\"@id\":\"https:\/\/www.kneipp-sachsen.de\/leipziger-land\/veranstaltungen\/#breadcrumb\",\"itemListElement\":[{\"@type\":\"ListItem\",\"position\":1,\"name\":\"Startseite\",\"item\":\"https:\/\/www.kneipp-sachsen.de\/leipziger-land\/\"},{\"@type\":\"ListItem\",\"position\":2,\"name\":\"Veranstaltungen\"}]},{\"@type\":\"WebSite\",\"@id\":\"https:\/\/www.kneipp-sachsen.de\/leipziger-land\/#website\",\"url\":\"https:\/\/www.kneipp-sachsen.de\/leipziger-land\/\",\"name\":\"Kneipp Leipziger Land\",\"description\":\"Eine weitere WordPress-Website\",\"potentialAction\":[{\"@type\":\"SearchAction\",\"target\":{\"@type\":\"EntryPoint\",\"urlTemplate\":\"https:\/\/www.kneipp-sachsen.de\/leipziger-land\/?s={search_term_string}\"},\"query-input\":{\"@type\":\"PropertyValueSpecification\",\"valueRequired\":true,\"valueName\":\"search_term_string\"}}],\"inLanguage\":\"de\"}]}<\/script>\n<!-- \/ Yoast SEO plugin. -->","yoast_head_json":{"title":"Veranstaltungen im Kneipp-Verein Leipziger Land e.V.","description":"Hier finden Sie Informationen zu Veranstaltungen im Kneipp-Verein Leipziger Land e.V. wie Wanderungen, Kneipp-Anwendungen oder Yoga.","robots":{"index":"index","follow":"follow","max-snippet":"max-snippet:-1","max-image-preview":"max-image-preview:large","max-video-preview":"max-video-preview:-1"},"canonical":"https:\/\/www.kneipp-sachsen.de\/leipziger-land\/veranstaltungen\/","og_locale":"de_DE","og_type":"article","og_title":"Veranstaltungen im Kneipp-Verein Leipziger Land e.V.","og_description":"Hier finden Sie Informationen zu Veranstaltungen im Kneipp-Verein Leipziger Land e.V. wie Wanderungen, Kneipp-Anwendungen oder Yoga.","og_url":"https:\/\/www.kneipp-sachsen.de\/leipziger-land\/veranstaltungen\/","og_site_name":"Kneipp Leipziger Land","article_modified_time":"2026-03-31T09:13:37+00:00","twitter_card":"summary_large_image","twitter_misc":{"Gesch\u00e4tzte Lesezeit":"3\u00a0Minuten"},"schema":{"@context":"https:\/\/schema.org","@graph":[{"@type":"WebPage","@id":"https:\/\/www.kneipp-sachsen.de\/leipziger-land\/veranstaltungen\/","url":"https:\/\/www.kneipp-sachsen.de\/leipziger-land\/veranstaltungen\/","name":"Veranstaltungen im Kneipp-Verein Leipziger Land e.V.","isPartOf":{"@id":"https:\/\/www.kneipp-sachsen.de\/leipziger-land\/#website"},"datePublished":"2022-01-26T11:54:18+00:00","dateModified":"2026-03-31T09:13:37+00:00","description":"Hier finden Sie Informationen zu Veranstaltungen im Kneipp-Verein Leipziger Land e.V. wie Wanderungen, Kneipp-Anwendungen oder Yoga.","breadcrumb":{"@id":"https:\/\/www.kneipp-sachsen.de\/leipziger-land\/veranstaltungen\/#breadcrumb"},"inLanguage":"de","potentialAction":[{"@type":"ReadAction","target":["https:\/\/www.kneipp-sachsen.de\/leipziger-land\/veranstaltungen\/"]}]},{"@type":"BreadcrumbList","@id":"https:\/\/www.kneipp-sachsen.de\/leipziger-land\/veranstaltungen\/#breadcrumb","itemListElement":[{"@type":"ListItem","position":1,"name":"Startseite","item":"https:\/\/www.kneipp-sachsen.de\/leipziger-land\/"},{"@type":"ListItem","position":2,"name":"Veranstaltungen"}]},{"@type":"WebSite","@id":"https:\/\/www.kneipp-sachsen.de\/leipziger-land\/#website","url":"https:\/\/www.kneipp-sachsen.de\/leipziger-land\/","name":"Kneipp Leipziger Land","description":"Eine weitere WordPress-Website","potentialAction":[{"@type":"SearchAction","target":{"@type":"EntryPoint","urlTemplate":"https:\/\/www.kneipp-sachsen.de\/leipziger-land\/?s={search_term_string}"},"query-input":{"@type":"PropertyValueSpecification","valueRequired":true,"valueName":"search_term_string"}}],"inLanguage":"de"}]}},"builder_content":"<h3>Info-Veranstaltungen<\/h3><ul><li><h4>90 Jahre Botanischer Garten Oberholz \u2013 Gro\u00dfes Jubil\u00e4ums-Kr\u00e4uterfest<\/h4><p><strong>90 Jahre Botanischer Garten Oberholz<\/strong><br \/>35 Jahre Freundeskreis Botanischer Garten Oberholz e.V.<br \/>10 Jahre Tr\u00e4gerschaft Soziokulturelles Zentrum KuHstall e.V.<\/p> <p>Jubil\u00e4umsfestwoche vom 26.04. -03.05.2026<br \/><strong>Gro\u00dfes Jubil\u00e4ums - Kr\u00e4uterfest<\/strong><br \/><strong>Sontag, 26.04.2026 von 10 - 17 Uhr<\/strong><\/p> <p>St\u00f6rmthaler Weg 2, 04463 Gro\u00dfp\u00f6sna<br \/>Eintritt: 4,- Euro, Kinder frei<br \/><a href=\"mailto:botanischer-garten-oberholz@gmx.de\" target=\"_blank\" rel=\"noopener\">Mail: botanischer-garten-oberholz@gmx.de<\/a>.<\/p><\/li><\/ul>\n<p><strong>90 Jahre Botanischer Garten Oberholz<\/strong><br \/>35 Jahre Freundeskreis Botanischer Garten Oberholz e.V.<br \/>10 Jahre Tr\u00e4gerschaft Soziokulturelles Zentrum KuHstall e.V.<\/p> <p>Jubil\u00e4umsfestwoche vom 26.04. -03.05.2026<br \/><strong>Gro\u00dfes Jubil\u00e4ums - Kr\u00e4uterfest<\/strong><br \/><strong>Sontag, 26.04.2026 von 10 - 17 Uhr<\/strong><\/p> <p>St\u00f6rmthaler Weg 2, 04463 Gro\u00dfp\u00f6sna<br \/>Eintritt: 4,- Euro, Kinder frei<br \/><a href=\"mailto:botanischer-garten-oberholz@gmx.de\" target=\"_blank\" rel=\"noopener\">Mail: botanischer-garten-oberholz@gmx.de<\/a>.<\/p>\n<ul><li><h4>Vergangene Veranstaltungen<\/h4>26.08.2023 Gesundheits und Kr\u00e4uterwanderung um den Hasselbacher See- SONNABEND __ \u00a0 30.06.2023 Uhr Kleine Auszeit- Tag des Fu\u00dfes- FREITAG __ \u00a0 <strong>23.04.2023\u00a0 Kr\u00e4uterfest im Botanischen Garten Gro\u00dfp\u00f6sna-Oberholz- SONNTAG<\/strong> __ \u00a0 <strong>22.04.2023 Fr\u00fchjahrskr\u00e4uterwanderung rund um die Haselbacher Teiche- SONNABEND<\/strong> __ \u00a0 <strong>14.08.2022, Sonntag - Gesundheits- und Kr\u00e4uterwanderung mit dem Kneipp-Verein - 10 km gef\u00fchrt<\/strong> __ \u00a0 <strong>30.06.2022, Donnerstag, Fu\u00dfgesundheit - zum Tag des Fu\u00dfes 18:00 - ca. 19:30 Uhr<\/strong> __ \u00a0 <strong>07.05.2022, Samstag - 200 Jahre Sebastian Kneipp \u201cEine Medizin geht Ihren Weg\u201d 18:00 - 19:30 Uhr<\/strong> \u00a0 <strong>__<\/strong> \u00a0<\/li><\/ul>\n26.08.2023 Gesundheits und Kr\u00e4uterwanderung um den Hasselbacher See- SONNABEND __ \u00a0 30.06.2023 Uhr Kleine Auszeit- Tag des Fu\u00dfes- FREITAG __ \u00a0 <strong>23.04.2023\u00a0 Kr\u00e4uterfest im Botanischen Garten Gro\u00dfp\u00f6sna-Oberholz- SONNTAG<\/strong> __ \u00a0\n<strong>22.04.2023 Fr\u00fchjahrskr\u00e4uterwanderung rund um die Haselbacher Teiche- SONNABEND<\/strong> __ \u00a0\n<strong>14.08.2022, Sonntag - Gesundheits- und Kr\u00e4uterwanderung mit dem Kneipp-Verein - 10 km gef\u00fchrt<\/strong>\n__ \u00a0 <strong>30.06.2022, Donnerstag, Fu\u00dfgesundheit - zum Tag des Fu\u00dfes 18:00 - ca. 19:30 Uhr<\/strong> __ \u00a0 <strong>07.05.2022, Samstag - 200 Jahre Sebastian Kneipp \u201cEine Medizin geht Ihren Weg\u201d 18:00 - 19:30 Uhr<\/strong>\n\u00a0 <strong>__<\/strong> \u00a0","_links":{"self":[{"href":"https:\/\/www.kneipp-sachsen.de\/leipziger-land\/wp-json\/wp\/v2\/pages\/132","targetHints":{"allow":["GET"]}}],"collection":[{"href":"https:\/\/www.kneipp-sachsen.de\/leipziger-land\/wp-json\/wp\/v2\/pages"}],"about":[{"href":"https:\/\/www.kneipp-sachsen.de\/leipziger-land\/wp-json\/wp\/v2\/types\/page"}],"author":[{"embeddable":true,"href":"https:\/\/www.kneipp-sachsen.de\/leipziger-land\/wp-json\/wp\/v2\/users\/2"}],"replies":[{"embeddable":true,"href":"https:\/\/www.kneipp-sachsen.de\/leipziger-land\/wp-json\/wp\/v2\/comments?post=132"}],"version-history":[{"count":76,"href":"https:\/\/www.kneipp-sachsen.de\/leipziger-land\/wp-json\/wp\/v2\/pages\/132\/revisions"}],"predecessor-version":[{"id":664,"href":"https:\/\/www.kneipp-sachsen.de\/leipziger-land\/wp-json\/wp\/v2\/pages\/132\/revisions\/664"}],"wp:attachment":[{"href":"https:\/\/www.kneipp-sachsen.de\/leipziger-land\/wp-json\/wp\/v2\/media?parent=132"}],"curies":[{"name":"wp","href":"https:\/\/api.w.org\/{rel}","templated":true}]}}