{"id":28,"date":"2021-12-08T18:44:43","date_gmt":"2021-12-08T17:44:43","guid":{"rendered":"https:\/\/www.kneipp-sachsen.de\/leipziger-land\/?page_id=28"},"modified":"2023-09-11T13:48:10","modified_gmt":"2023-09-11T11:48:10","slug":"impressum","status":"publish","type":"page","link":"https:\/\/www.kneipp-sachsen.de\/leipziger-land\/impressum\/","title":{"rendered":"Impressum"},"content":{"rendered":"<!--themify_builder_content-->\n<div id=\"themify_builder_content-28\" data-postid=\"28\" class=\"themify_builder_content themify_builder_content-28 themify_builder tf_clear\">\n                    <div  data-lazy=\"1\" class=\"module_row themify_builder_row tb_smiz489 tb_first tf_w\">\n                        <div class=\"row_inner col_align_top tb_col_count_1 tf_box tf_rel\">\n                        <div  data-lazy=\"1\" class=\"module_column tb-column col-full tb_ru5o497 first\">\n                            <div  data-lazy=\"1\" class=\"module_subrow themify_builder_sub_row tf_w col_align_top tb_col_count_1 tb_ykid499\">\n                <div  data-lazy=\"1\" class=\"module_column sub_column col-full tb_01vk507 first\">\n                    <!-- module fancy heading -->\n<div  class=\"module module-fancy-heading tb_2sfk507 \" data-lazy=\"1\">\n        <h2 class=\"fancy-heading tf_textl\">\n    <span class=\"main-head tf_block\">\n                    Impressum            <\/span>\n\n    \n    <span class=\"sub-head tf_block tf_rel\">\n                                <\/span>\n    <\/h2>\n<\/div>\n<!-- \/module fancy heading -->\n<!-- module text -->\n<div  class=\"module module-text tb_i81a511   \" data-lazy=\"1\">\n    <h3 class=\"module-title\">Kneipp-Verein Leipziger Land e.V.<\/h3>    <div  class=\"tb_text_wrap\">\n        <p><strong>Gesch\u00e4ftsstelle (Kontakt):<\/strong><\/p>\n<p><span style=\"background-color: initial; font-size: 1em;\">Tel.: 0157 78786560<\/span><br><\/p>\n<p>Mail: leipziger-land@kneipp-sachsen.de<\/p>    <\/div>\n<\/div>\n<!-- \/module text --><!-- module text -->\n<div  class=\"module module-text tb_x0qo516   \" data-lazy=\"1\">\n        <div  class=\"tb_text_wrap\">\n        <p><strong>Vereinsregister:<br><\/strong>VR 6551, Amtsgericht Leipzig<\/p>    <\/div>\n<\/div>\n<!-- \/module text --><!-- module text -->\n<div  class=\"module module-text tb_b1l1520   \" data-lazy=\"1\">\n        <div  class=\"tb_text_wrap\">\n        <p><strong>Gesetzlich vertreten durch:<br><\/strong>Petra Billwitz<\/p>    <\/div>\n<\/div>\n<!-- \/module text --><!-- module text -->\n<div  class=\"module module-text tb_xvk6523   \" data-lazy=\"1\">\n        <div  class=\"tb_text_wrap\">\n        <p><strong>Verantwortlich i.S.d. \u00a7 55 RStV:<\/strong><br>Petra Billwitz verantw. Im Sinne \u00a755 RStV<\/p>\n<p>An der Sch\u00e4ferei 6<br>04565 Regis-Breitingen<\/p>\n<p>Tel.: 0157 78786560<\/p>\n<p>Mail: leipziger-land@kneipp-sachsen.de<\/p>\n<p>\u00d6ffnungszeiten: \u00a0Mo bis Do 10:00 bis 14:00 Uhr<\/p>\n<p>\u00a0<\/p>    <\/div>\n<\/div>\n<!-- \/module text --><!-- module text -->\n<div  class=\"module module-text tb_cp12526   \" data-lazy=\"1\">\n        <div  class=\"tb_text_wrap\">\n        <p><strong>Realisation:<br \/><br \/><\/strong>Websites Jan Kiese<br \/>Fl\u00e4minger Ufer 20<br \/>06749 Bitterfeld-Wolfen<br \/>Tel.: 0178 8040184<br \/>E-mail: mail@jan-kiese.de<\/p>    <\/div>\n<\/div>\n<!-- \/module text --><!-- module text -->\n<div  class=\"module module-text tb_58xd526   \" data-lazy=\"1\">\n        <div  class=\"tb_text_wrap\">\n        <p><strong>Haftungsausschluss:<\/strong><br \/>Trotz sorgf\u00e4ltiger inhaltlicher Kontrolle \u00fcbernehmen wir keine Haftung f\u00fcr die Inhalte von Websites Dritter, die von dieser Website aus \u00fcber Links erreichbar sind. Der Kneipp-Bund Sachsen\u00a0 hat auf die Inhalte externer Websites keinen Einfluss und kann diese nicht fortlaufend \u00fcberpr\u00fcfen. Die Verantwortung liegt ausschlie\u00dflich beim Betreiber der jeweiligen Homepage.<\/p>    <\/div>\n<\/div>\n<!-- \/module text --><!-- module text -->\n<div  class=\"module module-text tb_ixw7527   \" data-lazy=\"1\">\n        <div  class=\"tb_text_wrap\">\n        <p><strong>Urheberrechtshinweis:<\/strong><br \/>Alle Inhalte und Strukturen dieser Website sind urheber- und leistungsschutzrechtlich gesch\u00fctzt. Die Ver\u00f6ffentlichung im World Wide Web oder in sonstigen Diensten des Internet bedeutet noch keine Einverst\u00e4ndniserkl\u00e4rung f\u00fcr eine anderweitige Nutzung durch Dritte.<\/p>\n<p>Wir erlauben und begr\u00fc\u00dfen ausdr\u00fccklich das Zitieren unserer Dokumente sowie das Setzen von Links auf unsere Website, solange kenntlich gemacht wird, dass es sich um Inhalte der Website des Kneipp-Bund Sachsen handelt und diese Inhalte nicht in Verbindung mit Inhalten Dritter gebracht werden, die den Interessen des Kneipp-Bund Sachsen widersprechen.<\/p>    <\/div>\n<\/div>\n<!-- \/module text --><!-- module text -->\n<div  class=\"module module-text tb_nxna528   \" data-lazy=\"1\">\n        <div  class=\"tb_text_wrap\">\n        <p><strong>Gewerbliche Schutzrechte:<\/strong><br \/>Alle innerhalb dieser Website genannten und ggf. durch Dritte gesch\u00fctzten Marken- und Warenzeichen unterliegen uneingeschr\u00e4nkt den Bestimmungen des jeweils g\u00fcltigen Kennzeichenrechts und den Rechten der jeweiligen Inhaber. Allein aufgrund der blo\u00dfen Nennung ist nicht der Schluss zu ziehen, dass Kennzeichen nicht durch Rechte Dritter gesch\u00fctzt sind.<\/p>    <\/div>\n<\/div>\n<!-- \/module text -->        <\/div>\n                    <\/div>\n                <\/div>\n                        <\/div>\n        <\/div>\n        <\/div>\n<!--\/themify_builder_content-->\n\n<p><\/p>","protected":false},"excerpt":{"rendered":"<p>Impressum Kneipp-Verein Leipziger Land e.V. Gesch\u00e4ftsstelle (Kontakt): Tel.: 0157 78786560 Mail: leipziger-land@kneipp-sachsen.de Vereinsregister:VR 6551, Amtsgericht Leipzig Gesetzlich vertreten durch:Petra Billwitz Verantwortlich i.S.d. \u00a7 55 RStV:Petra Billwitz verantw. Im Sinne \u00a755 RStV An der Sch\u00e4ferei 604565 Regis-Breitingen Tel.: 0157 78786560 Mail: leipziger-land@kneipp-sachsen.de \u00d6ffnungszeiten: \u00a0Mo bis Do 10:00 bis 14:00 Uhr \u00a0 Realisation: Websites Jan KieseFl\u00e4minger Ufer [&hellip;]<\/p>\n","protected":false},"author":1,"featured_media":0,"parent":0,"menu_order":0,"comment_status":"closed","ping_status":"closed","template":"","meta":{"footnotes":"","advanced-sidebar-menu\/link-title":"","advanced-sidebar-menu\/exclude-page":false},"class_list":["post-28","page","type-page","status-publish","hentry","has-post-title","has-post-date","has-post-category","has-post-tag","has-post-comment","has-post-author",""],"yoast_head":"<!-- This site is optimized with the Yoast SEO plugin v24.7 - https:\/\/yoast.com\/wordpress\/plugins\/seo\/ -->\n<title>Impressum - Kneipp Leipziger Land<\/title>\n<meta name=\"robots\" content=\"index, follow, max-snippet:-1, max-image-preview:large, max-video-preview:-1\" \/>\n<link rel=\"canonical\" href=\"https:\/\/www.kneipp-sachsen.de\/leipziger-land\/impressum\/\" \/>\n<meta property=\"og:locale\" content=\"de_DE\" \/>\n<meta property=\"og:type\" content=\"article\" \/>\n<meta property=\"og:title\" content=\"Impressum - Kneipp Leipziger Land\" \/>\n<meta property=\"og:description\" content=\"Impressum Kneipp-Verein Leipziger Land e.V. Gesch\u00e4ftsstelle (Kontakt): Tel.: 0157 78786560 Mail: leipziger-land@kneipp-sachsen.de Vereinsregister:VR 6551, Amtsgericht Leipzig Gesetzlich vertreten durch:Petra Billwitz Verantwortlich i.S.d. \u00a7 55 RStV:Petra Billwitz verantw. Im Sinne \u00a755 RStV An der Sch\u00e4ferei 604565 Regis-Breitingen Tel.: 0157 78786560 Mail: leipziger-land@kneipp-sachsen.de \u00d6ffnungszeiten: \u00a0Mo bis Do 10:00 bis 14:00 Uhr \u00a0 Realisation: Websites Jan KieseFl\u00e4minger Ufer [&hellip;]\" \/>\n<meta property=\"og:url\" content=\"https:\/\/www.kneipp-sachsen.de\/leipziger-land\/impressum\/\" \/>\n<meta property=\"og:site_name\" content=\"Kneipp Leipziger Land\" \/>\n<meta property=\"article:modified_time\" content=\"2023-09-11T11:48:10+00:00\" \/>\n<meta name=\"twitter:card\" content=\"summary_large_image\" \/>\n<meta name=\"twitter:label1\" content=\"Gesch\u00e4tzte Lesezeit\" \/>\n\t<meta name=\"twitter:data1\" content=\"2\u00a0Minuten\" \/>\n<script type=\"application\/ld+json\" class=\"yoast-schema-graph\">{\"@context\":\"https:\/\/schema.org\",\"@graph\":[{\"@type\":\"WebPage\",\"@id\":\"https:\/\/www.kneipp-sachsen.de\/leipziger-land\/impressum\/\",\"url\":\"https:\/\/www.kneipp-sachsen.de\/leipziger-land\/impressum\/\",\"name\":\"Impressum - Kneipp Leipziger Land\",\"isPartOf\":{\"@id\":\"https:\/\/www.kneipp-sachsen.de\/leipziger-land\/#website\"},\"datePublished\":\"2021-12-08T17:44:43+00:00\",\"dateModified\":\"2023-09-11T11:48:10+00:00\",\"breadcrumb\":{\"@id\":\"https:\/\/www.kneipp-sachsen.de\/leipziger-land\/impressum\/#breadcrumb\"},\"inLanguage\":\"de\",\"potentialAction\":[{\"@type\":\"ReadAction\",\"target\":[\"https:\/\/www.kneipp-sachsen.de\/leipziger-land\/impressum\/\"]}]},{\"@type\":\"BreadcrumbList\",\"@id\":\"https:\/\/www.kneipp-sachsen.de\/leipziger-land\/impressum\/#breadcrumb\",\"itemListElement\":[{\"@type\":\"ListItem\",\"position\":1,\"name\":\"Startseite\",\"item\":\"https:\/\/www.kneipp-sachsen.de\/leipziger-land\/\"},{\"@type\":\"ListItem\",\"position\":2,\"name\":\"Impressum\"}]},{\"@type\":\"WebSite\",\"@id\":\"https:\/\/www.kneipp-sachsen.de\/leipziger-land\/#website\",\"url\":\"https:\/\/www.kneipp-sachsen.de\/leipziger-land\/\",\"name\":\"Kneipp Leipziger Land\",\"description\":\"Eine weitere WordPress-Website\",\"potentialAction\":[{\"@type\":\"SearchAction\",\"target\":{\"@type\":\"EntryPoint\",\"urlTemplate\":\"https:\/\/www.kneipp-sachsen.de\/leipziger-land\/?s={search_term_string}\"},\"query-input\":{\"@type\":\"PropertyValueSpecification\",\"valueRequired\":true,\"valueName\":\"search_term_string\"}}],\"inLanguage\":\"de\"}]}<\/script>\n<!-- \/ Yoast SEO plugin. -->","yoast_head_json":{"title":"Impressum - Kneipp Leipziger Land","robots":{"index":"index","follow":"follow","max-snippet":"max-snippet:-1","max-image-preview":"max-image-preview:large","max-video-preview":"max-video-preview:-1"},"canonical":"https:\/\/www.kneipp-sachsen.de\/leipziger-land\/impressum\/","og_locale":"de_DE","og_type":"article","og_title":"Impressum - Kneipp Leipziger Land","og_description":"Impressum Kneipp-Verein Leipziger Land e.V. Gesch\u00e4ftsstelle (Kontakt): Tel.: 0157 78786560 Mail: leipziger-land@kneipp-sachsen.de Vereinsregister:VR 6551, Amtsgericht Leipzig Gesetzlich vertreten durch:Petra Billwitz Verantwortlich i.S.d. \u00a7 55 RStV:Petra Billwitz verantw. Im Sinne \u00a755 RStV An der Sch\u00e4ferei 604565 Regis-Breitingen Tel.: 0157 78786560 Mail: leipziger-land@kneipp-sachsen.de \u00d6ffnungszeiten: \u00a0Mo bis Do 10:00 bis 14:00 Uhr \u00a0 Realisation: Websites Jan KieseFl\u00e4minger Ufer [&hellip;]","og_url":"https:\/\/www.kneipp-sachsen.de\/leipziger-land\/impressum\/","og_site_name":"Kneipp Leipziger Land","article_modified_time":"2023-09-11T11:48:10+00:00","twitter_card":"summary_large_image","twitter_misc":{"Gesch\u00e4tzte Lesezeit":"2\u00a0Minuten"},"schema":{"@context":"https:\/\/schema.org","@graph":[{"@type":"WebPage","@id":"https:\/\/www.kneipp-sachsen.de\/leipziger-land\/impressum\/","url":"https:\/\/www.kneipp-sachsen.de\/leipziger-land\/impressum\/","name":"Impressum - Kneipp Leipziger Land","isPartOf":{"@id":"https:\/\/www.kneipp-sachsen.de\/leipziger-land\/#website"},"datePublished":"2021-12-08T17:44:43+00:00","dateModified":"2023-09-11T11:48:10+00:00","breadcrumb":{"@id":"https:\/\/www.kneipp-sachsen.de\/leipziger-land\/impressum\/#breadcrumb"},"inLanguage":"de","potentialAction":[{"@type":"ReadAction","target":["https:\/\/www.kneipp-sachsen.de\/leipziger-land\/impressum\/"]}]},{"@type":"BreadcrumbList","@id":"https:\/\/www.kneipp-sachsen.de\/leipziger-land\/impressum\/#breadcrumb","itemListElement":[{"@type":"ListItem","position":1,"name":"Startseite","item":"https:\/\/www.kneipp-sachsen.de\/leipziger-land\/"},{"@type":"ListItem","position":2,"name":"Impressum"}]},{"@type":"WebSite","@id":"https:\/\/www.kneipp-sachsen.de\/leipziger-land\/#website","url":"https:\/\/www.kneipp-sachsen.de\/leipziger-land\/","name":"Kneipp Leipziger Land","description":"Eine weitere WordPress-Website","potentialAction":[{"@type":"SearchAction","target":{"@type":"EntryPoint","urlTemplate":"https:\/\/www.kneipp-sachsen.de\/leipziger-land\/?s={search_term_string}"},"query-input":{"@type":"PropertyValueSpecification","valueRequired":true,"valueName":"search_term_string"}}],"inLanguage":"de"}]}},"builder_content":"<h2>Impressum<br\/><\/h2>\n<h3>Kneipp-Verein Leipziger Land e.V.<\/h3> <p><strong>Gesch\u00e4ftsstelle (Kontakt):<\/strong><\/p> <p>Tel.: 0157 78786560<br><\/p> <p>Mail: leipziger-land@kneipp-sachsen.de<\/p>\n<p><strong>Vereinsregister:<br><\/strong>VR 6551, Amtsgericht Leipzig<\/p>\n<p><strong>Gesetzlich vertreten durch:<br><\/strong>Petra Billwitz<\/p>\n<p><strong>Verantwortlich i.S.d. \u00a7 55 RStV:<\/strong><br>Petra Billwitz verantw. Im Sinne \u00a755 RStV<\/p> <p>An der Sch\u00e4ferei 6<br>04565 Regis-Breitingen<\/p> <p>Tel.: 0157 78786560<\/p> <p>Mail: leipziger-land@kneipp-sachsen.de<\/p> <p>\u00d6ffnungszeiten: \u00a0Mo bis Do 10:00 bis 14:00 Uhr<\/p> <p>\u00a0<\/p>\n<p><strong>Realisation:<br \/><br \/><\/strong>Websites Jan Kiese<br \/>Fl\u00e4minger Ufer 20<br \/>06749 Bitterfeld-Wolfen<br \/>Tel.: 0178 8040184<br \/>E-mail: mail@jan-kiese.de<\/p>\n<p><strong>Haftungsausschluss:<\/strong><br \/>Trotz sorgf\u00e4ltiger inhaltlicher Kontrolle \u00fcbernehmen wir keine Haftung f\u00fcr die Inhalte von Websites Dritter, die von dieser Website aus \u00fcber Links erreichbar sind. Der Kneipp-Bund Sachsen\u00a0 hat auf die Inhalte externer Websites keinen Einfluss und kann diese nicht fortlaufend \u00fcberpr\u00fcfen. Die Verantwortung liegt ausschlie\u00dflich beim Betreiber der jeweiligen Homepage.<\/p>\n<p><strong>Urheberrechtshinweis:<\/strong><br \/>Alle Inhalte und Strukturen dieser Website sind urheber- und leistungsschutzrechtlich gesch\u00fctzt. Die Ver\u00f6ffentlichung im World Wide Web oder in sonstigen Diensten des Internet bedeutet noch keine Einverst\u00e4ndniserkl\u00e4rung f\u00fcr eine anderweitige Nutzung durch Dritte.<\/p> <p>Wir erlauben und begr\u00fc\u00dfen ausdr\u00fccklich das Zitieren unserer Dokumente sowie das Setzen von Links auf unsere Website, solange kenntlich gemacht wird, dass es sich um Inhalte der Website des Kneipp-Bund Sachsen handelt und diese Inhalte nicht in Verbindung mit Inhalten Dritter gebracht werden, die den Interessen des Kneipp-Bund Sachsen widersprechen.<\/p>\n<p><strong>Gewerbliche Schutzrechte:<\/strong><br \/>Alle innerhalb dieser Website genannten und ggf. durch Dritte gesch\u00fctzten Marken- und Warenzeichen unterliegen uneingeschr\u00e4nkt den Bestimmungen des jeweils g\u00fcltigen Kennzeichenrechts und den Rechten der jeweiligen Inhaber. Allein aufgrund der blo\u00dfen Nennung ist nicht der Schluss zu ziehen, dass Kennzeichen nicht durch Rechte Dritter gesch\u00fctzt sind.<\/p>","_links":{"self":[{"href":"https:\/\/www.kneipp-sachsen.de\/leipziger-land\/wp-json\/wp\/v2\/pages\/28","targetHints":{"allow":["GET"]}}],"collection":[{"href":"https:\/\/www.kneipp-sachsen.de\/leipziger-land\/wp-json\/wp\/v2\/pages"}],"about":[{"href":"https:\/\/www.kneipp-sachsen.de\/leipziger-land\/wp-json\/wp\/v2\/types\/page"}],"author":[{"embeddable":true,"href":"https:\/\/www.kneipp-sachsen.de\/leipziger-land\/wp-json\/wp\/v2\/users\/1"}],"replies":[{"embeddable":true,"href":"https:\/\/www.kneipp-sachsen.de\/leipziger-land\/wp-json\/wp\/v2\/comments?post=28"}],"version-history":[{"count":5,"href":"https:\/\/www.kneipp-sachsen.de\/leipziger-land\/wp-json\/wp\/v2\/pages\/28\/revisions"}],"predecessor-version":[{"id":315,"href":"https:\/\/www.kneipp-sachsen.de\/leipziger-land\/wp-json\/wp\/v2\/pages\/28\/revisions\/315"}],"wp:attachment":[{"href":"https:\/\/www.kneipp-sachsen.de\/leipziger-land\/wp-json\/wp\/v2\/media?parent=28"}],"curies":[{"name":"wp","href":"https:\/\/api.w.org\/{rel}","templated":true}]}}