{"id":30,"date":"2021-12-08T18:51:28","date_gmt":"2021-12-08T17:51:28","guid":{"rendered":"https:\/\/www.kneipp-sachsen.de\/leipziger-land\/?page_id=30"},"modified":"2021-12-08T18:51:31","modified_gmt":"2021-12-08T17:51:31","slug":"kneipp-2021","status":"publish","type":"page","link":"https:\/\/www.kneipp-sachsen.de\/leipziger-land\/kneipp-2021\/","title":{"rendered":"Kneipp 2021"},"content":{"rendered":"<!--themify_builder_content-->\n<div id=\"themify_builder_content-30\" data-postid=\"30\" class=\"themify_builder_content themify_builder_content-30 themify_builder tf_clear\">\n                    <div  data-lazy=\"1\" class=\"module_row themify_builder_row tb_28ny555 tb_first tf_w\">\n                        <div class=\"row_inner col_align_top tb_col_count_1 tf_box tf_rel\">\n                        <div  data-lazy=\"1\" class=\"module_column tb-column col-full tb_doh7562 first\">\n                    <!-- module fancy heading -->\n<div  class=\"module module-fancy-heading tb_xcno569 \" data-lazy=\"1\">\n        <h1 class=\"fancy-heading tf_textc\">\n    <span class=\"main-head tf_block\">\n                    Kneipp-Jahr 2021 - Feiern Sie mit uns!            <\/span>\n\n    \n    <span class=\"sub-head tf_block tf_rel\">\n                    200. Geburtstag von Sebastian Kneipp            <\/span>\n    <\/h1>\n<\/div>\n<!-- \/module fancy heading -->\n        <div  data-lazy=\"1\" class=\"module_subrow themify_builder_sub_row tf_w col_align_top tb_col_count_2 tb_1fll574\">\n                <div  data-lazy=\"1\" class=\"module_column sub_column col2-1 tb_y3jj577 first\">\n                            <\/div>\n                    <div  data-lazy=\"1\" class=\"module_column sub_column col2-1 tb_34tm577 last\">\n                            <\/div>\n                    <\/div>\n                <\/div>\n                        <\/div>\n        <\/div>\n                        <div  data-lazy=\"1\" class=\"module_row themify_builder_row tb_9g7w556 tf_w\">\n                        <div class=\"row_inner col_align_top tb_col_count_3 tf_box tf_rel\">\n                        <div  data-lazy=\"1\" class=\"module_column tb-column col3-1 tb_730m583 first\">\n                    <!-- module plain text -->\n<div  class=\"module module-plain-text tb_2czp584 \" data-lazy=\"1\">\n        <div class=\"tb_text_wrap\">\n    Das Jahr 2021 steht im Zeichen des 200. Geburtstags von Sebastian Kneipp, der die klassischen Naturheilverfahren nach Kneipp begr\u00fcndet hat. Das Jubil\u00e4umsjahr wird von der gesamten Kneipp-Bewegung bundesweit gefeiert, der Kneipp-Bund e.V. hat zu diesem besonderen das Jubil\u00e4umsjahr \u201eKneipp 2021\u201c ausgerufen. \n\n\n\n\n    <\/div>\n<\/div>\n<!-- \/module plain text --><!-- module text -->\n<div  class=\"module module-text tb_7xx6586   \" data-lazy=\"1\">\n        <div  class=\"tb_text_wrap\">\n        <h3>\u00a0<\/h3>\n<h3><a href=\"https:\/\/www.kneipp2021.de\/\" target=\"_blank\" rel=\"noopener\">www.kneipp2021.de<\/a><\/h3>    <\/div>\n<\/div>\n<!-- \/module text -->        <\/div>\n                    <div  data-lazy=\"1\" class=\"module_column tb-column col3-1 tb_7nw0587\">\n                    <!-- module plain text -->\n<div  class=\"module module-plain-text tb_j2qc587 \" data-lazy=\"1\">\n        <div class=\"tb_text_wrap\">\n    Ziel ist es nicht nur, die f\u00fcnf Elemente des Kneippschen Gesundheitskonzept bei m\u00f6glichst vielen Veranstaltungen \u00f6ffentlich zu pr\u00e4sentieren, sondern auch auf den Beitrag Kneipps zum deutschen Gesundheitswesen, zur Kultur und zur Auspr\u00e4gung des Pr\u00e4ventionsbegriffes aufmerksam zu machen und das Potenzial der Kneippschen Naturheilverfahren f\u00fcr die Gesundheitsversorgung der Bev\u00f6lkerung auf Bundesebene noch bekannter zu machen.    <\/div>\n<\/div>\n<!-- \/module plain text -->        <\/div>\n                    <div  data-lazy=\"1\" class=\"module_column tb-column col3-1 tb_kxqd589 last\">\n                    <!-- module image -->\n<div  class=\"module module-image tb_h8d4589 image-right   tf_mw\" data-lazy=\"1\">\n        <div class=\"image-wrap tf_rel tf_mw\">\n            <a href=\"https:\/\/www.kneipp2021.de\/\">\n                   <img loading=\"lazy\" decoding=\"async\" src=\"https:\/\/www.kneipp-sachsen.de\/wpkneipp2021\/wp-content\/uploads\/2021\/04\/2021-Banner-WEB-200x400-pixel_Vers1.jpg\" width=\"200\" height=\"400\" title=\"Kneipp 2021\" alt=\"Kneipp 2021\">        <\/a>\n    \n        <\/div>\n    <!-- \/image-wrap -->\n    \n        <\/div>\n<!-- \/module image -->        <\/div>\n                        <\/div>\n        <\/div>\n        <\/div>\n<!--\/themify_builder_content-->","protected":false},"excerpt":{"rendered":"<p>\u00a0 www.kneipp2021.de<\/p>\n","protected":false},"author":1,"featured_media":0,"parent":0,"menu_order":0,"comment_status":"closed","ping_status":"closed","template":"","meta":{"footnotes":"","advanced-sidebar-menu\/link-title":"","advanced-sidebar-menu\/exclude-page":false},"class_list":["post-30","page","type-page","status-publish","hentry","has-post-title","has-post-date","has-post-category","has-post-tag","has-post-comment","has-post-author",""],"yoast_head":"<!-- This site is optimized with the Yoast SEO plugin v24.7 - https:\/\/yoast.com\/wordpress\/plugins\/seo\/ -->\n<title>Kneipp 2021 - Kneipp Leipziger Land<\/title>\n<meta name=\"robots\" content=\"index, follow, max-snippet:-1, max-image-preview:large, max-video-preview:-1\" \/>\n<link rel=\"canonical\" href=\"https:\/\/www.kneipp-sachsen.de\/leipziger-land\/kneipp-2021\/\" \/>\n<meta property=\"og:locale\" content=\"de_DE\" \/>\n<meta property=\"og:type\" content=\"article\" \/>\n<meta property=\"og:title\" content=\"Kneipp 2021 - Kneipp Leipziger Land\" \/>\n<meta property=\"og:description\" content=\"\u00a0 www.kneipp2021.de\" \/>\n<meta property=\"og:url\" content=\"https:\/\/www.kneipp-sachsen.de\/leipziger-land\/kneipp-2021\/\" \/>\n<meta property=\"og:site_name\" content=\"Kneipp Leipziger Land\" \/>\n<meta property=\"article:modified_time\" content=\"2021-12-08T17:51:31+00:00\" \/>\n<meta name=\"twitter:card\" content=\"summary_large_image\" \/>\n<script type=\"application\/ld+json\" class=\"yoast-schema-graph\">{\"@context\":\"https:\/\/schema.org\",\"@graph\":[{\"@type\":\"WebPage\",\"@id\":\"https:\/\/www.kneipp-sachsen.de\/leipziger-land\/kneipp-2021\/\",\"url\":\"https:\/\/www.kneipp-sachsen.de\/leipziger-land\/kneipp-2021\/\",\"name\":\"Kneipp 2021 - Kneipp Leipziger Land\",\"isPartOf\":{\"@id\":\"https:\/\/www.kneipp-sachsen.de\/leipziger-land\/#website\"},\"datePublished\":\"2021-12-08T17:51:28+00:00\",\"dateModified\":\"2021-12-08T17:51:31+00:00\",\"breadcrumb\":{\"@id\":\"https:\/\/www.kneipp-sachsen.de\/leipziger-land\/kneipp-2021\/#breadcrumb\"},\"inLanguage\":\"de\",\"potentialAction\":[{\"@type\":\"ReadAction\",\"target\":[\"https:\/\/www.kneipp-sachsen.de\/leipziger-land\/kneipp-2021\/\"]}]},{\"@type\":\"BreadcrumbList\",\"@id\":\"https:\/\/www.kneipp-sachsen.de\/leipziger-land\/kneipp-2021\/#breadcrumb\",\"itemListElement\":[{\"@type\":\"ListItem\",\"position\":1,\"name\":\"Startseite\",\"item\":\"https:\/\/www.kneipp-sachsen.de\/leipziger-land\/\"},{\"@type\":\"ListItem\",\"position\":2,\"name\":\"Kneipp 2021\"}]},{\"@type\":\"WebSite\",\"@id\":\"https:\/\/www.kneipp-sachsen.de\/leipziger-land\/#website\",\"url\":\"https:\/\/www.kneipp-sachsen.de\/leipziger-land\/\",\"name\":\"Kneipp Leipziger Land\",\"description\":\"Eine weitere WordPress-Website\",\"potentialAction\":[{\"@type\":\"SearchAction\",\"target\":{\"@type\":\"EntryPoint\",\"urlTemplate\":\"https:\/\/www.kneipp-sachsen.de\/leipziger-land\/?s={search_term_string}\"},\"query-input\":{\"@type\":\"PropertyValueSpecification\",\"valueRequired\":true,\"valueName\":\"search_term_string\"}}],\"inLanguage\":\"de\"}]}<\/script>\n<!-- \/ Yoast SEO plugin. -->","yoast_head_json":{"title":"Kneipp 2021 - Kneipp Leipziger Land","robots":{"index":"index","follow":"follow","max-snippet":"max-snippet:-1","max-image-preview":"max-image-preview:large","max-video-preview":"max-video-preview:-1"},"canonical":"https:\/\/www.kneipp-sachsen.de\/leipziger-land\/kneipp-2021\/","og_locale":"de_DE","og_type":"article","og_title":"Kneipp 2021 - Kneipp Leipziger Land","og_description":"\u00a0 www.kneipp2021.de","og_url":"https:\/\/www.kneipp-sachsen.de\/leipziger-land\/kneipp-2021\/","og_site_name":"Kneipp Leipziger Land","article_modified_time":"2021-12-08T17:51:31+00:00","twitter_card":"summary_large_image","schema":{"@context":"https:\/\/schema.org","@graph":[{"@type":"WebPage","@id":"https:\/\/www.kneipp-sachsen.de\/leipziger-land\/kneipp-2021\/","url":"https:\/\/www.kneipp-sachsen.de\/leipziger-land\/kneipp-2021\/","name":"Kneipp 2021 - Kneipp Leipziger Land","isPartOf":{"@id":"https:\/\/www.kneipp-sachsen.de\/leipziger-land\/#website"},"datePublished":"2021-12-08T17:51:28+00:00","dateModified":"2021-12-08T17:51:31+00:00","breadcrumb":{"@id":"https:\/\/www.kneipp-sachsen.de\/leipziger-land\/kneipp-2021\/#breadcrumb"},"inLanguage":"de","potentialAction":[{"@type":"ReadAction","target":["https:\/\/www.kneipp-sachsen.de\/leipziger-land\/kneipp-2021\/"]}]},{"@type":"BreadcrumbList","@id":"https:\/\/www.kneipp-sachsen.de\/leipziger-land\/kneipp-2021\/#breadcrumb","itemListElement":[{"@type":"ListItem","position":1,"name":"Startseite","item":"https:\/\/www.kneipp-sachsen.de\/leipziger-land\/"},{"@type":"ListItem","position":2,"name":"Kneipp 2021"}]},{"@type":"WebSite","@id":"https:\/\/www.kneipp-sachsen.de\/leipziger-land\/#website","url":"https:\/\/www.kneipp-sachsen.de\/leipziger-land\/","name":"Kneipp Leipziger Land","description":"Eine weitere WordPress-Website","potentialAction":[{"@type":"SearchAction","target":{"@type":"EntryPoint","urlTemplate":"https:\/\/www.kneipp-sachsen.de\/leipziger-land\/?s={search_term_string}"},"query-input":{"@type":"PropertyValueSpecification","valueRequired":true,"valueName":"search_term_string"}}],"inLanguage":"de"}]}},"builder_content":"<h1>Kneipp-Jahr 2021 - Feiern Sie mit uns!<br\/>200. Geburtstag von Sebastian Kneipp<\/h1>\nDas Jahr 2021 steht im Zeichen des 200. Geburtstags von Sebastian Kneipp, der die klassischen Naturheilverfahren nach Kneipp begr\u00fcndet hat. Das Jubil\u00e4umsjahr wird von der gesamten Kneipp-Bewegung bundesweit gefeiert, der Kneipp-Bund e.V. hat zu diesem besonderen das Jubil\u00e4umsjahr \u201eKneipp 2021\u201c ausgerufen.\n<h3>\u00a0<\/h3> <h3><a href=\"https:\/\/www.kneipp2021.de\/\" target=\"_blank\" rel=\"noopener\">www.kneipp2021.de<\/a><\/h3>\nZiel ist es nicht nur, die f\u00fcnf Elemente des Kneippschen Gesundheitskonzept bei m\u00f6glichst vielen Veranstaltungen \u00f6ffentlich zu pr\u00e4sentieren, sondern auch auf den Beitrag Kneipps zum deutschen Gesundheitswesen, zur Kultur und zur Auspr\u00e4gung des Pr\u00e4ventionsbegriffes aufmerksam zu machen und das Potenzial der Kneippschen Naturheilverfahren f\u00fcr die Gesundheitsversorgung der Bev\u00f6lkerung auf Bundesebene noch bekannter zu machen.\n<a href=\"https:\/\/www.kneipp2021.de\/\"> <img src=\"https:\/\/www.kneipp-sachsen.de\/wpkneipp2021\/wp-content\/uploads\/2021\/04\/2021-Banner-WEB-200x400-pixel_Vers1.jpg\" width=\"200\" height=\"400\" title=\"Kneipp 2021\" alt=\"Kneipp 2021\"> <\/a>","_links":{"self":[{"href":"https:\/\/www.kneipp-sachsen.de\/leipziger-land\/wp-json\/wp\/v2\/pages\/30","targetHints":{"allow":["GET"]}}],"collection":[{"href":"https:\/\/www.kneipp-sachsen.de\/leipziger-land\/wp-json\/wp\/v2\/pages"}],"about":[{"href":"https:\/\/www.kneipp-sachsen.de\/leipziger-land\/wp-json\/wp\/v2\/types\/page"}],"author":[{"embeddable":true,"href":"https:\/\/www.kneipp-sachsen.de\/leipziger-land\/wp-json\/wp\/v2\/users\/1"}],"replies":[{"embeddable":true,"href":"https:\/\/www.kneipp-sachsen.de\/leipziger-land\/wp-json\/wp\/v2\/comments?post=30"}],"version-history":[{"count":1,"href":"https:\/\/www.kneipp-sachsen.de\/leipziger-land\/wp-json\/wp\/v2\/pages\/30\/revisions"}],"predecessor-version":[{"id":31,"href":"https:\/\/www.kneipp-sachsen.de\/leipziger-land\/wp-json\/wp\/v2\/pages\/30\/revisions\/31"}],"wp:attachment":[{"href":"https:\/\/www.kneipp-sachsen.de\/leipziger-land\/wp-json\/wp\/v2\/media?parent=30"}],"curies":[{"name":"wp","href":"https:\/\/api.w.org\/{rel}","templated":true}]}}