{"id":56,"date":"2021-12-08T22:45:05","date_gmt":"2021-12-08T21:45:05","guid":{"rendered":"https:\/\/www.kneipp-sachsen.de\/leipziger-land\/?page_id=56"},"modified":"2022-01-10T14:16:19","modified_gmt":"2022-01-10T13:16:19","slug":"ueber-uns","status":"publish","type":"page","link":"https:\/\/www.kneipp-sachsen.de\/leipziger-land\/wer-wir-sind\/ueber-uns\/","title":{"rendered":"\u00dcber uns"},"content":{"rendered":"<!--themify_builder_content-->\n<div id=\"themify_builder_content-56\" data-postid=\"56\" class=\"themify_builder_content themify_builder_content-56 themify_builder tf_clear\">\n                    <div  data-lazy=\"1\" class=\"module_row themify_builder_row tb_qiv2240 tb_first tf_w\">\n                        <div class=\"row_inner col_align_top tb_col_count_1 tf_box tf_rel\">\n                        <div  data-lazy=\"1\" class=\"module_column tb-column col-full tb_c1xg242 first\">\n                            <div  data-lazy=\"1\" class=\"module_subrow themify_builder_sub_row tf_w col_align_top tb_col_count_1 tb_xu3w242\">\n                <div  data-lazy=\"1\" class=\"module_column sub_column col-full tb_txhn243 first\">\n                    <!-- module fancy heading -->\n<div  class=\"module module-fancy-heading tb_hrlz243  tb_hide_divider\" data-lazy=\"1\">\n        <h1 class=\"fancy-heading\">\n    <span class=\"main-head tf_block\">\n                    Wer wir sind            <\/span>\n\n    \n    <span class=\"sub-head tf_block tf_rel\">\n                                <\/span>\n    <\/h1>\n<\/div>\n<!-- \/module fancy heading -->\n<!-- module text -->\n<div  class=\"module module-text tb_aa9k244  repeat \" data-lazy=\"1\">\n        <div  class=\"tb_text_wrap\">\n        <div>Der Kneipp-Verein Leipziger Land e.V. hat sich mit der Unterst\u00fctzung des Angelika-Stift Leipzig und dem Kneipp-Bund Landesverband Sachsen e.V. gegr\u00fcndet.<\/div><div>In unserem Verein wird das Kneippsche Gesundheitskonzept aktuell besonders bei den Heimbewohnern des Angelika-Stift mit Genuss genutzt. <br><\/div><div>Anwendungen wie der Heusack sind besonders beliebt. Ansonsten bieten wir kalte \nKnieg\u00fcsse, Wechselknieg\u00fcsse, Armg\u00fcsse, B\u00e4der und Waschungen an. Wenn das\n Wetter es erlaubt, machen wir im Garten Wassertreten, wof\u00fcr extra ein \nBecken gebaut wurde.<\/div><div><br><\/div><div><br><\/div>    <\/div>\n<\/div>\n<!-- \/module text -->        <\/div>\n                    <\/div>\n                <\/div>\n                        <\/div>\n        <\/div>\n                        <div  data-lazy=\"1\" class=\"module_row themify_builder_row tb_372k240 tf_w\">\n                        <div class=\"row_inner col_align_top tb_col_count_1 tf_box tf_rel\">\n                        <div  data-lazy=\"1\" class=\"module_column tb-column col-full tb_fxkz245 first\">\n                            <div  data-lazy=\"1\" class=\"module_subrow themify_builder_sub_row tf_w col_align_top tb_col_count_1 tb_9vbt245\">\n                <div  data-lazy=\"1\" class=\"module_column sub_column col-full tb_y1ns246 first\">\n                    <!-- module fancy heading -->\n<div  class=\"module module-fancy-heading tb_uy43246  tb_hide_divider\" data-lazy=\"1\">\n        <h2 class=\"fancy-heading\">\n    <span class=\"main-head tf_block\">\n                    Kontakt            <\/span>\n\n    \n    <span class=\"sub-head tf_block tf_rel\">\n                                <\/span>\n    <\/h2>\n<\/div>\n<!-- \/module fancy heading -->\n<!-- module text -->\n<div  class=\"module module-text tb_ijqr246   \" data-lazy=\"1\">\n        <div  class=\"tb_text_wrap\">\n        <p><strong>Gesch\u00e4ftsstelle (Kontakt):<\/strong><\/p><div id=\"acc-jl58603-0-content\" data-id=\"acc-jl58603-0\" aria-hidden=\"false\" class=\"accordion-content\">\n\n\t\t\t\t\t\t\t\t\t<div class=\"tb_text_wrap\">\n\t\t\t\t\t\t<header class=\"entry-header\">\n<p>Vorsitzende: Petra Billwitz<\/p>\n<p>An der Sch\u00e4ferei 6<br>04565 Regis-Breitingen<br>Telefon (0157) 78786560<br>E-Mail: <a href=\"mailto:leipziger-land@kneipp-sachsen.de\">leipziger-land[at]kneipp-sachsen.de<\/a><br>Internet: <a href=\"http:\/\/leipziger-land.kneipp-sachsen.de\" target=\"_blank\" rel=\"noopener\">leipziger-land.kneipp-sachsen.de<\/a><\/p>\n<\/header>\t\t\t\t\t<\/div>\n\t\t\t\t\n\t\t\t<\/div>    <\/div>\n<\/div>\n<!-- \/module text -->        <\/div>\n                    <\/div>\n                <\/div>\n                        <\/div>\n        <\/div>\n        <\/div>\n<!--\/themify_builder_content-->","protected":false},"excerpt":{"rendered":"<p>Wer wir sind Der Kneipp-Verein Leipziger Land e.V. hat sich mit der Unterst\u00fctzung des Angelika-Stift Leipzig und dem Kneipp-Bund Landesverband Sachsen e.V. gegr\u00fcndet.In unserem Verein wird das Kneippsche Gesundheitskonzept aktuell besonders bei den Heimbewohnern des Angelika-Stift mit Genuss genutzt. Anwendungen wie der Heusack sind besonders beliebt. Ansonsten bieten wir kalte Knieg\u00fcsse, Wechselknieg\u00fcsse, Armg\u00fcsse, B\u00e4der und [&hellip;]<\/p>\n","protected":false},"author":1,"featured_media":0,"parent":54,"menu_order":0,"comment_status":"closed","ping_status":"closed","template":"","meta":{"footnotes":"","advanced-sidebar-menu\/link-title":"","advanced-sidebar-menu\/exclude-page":false},"class_list":["post-56","page","type-page","status-publish","hentry","has-post-title","has-post-date","has-post-category","has-post-tag","has-post-comment","has-post-author",""],"yoast_head":"<!-- This site is optimized with the Yoast SEO plugin v24.7 - https:\/\/yoast.com\/wordpress\/plugins\/seo\/ -->\n<title>\u00dcber uns - Kneipp Leipziger Land<\/title>\n<meta name=\"robots\" content=\"index, follow, max-snippet:-1, max-image-preview:large, max-video-preview:-1\" \/>\n<link rel=\"canonical\" href=\"https:\/\/www.kneipp-sachsen.de\/leipziger-land\/wer-wir-sind\/ueber-uns\/\" \/>\n<meta property=\"og:locale\" content=\"de_DE\" \/>\n<meta property=\"og:type\" content=\"article\" \/>\n<meta property=\"og:title\" content=\"\u00dcber uns - Kneipp Leipziger Land\" \/>\n<meta property=\"og:description\" content=\"Wer wir sind Der Kneipp-Verein Leipziger Land e.V. hat sich mit der Unterst\u00fctzung des Angelika-Stift Leipzig und dem Kneipp-Bund Landesverband Sachsen e.V. gegr\u00fcndet.In unserem Verein wird das Kneippsche Gesundheitskonzept aktuell besonders bei den Heimbewohnern des Angelika-Stift mit Genuss genutzt. Anwendungen wie der Heusack sind besonders beliebt. Ansonsten bieten wir kalte Knieg\u00fcsse, Wechselknieg\u00fcsse, Armg\u00fcsse, B\u00e4der und [&hellip;]\" \/>\n<meta property=\"og:url\" content=\"https:\/\/www.kneipp-sachsen.de\/leipziger-land\/wer-wir-sind\/ueber-uns\/\" \/>\n<meta property=\"og:site_name\" content=\"Kneipp Leipziger Land\" \/>\n<meta property=\"article:modified_time\" content=\"2022-01-10T13:16:19+00:00\" \/>\n<meta name=\"twitter:card\" content=\"summary_large_image\" \/>\n<script type=\"application\/ld+json\" class=\"yoast-schema-graph\">{\"@context\":\"https:\/\/schema.org\",\"@graph\":[{\"@type\":\"WebPage\",\"@id\":\"https:\/\/www.kneipp-sachsen.de\/leipziger-land\/wer-wir-sind\/ueber-uns\/\",\"url\":\"https:\/\/www.kneipp-sachsen.de\/leipziger-land\/wer-wir-sind\/ueber-uns\/\",\"name\":\"\u00dcber uns - Kneipp Leipziger Land\",\"isPartOf\":{\"@id\":\"https:\/\/www.kneipp-sachsen.de\/leipziger-land\/#website\"},\"datePublished\":\"2021-12-08T21:45:05+00:00\",\"dateModified\":\"2022-01-10T13:16:19+00:00\",\"breadcrumb\":{\"@id\":\"https:\/\/www.kneipp-sachsen.de\/leipziger-land\/wer-wir-sind\/ueber-uns\/#breadcrumb\"},\"inLanguage\":\"de\",\"potentialAction\":[{\"@type\":\"ReadAction\",\"target\":[\"https:\/\/www.kneipp-sachsen.de\/leipziger-land\/wer-wir-sind\/ueber-uns\/\"]}]},{\"@type\":\"BreadcrumbList\",\"@id\":\"https:\/\/www.kneipp-sachsen.de\/leipziger-land\/wer-wir-sind\/ueber-uns\/#breadcrumb\",\"itemListElement\":[{\"@type\":\"ListItem\",\"position\":1,\"name\":\"Startseite\",\"item\":\"https:\/\/www.kneipp-sachsen.de\/leipziger-land\/\"},{\"@type\":\"ListItem\",\"position\":2,\"name\":\"Wer wir sind\",\"item\":\"https:\/\/www.kneipp-sachsen.de\/leipziger-land\/wer-wir-sind\/\"},{\"@type\":\"ListItem\",\"position\":3,\"name\":\"\u00dcber uns\"}]},{\"@type\":\"WebSite\",\"@id\":\"https:\/\/www.kneipp-sachsen.de\/leipziger-land\/#website\",\"url\":\"https:\/\/www.kneipp-sachsen.de\/leipziger-land\/\",\"name\":\"Kneipp Leipziger Land\",\"description\":\"Eine weitere WordPress-Website\",\"potentialAction\":[{\"@type\":\"SearchAction\",\"target\":{\"@type\":\"EntryPoint\",\"urlTemplate\":\"https:\/\/www.kneipp-sachsen.de\/leipziger-land\/?s={search_term_string}\"},\"query-input\":{\"@type\":\"PropertyValueSpecification\",\"valueRequired\":true,\"valueName\":\"search_term_string\"}}],\"inLanguage\":\"de\"}]}<\/script>\n<!-- \/ Yoast SEO plugin. -->","yoast_head_json":{"title":"\u00dcber uns - Kneipp Leipziger Land","robots":{"index":"index","follow":"follow","max-snippet":"max-snippet:-1","max-image-preview":"max-image-preview:large","max-video-preview":"max-video-preview:-1"},"canonical":"https:\/\/www.kneipp-sachsen.de\/leipziger-land\/wer-wir-sind\/ueber-uns\/","og_locale":"de_DE","og_type":"article","og_title":"\u00dcber uns - Kneipp Leipziger Land","og_description":"Wer wir sind Der Kneipp-Verein Leipziger Land e.V. hat sich mit der Unterst\u00fctzung des Angelika-Stift Leipzig und dem Kneipp-Bund Landesverband Sachsen e.V. gegr\u00fcndet.In unserem Verein wird das Kneippsche Gesundheitskonzept aktuell besonders bei den Heimbewohnern des Angelika-Stift mit Genuss genutzt. Anwendungen wie der Heusack sind besonders beliebt. Ansonsten bieten wir kalte Knieg\u00fcsse, Wechselknieg\u00fcsse, Armg\u00fcsse, B\u00e4der und [&hellip;]","og_url":"https:\/\/www.kneipp-sachsen.de\/leipziger-land\/wer-wir-sind\/ueber-uns\/","og_site_name":"Kneipp Leipziger Land","article_modified_time":"2022-01-10T13:16:19+00:00","twitter_card":"summary_large_image","schema":{"@context":"https:\/\/schema.org","@graph":[{"@type":"WebPage","@id":"https:\/\/www.kneipp-sachsen.de\/leipziger-land\/wer-wir-sind\/ueber-uns\/","url":"https:\/\/www.kneipp-sachsen.de\/leipziger-land\/wer-wir-sind\/ueber-uns\/","name":"\u00dcber uns - Kneipp Leipziger Land","isPartOf":{"@id":"https:\/\/www.kneipp-sachsen.de\/leipziger-land\/#website"},"datePublished":"2021-12-08T21:45:05+00:00","dateModified":"2022-01-10T13:16:19+00:00","breadcrumb":{"@id":"https:\/\/www.kneipp-sachsen.de\/leipziger-land\/wer-wir-sind\/ueber-uns\/#breadcrumb"},"inLanguage":"de","potentialAction":[{"@type":"ReadAction","target":["https:\/\/www.kneipp-sachsen.de\/leipziger-land\/wer-wir-sind\/ueber-uns\/"]}]},{"@type":"BreadcrumbList","@id":"https:\/\/www.kneipp-sachsen.de\/leipziger-land\/wer-wir-sind\/ueber-uns\/#breadcrumb","itemListElement":[{"@type":"ListItem","position":1,"name":"Startseite","item":"https:\/\/www.kneipp-sachsen.de\/leipziger-land\/"},{"@type":"ListItem","position":2,"name":"Wer wir sind","item":"https:\/\/www.kneipp-sachsen.de\/leipziger-land\/wer-wir-sind\/"},{"@type":"ListItem","position":3,"name":"\u00dcber uns"}]},{"@type":"WebSite","@id":"https:\/\/www.kneipp-sachsen.de\/leipziger-land\/#website","url":"https:\/\/www.kneipp-sachsen.de\/leipziger-land\/","name":"Kneipp Leipziger Land","description":"Eine weitere WordPress-Website","potentialAction":[{"@type":"SearchAction","target":{"@type":"EntryPoint","urlTemplate":"https:\/\/www.kneipp-sachsen.de\/leipziger-land\/?s={search_term_string}"},"query-input":{"@type":"PropertyValueSpecification","valueRequired":true,"valueName":"search_term_string"}}],"inLanguage":"de"}]}},"builder_content":"<h1>Wer wir sind<br\/><\/h1>\nDer Kneipp-Verein Leipziger Land e.V. hat sich mit der Unterst\u00fctzung des Angelika-Stift Leipzig und dem Kneipp-Bund Landesverband Sachsen e.V. gegr\u00fcndet.In unserem Verein wird das Kneippsche Gesundheitskonzept aktuell besonders bei den Heimbewohnern des Angelika-Stift mit Genuss genutzt. <br>Anwendungen wie der Heusack sind besonders beliebt. Ansonsten bieten wir kalte Knieg\u00fcsse, Wechselknieg\u00fcsse, Armg\u00fcsse, B\u00e4der und Waschungen an. Wenn das Wetter es erlaubt, machen wir im Garten Wassertreten, wof\u00fcr extra ein Becken gebaut wurde.<br><br>\n<h2>Kontakt<br\/><\/h2>\n<p><strong>Gesch\u00e4ftsstelle (Kontakt):<\/strong><\/p>\n <header> <p>Vorsitzende: Petra Billwitz<\/p> <p>An der Sch\u00e4ferei 6<br>04565 Regis-Breitingen<br>Telefon (0157) 78786560<br>E-Mail: <a href=\"mailto:leipziger-land@kneipp-sachsen.de\">leipziger-land[at]kneipp-sachsen.de<\/a><br>Internet: <a href=\"http:\/\/leipziger-land.kneipp-sachsen.de\" target=\"_blank\" rel=\"noopener\">leipziger-land.kneipp-sachsen.de<\/a><\/p> <\/header>","_links":{"self":[{"href":"https:\/\/www.kneipp-sachsen.de\/leipziger-land\/wp-json\/wp\/v2\/pages\/56","targetHints":{"allow":["GET"]}}],"collection":[{"href":"https:\/\/www.kneipp-sachsen.de\/leipziger-land\/wp-json\/wp\/v2\/pages"}],"about":[{"href":"https:\/\/www.kneipp-sachsen.de\/leipziger-land\/wp-json\/wp\/v2\/types\/page"}],"author":[{"embeddable":true,"href":"https:\/\/www.kneipp-sachsen.de\/leipziger-land\/wp-json\/wp\/v2\/users\/1"}],"replies":[{"embeddable":true,"href":"https:\/\/www.kneipp-sachsen.de\/leipziger-land\/wp-json\/wp\/v2\/comments?post=56"}],"version-history":[{"count":5,"href":"https:\/\/www.kneipp-sachsen.de\/leipziger-land\/wp-json\/wp\/v2\/pages\/56\/revisions"}],"predecessor-version":[{"id":117,"href":"https:\/\/www.kneipp-sachsen.de\/leipziger-land\/wp-json\/wp\/v2\/pages\/56\/revisions\/117"}],"up":[{"embeddable":true,"href":"https:\/\/www.kneipp-sachsen.de\/leipziger-land\/wp-json\/wp\/v2\/pages\/54"}],"wp:attachment":[{"href":"https:\/\/www.kneipp-sachsen.de\/leipziger-land\/wp-json\/wp\/v2\/media?parent=56"}],"curies":[{"name":"wp","href":"https:\/\/api.w.org\/{rel}","templated":true}]}}