{"id":22,"date":"2023-09-20T17:48:00","date_gmt":"2023-09-20T15:48:00","guid":{"rendered":"https:\/\/www.kneipp-sachsen.de\/leipziger-land\/?page_id=22"},"modified":"2024-06-21T16:02:47","modified_gmt":"2024-06-21T14:02:47","slug":"willkommen-kneipp-radebeul","status":"publish","type":"page","link":"https:\/\/www.kneipp-sachsen.de\/radebeul\/","title":{"rendered":"Willkommen"},"content":{"rendered":"<!--themify_builder_content-->\n<div id=\"themify_builder_content-22\" data-postid=\"22\" class=\"themify_builder_content themify_builder_content-22 themify_builder tf_clear\">\n                    <div  data-lazy=\"1\" class=\"module_row themify_builder_row tb_wstl726 tb_first tf_w\">\n                        <div class=\"row_inner col_align_top tb_col_count_1 tf_box tf_rel\">\n                        <div  data-lazy=\"1\" class=\"module_column tb-column col-full tb_t2du735 first\">\n                            <div  data-lazy=\"1\" class=\"module_subrow themify_builder_sub_row tf_w col_align_top tb_col_count_1 tb_pfxe739\">\n                <div  data-lazy=\"1\" class=\"module_column sub_column col-full tb_fq1i741 first\">\n                    <!-- module fancy heading -->\n<div  class=\"module module-fancy-heading tb_td1c743  tb_hide_divider\" data-lazy=\"1\" id=\"kneippbadschlema1\">\n        <h1 class=\"fancy-heading tf_textc\">\n    <span class=\"main-head tf_block\">\n                    Herzlich willkommen beim Kneipp-Verein Radebeul e.V.            <\/span>\n\n    \n    <span class=\"sub-head tf_block tf_rel\">\n                                <\/span>\n    <\/h1>\n<\/div>\n<!-- \/module fancy heading -->\n        <\/div>\n                    <\/div>\n                <\/div>\n                        <\/div>\n        <\/div>\n                        <div  data-lazy=\"1\" class=\"module_row themify_builder_row tb_4mt6727 tf_w\">\n                        <div class=\"row_inner col_align_top tb_col_count_1 tf_box tf_rel\">\n                        <div  data-lazy=\"1\" class=\"module_column tb-column col-full tb_x1t5757 first\">\n                            <div  data-lazy=\"1\" class=\"module_subrow themify_builder_sub_row tf_w col_align_top tb_col_count_2 tb_xqq1758\">\n                <div  data-lazy=\"1\" class=\"module_column sub_column col4-2 tb_h9yg758 first\">\n                    <!-- module text -->\n<div  class=\"module module-text tb_dzr1767   \" data-lazy=\"1\">\n        <div  class=\"tb_text_wrap\">\n        <h1 style=\"margin: 12.0pt 0cm 12.0pt 0cm;\"><b><img loading=\"lazy\" decoding=\"async\" class=\"alignnone size-medium wp-image-735 tb_selected_img\" src=\"https:\/\/www.kneipp-sachsen.de\/radebeul\/wp-content\/uploads\/2024\/03\/IMG-20240219-WA0055-300x225.jpg\" alt=\"\" width=\"280\" height=\"210\" srcset=\"https:\/\/www.kneipp-sachsen.de\/radebeul\/wp-content\/uploads\/2024\/03\/IMG-20240219-WA0055-300x225.jpg 300w, https:\/\/www.kneipp-sachsen.de\/radebeul\/wp-content\/uploads\/2024\/03\/IMG-20240219-WA0055-1024x768.jpg 1024w, https:\/\/www.kneipp-sachsen.de\/radebeul\/wp-content\/uploads\/2024\/03\/IMG-20240219-WA0055-768x576.jpg 768w, https:\/\/www.kneipp-sachsen.de\/radebeul\/wp-content\/uploads\/2024\/03\/IMG-20240219-WA0055-1536x1152.jpg 1536w, https:\/\/www.kneipp-sachsen.de\/radebeul\/wp-content\/uploads\/2024\/03\/IMG-20240219-WA0055.jpg 1600w\" sizes=\"auto, (max-width: 280px) 100vw, 280px\" \/><\/b><\/h1>    <\/div>\n<\/div>\n<!-- \/module text --><!-- module text -->\n<div  class=\"module module-text tb_6zix326   \" data-lazy=\"1\">\n        <div  class=\"tb_text_wrap\">\n        <h1 style=\"margin: 12pt 0cm;\"><img loading=\"lazy\" decoding=\"async\" class=\"alignnone size-full wp-image-452\" src=\"https:\/\/www.kneipp-sachsen.de\/radebeul\/wp-content\/uploads\/2023\/11\/Wischwi_2x.jpg\" alt=\"\" width=\"283\" height=\"188\"><\/h1>    <\/div>\n<\/div>\n<!-- \/module text --><!-- module text -->\n<div  class=\"module module-text tb_78pt958   \" data-lazy=\"1\">\n        <div  class=\"tb_text_wrap\">\n        <h1 style=\"margin: 12pt 0cm;\"><img loading=\"lazy\" decoding=\"async\" class=\"alignnone size-medium wp-image-623 tb_selected_img\" src=\"https:\/\/www.kneipp-sachsen.de\/radebeul\/wp-content\/uploads\/2023\/11\/Barfuss_3-1-300x278.jpg\" alt=\"\" width=\"286\" height=\"300\"><\/h1>    <\/div>\n<\/div>\n<!-- \/module text -->        <\/div>\n                    <div  data-lazy=\"1\" class=\"module_column sub_column col4-2 tb_0rci869 last\">\n                    <!-- module text -->\n<div  class=\"module module-text tb_0n6k874   \" data-lazy=\"1\">\n        <div  class=\"tb_text_wrap\">\n        <p><span style=\"color: #025296; font-family: Lato, sans-serif; font-size: 17pt; font-weight: bold;\"><img loading=\"lazy\" decoding=\"async\" class=\"alignnone size-medium wp-image-265\" src=\"https:\/\/www.kneipp-sachsen.de\/radebeul\/wp-content\/uploads\/2023\/01\/Kneippsche-Elemente_mit-Schrift-1-300x67.png\" alt=\"\" width=\"300\" height=\"67\" srcset=\"https:\/\/www.kneipp-sachsen.de\/radebeul\/wp-content\/uploads\/2023\/01\/Kneippsche-Elemente_mit-Schrift-1-300x67.png 300w, https:\/\/www.kneipp-sachsen.de\/radebeul\/wp-content\/uploads\/2023\/01\/Kneippsche-Elemente_mit-Schrift-1-1024x228.png 1024w, https:\/\/www.kneipp-sachsen.de\/radebeul\/wp-content\/uploads\/2023\/01\/Kneippsche-Elemente_mit-Schrift-1-768x171.png 768w, https:\/\/www.kneipp-sachsen.de\/radebeul\/wp-content\/uploads\/2023\/01\/Kneippsche-Elemente_mit-Schrift-1-1536x342.png 1536w, https:\/\/www.kneipp-sachsen.de\/radebeul\/wp-content\/uploads\/2023\/01\/Kneippsche-Elemente_mit-Schrift-1-2048x456.png 2048w, https:\/\/www.kneipp-sachsen.de\/radebeul\/wp-content\/uploads\/2023\/01\/Kneippsche-Elemente_mit-Schrift-1-1024x228-1571x350.png 1571w\" sizes=\"auto, (max-width: 300px) 100vw, 300px\" \/><\/span><\/p>\n<p><span style=\"color: #025296; font-family: Lato, sans-serif; font-size: 17pt; font-weight: bold;\">Kneippen Sie mit uns in der L\u00f6\u00dfnitzstadt !<\/span><\/p>\n<p class=\"MsoNormal\" style=\"line-height: normal; background-image: initial; background-position: initial; background-size: initial; background-repeat: initial; background-attachment: initial; background-origin: initial; background-clip: initial;\"><span style=\"color: #025296; font-family: Lato, sans-serif; font-size: 17pt;\">Unser traditionsreicher Kneipp-Verein ist seit Oktober 1990 aktiv und bietet f\u00fcr seine Mitglieder\u00a0 und G\u00e4ste ein vielf\u00e4ltiges Programm.<\/span><\/p>\n<p class=\"MsoNormal\" style=\"line-height: normal; background-image: initial; background-position: initial; background-size: initial; background-repeat: initial; background-attachment: initial; background-origin: initial; background-clip: initial;\"><span style=\"color: #025296; font-family: Lato, sans-serif; font-size: 17pt;\">Wir begr\u00fcssen Sie gern zu unseren Wanderungen, Ausfl\u00fcgen und Vortr\u00e4gen\u00a0 zu gesunder Ern\u00e4hrung und Lebensweise.<\/span><\/p>\n<p class=\"MsoNormal\" style=\"line-height: normal; background-image: initial; background-position: initial; background-size: initial; background-repeat: initial; background-attachment: initial; background-origin: initial; background-clip: initial;\"><span style=\"color: #025296; font-family: Lato, sans-serif; font-size: 17pt;\">Bewegung steht im Vordergrund. Wir laden Sie ein zu Gymnastik, Nordic Walking und weiteren Sportkursen.<\/span><\/p>\n<p class=\"MsoNormal\" style=\"line-height: normal; background-image: initial; background-position: initial; background-size: initial; background-repeat: initial; background-attachment: initial; background-origin: initial; background-clip: initial;\"><span style=\"color: #025296; font-family: Lato, sans-serif; font-size: 17pt;\">Mit Winterschwimmen und\u00a0 Barfusslaufen k\u00f6nnen Sie Ihre Gesundheit st\u00e4rken.\u00a0<\/span><\/p>\n<p class=\"MsoNormal\" style=\"line-height: normal; background-image: initial; background-position: initial; background-size: initial; background-repeat: initial; background-attachment: initial; background-origin: initial; background-clip: initial;\"><span style=\"color: #025296; font-family: Lato, sans-serif; font-size: 17pt;\">Bl\u00e4ttern Sie in unseren Angeboten !<\/span><\/p>\n<p><span style=\"font-size: 17.0pt; line-height: 107%; font-family: 'Lato',sans-serif; mso-fareast-font-family: 'Times New Roman'; mso-bidi-font-family: 'Times New Roman'; color: #025296; mso-font-kerning: 0pt; mso-ligatures: none; mso-ansi-language: DE; mso-fareast-language: DE; mso-bidi-language: AR-SA;\"><!-- [if !supportLineBreakNewLine]--><br><!--[endif]--><\/span><\/p>    <\/div>\n<\/div>\n<!-- \/module text -->        <\/div>\n                    <\/div>\n                <\/div>\n                        <\/div>\n        <\/div>\n                        <div  data-lazy=\"1\" class=\"module_row themify_builder_row tb_i0ur964 tf_w\">\n                        <div class=\"row_inner col_align_top tb_col_count_1 tf_box tf_rel\">\n                        <div  data-lazy=\"1\" class=\"module_column tb-column col-full tb_ymj2965 first\">\n                            <\/div>\n                        <\/div>\n        <\/div>\n        <\/div>\n<!--\/themify_builder_content-->","protected":false},"excerpt":{"rendered":"","protected":false},"author":5,"featured_media":0,"parent":0,"menu_order":1,"comment_status":"closed","ping_status":"closed","template":"","meta":{"footnotes":"","advanced-sidebar-menu\/link-title":"","advanced-sidebar-menu\/exclude-page":false},"class_list":["post-22","page","type-page","status-publish","hentry","has-post-title","has-post-date","has-post-category","has-post-tag","has-post-comment","has-post-author",""],"yoast_head":"<!-- This site is optimized with the Yoast SEO plugin v24.7 - https:\/\/yoast.com\/wordpress\/plugins\/seo\/ -->\n<title>Willkommen - Kneipp Radebeul<\/title>\n<meta name=\"description\" content=\"Willkommen Kneipp Radebeul\" \/>\n<meta name=\"robots\" content=\"index, follow, max-snippet:-1, max-image-preview:large, max-video-preview:-1\" \/>\n<link rel=\"canonical\" href=\"https:\/\/www.kneipp-sachsen.de\/radebeul\/\" \/>\n<meta property=\"og:locale\" content=\"de_DE\" \/>\n<meta property=\"og:type\" content=\"article\" \/>\n<meta property=\"og:title\" content=\"Willkommen - Kneipp Radebeul\" \/>\n<meta property=\"og:description\" content=\"Willkommen Kneipp Radebeul\" \/>\n<meta property=\"og:url\" content=\"https:\/\/www.kneipp-sachsen.de\/radebeul\/\" \/>\n<meta property=\"og:site_name\" content=\"Kneipp Radebeul\" \/>\n<meta property=\"article:modified_time\" content=\"2024-06-21T14:02:47+00:00\" \/>\n<meta property=\"og:image\" content=\"https:\/\/www.kneipp-sachsen.de\/radebeul\/wp-content\/uploads\/2024\/03\/IMG-20240219-WA0055-300x225.jpg\" \/>\n<meta name=\"twitter:card\" content=\"summary_large_image\" \/>\n<meta name=\"twitter:label1\" content=\"Gesch\u00e4tzte Lesezeit\" \/>\n\t<meta name=\"twitter:data1\" content=\"3\u00a0Minuten\" \/>\n<script type=\"application\/ld+json\" class=\"yoast-schema-graph\">{\"@context\":\"https:\/\/schema.org\",\"@graph\":[{\"@type\":\"WebPage\",\"@id\":\"https:\/\/www.kneipp-sachsen.de\/radebeul\/\",\"url\":\"https:\/\/www.kneipp-sachsen.de\/radebeul\/\",\"name\":\"Willkommen - Kneipp Radebeul\",\"isPartOf\":{\"@id\":\"https:\/\/www.kneipp-sachsen.de\/radebeul\/#website\"},\"primaryImageOfPage\":{\"@id\":\"https:\/\/www.kneipp-sachsen.de\/radebeul\/#primaryimage\"},\"image\":{\"@id\":\"https:\/\/www.kneipp-sachsen.de\/radebeul\/#primaryimage\"},\"thumbnailUrl\":\"https:\/\/www.kneipp-sachsen.de\/radebeul\/wp-content\/uploads\/2024\/03\/IMG-20240219-WA0055-300x225.jpg\",\"datePublished\":\"2023-09-20T15:48:00+00:00\",\"dateModified\":\"2024-06-21T14:02:47+00:00\",\"description\":\"Willkommen Kneipp Radebeul\",\"breadcrumb\":{\"@id\":\"https:\/\/www.kneipp-sachsen.de\/radebeul\/#breadcrumb\"},\"inLanguage\":\"de\",\"potentialAction\":[{\"@type\":\"ReadAction\",\"target\":[\"https:\/\/www.kneipp-sachsen.de\/radebeul\/\"]}]},{\"@type\":\"ImageObject\",\"inLanguage\":\"de\",\"@id\":\"https:\/\/www.kneipp-sachsen.de\/radebeul\/#primaryimage\",\"url\":\"https:\/\/www.kneipp-sachsen.de\/radebeul\/wp-content\/uploads\/2024\/03\/IMG-20240219-WA0055.jpg\",\"contentUrl\":\"https:\/\/www.kneipp-sachsen.de\/radebeul\/wp-content\/uploads\/2024\/03\/IMG-20240219-WA0055.jpg\",\"width\":1600,\"height\":1200},{\"@type\":\"BreadcrumbList\",\"@id\":\"https:\/\/www.kneipp-sachsen.de\/radebeul\/#breadcrumb\",\"itemListElement\":[{\"@type\":\"ListItem\",\"position\":1,\"name\":\"Startseite\",\"item\":\"https:\/\/www.kneipp-sachsen.de\/radebeul\/\"},{\"@type\":\"ListItem\",\"position\":2,\"name\":\"Willkommen\"}]},{\"@type\":\"WebSite\",\"@id\":\"https:\/\/www.kneipp-sachsen.de\/radebeul\/#website\",\"url\":\"https:\/\/www.kneipp-sachsen.de\/radebeul\/\",\"name\":\"Kneipp Radebeul\",\"description\":\"Eine weitere WordPress-Website\",\"publisher\":{\"@id\":\"https:\/\/www.kneipp-sachsen.de\/radebeul\/#organization\"},\"potentialAction\":[{\"@type\":\"SearchAction\",\"target\":{\"@type\":\"EntryPoint\",\"urlTemplate\":\"https:\/\/www.kneipp-sachsen.de\/radebeul\/?s={search_term_string}\"},\"query-input\":{\"@type\":\"PropertyValueSpecification\",\"valueRequired\":true,\"valueName\":\"search_term_string\"}}],\"inLanguage\":\"de\"},{\"@type\":\"Organization\",\"@id\":\"https:\/\/www.kneipp-sachsen.de\/radebeul\/#organization\",\"name\":\"Kneipp Radebeul\",\"url\":\"https:\/\/www.kneipp-sachsen.de\/radebeul\/\",\"logo\":{\"@type\":\"ImageObject\",\"inLanguage\":\"de\",\"@id\":\"https:\/\/www.kneipp-sachsen.de\/radebeul\/#\/schema\/logo\/image\/\",\"url\":\"https:\/\/www.kneipp-sachsen.de\/radebeul\/wp-content\/uploads\/2024\/03\/Radebeul.png\",\"contentUrl\":\"https:\/\/www.kneipp-sachsen.de\/radebeul\/wp-content\/uploads\/2024\/03\/Radebeul.png\",\"width\":967,\"height\":758,\"caption\":\"Kneipp Radebeul\"},\"image\":{\"@id\":\"https:\/\/www.kneipp-sachsen.de\/radebeul\/#\/schema\/logo\/image\/\"}}]}<\/script>\n<!-- \/ Yoast SEO plugin. -->","yoast_head_json":{"title":"Willkommen - Kneipp Radebeul","description":"Willkommen Kneipp Radebeul","robots":{"index":"index","follow":"follow","max-snippet":"max-snippet:-1","max-image-preview":"max-image-preview:large","max-video-preview":"max-video-preview:-1"},"canonical":"https:\/\/www.kneipp-sachsen.de\/radebeul\/","og_locale":"de_DE","og_type":"article","og_title":"Willkommen - Kneipp Radebeul","og_description":"Willkommen Kneipp Radebeul","og_url":"https:\/\/www.kneipp-sachsen.de\/radebeul\/","og_site_name":"Kneipp Radebeul","article_modified_time":"2024-06-21T14:02:47+00:00","og_image":[{"url":"https:\/\/www.kneipp-sachsen.de\/radebeul\/wp-content\/uploads\/2024\/03\/IMG-20240219-WA0055-300x225.jpg","type":"","width":"","height":""}],"twitter_card":"summary_large_image","twitter_misc":{"Gesch\u00e4tzte Lesezeit":"3\u00a0Minuten"},"schema":{"@context":"https:\/\/schema.org","@graph":[{"@type":"WebPage","@id":"https:\/\/www.kneipp-sachsen.de\/radebeul\/","url":"https:\/\/www.kneipp-sachsen.de\/radebeul\/","name":"Willkommen - Kneipp Radebeul","isPartOf":{"@id":"https:\/\/www.kneipp-sachsen.de\/radebeul\/#website"},"primaryImageOfPage":{"@id":"https:\/\/www.kneipp-sachsen.de\/radebeul\/#primaryimage"},"image":{"@id":"https:\/\/www.kneipp-sachsen.de\/radebeul\/#primaryimage"},"thumbnailUrl":"https:\/\/www.kneipp-sachsen.de\/radebeul\/wp-content\/uploads\/2024\/03\/IMG-20240219-WA0055-300x225.jpg","datePublished":"2023-09-20T15:48:00+00:00","dateModified":"2024-06-21T14:02:47+00:00","description":"Willkommen Kneipp Radebeul","breadcrumb":{"@id":"https:\/\/www.kneipp-sachsen.de\/radebeul\/#breadcrumb"},"inLanguage":"de","potentialAction":[{"@type":"ReadAction","target":["https:\/\/www.kneipp-sachsen.de\/radebeul\/"]}]},{"@type":"ImageObject","inLanguage":"de","@id":"https:\/\/www.kneipp-sachsen.de\/radebeul\/#primaryimage","url":"https:\/\/www.kneipp-sachsen.de\/radebeul\/wp-content\/uploads\/2024\/03\/IMG-20240219-WA0055.jpg","contentUrl":"https:\/\/www.kneipp-sachsen.de\/radebeul\/wp-content\/uploads\/2024\/03\/IMG-20240219-WA0055.jpg","width":1600,"height":1200},{"@type":"BreadcrumbList","@id":"https:\/\/www.kneipp-sachsen.de\/radebeul\/#breadcrumb","itemListElement":[{"@type":"ListItem","position":1,"name":"Startseite","item":"https:\/\/www.kneipp-sachsen.de\/radebeul\/"},{"@type":"ListItem","position":2,"name":"Willkommen"}]},{"@type":"WebSite","@id":"https:\/\/www.kneipp-sachsen.de\/radebeul\/#website","url":"https:\/\/www.kneipp-sachsen.de\/radebeul\/","name":"Kneipp Radebeul","description":"Eine weitere WordPress-Website","publisher":{"@id":"https:\/\/www.kneipp-sachsen.de\/radebeul\/#organization"},"potentialAction":[{"@type":"SearchAction","target":{"@type":"EntryPoint","urlTemplate":"https:\/\/www.kneipp-sachsen.de\/radebeul\/?s={search_term_string}"},"query-input":{"@type":"PropertyValueSpecification","valueRequired":true,"valueName":"search_term_string"}}],"inLanguage":"de"},{"@type":"Organization","@id":"https:\/\/www.kneipp-sachsen.de\/radebeul\/#organization","name":"Kneipp Radebeul","url":"https:\/\/www.kneipp-sachsen.de\/radebeul\/","logo":{"@type":"ImageObject","inLanguage":"de","@id":"https:\/\/www.kneipp-sachsen.de\/radebeul\/#\/schema\/logo\/image\/","url":"https:\/\/www.kneipp-sachsen.de\/radebeul\/wp-content\/uploads\/2024\/03\/Radebeul.png","contentUrl":"https:\/\/www.kneipp-sachsen.de\/radebeul\/wp-content\/uploads\/2024\/03\/Radebeul.png","width":967,"height":758,"caption":"Kneipp Radebeul"},"image":{"@id":"https:\/\/www.kneipp-sachsen.de\/radebeul\/#\/schema\/logo\/image\/"}}]}},"builder_content":"<h1>Herzlich willkommen beim Kneipp-Verein Radebeul e.V.<br\/><\/h1>\n<h1 style=\"margin: 12.0pt 0cm 12.0pt 0cm;\"><b><img loading=\"lazy\" decoding=\"async\" src=\"https:\/\/www.kneipp-sachsen.de\/radebeul\/wp-content\/uploads\/2024\/03\/IMG-20240219-WA0055-300x225.jpg\" alt=\"\" width=\"280\" height=\"210\" srcset=\"https:\/\/www.kneipp-sachsen.de\/radebeul\/wp-content\/uploads\/2024\/03\/IMG-20240219-WA0055-300x225.jpg 300w, https:\/\/www.kneipp-sachsen.de\/radebeul\/wp-content\/uploads\/2024\/03\/IMG-20240219-WA0055-1024x768.jpg 1024w, https:\/\/www.kneipp-sachsen.de\/radebeul\/wp-content\/uploads\/2024\/03\/IMG-20240219-WA0055-768x576.jpg 768w, https:\/\/www.kneipp-sachsen.de\/radebeul\/wp-content\/uploads\/2024\/03\/IMG-20240219-WA0055-1536x1152.jpg 1536w, https:\/\/www.kneipp-sachsen.de\/radebeul\/wp-content\/uploads\/2024\/03\/IMG-20240219-WA0055.jpg 1600w\" sizes=\"auto, (max-width: 280px) 100vw, 280px\" \/><\/b><\/h1>\n<h1 style=\"margin: 12pt 0cm;\"><img loading=\"lazy\" decoding=\"async\" src=\"https:\/\/www.kneipp-sachsen.de\/radebeul\/wp-content\/uploads\/2023\/11\/Wischwi_2x.jpg\" alt=\"\" width=\"283\" height=\"188\"><\/h1>\n<h1 style=\"margin: 12pt 0cm;\"><img loading=\"lazy\" decoding=\"async\" src=\"https:\/\/www.kneipp-sachsen.de\/radebeul\/wp-content\/uploads\/2023\/11\/Barfuss_3-1-300x278.jpg\" alt=\"\" width=\"286\" height=\"300\"><\/h1>\n<p><img loading=\"lazy\" decoding=\"async\" src=\"https:\/\/www.kneipp-sachsen.de\/radebeul\/wp-content\/uploads\/2023\/01\/Kneippsche-Elemente_mit-Schrift-1-300x67.png\" alt=\"\" width=\"300\" height=\"67\" srcset=\"https:\/\/www.kneipp-sachsen.de\/radebeul\/wp-content\/uploads\/2023\/01\/Kneippsche-Elemente_mit-Schrift-1-300x67.png 300w, https:\/\/www.kneipp-sachsen.de\/radebeul\/wp-content\/uploads\/2023\/01\/Kneippsche-Elemente_mit-Schrift-1-1024x228.png 1024w, https:\/\/www.kneipp-sachsen.de\/radebeul\/wp-content\/uploads\/2023\/01\/Kneippsche-Elemente_mit-Schrift-1-768x171.png 768w, https:\/\/www.kneipp-sachsen.de\/radebeul\/wp-content\/uploads\/2023\/01\/Kneippsche-Elemente_mit-Schrift-1-1536x342.png 1536w, https:\/\/www.kneipp-sachsen.de\/radebeul\/wp-content\/uploads\/2023\/01\/Kneippsche-Elemente_mit-Schrift-1-2048x456.png 2048w, https:\/\/www.kneipp-sachsen.de\/radebeul\/wp-content\/uploads\/2023\/01\/Kneippsche-Elemente_mit-Schrift-1-1024x228-1571x350.png 1571w\" sizes=\"auto, (max-width: 300px) 100vw, 300px\" \/><\/p> <p>Kneippen Sie mit uns in der L\u00f6\u00dfnitzstadt !<\/p> <p style=\"line-height: normal; background-image: initial; background-position: initial; background-size: initial; background-repeat: initial; background-attachment: initial; background-origin: initial; background-clip: initial;\">Unser traditionsreicher Kneipp-Verein ist seit Oktober 1990 aktiv und bietet f\u00fcr seine Mitglieder\u00a0 und G\u00e4ste ein vielf\u00e4ltiges Programm.<\/p> <p style=\"line-height: normal; background-image: initial; background-position: initial; background-size: initial; background-repeat: initial; background-attachment: initial; background-origin: initial; background-clip: initial;\">Wir begr\u00fcssen Sie gern zu unseren Wanderungen, Ausfl\u00fcgen und Vortr\u00e4gen\u00a0 zu gesunder Ern\u00e4hrung und Lebensweise.<\/p> <p style=\"line-height: normal; background-image: initial; background-position: initial; background-size: initial; background-repeat: initial; background-attachment: initial; background-origin: initial; background-clip: initial;\">Bewegung steht im Vordergrund. Wir laden Sie ein zu Gymnastik, Nordic Walking und weiteren Sportkursen.<\/p> <p style=\"line-height: normal; background-image: initial; background-position: initial; background-size: initial; background-repeat: initial; background-attachment: initial; background-origin: initial; background-clip: initial;\">Mit Winterschwimmen und\u00a0 Barfusslaufen k\u00f6nnen Sie Ihre Gesundheit st\u00e4rken.\u00a0<\/p> <p style=\"line-height: normal; background-image: initial; background-position: initial; background-size: initial; background-repeat: initial; background-attachment: initial; background-origin: initial; background-clip: initial;\">Bl\u00e4ttern Sie in unseren Angeboten !<\/p> <p><br><\/p>","_links":{"self":[{"href":"https:\/\/www.kneipp-sachsen.de\/radebeul\/wp-json\/wp\/v2\/pages\/22","targetHints":{"allow":["GET"]}}],"collection":[{"href":"https:\/\/www.kneipp-sachsen.de\/radebeul\/wp-json\/wp\/v2\/pages"}],"about":[{"href":"https:\/\/www.kneipp-sachsen.de\/radebeul\/wp-json\/wp\/v2\/types\/page"}],"author":[{"embeddable":true,"href":"https:\/\/www.kneipp-sachsen.de\/radebeul\/wp-json\/wp\/v2\/users\/5"}],"replies":[{"embeddable":true,"href":"https:\/\/www.kneipp-sachsen.de\/radebeul\/wp-json\/wp\/v2\/comments?post=22"}],"version-history":[{"count":90,"href":"https:\/\/www.kneipp-sachsen.de\/radebeul\/wp-json\/wp\/v2\/pages\/22\/revisions"}],"predecessor-version":[{"id":1081,"href":"https:\/\/www.kneipp-sachsen.de\/radebeul\/wp-json\/wp\/v2\/pages\/22\/revisions\/1081"}],"wp:attachment":[{"href":"https:\/\/www.kneipp-sachsen.de\/radebeul\/wp-json\/wp\/v2\/media?parent=22"}],"curies":[{"name":"wp","href":"https:\/\/api.w.org\/{rel}","templated":true}]}}