{"id":48,"date":"2023-12-20T22:41:00","date_gmt":"2023-12-20T21:41:00","guid":{"rendered":"https:\/\/www.kneipp-sachsen.de\/leipziger-land\/?page_id=48"},"modified":"2024-05-06T18:05:30","modified_gmt":"2024-05-06T16:05:30","slug":"mitglied-werden","status":"publish","type":"page","link":"https:\/\/www.kneipp-sachsen.de\/radebeul\/mitglied-werden\/","title":{"rendered":"Mitglied werden"},"content":{"rendered":"<!--themify_builder_content-->\n<div id=\"themify_builder_content-48\" data-postid=\"48\" class=\"themify_builder_content themify_builder_content-48 themify_builder tf_clear\">\n                    <div  data-lazy=\"1\" class=\"module_row themify_builder_row tb_eog6357 tb_first tf_w\">\n                        <div class=\"row_inner col_align_top tb_col_count_1 tf_box tf_rel\">\n                        <div  data-lazy=\"1\" class=\"module_column tb-column col-full tb_gmil358 first\">\n                            <div  data-lazy=\"1\" class=\"module_subrow themify_builder_sub_row tf_w col_align_top tb_col_count_1 tb_l95y358\">\n                <div  data-lazy=\"1\" class=\"module_column sub_column col-full tb_h0ki359 first\">\n                    <!-- module fancy heading -->\n<div  class=\"module module-fancy-heading tb_dyix359 \" data-lazy=\"1\">\n        <h1 class=\"fancy-heading\">\n    <span class=\"main-head tf_block\">\n                    Werden Sie Mitglied in einem \u00f6rtlichen Kneipp-Verein!            <\/span>\n\n    \n    <span class=\"sub-head tf_block tf_rel\">\n                                <\/span>\n    <\/h1>\n<\/div>\n<!-- \/module fancy heading -->\n<!-- module text -->\n<div  class=\"module module-text tb_8b3v877   \" data-lazy=\"1\">\n        <div  class=\"tb_text_wrap\">\n        <h3>Bleiben Sie aktiv &amp; gesund:<\/h3>\n<div>Kontakt: Manuela Hamann\u00a0 0351\/8010455<\/div>\n<div><span style=\"font-size: 1em;\">Telefon Vereinshaus:\u00a0 Di 17-19 Uhr; Do 9 &#8211; 11 Uhr\u00a0 \u00a00351\/41890799<\/span><\/div>\n<div>E-Mail: radebeul@kneipp-sachsen.de<\/div>\n<div>Konto: IBAN DE43 8505 5000 3011 0399 40\u00a0 BIC SOLADES1MEI<\/div>\n<div>\u00a0<\/div>\n<div>Beitrag: Einzelperson\/ Familie\u00a0 5,00 \/ 8,50 Euro pro Monat f\u00fcr Mitglieder<\/div>\n<div>G\u00e4stebeitrag: 4,00 Euro zus\u00e4tzlich pro Veranstaltung f\u00fcr Nichtmitglieder<\/div>\n<div>\u00a0<\/div>\n<h3>Ihre Mitgliedervorteile:<\/h3>\n<ul>\n<li>Sie erhalten die beliebte Mitgliederzeitschrift &#8222;Kneipp-Journal&#8220; frei Haus.<\/li>\n<li>Sie erhalten Verg\u00fcnstigungen bei Aus-, Fort- und Weiterbildungskursen der Sebastian-Kneipp-Akademie (SKA) und\u00a0 verbringen Ihren Urlaub zu erm\u00e4\u00dfigter Kurtaxe in den Kneipp-Kurorten Bad W\u00f6rishofen und Bad Lauterberg<\/li>\n<li>Sie nutzen die vielf\u00e4ltigen gesundheitsorientierten Bewegungs- und Entspannungsangebote zum Mitgliederpreis.<\/li>\n<li>Sie lernen Kneipp-Anwendungen, Heilpflanzen und ihre positiven Wirkungen kennen.<\/li>\n<li>Sie erhalten viele Tipps rund um die f\u00fcnf Elemente Bewegung, Ern\u00e4hrung, Lebensordnung, Wasser und Heilpflanzen.<\/li>\n<li>Sie werden Teil der Kneipp-Bewegung und finden Kontakt zu gleichgesinnten, gesundheitsbewussten Menschen aller Altersgruppen in den Vereinen, bei Reisen, Ausfl\u00fcgen und Wanderungen.<\/li>\n<li>Sie erleben geselliges Miteinander bei verschiedenen Anl\u00e4ssen.<\/li>\n<\/ul>\n<h3>Nehmen Sie einfach Kontakt\u00a0zu uns auf, wir freuen uns auf Sie!<\/h3>    <\/div>\n<\/div>\n<!-- \/module text -->        <\/div>\n                    <\/div>\n                <\/div>\n                        <\/div>\n        <\/div>\n                        <div  data-lazy=\"1\" class=\"module_row themify_builder_row tb_3142830 tf_w\">\n                        <div class=\"row_inner col_align_top tb_col_count_1 tf_box tf_rel\">\n                        <div  data-lazy=\"1\" class=\"module_column tb-column col-full tb_79wo830 first\">\n                    <!-- module text -->\n<div  class=\"module module-text tb_6civ510   \" data-lazy=\"1\">\n        <div  class=\"tb_text_wrap\">\n        <p><a href=\"https:\/\/www.kneipp-sachsen.de\/radebeul\/wp-content\/uploads\/2024\/05\/MG-Aufnahmeantrag.pdf\">MG-Aufnahmeantrag<\/a><\/p>\n<p><a href=\"https:\/\/www.kneipp-sachsen.de\/radebeul\/wp-content\/uploads\/2024\/05\/MG-SEPA_Lastschriftmandat.pdf\">MG-SEPA_Lastschriftmandat<\/a><\/p>\n<p>\u00a0<\/p>    <\/div>\n<\/div>\n<!-- \/module text -->        <\/div>\n                        <\/div>\n        <\/div>\n        <\/div>\n<!--\/themify_builder_content-->","protected":false},"excerpt":{"rendered":"<p>Bleiben Sie aktiv &amp; gesund: Kontakt: Manuela Hamann\u00a0 0351\/8010455 Telefon Vereinshaus:\u00a0 Di 17-19 Uhr; Do 9 &#8211; 11 Uhr\u00a0 \u00a00351\/41890799 E-Mail: radebeul@kneipp-sachsen.de Konto: IBAN DE43 8505 5000 3011 0399 40\u00a0 BIC SOLADES1MEI \u00a0 Beitrag: Einzelperson\/ Familie\u00a0 5,00 \/ 8,50 Euro pro Monat f\u00fcr Mitglieder G\u00e4stebeitrag: 4,00 Euro zus\u00e4tzlich pro Veranstaltung f\u00fcr Nichtmitglieder \u00a0 Ihre Mitgliedervorteile: [&hellip;]<\/p>\n","protected":false},"author":5,"featured_media":0,"parent":0,"menu_order":6,"comment_status":"closed","ping_status":"closed","template":"","meta":{"footnotes":"","advanced-sidebar-menu\/link-title":"","advanced-sidebar-menu\/exclude-page":false},"class_list":["post-48","page","type-page","status-publish","hentry","has-post-title","has-post-date","has-post-category","has-post-tag","has-post-comment","has-post-author",""],"yoast_head":"<!-- This site is optimized with the Yoast SEO plugin v24.7 - https:\/\/yoast.com\/wordpress\/plugins\/seo\/ -->\n<title>Mitglied werden - Kneipp Radebeul<\/title>\n<meta name=\"robots\" content=\"index, follow, max-snippet:-1, max-image-preview:large, max-video-preview:-1\" \/>\n<link rel=\"canonical\" href=\"https:\/\/www.kneipp-sachsen.de\/radebeul\/mitglied-werden\/\" \/>\n<meta property=\"og:locale\" content=\"de_DE\" \/>\n<meta property=\"og:type\" content=\"article\" \/>\n<meta property=\"og:title\" content=\"Mitglied werden - Kneipp Radebeul\" \/>\n<meta property=\"og:description\" content=\"Bleiben Sie aktiv &amp; gesund: Kontakt: Manuela Hamann\u00a0 0351\/8010455 Telefon Vereinshaus:\u00a0 Di 17-19 Uhr; Do 9 - 11 Uhr\u00a0 \u00a00351\/41890799 E-Mail: radebeul@kneipp-sachsen.de Konto: IBAN DE43 8505 5000 3011 0399 40\u00a0 BIC SOLADES1MEI \u00a0 Beitrag: Einzelperson\/ Familie\u00a0 5,00 \/ 8,50 Euro pro Monat f\u00fcr Mitglieder G\u00e4stebeitrag: 4,00 Euro zus\u00e4tzlich pro Veranstaltung f\u00fcr Nichtmitglieder \u00a0 Ihre Mitgliedervorteile: [&hellip;]\" \/>\n<meta property=\"og:url\" content=\"https:\/\/www.kneipp-sachsen.de\/radebeul\/mitglied-werden\/\" \/>\n<meta property=\"og:site_name\" content=\"Kneipp Radebeul\" \/>\n<meta property=\"article:modified_time\" content=\"2024-05-06T16:05:30+00:00\" \/>\n<meta name=\"twitter:card\" content=\"summary_large_image\" \/>\n<script type=\"application\/ld+json\" class=\"yoast-schema-graph\">{\"@context\":\"https:\/\/schema.org\",\"@graph\":[{\"@type\":\"WebPage\",\"@id\":\"https:\/\/www.kneipp-sachsen.de\/radebeul\/mitglied-werden\/\",\"url\":\"https:\/\/www.kneipp-sachsen.de\/radebeul\/mitglied-werden\/\",\"name\":\"Mitglied werden - Kneipp Radebeul\",\"isPartOf\":{\"@id\":\"https:\/\/www.kneipp-sachsen.de\/radebeul\/#website\"},\"datePublished\":\"2023-12-20T21:41:00+00:00\",\"dateModified\":\"2024-05-06T16:05:30+00:00\",\"breadcrumb\":{\"@id\":\"https:\/\/www.kneipp-sachsen.de\/radebeul\/mitglied-werden\/#breadcrumb\"},\"inLanguage\":\"de\",\"potentialAction\":[{\"@type\":\"ReadAction\",\"target\":[\"https:\/\/www.kneipp-sachsen.de\/radebeul\/mitglied-werden\/\"]}]},{\"@type\":\"BreadcrumbList\",\"@id\":\"https:\/\/www.kneipp-sachsen.de\/radebeul\/mitglied-werden\/#breadcrumb\",\"itemListElement\":[{\"@type\":\"ListItem\",\"position\":1,\"name\":\"Startseite\",\"item\":\"https:\/\/www.kneipp-sachsen.de\/radebeul\/\"},{\"@type\":\"ListItem\",\"position\":2,\"name\":\"Mitglied werden\"}]},{\"@type\":\"WebSite\",\"@id\":\"https:\/\/www.kneipp-sachsen.de\/radebeul\/#website\",\"url\":\"https:\/\/www.kneipp-sachsen.de\/radebeul\/\",\"name\":\"Kneipp Radebeul\",\"description\":\"Eine weitere WordPress-Website\",\"publisher\":{\"@id\":\"https:\/\/www.kneipp-sachsen.de\/radebeul\/#organization\"},\"potentialAction\":[{\"@type\":\"SearchAction\",\"target\":{\"@type\":\"EntryPoint\",\"urlTemplate\":\"https:\/\/www.kneipp-sachsen.de\/radebeul\/?s={search_term_string}\"},\"query-input\":{\"@type\":\"PropertyValueSpecification\",\"valueRequired\":true,\"valueName\":\"search_term_string\"}}],\"inLanguage\":\"de\"},{\"@type\":\"Organization\",\"@id\":\"https:\/\/www.kneipp-sachsen.de\/radebeul\/#organization\",\"name\":\"Kneipp Radebeul\",\"url\":\"https:\/\/www.kneipp-sachsen.de\/radebeul\/\",\"logo\":{\"@type\":\"ImageObject\",\"inLanguage\":\"de\",\"@id\":\"https:\/\/www.kneipp-sachsen.de\/radebeul\/#\/schema\/logo\/image\/\",\"url\":\"https:\/\/www.kneipp-sachsen.de\/radebeul\/wp-content\/uploads\/2024\/03\/Radebeul.png\",\"contentUrl\":\"https:\/\/www.kneipp-sachsen.de\/radebeul\/wp-content\/uploads\/2024\/03\/Radebeul.png\",\"width\":967,\"height\":758,\"caption\":\"Kneipp Radebeul\"},\"image\":{\"@id\":\"https:\/\/www.kneipp-sachsen.de\/radebeul\/#\/schema\/logo\/image\/\"}}]}<\/script>\n<!-- \/ Yoast SEO plugin. -->","yoast_head_json":{"title":"Mitglied werden - Kneipp Radebeul","robots":{"index":"index","follow":"follow","max-snippet":"max-snippet:-1","max-image-preview":"max-image-preview:large","max-video-preview":"max-video-preview:-1"},"canonical":"https:\/\/www.kneipp-sachsen.de\/radebeul\/mitglied-werden\/","og_locale":"de_DE","og_type":"article","og_title":"Mitglied werden - Kneipp Radebeul","og_description":"Bleiben Sie aktiv &amp; gesund: Kontakt: Manuela Hamann\u00a0 0351\/8010455 Telefon Vereinshaus:\u00a0 Di 17-19 Uhr; Do 9 - 11 Uhr\u00a0 \u00a00351\/41890799 E-Mail: radebeul@kneipp-sachsen.de Konto: IBAN DE43 8505 5000 3011 0399 40\u00a0 BIC SOLADES1MEI \u00a0 Beitrag: Einzelperson\/ Familie\u00a0 5,00 \/ 8,50 Euro pro Monat f\u00fcr Mitglieder G\u00e4stebeitrag: 4,00 Euro zus\u00e4tzlich pro Veranstaltung f\u00fcr Nichtmitglieder \u00a0 Ihre Mitgliedervorteile: [&hellip;]","og_url":"https:\/\/www.kneipp-sachsen.de\/radebeul\/mitglied-werden\/","og_site_name":"Kneipp Radebeul","article_modified_time":"2024-05-06T16:05:30+00:00","twitter_card":"summary_large_image","schema":{"@context":"https:\/\/schema.org","@graph":[{"@type":"WebPage","@id":"https:\/\/www.kneipp-sachsen.de\/radebeul\/mitglied-werden\/","url":"https:\/\/www.kneipp-sachsen.de\/radebeul\/mitglied-werden\/","name":"Mitglied werden - Kneipp Radebeul","isPartOf":{"@id":"https:\/\/www.kneipp-sachsen.de\/radebeul\/#website"},"datePublished":"2023-12-20T21:41:00+00:00","dateModified":"2024-05-06T16:05:30+00:00","breadcrumb":{"@id":"https:\/\/www.kneipp-sachsen.de\/radebeul\/mitglied-werden\/#breadcrumb"},"inLanguage":"de","potentialAction":[{"@type":"ReadAction","target":["https:\/\/www.kneipp-sachsen.de\/radebeul\/mitglied-werden\/"]}]},{"@type":"BreadcrumbList","@id":"https:\/\/www.kneipp-sachsen.de\/radebeul\/mitglied-werden\/#breadcrumb","itemListElement":[{"@type":"ListItem","position":1,"name":"Startseite","item":"https:\/\/www.kneipp-sachsen.de\/radebeul\/"},{"@type":"ListItem","position":2,"name":"Mitglied werden"}]},{"@type":"WebSite","@id":"https:\/\/www.kneipp-sachsen.de\/radebeul\/#website","url":"https:\/\/www.kneipp-sachsen.de\/radebeul\/","name":"Kneipp Radebeul","description":"Eine weitere WordPress-Website","publisher":{"@id":"https:\/\/www.kneipp-sachsen.de\/radebeul\/#organization"},"potentialAction":[{"@type":"SearchAction","target":{"@type":"EntryPoint","urlTemplate":"https:\/\/www.kneipp-sachsen.de\/radebeul\/?s={search_term_string}"},"query-input":{"@type":"PropertyValueSpecification","valueRequired":true,"valueName":"search_term_string"}}],"inLanguage":"de"},{"@type":"Organization","@id":"https:\/\/www.kneipp-sachsen.de\/radebeul\/#organization","name":"Kneipp Radebeul","url":"https:\/\/www.kneipp-sachsen.de\/radebeul\/","logo":{"@type":"ImageObject","inLanguage":"de","@id":"https:\/\/www.kneipp-sachsen.de\/radebeul\/#\/schema\/logo\/image\/","url":"https:\/\/www.kneipp-sachsen.de\/radebeul\/wp-content\/uploads\/2024\/03\/Radebeul.png","contentUrl":"https:\/\/www.kneipp-sachsen.de\/radebeul\/wp-content\/uploads\/2024\/03\/Radebeul.png","width":967,"height":758,"caption":"Kneipp Radebeul"},"image":{"@id":"https:\/\/www.kneipp-sachsen.de\/radebeul\/#\/schema\/logo\/image\/"}}]}},"builder_content":"<h1>Werden Sie Mitglied in einem \u00f6rtlichen Kneipp-Verein!<br\/><\/h1>\n<h3>Bleiben Sie aktiv &amp; gesund:<\/h3> Kontakt: Manuela Hamann\u00a0 0351\/8010455 Telefon Vereinshaus:\u00a0 Di 17-19 Uhr; Do 9 - 11 Uhr\u00a0 \u00a00351\/41890799 E-Mail: radebeul@kneipp-sachsen.de Konto: IBAN DE43 8505 5000 3011 0399 40\u00a0 BIC SOLADES1MEI \u00a0 Beitrag: Einzelperson\/ Familie\u00a0 5,00 \/ 8,50 Euro pro Monat f\u00fcr Mitglieder G\u00e4stebeitrag: 4,00 Euro zus\u00e4tzlich pro Veranstaltung f\u00fcr Nichtmitglieder \u00a0 <h3>Ihre Mitgliedervorteile:<\/h3> <ul> <li>Sie erhalten die beliebte Mitgliederzeitschrift \"Kneipp-Journal\" frei Haus.<\/li> <li>Sie erhalten Verg\u00fcnstigungen bei Aus-, Fort- und Weiterbildungskursen der Sebastian-Kneipp-Akademie (SKA) und\u00a0 verbringen Ihren Urlaub zu erm\u00e4\u00dfigter Kurtaxe in den Kneipp-Kurorten Bad W\u00f6rishofen und Bad Lauterberg<\/li> <li>Sie nutzen die vielf\u00e4ltigen gesundheitsorientierten Bewegungs- und Entspannungsangebote zum Mitgliederpreis.<\/li> <li>Sie lernen Kneipp-Anwendungen, Heilpflanzen und ihre positiven Wirkungen kennen.<\/li> <li>Sie erhalten viele Tipps rund um die f\u00fcnf Elemente Bewegung, Ern\u00e4hrung, Lebensordnung, Wasser und Heilpflanzen.<\/li> <li>Sie werden Teil der Kneipp-Bewegung und finden Kontakt zu gleichgesinnten, gesundheitsbewussten Menschen aller Altersgruppen in den Vereinen, bei Reisen, Ausfl\u00fcgen und Wanderungen.<\/li> <li>Sie erleben geselliges Miteinander bei verschiedenen Anl\u00e4ssen.<\/li> <\/ul> <h3>Nehmen Sie einfach Kontakt\u00a0zu uns auf, wir freuen uns auf Sie!<\/h3>\n<p><a href=\"https:\/\/www.kneipp-sachsen.de\/radebeul\/wp-content\/uploads\/2024\/05\/MG-Aufnahmeantrag.pdf\">MG-Aufnahmeantrag<\/a><\/p> <p><a href=\"https:\/\/www.kneipp-sachsen.de\/radebeul\/wp-content\/uploads\/2024\/05\/MG-SEPA_Lastschriftmandat.pdf\">MG-SEPA_Lastschriftmandat<\/a><\/p> <p>\u00a0<\/p>","_links":{"self":[{"href":"https:\/\/www.kneipp-sachsen.de\/radebeul\/wp-json\/wp\/v2\/pages\/48","targetHints":{"allow":["GET"]}}],"collection":[{"href":"https:\/\/www.kneipp-sachsen.de\/radebeul\/wp-json\/wp\/v2\/pages"}],"about":[{"href":"https:\/\/www.kneipp-sachsen.de\/radebeul\/wp-json\/wp\/v2\/types\/page"}],"author":[{"embeddable":true,"href":"https:\/\/www.kneipp-sachsen.de\/radebeul\/wp-json\/wp\/v2\/users\/5"}],"replies":[{"embeddable":true,"href":"https:\/\/www.kneipp-sachsen.de\/radebeul\/wp-json\/wp\/v2\/comments?post=48"}],"version-history":[{"count":9,"href":"https:\/\/www.kneipp-sachsen.de\/radebeul\/wp-json\/wp\/v2\/pages\/48\/revisions"}],"predecessor-version":[{"id":918,"href":"https:\/\/www.kneipp-sachsen.de\/radebeul\/wp-json\/wp\/v2\/pages\/48\/revisions\/918"}],"wp:attachment":[{"href":"https:\/\/www.kneipp-sachsen.de\/radebeul\/wp-json\/wp\/v2\/media?parent=48"}],"curies":[{"name":"wp","href":"https:\/\/api.w.org\/{rel}","templated":true}]}}