{"id":691,"date":"2024-02-27T18:55:13","date_gmt":"2024-02-27T17:55:13","guid":{"rendered":"https:\/\/www.kneipp-sachsen.de\/radebeul\/winterschwimmen-copy\/"},"modified":"2024-03-08T12:22:59","modified_gmt":"2024-03-08T11:22:59","slug":"barfusspfad-kneipp-radebeul","status":"publish","type":"page","link":"https:\/\/www.kneipp-sachsen.de\/radebeul\/barfusspfad-kneipp-radebeul\/","title":{"rendered":"Barfusspfad"},"content":{"rendered":"<!--themify_builder_content-->\n<div id=\"themify_builder_content-691\" data-postid=\"691\" class=\"themify_builder_content themify_builder_content-691 themify_builder tf_clear\">\n                    <div  data-lazy=\"1\" class=\"module_row themify_builder_row tb_vml5479 tb_first tf_w\">\n                        <div class=\"row_inner col_align_top tb_col_count_1 tf_box tf_rel\">\n                        <div  data-lazy=\"1\" class=\"module_column tb-column col-full tb_b6y7000 first\">\n                    <!-- module fancy heading -->\n<div  class=\"module module-fancy-heading tb_2cyn071 \" data-lazy=\"1\">\n        <h2 class=\"fancy-heading tf_textc\">\n    <span class=\"main-head tf_block\">\n                    Der Barfusspfad im Vereinsgel\u00e4nde            <\/span>\n\n    \n    <span class=\"sub-head tf_block tf_rel\">\n                                <\/span>\n    <\/h2>\n<\/div>\n<!-- \/module fancy heading -->\n        <div  data-lazy=\"1\" class=\"module_subrow themify_builder_sub_row tf_w col_align_top tb_col_count_1 tb_7h2k707\">\n                <div  data-lazy=\"1\" class=\"module_column sub_column tb_lppb645 first\">\n                            <\/div>\n                    <\/div>\n                <\/div>\n                        <\/div>\n        <\/div>\n                        <div  data-lazy=\"1\" class=\"module_row themify_builder_row tb_6gjo507 tf_w\">\n                        <div class=\"row_inner col_align_top tb_col_count_3 tf_box tf_rel\">\n                        <div  data-lazy=\"1\" class=\"module_column tb-column col3-1 tb_8fmg400 first\">\n                    <!-- module plain text -->\n<div  class=\"module module-plain-text tb_0nux005 \" data-lazy=\"1\">\n        <div class=\"tb_text_wrap\">\n    <div><br><\/div><div>Unser Barfusspfad ist im Oktober 2018 eingeweiht worden.<\/div><div><br><\/div><div>Verschiedene Naturmaterialien wie Kieselsteine, Kastanien und Tannenzapfen bilden einen unebenen Untergrund.&nbsp;<\/div><div><br><\/div><div>Die F\u00fcsse werden beim Laufen wie bei einer Reflexzonenmassage aktiviert.<\/div><div><br><\/div><div>So werden F\u00fcsse und Beine besser durchblutet und gest\u00e4rkt.<\/div><div><br><\/div><div>F\u00fcr Erwachsene und Kinder ein gutes&nbsp; Training f\u00fcr die Fussmuskulatur.<\/div><div><br><\/div><div>Geniessen Sie die Wohltat f\u00fcr Ihre F\u00fcsse !<\/div><div><br><\/div>    <\/div>\n<\/div>\n<!-- \/module plain text -->        <\/div>\n                    <div  data-lazy=\"1\" class=\"module_column tb-column col3-1 tb_9xov030\">\n                            <\/div>\n                    <div  data-lazy=\"1\" class=\"module_column tb-column col3-1 tb_nnwa700 last\">\n                    <!-- module image -->\n<div  class=\"module module-image tb_f239047 image-right   tf_mw\" data-lazy=\"1\">\n        <div class=\"image-wrap tf_rel tf_mw\">\n            <a href=\"https:\/\/www.kneipp2021.de\/\">\n                   <img loading=\"lazy\" decoding=\"async\" src=\"https:\/\/www.kneipp-sachsen.de\/radebeul\/wp-content\/uploads\/2023\/11\/Barfuss_3-1-160x239.jpg\" width=\"160\" height=\"239\" class=\"wp-post-image wp-image-623\" title=\"Barfuss_3\" alt=\"Barfuss_3\">        <\/a>\n    \n        <\/div>\n    <!-- \/image-wrap -->\n    \n        <\/div>\n<!-- \/module image --><!-- module image -->\n<div  class=\"module module-image tb_dce6143 image-right   tf_mw\" data-lazy=\"1\">\n        <div class=\"image-wrap tf_rel tf_mw\">\n            <a href=\"https:\/\/www.kneipp2021.de\/\">\n                   <img loading=\"lazy\" decoding=\"async\" src=\"https:\/\/www.kneipp-sachsen.de\/radebeul\/wp-content\/uploads\/2023\/11\/Barfuss_2-1-160x239.jpg\" width=\"160\" height=\"239\" class=\"wp-post-image wp-image-622\" title=\"Barfuss_2\" alt=\"Barfuss_2\">        <\/a>\n    \n        <\/div>\n    <!-- \/image-wrap -->\n    \n        <\/div>\n<!-- \/module image -->        <\/div>\n                        <\/div>\n        <\/div>\n                        <div  data-lazy=\"1\" class=\"module_row themify_builder_row tb_k8oq440 tf_w\">\n                        <div class=\"row_inner col_align_top tb_col_count_1 tf_box tf_rel\">\n                        <div  data-lazy=\"1\" class=\"module_column tb-column col-full tb_d2ud545 first\">\n                    <!-- module image -->\n<div  class=\"module module-image tb_expt300 image-top   tf_mw\" data-lazy=\"1\">\n        <div class=\"image-wrap tf_rel tf_mw\">\n            <img loading=\"lazy\" decoding=\"async\" src=\"https:\/\/www.kneipp-sachsen.de\/radebeul\/wp-content\/uploads\/2023\/11\/Barfuss_4-1-281x348.jpg\" width=\"281\" height=\"348\" class=\"wp-post-image wp-image-624\" title=\"Barfuss_4\" alt=\"Barfuss_4\" srcset=\"https:\/\/www.kneipp-sachsen.de\/radebeul\/wp-content\/uploads\/2023\/11\/Barfuss_4-1-281x348.jpg 281w, https:\/\/www.kneipp-sachsen.de\/radebeul\/wp-content\/uploads\/2023\/11\/Barfuss_4-1-492x611.jpg 492w\" sizes=\"auto, (max-width: 281px) 100vw, 281px\" \/>    \n        <\/div>\n    <!-- \/image-wrap -->\n    \n        <\/div>\n<!-- \/module image -->        <\/div>\n                        <\/div>\n        <\/div>\n                        <div  data-lazy=\"1\" class=\"module_row themify_builder_row tb_qoe1555 tf_w\">\n                        <div class=\"row_inner col_align_top tb_col_count_1 tf_box tf_rel\">\n                        <div  data-lazy=\"1\" class=\"module_column tb-column col-full tb_agmv070 first\">\n                    <!-- module image -->\n<div  class=\"module module-image tb_ajoa855 image-top   tf_mw\" data-lazy=\"1\">\n        <div class=\"image-wrap tf_rel tf_mw\">\n            <img loading=\"lazy\" decoding=\"async\" width=\"691\" height=\"609\" src=\"https:\/\/www.kneipp-sachsen.de\/radebeul\/wp-content\/uploads\/2023\/11\/Barfuss_5-1.jpg\" class=\"wp-post-image wp-image-625\" title=\"Barfuss_5\" alt=\"Barfuss_5\" srcset=\"https:\/\/www.kneipp-sachsen.de\/radebeul\/wp-content\/uploads\/2023\/11\/Barfuss_5-1.jpg 691w, https:\/\/www.kneipp-sachsen.de\/radebeul\/wp-content\/uploads\/2023\/11\/Barfuss_5-1-300x264.jpg 300w\" sizes=\"auto, (max-width: 691px) 100vw, 691px\" \/>    \n        <\/div>\n    <!-- \/image-wrap -->\n    \n        <\/div>\n<!-- \/module image -->        <\/div>\n                        <\/div>\n        <\/div>\n                        <div  data-lazy=\"1\" class=\"module_row themify_builder_row tb_zi8i444 tf_w\">\n                        <div class=\"row_inner col_align_top tb_col_count_1 tf_box tf_rel\">\n                        <div  data-lazy=\"1\" class=\"module_column tb-column col-full tb_f3o8050 first\">\n                            <\/div>\n                        <\/div>\n        <\/div>\n        <\/div>\n<!--\/themify_builder_content-->","protected":false},"excerpt":{"rendered":"","protected":false},"author":5,"featured_media":0,"parent":0,"menu_order":8,"comment_status":"closed","ping_status":"closed","template":"","meta":{"footnotes":"","advanced-sidebar-menu\/link-title":"","advanced-sidebar-menu\/exclude-page":false},"class_list":["post-691","page","type-page","status-publish","hentry","has-post-title","has-post-date","has-post-category","has-post-tag","has-post-comment","has-post-author",""],"yoast_head":"<!-- This site is optimized with the Yoast SEO plugin v24.7 - https:\/\/yoast.com\/wordpress\/plugins\/seo\/ -->\n<title>Barfusspfad - Kneipp Radebeul<\/title>\n<meta name=\"description\" content=\"barfusspfad-kneipp-radebeul\" \/>\n<meta name=\"robots\" content=\"index, follow, max-snippet:-1, max-image-preview:large, max-video-preview:-1\" \/>\n<link rel=\"canonical\" href=\"https:\/\/www.kneipp-sachsen.de\/radebeul\/barfusspfad-kneipp-radebeul\/\" \/>\n<meta property=\"og:locale\" content=\"de_DE\" \/>\n<meta property=\"og:type\" content=\"article\" \/>\n<meta property=\"og:title\" content=\"Barfusspfad - Kneipp Radebeul\" \/>\n<meta property=\"og:description\" content=\"barfusspfad-kneipp-radebeul\" \/>\n<meta property=\"og:url\" content=\"https:\/\/www.kneipp-sachsen.de\/radebeul\/barfusspfad-kneipp-radebeul\/\" \/>\n<meta property=\"og:site_name\" content=\"Kneipp Radebeul\" \/>\n<meta property=\"article:modified_time\" content=\"2024-03-08T11:22:59+00:00\" \/>\n<meta property=\"og:image\" content=\"https:\/\/www.kneipp-sachsen.de\/radebeul\/wp-content\/uploads\/2023\/11\/Barfuss_3-1-160x239.jpg\" \/>\n<meta name=\"twitter:card\" content=\"summary_large_image\" \/>\n<meta name=\"twitter:label1\" content=\"Gesch\u00e4tzte Lesezeit\" \/>\n\t<meta name=\"twitter:data1\" content=\"3\u00a0Minuten\" \/>\n<script type=\"application\/ld+json\" class=\"yoast-schema-graph\">{\"@context\":\"https:\/\/schema.org\",\"@graph\":[{\"@type\":\"WebPage\",\"@id\":\"https:\/\/www.kneipp-sachsen.de\/radebeul\/barfusspfad-kneipp-radebeul\/\",\"url\":\"https:\/\/www.kneipp-sachsen.de\/radebeul\/barfusspfad-kneipp-radebeul\/\",\"name\":\"Barfusspfad - Kneipp Radebeul\",\"isPartOf\":{\"@id\":\"https:\/\/www.kneipp-sachsen.de\/radebeul\/#website\"},\"primaryImageOfPage\":{\"@id\":\"https:\/\/www.kneipp-sachsen.de\/radebeul\/barfusspfad-kneipp-radebeul\/#primaryimage\"},\"image\":{\"@id\":\"https:\/\/www.kneipp-sachsen.de\/radebeul\/barfusspfad-kneipp-radebeul\/#primaryimage\"},\"thumbnailUrl\":\"https:\/\/www.kneipp-sachsen.de\/radebeul\/wp-content\/uploads\/2023\/11\/Barfuss_3-1-160x239.jpg\",\"datePublished\":\"2024-02-27T17:55:13+00:00\",\"dateModified\":\"2024-03-08T11:22:59+00:00\",\"description\":\"barfusspfad-kneipp-radebeul\",\"breadcrumb\":{\"@id\":\"https:\/\/www.kneipp-sachsen.de\/radebeul\/barfusspfad-kneipp-radebeul\/#breadcrumb\"},\"inLanguage\":\"de\",\"potentialAction\":[{\"@type\":\"ReadAction\",\"target\":[\"https:\/\/www.kneipp-sachsen.de\/radebeul\/barfusspfad-kneipp-radebeul\/\"]}]},{\"@type\":\"ImageObject\",\"inLanguage\":\"de\",\"@id\":\"https:\/\/www.kneipp-sachsen.de\/radebeul\/barfusspfad-kneipp-radebeul\/#primaryimage\",\"url\":\"https:\/\/www.kneipp-sachsen.de\/radebeul\/wp-content\/uploads\/2023\/11\/Barfuss_3-1.jpg\",\"contentUrl\":\"https:\/\/www.kneipp-sachsen.de\/radebeul\/wp-content\/uploads\/2023\/11\/Barfuss_3-1.jpg\",\"width\":650,\"height\":603},{\"@type\":\"BreadcrumbList\",\"@id\":\"https:\/\/www.kneipp-sachsen.de\/radebeul\/barfusspfad-kneipp-radebeul\/#breadcrumb\",\"itemListElement\":[{\"@type\":\"ListItem\",\"position\":1,\"name\":\"Startseite\",\"item\":\"https:\/\/www.kneipp-sachsen.de\/radebeul\/\"},{\"@type\":\"ListItem\",\"position\":2,\"name\":\"Barfusspfad\"}]},{\"@type\":\"WebSite\",\"@id\":\"https:\/\/www.kneipp-sachsen.de\/radebeul\/#website\",\"url\":\"https:\/\/www.kneipp-sachsen.de\/radebeul\/\",\"name\":\"Kneipp Radebeul\",\"description\":\"Eine weitere WordPress-Website\",\"publisher\":{\"@id\":\"https:\/\/www.kneipp-sachsen.de\/radebeul\/#organization\"},\"potentialAction\":[{\"@type\":\"SearchAction\",\"target\":{\"@type\":\"EntryPoint\",\"urlTemplate\":\"https:\/\/www.kneipp-sachsen.de\/radebeul\/?s={search_term_string}\"},\"query-input\":{\"@type\":\"PropertyValueSpecification\",\"valueRequired\":true,\"valueName\":\"search_term_string\"}}],\"inLanguage\":\"de\"},{\"@type\":\"Organization\",\"@id\":\"https:\/\/www.kneipp-sachsen.de\/radebeul\/#organization\",\"name\":\"Kneipp Radebeul\",\"url\":\"https:\/\/www.kneipp-sachsen.de\/radebeul\/\",\"logo\":{\"@type\":\"ImageObject\",\"inLanguage\":\"de\",\"@id\":\"https:\/\/www.kneipp-sachsen.de\/radebeul\/#\/schema\/logo\/image\/\",\"url\":\"https:\/\/www.kneipp-sachsen.de\/radebeul\/wp-content\/uploads\/2024\/03\/Radebeul.png\",\"contentUrl\":\"https:\/\/www.kneipp-sachsen.de\/radebeul\/wp-content\/uploads\/2024\/03\/Radebeul.png\",\"width\":967,\"height\":758,\"caption\":\"Kneipp Radebeul\"},\"image\":{\"@id\":\"https:\/\/www.kneipp-sachsen.de\/radebeul\/#\/schema\/logo\/image\/\"}}]}<\/script>\n<!-- \/ Yoast SEO plugin. -->","yoast_head_json":{"title":"Barfusspfad - Kneipp Radebeul","description":"barfusspfad-kneipp-radebeul","robots":{"index":"index","follow":"follow","max-snippet":"max-snippet:-1","max-image-preview":"max-image-preview:large","max-video-preview":"max-video-preview:-1"},"canonical":"https:\/\/www.kneipp-sachsen.de\/radebeul\/barfusspfad-kneipp-radebeul\/","og_locale":"de_DE","og_type":"article","og_title":"Barfusspfad - Kneipp Radebeul","og_description":"barfusspfad-kneipp-radebeul","og_url":"https:\/\/www.kneipp-sachsen.de\/radebeul\/barfusspfad-kneipp-radebeul\/","og_site_name":"Kneipp Radebeul","article_modified_time":"2024-03-08T11:22:59+00:00","og_image":[{"url":"https:\/\/www.kneipp-sachsen.de\/radebeul\/wp-content\/uploads\/2023\/11\/Barfuss_3-1-160x239.jpg","type":"","width":"","height":""}],"twitter_card":"summary_large_image","twitter_misc":{"Gesch\u00e4tzte Lesezeit":"3\u00a0Minuten"},"schema":{"@context":"https:\/\/schema.org","@graph":[{"@type":"WebPage","@id":"https:\/\/www.kneipp-sachsen.de\/radebeul\/barfusspfad-kneipp-radebeul\/","url":"https:\/\/www.kneipp-sachsen.de\/radebeul\/barfusspfad-kneipp-radebeul\/","name":"Barfusspfad - Kneipp Radebeul","isPartOf":{"@id":"https:\/\/www.kneipp-sachsen.de\/radebeul\/#website"},"primaryImageOfPage":{"@id":"https:\/\/www.kneipp-sachsen.de\/radebeul\/barfusspfad-kneipp-radebeul\/#primaryimage"},"image":{"@id":"https:\/\/www.kneipp-sachsen.de\/radebeul\/barfusspfad-kneipp-radebeul\/#primaryimage"},"thumbnailUrl":"https:\/\/www.kneipp-sachsen.de\/radebeul\/wp-content\/uploads\/2023\/11\/Barfuss_3-1-160x239.jpg","datePublished":"2024-02-27T17:55:13+00:00","dateModified":"2024-03-08T11:22:59+00:00","description":"barfusspfad-kneipp-radebeul","breadcrumb":{"@id":"https:\/\/www.kneipp-sachsen.de\/radebeul\/barfusspfad-kneipp-radebeul\/#breadcrumb"},"inLanguage":"de","potentialAction":[{"@type":"ReadAction","target":["https:\/\/www.kneipp-sachsen.de\/radebeul\/barfusspfad-kneipp-radebeul\/"]}]},{"@type":"ImageObject","inLanguage":"de","@id":"https:\/\/www.kneipp-sachsen.de\/radebeul\/barfusspfad-kneipp-radebeul\/#primaryimage","url":"https:\/\/www.kneipp-sachsen.de\/radebeul\/wp-content\/uploads\/2023\/11\/Barfuss_3-1.jpg","contentUrl":"https:\/\/www.kneipp-sachsen.de\/radebeul\/wp-content\/uploads\/2023\/11\/Barfuss_3-1.jpg","width":650,"height":603},{"@type":"BreadcrumbList","@id":"https:\/\/www.kneipp-sachsen.de\/radebeul\/barfusspfad-kneipp-radebeul\/#breadcrumb","itemListElement":[{"@type":"ListItem","position":1,"name":"Startseite","item":"https:\/\/www.kneipp-sachsen.de\/radebeul\/"},{"@type":"ListItem","position":2,"name":"Barfusspfad"}]},{"@type":"WebSite","@id":"https:\/\/www.kneipp-sachsen.de\/radebeul\/#website","url":"https:\/\/www.kneipp-sachsen.de\/radebeul\/","name":"Kneipp Radebeul","description":"Eine weitere WordPress-Website","publisher":{"@id":"https:\/\/www.kneipp-sachsen.de\/radebeul\/#organization"},"potentialAction":[{"@type":"SearchAction","target":{"@type":"EntryPoint","urlTemplate":"https:\/\/www.kneipp-sachsen.de\/radebeul\/?s={search_term_string}"},"query-input":{"@type":"PropertyValueSpecification","valueRequired":true,"valueName":"search_term_string"}}],"inLanguage":"de"},{"@type":"Organization","@id":"https:\/\/www.kneipp-sachsen.de\/radebeul\/#organization","name":"Kneipp Radebeul","url":"https:\/\/www.kneipp-sachsen.de\/radebeul\/","logo":{"@type":"ImageObject","inLanguage":"de","@id":"https:\/\/www.kneipp-sachsen.de\/radebeul\/#\/schema\/logo\/image\/","url":"https:\/\/www.kneipp-sachsen.de\/radebeul\/wp-content\/uploads\/2024\/03\/Radebeul.png","contentUrl":"https:\/\/www.kneipp-sachsen.de\/radebeul\/wp-content\/uploads\/2024\/03\/Radebeul.png","width":967,"height":758,"caption":"Kneipp Radebeul"},"image":{"@id":"https:\/\/www.kneipp-sachsen.de\/radebeul\/#\/schema\/logo\/image\/"}}]}},"builder_content":"<h2>Der Barfusspfad im Vereinsgel\u00e4nde<br\/><\/h2>\n<br>Unser Barfusspfad ist im Oktober 2018 eingeweiht worden.<br>Verschiedene Naturmaterialien wie Kieselsteine, Kastanien und Tannenzapfen bilden einen unebenen Untergrund.&nbsp;<br>Die F\u00fcsse werden beim Laufen wie bei einer Reflexzonenmassage aktiviert.<br>So werden F\u00fcsse und Beine besser durchblutet und gest\u00e4rkt.<br>F\u00fcr Erwachsene und Kinder ein gutes&nbsp; Training f\u00fcr die Fussmuskulatur.<br>Geniessen Sie die Wohltat f\u00fcr Ihre F\u00fcsse !<br>\n<a href=\"https:\/\/www.kneipp2021.de\/\"> <img src=\"https:\/\/www.kneipp-sachsen.de\/radebeul\/wp-content\/uploads\/2023\/11\/Barfuss_3-1-160x239.jpg\" width=\"160\" height=\"239\" title=\"Barfuss_3\" alt=\"Barfuss_3\"> <\/a>\n<a href=\"https:\/\/www.kneipp2021.de\/\"> <img src=\"https:\/\/www.kneipp-sachsen.de\/radebeul\/wp-content\/uploads\/2023\/11\/Barfuss_2-1-160x239.jpg\" width=\"160\" height=\"239\" title=\"Barfuss_2\" alt=\"Barfuss_2\"> <\/a>\n<img src=\"https:\/\/www.kneipp-sachsen.de\/radebeul\/wp-content\/uploads\/2023\/11\/Barfuss_4-1-281x348.jpg\" width=\"281\" height=\"348\" title=\"Barfuss_4\" alt=\"Barfuss_4\" srcset=\"https:\/\/www.kneipp-sachsen.de\/radebeul\/wp-content\/uploads\/2023\/11\/Barfuss_4-1-281x348.jpg 281w, https:\/\/www.kneipp-sachsen.de\/radebeul\/wp-content\/uploads\/2023\/11\/Barfuss_4-1-492x611.jpg 492w\" sizes=\"(max-width: 281px) 100vw, 281px\" \/>\n<img src=\"https:\/\/www.kneipp-sachsen.de\/radebeul\/wp-content\/uploads\/2023\/11\/Barfuss_5-1.jpg\" title=\"Barfuss_5\" alt=\"Barfuss_5\" srcset=\"https:\/\/www.kneipp-sachsen.de\/radebeul\/wp-content\/uploads\/2023\/11\/Barfuss_5-1.jpg 691w, https:\/\/www.kneipp-sachsen.de\/radebeul\/wp-content\/uploads\/2023\/11\/Barfuss_5-1-300x264.jpg 300w\" sizes=\"(max-width: 691px) 100vw, 691px\" \/>","_links":{"self":[{"href":"https:\/\/www.kneipp-sachsen.de\/radebeul\/wp-json\/wp\/v2\/pages\/691","targetHints":{"allow":["GET"]}}],"collection":[{"href":"https:\/\/www.kneipp-sachsen.de\/radebeul\/wp-json\/wp\/v2\/pages"}],"about":[{"href":"https:\/\/www.kneipp-sachsen.de\/radebeul\/wp-json\/wp\/v2\/types\/page"}],"author":[{"embeddable":true,"href":"https:\/\/www.kneipp-sachsen.de\/radebeul\/wp-json\/wp\/v2\/users\/5"}],"replies":[{"embeddable":true,"href":"https:\/\/www.kneipp-sachsen.de\/radebeul\/wp-json\/wp\/v2\/comments?post=691"}],"version-history":[{"count":15,"href":"https:\/\/www.kneipp-sachsen.de\/radebeul\/wp-json\/wp\/v2\/pages\/691\/revisions"}],"predecessor-version":[{"id":759,"href":"https:\/\/www.kneipp-sachsen.de\/radebeul\/wp-json\/wp\/v2\/pages\/691\/revisions\/759"}],"wp:attachment":[{"href":"https:\/\/www.kneipp-sachsen.de\/radebeul\/wp-json\/wp\/v2\/media?parent=691"}],"curies":[{"name":"wp","href":"https:\/\/api.w.org\/{rel}","templated":true}]}}